{"id":12691,"date":"2023-09-01T07:27:14","date_gmt":"2023-09-01T07:27:14","guid":{"rendered":"https:\/\/bici-bici.it\/?page_id=12691"},"modified":"2023-09-01T08:50:39","modified_gmt":"2023-09-01T08:50:39","slug":"sitemap","status":"publish","type":"page","link":"https:\/\/bici-bici.it\/es\/mapa-del-sitio\/","title":{"rendered":"Mapa del sitio"},"content":{"rendered":"<section class=\"section\" id=\"section_1819539856\">\n\t\t<div class=\"section-bg fill\" >\n\t\t\t\t\t\t\t\t\t\n\t\t\t\n\n\t\t<\/div>\n\n\t\t\n\n\t\t<div class=\"section-content relative\">\n\t\t\t\n<div class=\"row align-center\"  id=\"row-28248490\">\n\n\t<div id=\"col-748648615\" class=\"col medium-10 small-12 large-10\"  >\n\t\t\t\t<div class=\"col-inner text-center\"  >\n\t\t\t\n\t\t\t\n<h2 class=\"uppercase\">Bici Bici Mapa del sitio<\/h2>\n<div class=\"rank-math-html-sitemap\"><div class=\"rank-math-html-sitemap__section rank-math-html-sitemap__section--post-type rank-math-html-sitemap__section--post\"><h2 class=\"rank-math-html-sitemap__title\" data-no-translation=\"\" data-trp-gettext=\"\">Entradas<\/h2><ul class=\"rank-math-html-sitemap__list\"><li class=\"rank-math-html-sitemap__item\"><a href=\"https:\/\/bici-bici.it\/es\/blog\/quante-ore-allenarsi-per-migliorare-la-resistenza-in-bici\/\" class=\"rank-math-html-sitemap__link\">Quante ore allenarsi per migliorare la resistenza in bici?<\/a> <span class=\"rank-math-html-sitemap__date\">(abril 18, 2026)<\/span><\/li><li class=\"rank-math-html-sitemap__item\"><a href=\"https:\/\/bici-bici.it\/es\/blog\/qual-e-il-miglior-allenamento-per-ciclismo-endurance\/\" class=\"rank-math-html-sitemap__link\">Qual \u00e8 il miglior allenamento per ciclismo endurance?<\/a> <span class=\"rank-math-html-sitemap__date\">(abril 18, 2026)<\/span><\/li><li class=\"rank-math-html-sitemap__item\"><a href=\"https:\/\/bici-bici.it\/es\/blog\/quanto-tempo-serve-per-migliorare-la-resistenza\/\" class=\"rank-math-html-sitemap__link\">Quanto tempo serve per migliorare la resistenza?<\/a> <span class=\"rank-math-html-sitemap__date\">(abril 16, 2026)<\/span><\/li><li class=\"rank-math-html-sitemap__item\"><a href=\"https:\/\/bici-bici.it\/es\/blog\/come-cambiare-camera-daria-bici-gravel\/\" class=\"rank-math-html-sitemap__link\">come cambiare camera d&#039;aria bici gravel<\/a> <span class=\"rank-math-html-sitemap__date\">(abril 16, 2026)<\/span><\/li><li class=\"rank-math-html-sitemap__item\"><a href=\"https:\/\/bici-bici.it\/es\/blog\/in-salita-meglio-mtb-26-o-29\/\" class=\"rank-math-html-sitemap__link\">In salita meglio MTB 26 o 29?<\/a> <span class=\"rank-math-html-sitemap__date\">(enero 4, 2026)<\/span><\/li><li class=\"rank-math-html-sitemap__item\"><a href=\"https:\/\/bici-bici.it\/es\/blog\/ofertas-de-bicicletas-de-montana\/\" class=\"rank-math-html-sitemap__link\">Ofertas de bicicletas de monta\u00f1a<\/a> <span class=\"rank-math-html-sitemap__date\">(noviembre 20, 2023)<\/span><\/li><li class=\"rank-math-html-sitemap__item\"><a href=\"https:\/\/bici-bici.it\/es\/blog\/bicicleta-con-amortiguadores-delanteros-y-traseros\/\" class=\"rank-math-html-sitemap__link\">Bicicleta con amortiguadores delanteros y traseros<\/a> <span class=\"rank-math-html-sitemap__date\">(septiembre 2, 2023)<\/span><\/li><li class=\"rank-math-html-sitemap__item\"><a href=\"https:\/\/bici-bici.it\/es\/blog\/mtb-27-5-en-oferta-fin-de-serie-2\/\" class=\"rank-math-html-sitemap__link\">MTB 27,5 en oferta fin de serie<\/a> <span class=\"rank-math-html-sitemap__date\">(agosto 28, 2023)<\/span><\/li><li class=\"rank-math-html-sitemap__item\"><a href=\"https:\/\/bici-bici.it\/es\/blog\/lugares-mas-populares-para-ir-en-bicicleta-en-el-lago-de-garda-2\/\" class=\"rank-math-html-sitemap__link\">Lugares m\u00e1s populares para practicar ciclismo en el Lago de Garda<\/a> <span class=\"rank-math-html-sitemap__date\">(agosto 14, 2023)<\/span><\/li><li class=\"rank-math-html-sitemap__item\"><a href=\"https:\/\/bici-bici.it\/es\/blog\/outlet-bicicletas-btt\/\" class=\"rank-math-html-sitemap__link\">Outlet Bicicletas MTB<\/a> <span class=\"rank-math-html-sitemap__date\">(agosto 11, 2023)<\/span><\/li><li class=\"rank-math-html-sitemap__item\"><a href=\"https:\/\/bici-bici.it\/es\/blog\/sillin-de-bicicleta\/\" class=\"rank-math-html-sitemap__link\">\u00bfC\u00f3mo encontrar un sill\u00edn de bicicleta c\u00f3modo?<\/a> <span class=\"rank-math-html-sitemap__date\">(julio 9, 2023)<\/span><\/li><li class=\"rank-math-html-sitemap__item\"><a href=\"https:\/\/bici-bici.it\/es\/blog\/que-buscar-en-el-material-de-un-cuadro-de-bicicleta\/\" class=\"rank-math-html-sitemap__link\">Qu\u00e9 buscar en el material del cuadro de una bicicleta\u00a0<\/a> <span class=\"rank-math-html-sitemap__date\">(julio 8, 2023)<\/span><\/li><li class=\"rank-math-html-sitemap__item\"><a href=\"https:\/\/bici-bici.it\/es\/blog\/resolucion-y-asesoramiento-de-averias-y-problemas-de-bicicletas-electricas\/\" class=\"rank-math-html-sitemap__link\">Aver\u00edas y problemas de las bicicletas el\u00e9ctricas: resoluci\u00f3n y consejos<\/a> <span class=\"rank-math-html-sitemap__date\">(mayo 30, 2023)<\/span><\/li><li class=\"rank-math-html-sitemap__item\"><a href=\"https:\/\/bici-bici.it\/es\/blog\/bicicleta-electricidad-mantenimiento\/\" class=\"rank-math-html-sitemap__link\">Mantenimiento de la bicicleta el\u00e9ctrica: 6 consejos b\u00e1sicos para una conducci\u00f3n sin problemas<\/a> <span class=\"rank-math-html-sitemap__date\">(mayo 30, 2023)<\/span><\/li><li class=\"rank-math-html-sitemap__item\"><a href=\"https:\/\/bici-bici.it\/es\/blog\/como-candar-la-bicicleta-con-seguridad-consejos-que-candados-elegir\/\" class=\"rank-math-html-sitemap__link\">C\u00f3mo cerrar la bicicleta con seguridad<\/a> <span class=\"rank-math-html-sitemap__date\">(marzo 1, 2023)<\/span><\/li><li class=\"rank-math-html-sitemap__item\"><a href=\"https:\/\/bici-bici.it\/es\/blog\/5-actualizaciones-esenciales-para-mejorar-tu-experiencia-ciclista\/\" class=\"rank-math-html-sitemap__link\">5 actualizaciones esenciales para mejorar tu experiencia ciclista<\/a> <span class=\"rank-math-html-sitemap__date\">(febrero 9, 2023)<\/span><\/li><li class=\"rank-math-html-sitemap__item\"><a href=\"https:\/\/bici-bici.it\/es\/blog\/5-habilidades-que-todo-ciclista-deberia-dominar\/\" class=\"rank-math-html-sitemap__link\">5 habilidades que todo ciclista deber\u00eda dominar<\/a> <span class=\"rank-math-html-sitemap__date\">(diciembre 19, 2022)<\/span><\/li><li class=\"rank-math-html-sitemap__item\"><a href=\"https:\/\/bici-bici.it\/es\/blog\/dolor-de-rodilla-en-bicicleta\/\" class=\"rank-math-html-sitemap__link\">Dolor de rodilla en bicicleta<\/a> <span class=\"rank-math-html-sitemap__date\">(diciembre 18, 2022)<\/span><\/li><li class=\"rank-math-html-sitemap__item\"><a href=\"https:\/\/bici-bici.it\/es\/blog\/cuidado-de-la-bicicleta-pasos-principales\/\" class=\"rank-math-html-sitemap__link\">Cuidado de la bicicleta - PRINCIPALES PASOS<\/a> <span class=\"rank-math-html-sitemap__date\">(diciembre 17, 2022)<\/span><\/li><li class=\"rank-math-html-sitemap__item\"><a href=\"https:\/\/bici-bici.it\/es\/blog\/elige-una-bicicleta-infantil-adecuada-a-tu-estatura-2\/\" class=\"rank-math-html-sitemap__link\">Elegir una bicicleta infantil adecuada a la estatura del ni\u00f1o<\/a> <span class=\"rank-math-html-sitemap__date\">(diciembre 17, 2022)<\/span><\/li><li class=\"rank-math-html-sitemap__item\"><a href=\"https:\/\/bici-bici.it\/es\/blog\/bolsa-de-bicicleta-2\/\" class=\"rank-math-html-sitemap__link\">Bolsa para bicicleta - variedades y diferencias<\/a> <span class=\"rank-math-html-sitemap__date\">(diciembre 5, 2022)<\/span><\/li><li class=\"rank-math-html-sitemap__item\"><a href=\"https:\/\/bici-bici.it\/es\/blog\/13-instrumentos-para-ciclistas\/\" class=\"rank-math-html-sitemap__link\">13 Herramientas en el arsenal de un verdadero ciclista<\/a> <span class=\"rank-math-html-sitemap__date\">(diciembre 1, 2022)<\/span><\/li><li class=\"rank-math-html-sitemap__item\"><a href=\"https:\/\/bici-bici.it\/es\/blog\/bicicleta-robada-lea-que-hacer-a-continuacion\/\" class=\"rank-math-html-sitemap__link\">\u00bfBicicleta robada?<\/a> <span class=\"rank-math-html-sitemap__date\">(noviembre 7, 2022)<\/span><\/li><li class=\"rank-math-html-sitemap__item\"><a href=\"https:\/\/bici-bici.it\/es\/blog\/elegir-una-bicicleta-9-consejos-para-principiantes-2\/\" class=\"rank-math-html-sitemap__link\">Elegir una bicicleta: 9 consejos para principiantes<\/a> <span class=\"rank-math-html-sitemap__date\">(octubre 12, 2022)<\/span><\/li><li class=\"rank-math-html-sitemap__item\"><a href=\"https:\/\/bici-bici.it\/es\/blog\/cycling-pad-2\/\" class=\"rank-math-html-sitemap__link\">Bloc de ciclismo<\/a> <span class=\"rank-math-html-sitemap__date\">(septiembre 15, 2022)<\/span><\/li><li class=\"rank-math-html-sitemap__item\"><a href=\"https:\/\/bici-bici.it\/es\/blog\/los-mejores-antirrobos-para-bicicletas-2\/\" class=\"rank-math-html-sitemap__link\">\u00bfC\u00f3mo evitar que le roben la bicicleta?<\/a> <span class=\"rank-math-html-sitemap__date\">(septiembre 13, 2022)<\/span><\/li><li class=\"rank-math-html-sitemap__item\"><a href=\"https:\/\/bici-bici.it\/es\/blog\/como-elegir-y-por-que-son-importantes-las-gafas-de-ciclismo\/\" class=\"rank-math-html-sitemap__link\">C\u00f3mo elegir gafas de ciclismo<\/a> <span class=\"rank-math-html-sitemap__date\">(septiembre 5, 2022)<\/span><\/li><li class=\"rank-math-html-sitemap__item\"><a href=\"https:\/\/bici-bici.it\/es\/blog\/cuadros-para-bicicletas-materiales-y-modelos-diferentes\/\" class=\"rank-math-html-sitemap__link\">Cuadros de bicicleta, materiales y modelos - 4 tipos<\/a> <span class=\"rank-math-html-sitemap__date\">(septiembre 1, 2022)<\/span><\/li><li class=\"rank-math-html-sitemap__item\"><a href=\"https:\/\/bici-bici.it\/es\/blog\/el-casco-de-bicicleta-adecuado\/\" class=\"rank-math-html-sitemap__link\">C\u00f3mo elegir el casco de bicicleta adecuado<\/a> <span class=\"rank-math-html-sitemap__date\">(septiembre 1, 2022)<\/span><\/li><li class=\"rank-math-html-sitemap__item\"><a href=\"https:\/\/bici-bici.it\/es\/blog\/cuadro-de-la-bicicleta-en-carbono-y-roto\/\" class=\"rank-math-html-sitemap__link\">\u00bfC\u00f3mo saber si el cuadro de la bicicleta de carbono est\u00e1 roto?<\/a> <span class=\"rank-math-html-sitemap__date\">(octubre 1, 2021)<\/span><\/li><li class=\"rank-math-html-sitemap__item\"><a href=\"https:\/\/bici-bici.it\/es\/blog\/como-soldar-un-cuadro-de-bicicleta-2\/\" class=\"rank-math-html-sitemap__link\">\u00bfC\u00f3mo soldar un cuadro de bicicleta?<\/a> <span class=\"rank-math-html-sitemap__date\">(octubre 1, 2021)<\/span><\/li><\/ul><\/div><div class=\"rank-math-html-sitemap__section rank-math-html-sitemap__section--post-type rank-math-html-sitemap__section--page\"><h2 class=\"rank-math-html-sitemap__title\" data-no-translation=\"\" data-trp-gettext=\"\">P\u00e1ginas<\/h2><ul class=\"rank-math-html-sitemap__list\"><li class=\"rank-math-html-sitemap__item\"><a href=\"https:\/\/bici-bici.it\/es\/mapa-del-sitio\/\" class=\"rank-math-html-sitemap__link\">Mapa del sitio<\/a> <span class=\"rank-math-html-sitemap__date\">(septiembre 1, 2023)<\/span><\/li><li class=\"rank-math-html-sitemap__item\"><a href=\"https:\/\/bici-bici.it\/es\/campagnolo-bora-wto-33\/\" class=\"rank-math-html-sitemap__link\">CAMPAGNOLO BORA WTO 33<\/a> <span class=\"rank-math-html-sitemap__date\">(agosto 31, 2023)<\/span><\/li><li class=\"rank-math-html-sitemap__item\"><a href=\"https:\/\/bici-bici.it\/es\/empresa-campagnolo\/\" class=\"rank-math-html-sitemap__link\">Campagnolo<\/a> <span class=\"rank-math-html-sitemap__date\">(agosto 31, 2023)<\/span><ul class=\"rank-math-html-sitemap__list\"><li class=\"rank-math-html-sitemap__item\"><a href=\"https:\/\/bici-bici.it\/es\/empresa-campagnolo\/bora\/\" class=\"rank-math-html-sitemap__link\">Campagnolo Bora<\/a> <span class=\"rank-math-html-sitemap__date\">(agosto 31, 2023)<\/span><ul class=\"rank-math-html-sitemap__list\"><li class=\"rank-math-html-sitemap__item\"><a href=\"https:\/\/bici-bici.it\/es\/empresa-campagnolo\/bora\/wto-ultra-33\/\" class=\"rank-math-html-sitemap__link\">Campagnolo Bora WTO Ultra 33<\/a> <span class=\"rank-math-html-sitemap__date\">(septiembre 1, 2023)<\/span><\/li><li class=\"rank-math-html-sitemap__item\"><a href=\"https:\/\/bici-bici.it\/es\/empresa-campagnolo\/bora\/omc-33-contra-45\/\" class=\"rank-math-html-sitemap__link\">CAMPAGNOLO Bora OMC 33 contra 45<\/a> <span class=\"rank-math-html-sitemap__date\">(agosto 31, 2023)<\/span><\/li><li class=\"rank-math-html-sitemap__item\"><a href=\"https:\/\/bici-bici.it\/es\/empresa-campagnolo\/bora\/omc-45\/\" class=\"rank-math-html-sitemap__link\">CAMPAGNOLO BORA WTO 45<\/a> <span class=\"rank-math-html-sitemap__date\">(agosto 31, 2023)<\/span><\/li><\/ul><\/li><\/ul><\/li><li class=\"rank-math-html-sitemap__item\"><a href=\"https:\/\/bici-bici.it\/es\/bicicletas-electricas\/\" class=\"rank-math-html-sitemap__link\">Bicicletas el\u00e9ctricas<\/a> <span class=\"rank-math-html-sitemap__date\">(agosto 30, 2023)<\/span><ul class=\"rank-math-html-sitemap__list\"><li class=\"rank-math-html-sitemap__item\"><a href=\"https:\/\/bici-bici.it\/es\/bicicletas-electricas\/ebike-con-acelerador\/\" class=\"rank-math-html-sitemap__link\">eBike con acelerador<\/a> <span class=\"rank-math-html-sitemap__date\">(septiembre 22, 2023)<\/span><\/li><li class=\"rank-math-html-sitemap__item\"><a href=\"https:\/\/bici-bici.it\/es\/bicicletas-electricas\/barato\/\" class=\"rank-math-html-sitemap__link\">Bicicletas el\u00e9ctricas baratas<\/a> <span class=\"rank-math-html-sitemap__date\">(julio 7, 2023)<\/span><\/li><li class=\"rank-math-html-sitemap__item\"><a href=\"https:\/\/bici-bici.it\/es\/bicicletas-electricas\/usado\/\" class=\"rank-math-html-sitemap__link\">Bicicletas el\u00e9ctricas usadas<\/a> <span class=\"rank-math-html-sitemap__date\">(diciembre 27, 2022)<\/span><\/li><\/ul><\/li><li class=\"rank-math-html-sitemap__item\"><a href=\"https:\/\/bici-bici.it\/es\/mtb-suspension-total\/\" class=\"rank-math-html-sitemap__link\">MTB Suspensi\u00f3n total<\/a> <span class=\"rank-math-html-sitemap__date\">(agosto 30, 2023)<\/span><ul class=\"rank-math-html-sitemap__list\"><li class=\"rank-math-html-sitemap__item\"><a href=\"https:\/\/bici-bici.it\/es\/mtb-suspension-total\/carbono\/\" class=\"rank-math-html-sitemap__link\">BTT de carbono con suspensi\u00f3n total<\/a> <span class=\"rank-math-html-sitemap__date\">(agosto 30, 2023)<\/span><ul class=\"rank-math-html-sitemap__list\"><li class=\"rank-math-html-sitemap__item\"><a href=\"https:\/\/bici-bici.it\/es\/mtb-suspension-total\/carbono\/29-fin-de-serie\/\" class=\"rank-math-html-sitemap__link\">\u00a1Bicicleta de monta\u00f1a de carbono de 29\" de fin de serie!<\/a> <span class=\"rank-math-html-sitemap__date\">(junio 27, 2023)<\/span><\/li><li class=\"rank-math-html-sitemap__item\"><a href=\"https:\/\/bici-bici.it\/es\/mtb-suspension-total\/carbono\/cuanto-cuesta-una-btt-de-carbono\/\" class=\"rank-math-html-sitemap__link\">\u00bfCu\u00e1nto cuesta una BTT de carbono?<\/a> <span class=\"rank-math-html-sitemap__date\">(junio 26, 2023)<\/span><\/li><\/ul><\/li><li class=\"rank-math-html-sitemap__item\"><a href=\"https:\/\/bici-bici.it\/es\/mtb-suspension-total\/27-5\/\" class=\"rank-math-html-sitemap__link\">MTB Suspensi\u00f3n total 27,5<\/a> <span class=\"rank-math-html-sitemap__date\">(agosto 30, 2023)<\/span><\/li><li class=\"rank-math-html-sitemap__item\"><a href=\"https:\/\/bici-bici.it\/es\/mtb-suspension-total\/29-bicicletas\/\" class=\"rank-math-html-sitemap__link\">MTB Suspensi\u00f3n total 29<\/a> <span class=\"rank-math-html-sitemap__date\">(agosto 30, 2023)<\/span><\/li><\/ul><\/li><li class=\"rank-math-html-sitemap__item\"><a href=\"https:\/\/bici-bici.it\/es\/bicicleta-de-montana-individual-o-doble\/\" class=\"rank-math-html-sitemap__link\">MTB Mono o bi-eje<\/a> <span class=\"rank-math-html-sitemap__date\">(agosto 30, 2023)<\/span><\/li><li class=\"rank-math-html-sitemap__item\"><a href=\"https:\/\/bici-bici.it\/es\/como-elegir-splitboard\/\" class=\"rank-math-html-sitemap__link\">\u00bfC\u00f3mo elegir un splitboard?<\/a> <span class=\"rank-math-html-sitemap__date\">(julio 23, 2023)<\/span><\/li><li class=\"rank-math-html-sitemap__item\"><a href=\"https:\/\/bici-bici.it\/es\/mochila-btt\/\" class=\"rank-math-html-sitemap__link\">Mochila MTB<\/a> <span class=\"rank-math-html-sitemap__date\">(julio 5, 2023)<\/span><\/li><li class=\"rank-math-html-sitemap__item\"><a href=\"https:\/\/bici-bici.it\/es\/bicicleta-colnago-c68\/\" class=\"rank-math-html-sitemap__link\">Bicicleta Colnago C68<\/a> <span class=\"rank-math-html-sitemap__date\">(julio 2, 2023)<\/span><\/li><li class=\"rank-math-html-sitemap__item\"><a href=\"https:\/\/bici-bici.it\/es\/bicicleta-de-montana-para-hombre\/\" class=\"rank-math-html-sitemap__link\">Bicicleta de monta\u00f1a Hombre<\/a> <span class=\"rank-math-html-sitemap__date\">(junio 29, 2023)<\/span><\/li><li class=\"rank-math-html-sitemap__item\"><a href=\"https:\/\/bici-bici.it\/es\/bicicleta-electrica-barata-de-china\/\" class=\"rank-math-html-sitemap__link\">Bicicleta el\u00e9ctrica china barata<\/a> <span class=\"rank-math-html-sitemap__date\">(junio 25, 2023)<\/span><\/li><li class=\"rank-math-html-sitemap__item\"><a href=\"https:\/\/bici-bici.it\/es\/como-pintar-un-cuadro-de-bicicleta-2\/\" class=\"rank-math-html-sitemap__link\">C\u00f3mo pintar el cuadro de una bicicleta<\/a> <span class=\"rank-math-html-sitemap__date\">(agosto 28, 2022)<\/span><\/li><li class=\"rank-math-html-sitemap__item\"><a href=\"https:\/\/bici-bici.it\/es\/cassettes-de-pinones\/\" class=\"rank-math-html-sitemap__link\">Cassettes y pi\u00f1ones para bicicleta<\/a> <span class=\"rank-math-html-sitemap__date\">(diciembre 24, 2021)<\/span><\/li><li class=\"rank-math-html-sitemap__item\"><a href=\"https:\/\/bici-bici.it\/es\/guantes-mtb-para-bicicleta-de-montana\/\" class=\"rank-math-html-sitemap__link\">Guantes BTT - Bicicleta de monta\u00f1a<\/a> <span class=\"rank-math-html-sitemap__date\">(diciembre 22, 2021)<\/span><\/li><li class=\"rank-math-html-sitemap__item\"><a href=\"https:\/\/bici-bici.it\/es\/ruedas-de-bicicleta\/\" class=\"rank-math-html-sitemap__link\">Ruedas de bicicleta<\/a> <span class=\"rank-math-html-sitemap__date\">(octubre 1, 2021)<\/span><\/li><li class=\"rank-math-html-sitemap__item\"><a href=\"https:\/\/bici-bici.it\/es\/politica-de-privacidad\/\" class=\"rank-math-html-sitemap__link\">POL\u00cdTICA DE PRIVACIDAD<\/a> <span class=\"rank-math-html-sitemap__date\">(septiembre 29, 2021)<\/span><\/li><li class=\"rank-math-html-sitemap__item\"><a href=\"https:\/\/bici-bici.it\/es\/plazos-de-envio-y-entrega\/\" class=\"rank-math-html-sitemap__link\">PLAZOS DE ENV\u00cdO Y ENTREGA<\/a> <span class=\"rank-math-html-sitemap__date\">(septiembre 28, 2021)<\/span><\/li><li class=\"rank-math-html-sitemap__item\"><a href=\"https:\/\/bici-bici.it\/es\/formas-de-pago\/\" class=\"rank-math-html-sitemap__link\">FORMAS DE PAGO<\/a> <span class=\"rank-math-html-sitemap__date\">(septiembre 27, 2021)<\/span><\/li><li class=\"rank-math-html-sitemap__item\"><a href=\"https:\/\/bici-bici.it\/es\/proceso-de-pedido\/\" class=\"rank-math-html-sitemap__link\">PROCESO DE PEDIDO<\/a> <span class=\"rank-math-html-sitemap__date\">(septiembre 27, 2021)<\/span><\/li><li class=\"rank-math-html-sitemap__item\"><a href=\"https:\/\/bici-bici.it\/es\/politica-de-reembolsos-y-devoluciones\/\" class=\"rank-math-html-sitemap__link\">Pol\u00edtica de devoluciones y reembolsos<\/a> <span class=\"rank-math-html-sitemap__date\">(septiembre 17, 2021)<\/span><\/li><li class=\"rank-math-html-sitemap__item\"><a href=\"https:\/\/bici-bici.it\/es\/calas-de-bicicleta\/\" class=\"rank-math-html-sitemap__link\">Calas de bicicleta<\/a> <span class=\"rank-math-html-sitemap__date\">(marzo 22, 2021)<\/span><\/li><li class=\"rank-math-html-sitemap__item\"><a href=\"https:\/\/bici-bici.it\/es\/amortiguador-trasero-mountain-bike\/\" class=\"rank-math-html-sitemap__link\">Amortiguador trasero para bicicletas de monta\u00f1a<\/a> <span class=\"rank-math-html-sitemap__date\">(marzo 20, 2021)<\/span><\/li><li class=\"rank-math-html-sitemap__item\"><a href=\"https:\/\/bici-bici.it\/es\/bielas-bicicleta-carretera\/\" class=\"rank-math-html-sitemap__link\">Bielas para bicicleta de carretera<\/a> <span class=\"rank-math-html-sitemap__date\">(febrero 26, 2021)<\/span><\/li><li class=\"rank-math-html-sitemap__item\"><a href=\"https:\/\/bici-bici.it\/es\/pastillas-de-freno\/\" class=\"rank-math-html-sitemap__link\">Zapatas de freno para bicicletas<\/a> <span class=\"rank-math-html-sitemap__date\">(febrero 26, 2021)<\/span><\/li><li class=\"rank-math-html-sitemap__item\"><a href=\"https:\/\/bici-bici.it\/es\/cuadros-de-bicicleta-de-montana\/\" class=\"rank-math-html-sitemap__link\">Cuadro de bicicleta de monta\u00f1a<\/a> <span class=\"rank-math-html-sitemap__date\">(febrero 26, 2021)<\/span><\/li><li class=\"rank-math-html-sitemap__item\"><a href=\"https:\/\/bici-bici.it\/es\/horquillas-de-bicicleta\/\" class=\"rank-math-html-sitemap__link\">Horquillas de bicicleta<\/a> <span class=\"rank-math-html-sitemap__date\">(febrero 26, 2021)<\/span><\/li><li class=\"rank-math-html-sitemap__item\"><a href=\"https:\/\/bici-bici.it\/es\/acerca-de-nosotros\/\" class=\"rank-math-html-sitemap__link\">Qui\u00e9nes somos<\/a> <span class=\"rank-math-html-sitemap__date\">(octubre 14, 2016)<\/span><\/li><li class=\"rank-math-html-sitemap__item\"><a href=\"https:\/\/bici-bici.it\/es\/carro\/\" class=\"rank-math-html-sitemap__link\">Carrito<\/a> <span class=\"rank-math-html-sitemap__date\">(septiembre 27, 2016)<\/span><\/li><li class=\"rank-math-html-sitemap__item\"><a href=\"https:\/\/bici-bici.it\/es\/blog\/\" class=\"rank-math-html-sitemap__link\">Blog<\/a> <span class=\"rank-math-html-sitemap__date\">(agosto 11, 2013)<\/span><\/li><li class=\"rank-math-html-sitemap__item\"><a href=\"https:\/\/bici-bici.it\/es\/\" class=\"rank-math-html-sitemap__link\">Puntos de venta de bicicletas en Europa<\/a> <span class=\"rank-math-html-sitemap__date\">(agosto 6, 2013)<\/span><\/li><\/ul><\/div><div class=\"rank-math-html-sitemap__section rank-math-html-sitemap__section--post-type rank-math-html-sitemap__section--product\"><h2 class=\"rank-math-html-sitemap__title\">Productos<\/h2><ul class=\"rank-math-html-sitemap__list\"><\/ul><\/div><div class=\"rank-math-html-sitemap__section rank-math-html-sitemap__section--taxonomy rank-math-html-sitemap__section--category\"><h2 class=\"rank-math-html-sitemap__title\" data-no-translation=\"\" data-trp-gettext=\"\">Categor\u00edas<\/h2><ul class=\"rank-math-html-sitemap__list\"><li class=\"rank-math-html-sitemap__item\"><a href=\"https:\/\/bici-bici.it\/es\/blog\/\" class=\"rank-math-html-sitemap__link\">Blog<\/a><\/li><\/ul><\/div><\/div>\n\t\t<\/div>\n\t\t\t\t\t<\/div>\n\n\t\n<\/div>\n\t\t<\/div>\n\n\t\t\n<style>\n#section_1819539856 {\n  padding-top: 60px;\n  padding-bottom: 60px;\n  min-height: 300px;\n  background-color: rgb(245, 245, 245);\n}\n<\/style>\n\t<\/section>","protected":false},"excerpt":{"rendered":"","protected":false},"author":1,"featured_media":0,"parent":0,"menu_order":0,"comment_status":"closed","ping_status":"closed","template":"","meta":{"footnotes":""},"class_list":["post-12691","page","type-page","status-publish","hentry"],"_links":{"self":[{"href":"https:\/\/bici-bici.it\/es\/wp-json\/wp\/v2\/pages\/12691","targetHints":{"allow":["GET"]}}],"collection":[{"href":"https:\/\/bici-bici.it\/es\/wp-json\/wp\/v2\/pages"}],"about":[{"href":"https:\/\/bici-bici.it\/es\/wp-json\/wp\/v2\/types\/page"}],"author":[{"embeddable":true,"href":"https:\/\/bici-bici.it\/es\/wp-json\/wp\/v2\/users\/1"}],"replies":[{"embeddable":true,"href":"https:\/\/bici-bici.it\/es\/wp-json\/wp\/v2\/comments?post=12691"}],"version-history":[{"count":0,"href":"https:\/\/bici-bici.it\/es\/wp-json\/wp\/v2\/pages\/12691\/revisions"}],"wp:attachment":[{"href":"https:\/\/bici-bici.it\/es\/wp-json\/wp\/v2\/media?parent=12691"}],"curies":[{"name":"wp","href":"https:\/\/api.w.org\/{rel}","templated":true}]}}