{"id":12647,"date":"2023-08-31T17:57:20","date_gmt":"2023-08-31T17:57:20","guid":{"rendered":"https:\/\/bici-bici.it\/?page_id=12647"},"modified":"2023-11-21T08:12:13","modified_gmt":"2023-11-21T08:12:13","slug":"campagnolo-bora-wto-33","status":"publish","type":"page","link":"https:\/\/bici-bici.it\/es\/campagnolo-bora-wto-33\/","title":{"rendered":"CAMPAGNOLO BORA WTO 33"},"content":{"rendered":"<section class=\"section\" id=\"section_1586589248\">\n\t\t<div class=\"section-bg fill\" >\n\t\t\t\t\t\t\t\t\t\n\t\t\t\n\n\t\t<\/div>\n\n\t\t\n\n\t\t<div class=\"section-content relative\">\n\t\t\t\n<div class=\"row align-center\"  id=\"row-1453754304\">\n\n\t<div id=\"col-633786537\" class=\"col medium-10 small-12 large-10\"  >\n\t\t\t\t<div class=\"col-inner text-center\"  >\n\t\t\t\n\t\t\t\n<div class=\"container section-title-container\" ><h1 class=\"section-title section-title-normal\"><b><\/b><span class=\"section-title-main\" >Campagnolo Bora OMC 33<\/span><b><\/b><\/h1><\/div>\n\t<div class=\"img has-hover x md-x lg-x y md-y lg-y\" id=\"image_1021184396\">\n\t\t\t\t\t\t\t\t<div class=\"img-inner image-cover dark\" style=\"padding-top:56.25%;\">\n\t\t\t<img loading=\"lazy\" decoding=\"async\" width=\"1020\" height=\"680\" src=\"https:\/\/bici-bici.it\/wp-content\/uploads\/2023\/08\/campagnolo-bora-wto-33-disc-wheelset.jpg\" class=\"attachment-large size-large\" alt=\"Juego de ruedas de disco Campagnolo Bora WTO 33\" srcset=\"https:\/\/bici-bici.it\/wp-content\/uploads\/2023\/08\/campagnolo-bora-wto-33-disc-wheelset.jpg 1200w, https:\/\/bici-bici.it\/wp-content\/uploads\/2023\/08\/campagnolo-bora-wto-33-disc-wheelset-800x533.jpg 800w, https:\/\/bici-bici.it\/wp-content\/uploads\/2023\/08\/campagnolo-bora-wto-33-disc-wheelset-64x43.jpg 64w, https:\/\/bici-bici.it\/wp-content\/uploads\/2023\/08\/campagnolo-bora-wto-33-disc-wheelset-600x400.jpg 600w, https:\/\/bici-bici.it\/wp-content\/uploads\/2023\/08\/campagnolo-bora-wto-33-disc-wheelset-768x512.jpg 768w, https:\/\/bici-bici.it\/wp-content\/uploads\/2023\/08\/campagnolo-bora-wto-33-disc-wheelset-18x12.jpg 18w\" sizes=\"auto, (max-width: 1020px) 100vw, 1020px\" \/>\t\t\t\t\t\t\n\t\t\t\t\t<\/div>\n\t\t\t\t\t\t\t\t\n<style>\n#image_1021184396 {\n  width: 100%;\n}\n<\/style>\n\t<\/div>\n\t\n<div style=\"text-align: left;\"><\/div>\n<h2 style=\"text-align: left;\"><span style=\"font-size: 110%;\"><em><strong>Campagnolo Bora WTO 33: el top de las ruedas de carretera\u00a0<\/strong><\/em><\/span><\/h2>\n<div style=\"text-align: left;\"><\/div>\n<div style=\"text-align: left;\"><span style=\"font-size: 110%;\">Las ruedas Campagnolo Bora WTO 33 representan el tope de gama en el sector de las ruedas de carretera de altas prestaciones. Con sus llantas de 33 mm, las ruedas Bora WTO 33 garantizan excelentes cualidades aerodin\u00e1micas combinadas con ligereza, reactividad y confort en las largas distancias. Analicemos en detalle las caracter\u00edsticas que hacen que las <a href=\"https:\/\/bici-bici.it\/es\/empresa-campagnolo\/bora\/\" target=\"_blank\" rel=\"noopener\">Campagnolo Bora<\/a> WTO 33 es la elecci\u00f3n ideal para cualquier ciclista exigente que busque lo mejor.<\/span><\/div>\n<div style=\"text-align: left;\"><\/div>\n<h3 style=\"text-align: left;\"><span style=\"font-size: 110%;\">Dise\u00f1o del t\u00fanel de viento<\/span><\/h3>\n<div style=\"text-align: left;\"><\/div>\n<div style=\"text-align: left;\"><span style=\"font-size: 110%;\">El perfil lenticular de las llantas de 33 mm de la Bora WTO 33 ha sido dise\u00f1ado y probado \u00edntegramente en el t\u00fanel de viento del Centro de Innovaci\u00f3n Campagnolo.\u00a0<\/span><\/div>\n<div style=\"text-align: left;\"><\/div>\n<div style=\"text-align: left;\"><span style=\"font-size: 110%;\">Los ingenieros de Campagnolo trabajaron durante mucho tiempo estudiando la forma \u00f3ptima que garantizara el mejor compromiso en t\u00e9rminos de penetraci\u00f3n aerodin\u00e1mica, estabilidad incluso con vientos cruzados y capacidad de evacuaci\u00f3n del agua en caso de lluvia.<\/span><\/div>\n<div style=\"text-align: left;\"><\/div>\n<div style=\"text-align: left;\"><span style=\"font-size: 110%;\">El resultado de estas pruebas es un perfil lenticular patentado por Campagnolo que minimiza la resistencia aerodin\u00e1mica y maximiza la manejabilidad de la rueda. Las ruedas Bora WTO ofrecen excelentes prestaciones aerodin\u00e1micas tanto en llano como en bajada.<\/span><\/div>\n<div style=\"text-align: left;\"><\/div>\n<h2 style=\"text-align: left;\"><span style=\"font-size: 110%;\">Llantas ultra anchas y r\u00edgidas<\/span><\/h2>\n<div style=\"text-align: left;\"><\/div>\n<div style=\"text-align: left;\"><span style=\"font-size: 110%;\">Con una anchura de 33 mm, las llantas de la Bora WTO 33 pertenecen al segmento de las ruedas \"ultraanchas\" que han revolucionado la forma de dise\u00f1ar las ruedas de carretera en los \u00faltimos a\u00f1os.<\/span><\/div>\n<div style=\"text-align: left;\"><\/div>\n<div style=\"text-align: left;\"><span style=\"font-size: 110%;\">Las ventajas de unas llantas anchas como las de 33 mm son muchas. En primer lugar, aumentan la rigidez lateral de la rueda, garantizando una mayor capacidad de respuesta y precisi\u00f3n de la direcci\u00f3n. Adem\u00e1s, permiten utilizar presiones de neum\u00e1ticos bajas en beneficio del confort y el agarre en firmes irregulares.\u00a0<\/span><\/div>\n<div style=\"text-align: left;\"><\/div>\n<div style=\"text-align: left;\"><span style=\"font-size: 110%;\">Por \u00faltimo, las llantas anchas optimizan la aerodin\u00e1mica creando un perfil m\u00e1s penetrante en el aire.<\/span><\/div>\n<div style=\"text-align: left;\"><\/div>\n<h2 style=\"text-align: left;\"><span style=\"font-size: 110%;\">Tecnolog\u00eda de carbono y resina LCP<\/span><\/h2>\n<div style=\"text-align: left;\"><\/div>\n<div style=\"text-align: left;\"><span style=\"font-size: 110%;\">Para la construcci\u00f3n de los c\u00edrculos, <a href=\"https:\/\/www.campagnolo.com\/it-it\/bora-wto-45\/WWRBORAWTO45.html\" target=\"_blank\" rel=\"noopener\">Campagnolo<\/a> utiliza exclusivamente fibra de carbono de alto m\u00f3dulo (HM) y resina LCP (pol\u00edmero de cristal l\u00edquido). Se trata de materiales compuestos de m\u00e1xima calidad que garantizan lo mejor en t\u00e9rminos de relaci\u00f3n rigidez-peso.<\/span><\/div>\n<div style=\"text-align: left;\"><\/div>\n<div style=\"text-align: left;\"><span style=\"font-size: 110%;\">La resina especial LCP, patentada por Campagnolo y utilizada por primera vez con la tecnolog\u00eda C-LUX, hace que las llantas hasta 50% sean m\u00e1s resistentes a los golpes y a las tensiones que los carburos est\u00e1ndar. Adem\u00e1s, la fibra de carbono HM proporciona una excelente rigidez y reactividad.<\/span><\/div>\n<div style=\"text-align: left;\"><\/div>\n<h2 style=\"text-align: left;\"><span style=\"font-size: 110%;\">Tecnolog\u00eda sim\u00e9trica G3<\/span><\/h2>\n<div style=\"text-align: left;\"><\/div>\n<div style=\"text-align: left;\"><span style=\"font-size: 110%;\">El perfil de la llanta Bora WTO sigue la geometr\u00eda G3 Symmetric desarrollada por Campagnolo. Se trata de un dise\u00f1o sim\u00e9trico entre la llanta delantera y trasera que equilibra perfectamente la rueda.<\/span><\/div>\n<div style=\"text-align: left;\"><\/div>\n<div style=\"text-align: left;\"><span style=\"font-size: 110%;\">La perfecta simetr\u00eda entre las llantas garantiza un comportamiento uniforme de la bicicleta en todas las situaciones. Tambi\u00e9n minimiza la tensi\u00f3n en los radios, aumentando a\u00fan m\u00e1s la longevidad y durabilidad de la rueda.<\/span><\/div>\n<div><\/div>\n<blockquote>\n<div><a href=\"https:\/\/bici-bici.it\/es\/empresa-campagnolo\/bora\/omc-33-contra-45\/\" target=\"_blank\" rel=\"noopener\">Comparar CAMPAGNOLO Bora WTO 33 vs 45<\/a><\/div>\n<\/blockquote>\n<div><\/div>\n<div style=\"text-align: left;\"><\/div>\n<h3 style=\"text-align: left;\"><span style=\"font-size: 110%;\">Peso reducido<\/span><\/h3>\n<div style=\"text-align: left;\"><\/div>\n<div style=\"text-align: left;\"><span style=\"font-size: 110%;\">A pesar de la gran rigidez a la torsi\u00f3n y la generosa anchura de la llanta, el peso de la Bora WTO 33 sigue siendo bastante bajo. Hablamos de s\u00f3lo 1380 gramos para el conjunto completo, inferior a muchos modelos competidores de la misma categor\u00eda.<\/span><\/div>\n<div style=\"text-align: left;\"><\/div>\n<div style=\"text-align: left;\"><span style=\"font-size: 110%;\">Un resultado conseguido gracias a la utilizaci\u00f3n de fibra de carbono HM, al bajo peso de los bujes (s\u00f3lo 166 gramos el delantero y 315 gramos el trasero) y a la excelente igualaci\u00f3n de las tensiones en los radios. Las ruedas Bora WTO 33 garantizan aut\u00e9nticas prestaciones de rueda de carreras manteniendo un peso razonable.<\/span><\/div>\n<div style=\"text-align: left;\"><\/div>\n<h3 style=\"text-align: left;\"><span style=\"font-size: 110%;\">Excelencia made in Italy<\/span><\/h3>\n<div style=\"text-align: left;\"><\/div>\n<div style=\"text-align: left;\"><span style=\"font-size: 110%;\">Como todos los productos Campagnolo, las Bora WTO se dise\u00f1an, proyectan y producen \u00edntegramente en las f\u00e1bricas Campagnolo de la provincia de Vicenza.\u00a0<\/span><\/div>\n<div style=\"text-align: left;\"><\/div>\n<div style=\"text-align: left;\"><span style=\"font-size: 110%;\">Es el \u00fanico fabricante de llantas de alto rendimiento del mundo que mantiene sus conocimientos t\u00e9cnicos y procesos de producci\u00f3n totalmente internos en su sede italiana.\u00a0<\/span><\/div>\n<div style=\"text-align: left;\"><\/div>\n<div style=\"text-align: left;\"><span style=\"font-size: 110%;\">Esto se traduce en unos niveles de calidad y rendimiento superiores y m\u00e1s constantes que los de la competencia. Un orgullo del Made in Italy.<\/span><\/div>\n<div style=\"text-align: left;\"><\/div>\n<h2 style=\"text-align: left;\"><span style=\"font-size: 110%;\">Tecnolog\u00eda MoMag<\/span><\/h2>\n<div style=\"text-align: left;\"><\/div>\n<div style=\"text-align: left;\"><span style=\"font-size: 110%;\">La exclusiva tecnolog\u00eda MoMag es una de las innovaciones introducidas por Campagnolo que ha revolucionado el mundo de las ruedas. Aprovechando los componentes magn\u00e9ticos integrados en los bujes, los radios son literalmente atra\u00eddos hacia el centro de la rueda.<\/span><\/div>\n<div style=\"text-align: left;\"><\/div>\n<div style=\"text-align: left;\"><span style=\"font-size: 110%;\">El resultado es un centrado perfecto y duradero, que no requiere un reapriete constante como ocurre con los sistemas convencionales. Adem\u00e1s, el perfecto apriete de la tensi\u00f3n aumenta a\u00fan m\u00e1s la longevidad y el rendimiento de la rueda.<\/span><\/div>\n<div style=\"text-align: left;\"><\/div>\n<h2 style=\"text-align: left;\"><span style=\"font-size: 110%;\">Rodamientos cer\u00e1micos USB<\/span><\/h2>\n<div style=\"text-align: left;\"><\/div>\n<div style=\"text-align: left;\"><span style=\"font-size: 110%;\">Otro aspecto destacado de la Bora WTO 33 son los rodamientos cer\u00e1micos USB, una exclusiva de Campagnolo que garantiza un rodamiento suave y una capacidad de respuesta instant\u00e1nea.\u00a0<\/span><\/div>\n<div style=\"text-align: left;\"><\/div>\n<div style=\"text-align: left;\"><span style=\"font-size: 110%;\">Fabricados con materiales cer\u00e1micos de ultra alto rendimiento, estos rodamientos son mucho m\u00e1s suaves, resistentes y eficientes que los modelos tradicionales de acero. Proporcionan una mejora significativa de la rigidez, el confort y la capacidad de respuesta de la rueda.<\/span><\/div>\n<div style=\"text-align: left;\"><\/div>\n<h3 style=\"text-align: left;\"><span style=\"font-size: 110%;\">Para qui\u00e9n est\u00e1n indicados<\/span><\/h3>\n<div style=\"text-align: left;\"><\/div>\n<div style=\"text-align: left;\"><span style=\"font-size: 110%;\">Gracias a sus excepcionales cualidades, las Bora WTO 33 son aptas tanto para carretera como para disciplinas espec\u00edficas como la contrarreloj. Son la elecci\u00f3n ideal para:<\/span><\/div>\n<div style=\"text-align: left;\"><\/div>\n<div style=\"text-align: left;\"><span style=\"font-size: 110%;\">- Ciclistas profesionales y aficionados que compiten en carreras granfondo y amateur<\/span><\/div>\n<div style=\"text-align: left;\"><\/div>\n<div style=\"text-align: left;\"><span style=\"font-size: 110%;\">- Entusiastas que buscan el mejor rendimiento en largas distancias<\/span><\/div>\n<div style=\"text-align: left;\"><\/div>\n<div style=\"text-align: left;\"><span style=\"font-size: 110%;\">- Cronoman que aprecian la penetraci\u00f3n aerodin\u00e1mica<\/span><\/div>\n<div style=\"text-align: left;\"><\/div>\n<div style=\"text-align: left;\"><span style=\"font-size: 110%;\">- Ciclistas que afrontan subidas exigentes y descensos t\u00e9cnicos<\/span><\/div>\n<div style=\"text-align: left;\"><\/div>\n<div style=\"text-align: left;\"><span style=\"font-size: 110%;\">- Qui\u00e9n quiere la mejor tecnolog\u00eda Made in Italy para el d\u00eda a d\u00eda<\/span><\/div>\n<div style=\"text-align: left;\"><\/div>\n<h3 style=\"text-align: left;\"><span style=\"font-size: 110%;\">Mantenimiento y cuidado de Bora<\/span><\/h3>\n<div style=\"text-align: left;\"><\/div>\n<div style=\"text-align: left;\"><span style=\"font-size: 110%;\">Para conservar las excelentes prestaciones de las ruedas Bora WTO 33 a lo largo del tiempo, es necesario realizar un mantenimiento peri\u00f3dico.\u00a0<\/span><\/div>\n<div style=\"text-align: left;\"><\/div>\n<div style=\"text-align: left;\"><span style=\"font-size: 110%;\">Los consejos de los expertos de Campagnolo son: limpiar las llantas peri\u00f3dicamente con agua y jab\u00f3n neutro, lubricar los rodamientos cada seis meses aproximadamente y comprobar el centrado y la tensi\u00f3n de los radios una vez al a\u00f1o.<\/span><\/div>\n<div style=\"text-align: left;\"><\/div>\n<div style=\"text-align: left;\"><span style=\"font-size: 110%;\">Es mejor evitar los chorros de agua a alta presi\u00f3n y los productos de limpieza agresivos. Con un cuidado meticuloso, los Bora durar\u00e1n mucho tiempo y conservar\u00e1n su potencial.<\/span><\/div>\n<div style=\"text-align: left;\"><\/div>\n<h3 style=\"text-align: left;\"><span style=\"font-size: 110%;\">Cu\u00e1ndo cambiar el Bora<\/span><\/h3>\n<div style=\"text-align: left;\"><\/div>\n<div style=\"text-align: left;\"><span style=\"font-size: 110%;\">La estructura del Bora WTO 33 est\u00e1 dise\u00f1ada para durar varios a\u00f1os incluso con un uso intensivo, aproximadamente hasta 50.000 km o m\u00e1s.\u00a0<\/span><\/div>\n<div style=\"text-align: left;\"><\/div>\n<div style=\"text-align: left;\"><span style=\"font-size: 110%;\">Los primeros indicios de que hay que cambiar las ruedas son llantas visiblemente desgastadas, oscilaciones bruscas durante la rotaci\u00f3n, ruidos anormales, p\u00e9rdida de tensi\u00f3n de los radios o holguras en los rodamientos.<\/span><\/div>\n<div style=\"text-align: left;\"><\/div>\n<div style=\"text-align: left;\"><span style=\"font-size: 110%;\">Es mejor no subestimar estas se\u00f1ales de alarma y sustituir las ruedas en cuanto su integridad estructural se vea comprometida. El nuevo Bora volver\u00e1 a sorprenderte con sus extraordinarias prestaciones.<\/span><\/div>\n<div style=\"text-align: left;\"><\/div>\n<h3 style=\"text-align: left;\"><span style=\"font-size: 110%;\">Cuando convergen nuevos Bora<\/span><\/h3>\n<div style=\"text-align: left;\"><\/div>\n<div style=\"text-align: left;\"><span style=\"font-size: 110%;\">Para un ciclista exigente que busca lo mejor, equipar su bicicleta con un nuevo juego de Bora WTO 33 es siempre una mejora recomendable.<\/span><\/div>\n<div style=\"text-align: left;\"><\/div>\n<div style=\"text-align: left;\"><span style=\"font-size: 110%;\">Entre las razones por las que merece la pena invertir en un nuevo Bora se incluyen:<\/span><\/div>\n<div style=\"text-align: left;\"><\/div>\n<div style=\"text-align: left;\"><span style=\"font-size: 110%;\">- Deseo de aumentar el rendimiento aerodin\u00e1mico<\/span><\/div>\n<div style=\"text-align: left;\"><\/div>\n<div style=\"text-align: left;\"><span style=\"font-size: 110%;\">- Deseo de mejorar la capacidad de respuesta y el confort de marcha\u00a0<\/span><\/div>\n<div style=\"text-align: left;\"><\/div>\n<div style=\"text-align: left;\"><span style=\"font-size: 110%;\">- Desgaste de las ruedas tras miles de kil\u00f3metros<\/span><\/div>\n<div style=\"text-align: left;\"><\/div>\n<div style=\"text-align: left;\"><span style=\"font-size: 110%;\">- Cambio de bicicleta y necesidad de ruedas adecuadas<\/span><\/div>\n<div style=\"text-align: left;\"><\/div>\n<div style=\"text-align: left;\"><span style=\"font-size: 110%;\">- Para premiarse con tecnolog\u00eda punta Made in Italy<\/span><\/div>\n<div style=\"text-align: left;\"><\/div>\n<div style=\"text-align: left;\"><span style=\"font-size: 110%;\">Gracias a su bien recibido dise\u00f1o y a su inigualable calidad de construcci\u00f3n, los nuevos Bora nunca defraudar\u00e1n las expectativas y realmente dejar\u00e1n atr\u00e1s el viento.<\/span><\/div>\n<div style=\"text-align: left;\"><\/div>\n<div style=\"text-align: left;\"><span style=\"font-size: 110%;\">Campagnolo Bora OMC 33: conclusiones<\/span><\/div>\n<div style=\"text-align: left;\"><\/div>\n<div style=\"text-align: left;\"><span style=\"font-size: 110%;\">En resumen, para los entusiastas que buscan las mejores ruedas de alto rendimiento, las ruedas Campagnolo Bora WTO 33 representan sencillamente lo mejor disponible en el mercado actual.\u00a0<\/span><\/div>\n<div style=\"text-align: left;\"><\/div>\n<div style=\"text-align: left;\"><span style=\"font-size: 110%;\">Garantizan ventajas concretas como menor resistencia aerodin\u00e1mica, precisi\u00f3n de conducci\u00f3n, confort en largas distancias y longevidad. Todo con la legendaria calidad Campagnolo 100% made in Italy. Las ruedas Bora WTO 33 elevan a la en\u00e9sima potencia las prestaciones de cualquier bicicleta.<\/span><\/div>\n<h3 style=\"text-align: left;\"><span style=\"font-size: 110%;\"><strong>Preguntas frecuentes sobre las ruedas Campagnolo Bora WTO 33<\/strong><\/span><\/h3>\n<p style=\"text-align: left;\"><span style=\"font-size: 110%;\"><strong>1. \u00bfQu\u00e9 es el modelo Campagnolo Bora OMC 33?<\/strong> El modelo Campagnolo Bora WTO 33 es una versi\u00f3n espec\u00edfica de las ruedas de ciclismo Bora desarrolladas por la renombrada empresa italiana Campagnolo. Las siglas \"WTO\" significan \"Wind Tunnel Optimised\", lo que indica el especial enfoque en la aerodin\u00e1mica de estas ruedas.<\/span><\/p>\n<p style=\"text-align: left;\"><span style=\"font-size: 110%;\"><strong>2. \u00bfCu\u00e1les son las principales caracter\u00edsticas de Campagnolo Bora OMC 33?<\/strong> Campagnolo Bora WTO 33 son ruedas de ciclismo con perfil aerodin\u00e1mico de 33 mm. Est\u00e1n dise\u00f1adas para ofrecer una combinaci\u00f3n de ligereza, rigidez y rendimiento aerodin\u00e1mico \u00f3ptimo. Son adecuadas para una gran variedad de condiciones de carretera y suelen ser apreciadas tanto por escaladores como por velocistas.<\/span><\/p>\n<p style=\"text-align: left;\"><span style=\"font-size: 110%;\"><strong>3. \u00bfQu\u00e9 ventajas ofrecen las ruedas Campagnolo Bora WTO 33 con respecto a otras ruedas?<\/strong> Las ruedas Campagnolo Bora WTO 33 ofrecen un perfil aerodin\u00e1mico que reduce la resistencia al viento, mejorando la eficiencia y la velocidad. Su construcci\u00f3n en carbono de alta calidad contribuye a una mayor reactividad y transmisi\u00f3n de potencia. Son ideales para recorridos mixtos, ofreciendo una versatilidad que las hace adecuadas para una gran variedad de situaciones de conducci\u00f3n.<\/span><\/p>\n<p style=\"text-align: left;\"><span style=\"font-size: 110%;\"><strong>4. \u00bfExisten modelos espec\u00edficos de la Campagnolo Bora WTO 33 para frenos de disco y frenos convencionales?<\/strong> S\u00ed, las Campagnolo Bora WTO 33 est\u00e1n disponibles en versiones compatibles tanto con frenos de disco como con frenos de zapata tradicionales. Es importante elegir el modelo correcto en funci\u00f3n del tipo de freno instalado en su bicicleta.<\/span><\/p>\n<p style=\"text-align: left;\"><span style=\"font-size: 110%;\"><strong>5. \u00bfSon las Campagnolo Bora WTO 33 adecuadas para las carreras?<\/strong> S\u00ed, las ruedas Campagnolo Bora WTO 33 est\u00e1n dise\u00f1adas para la competici\u00f3n gracias a su ligereza y a sus prestaciones aerodin\u00e1micas. No obstante, como siempre, comprueba que cumplan con la normativa espec\u00edfica de la competici\u00f3n en la que participes.<\/span><\/p>\n<p style=\"text-align: left;\"><span style=\"font-size: 110%;\"><strong>6. \u00bfQu\u00e9 prestaciones particulares ofrecen en t\u00e9rminos de aerodin\u00e1mica?<\/strong> Las ruedas Campagnolo Bora WTO 33 han sido dise\u00f1adas prestando atenci\u00f3n a los detalles aerodin\u00e1micos para reducir la resistencia al aire durante la conducci\u00f3n. El perfil de la llanta y el dise\u00f1o del buje se han optimizado para mejorar la eficiencia aerodin\u00e1mica, permitiendo al ciclista enfrentarse al viento con mayor eficacia.<\/span><\/p>\n<p style=\"text-align: left;\"><span style=\"font-size: 110%;\"><strong>7. \u00bfC\u00f3mo puedo cuidar y mantener mi Campagnolo Bora WTO 33?<\/strong> Para mantener sus ruedas Campagnolo Bora WTO 33 en condiciones \u00f3ptimas, es importante limpiarlas regularmente, inspeccionar la tensi\u00f3n de los radios y comprobar el desgaste de los componentes. Sigue las pautas de mantenimiento proporcionadas por Campagnolo para garantizar una larga vida \u00fatil y un rendimiento constante.<\/span><\/p>\n<p style=\"text-align: left;\"><span style=\"font-size: 110%;\"><strong>8. \u00bfD\u00f3nde puedo comprar Campagnolo Bora WTO 33 y piezas de repuesto relacionadas?<\/strong> Puede adquirir Campagnolo Bora WTO 33 en distribuidores autorizados de bicicletas o tiendas especializadas. Las piezas de repuesto pueden estar disponibles a trav\u00e9s de la red de distribuci\u00f3n oficial de Campagnolo.<\/span><\/p>\n<p style=\"text-align: left;\"><span style=\"font-size: 110%;\"><strong>9. \u00bfExisten opciones personalizadas para Campagnolo Bora WTO 33?<\/strong> Campagnolo puede ofrecer algunas opciones de personalizaci\u00f3n para la Bora OMC 33, como pegatinas personalizadas u opciones de color. Consulte a su distribuidor o el sitio web oficial de Campagnolo para conocer las opciones de personalizaci\u00f3n disponibles.<\/span><\/p>\n<p style=\"text-align: left;\"><span style=\"font-size: 110%;\"><strong>10. \u00bfQu\u00e9 otras ruedas similares ofrece Campagnolo adem\u00e1s de la Bora WTO 33?<\/strong> Campagnolo ofrece una amplia gama de ruedas de ciclismo, incluidos los modelos Bora de diferentes alturas de perfil y caracter\u00edsticas. Algunos otros modelos podr\u00edan incluir la Bora WTO 45, Bora Ultra, Bora One y otros. Consulte la gama completa en el sitio web oficial de Campagnolo.<\/span><\/p>\n\t\t<\/div>\n\t\t\t\t\t<\/div>\n\n\t\n<\/div>\n\t\t<\/div>\n\n\t\t\n<style>\n#section_1586589248 {\n  padding-top: 60px;\n  padding-bottom: 60px;\n  min-height: 300px;\n  background-color: rgb(245, 245, 245);\n}\n<\/style>\n\t<\/section>","protected":false},"excerpt":{"rendered":"","protected":false},"author":1,"featured_media":12666,"parent":0,"menu_order":0,"comment_status":"closed","ping_status":"closed","template":"","meta":{"footnotes":""},"class_list":["post-12647","page","type-page","status-publish","has-post-thumbnail","hentry"],"_links":{"self":[{"href":"https:\/\/bici-bici.it\/es\/wp-json\/wp\/v2\/pages\/12647","targetHints":{"allow":["GET"]}}],"collection":[{"href":"https:\/\/bici-bici.it\/es\/wp-json\/wp\/v2\/pages"}],"about":[{"href":"https:\/\/bici-bici.it\/es\/wp-json\/wp\/v2\/types\/page"}],"author":[{"embeddable":true,"href":"https:\/\/bici-bici.it\/es\/wp-json\/wp\/v2\/users\/1"}],"replies":[{"embeddable":true,"href":"https:\/\/bici-bici.it\/es\/wp-json\/wp\/v2\/comments?post=12647"}],"version-history":[{"count":0,"href":"https:\/\/bici-bici.it\/es\/wp-json\/wp\/v2\/pages\/12647\/revisions"}],"wp:featuredmedia":[{"embeddable":true,"href":"https:\/\/bici-bici.it\/es\/wp-json\/wp\/v2\/media\/12666"}],"wp:attachment":[{"href":"https:\/\/bici-bici.it\/es\/wp-json\/wp\/v2\/media?parent=12647"}],"curies":[{"name":"wp","href":"https:\/\/api.w.org\/{rel}","templated":true}]}}