{"id":12635,"date":"2023-08-31T17:29:46","date_gmt":"2023-08-31T17:29:46","guid":{"rendered":"https:\/\/bici-bici.it\/?page_id=12635"},"modified":"2023-09-01T20:21:33","modified_gmt":"2023-09-01T20:21:33","slug":"bora","status":"publish","type":"page","link":"https:\/\/bici-bici.it\/es\/empresa-campagnolo\/bora\/","title":{"rendered":"Campagnolo Bora"},"content":{"rendered":"<section class=\"section\" id=\"section_1730646922\">\n\t\t<div class=\"section-bg fill\" >\n\t\t\t\t\t\t\t\t\t\n\t\t\t\n\n\t\t<\/div>\n\n\t\t\n\n\t\t<div class=\"section-content relative\">\n\t\t\t\n<div class=\"row align-center\"  id=\"row-1223838452\">\n\n\t<div id=\"col-577643859\" class=\"col medium-10 small-12 large-10\"  >\n\t\t\t\t<div class=\"col-inner text-center\"  >\n\t\t\t\n\t\t\t\n<div class=\"container section-title-container\" ><h1 class=\"section-title section-title-normal\"><b><\/b><span class=\"section-title-main\" >Campagnolo Serie Bora<\/span><b><\/b><\/h1><\/div>\n\t<div class=\"img has-hover x md-x lg-x y md-y lg-y\" id=\"image_1492118969\">\n\t\t\t\t\t\t\t\t<div class=\"img-inner image-cover dark\" style=\"padding-top:50%;margin:0px 0px 30px 0px;\">\n\t\t\t<img loading=\"lazy\" decoding=\"async\" width=\"1020\" height=\"680\" src=\"https:\/\/bici-bici.it\/wp-content\/uploads\/2023\/08\/campagnolo-bora-wto-45.jpg\" class=\"attachment-large size-large\" alt=\"JUEGO DE RUEDAS CAMPAGNOLO BORA WTO 45 DISC\" srcset=\"https:\/\/bici-bici.it\/wp-content\/uploads\/2023\/08\/campagnolo-bora-wto-45.jpg 1200w, https:\/\/bici-bici.it\/wp-content\/uploads\/2023\/08\/campagnolo-bora-wto-45-800x533.jpg 800w, https:\/\/bici-bici.it\/wp-content\/uploads\/2023\/08\/campagnolo-bora-wto-45-64x43.jpg 64w, https:\/\/bici-bici.it\/wp-content\/uploads\/2023\/08\/campagnolo-bora-wto-45-600x400.jpg 600w, https:\/\/bici-bici.it\/wp-content\/uploads\/2023\/08\/campagnolo-bora-wto-45-768x512.jpg 768w, https:\/\/bici-bici.it\/wp-content\/uploads\/2023\/08\/campagnolo-bora-wto-45-18x12.jpg 18w\" sizes=\"auto, (max-width: 1020px) 100vw, 1020px\" \/>\t\t\t\t\t\t\n\t\t\t\t\t<\/div>\n\t\t\t\t\t\t\t\t\n<style>\n#image_1492118969 {\n  width: 100%;\n}\n<\/style>\n\t<\/div>\n\t\n<h2 style=\"text-align: left;\"><span style=\"font-size: 110%;\">Ruedas Campagnolo Bora: tecnolog\u00eda e innovaci\u00f3n made in Italy<\/span><\/h2>\n<p class=\"whitespace-pre-wrap\" style=\"text-align: left;\"><span style=\"font-size: 110%;\">Las ruedas Campagnola Bora son uno de los productos ic\u00f3nicos <a href=\"https:\/\/www.campagnolo.com\/it-it\/\" target=\"_blank\" rel=\"noopener\">de la empresa Campagnolo<\/a>un s\u00edmbolo de la excelencia tecnol\u00f3gica y de rendimiento de la marca italiana. Presentadas por primera vez en 1994, en casi 30 a\u00f1os de historia las ruedas Bora se han consolidado como un referente absoluto en el mundo de las ruedas de altas prestaciones para bicicletas de competici\u00f3n. Echemos un vistazo detallado a la historia, las caracter\u00edsticas y las innovaciones que han hecho que las ruedas Bora sean tan populares entre los ciclistas.<\/span><\/p>\n<h3 style=\"text-align: left;\"><span style=\"font-size: 110%;\">Nacimiento e historia del Campagnolo Bora<\/span><\/h3>\n<blockquote>\n<p style=\"text-align: left;\"><span style=\"font-size: 110%;\">Ruedas Campagnolo Bora Serie en stock:<\/span><\/p>\n<\/blockquote>\n<p style=\"text-align: left;\"><a href=\"https:\/\/bici-bici.it\/es\/empresa-campagnolo\/bora\/omc-45\/\" target=\"_blank\" rel=\"noopener\"><span style=\"font-size: 110%;\">Campagnolo Bora OMC 45<\/span><\/a><br \/>\n<a href=\"https:\/\/bici-bici.it\/es\/azienda-campagnolo\/bora\/wto-33\/\" target=\"_blank\" rel=\"noopener\"><span style=\"font-size: 110%;\">Campagnolo Bora OMC 33<\/span><\/a><br \/>\n<a href=\"https:\/\/bici-bici.it\/es\/empresa-campagnolo\/bora\/wto-ultra-33\/\" target=\"_blank\" rel=\"noopener\"><span style=\"font-size: 110%;\">Campagnolo Bora WTO Ultra 33<\/span><\/a><br \/>\n<span style=\"font-size: 110%;\">Campagnolo Bora ULTRA\u00a0<\/span><br \/>\n<span style=\"font-size: 110%;\">Campagnolo Bora ONE 50<\/span><\/p>\n<p class=\"whitespace-pre-wrap\" style=\"text-align: left;\"><span style=\"font-size: 110%;\">La historia de Bora comenz\u00f3 a principios de la d\u00e9cada de 1990, cuando Campagnolo decidi\u00f3 desarrollar un nuevo producto hasta entonces in\u00e9dito en la gama de la empresa: un juego de ruedas de alto rendimiento espec\u00edfico para su uso en bicicletas de contrarreloj y triatl\u00f3n.<\/span><\/p>\n<p class=\"whitespace-pre-wrap\" style=\"text-align: left;\"><span style=\"font-size: 110%;\">Tras a\u00f1os de dominio absoluto en el campo de los grupos y componentes, Campagnolo ha querido probar suerte tambi\u00e9n en el sector de las ruedas, en pleno auge gracias a los nuevos materiales compuestos como la fibra de carbono y el kevlar.<\/span><\/p>\n<p class=\"whitespace-pre-wrap\" style=\"text-align: left;\"><span style=\"font-size: 110%;\">El objetivo era ambicioso: crear las ruedas m\u00e1s aerodin\u00e1micas, ligeras y con mejores prestaciones del mercado. Tras un largo periodo de investigaci\u00f3n y pruebas en el t\u00fanel de viento, en 1994 se presentaron las Bora TriAthlon: ruedas de carbono lenticular, ligeras y superrigidas.<\/span><\/p>\n<p class=\"whitespace-pre-wrap\" style=\"text-align: left;\"><span style=\"font-size: 110%;\">El nombre Bora procede del viento catab\u00e1tico que sopla en la llanura entre Eslovenia y Croacia, s\u00edmbolo del excepcional rendimiento contra el aire que promet\u00edan las ruedas. Desde la primera versi\u00f3n, las Bora utilizaron rodamientos cer\u00e1micos, una gran innovaci\u00f3n para la \u00e9poca.<\/span><\/p>\n<h3 style=\"text-align: left;\"><span style=\"font-size: 110%;\">Evoluci\u00f3n de los productos<\/span><\/h3>\n<p class=\"whitespace-pre-wrap\" style=\"text-align: left;\"><span style=\"font-size: 110%;\">El \u00e9xito de la primera <a href=\"https:\/\/bici-bici.it\/es\/empresa-campagnolo\/\" target=\"_blank\" rel=\"noopener\">Ruedas de competici\u00f3n Compagnolo Bora<\/a> fue inmediata en el mundo de la contrarreloj. Campagnolo continu\u00f3 desarrollando y mejorando el producto, lanzando nuevas versiones. En 1995 lleg\u00f3 la Bora UL (Ultralight) con llantas de 22 mm, en 2001 la Bora \"wide body\" con llantas de 27 mm.<\/span><\/p>\n<p class=\"whitespace-pre-wrap\" style=\"text-align: left;\"><span style=\"font-size: 110%;\">En 2004, se lanz\u00f3 la Bora Ultra, a\u00fan m\u00e1s ligera y r\u00edgida, utilizada por equipos ciclistas profesionales. En 2007 lleg\u00f3 un importante redise\u00f1o de la rueda, con nuevas llantas y rodamientos.<\/span><\/p>\n<p class=\"whitespace-pre-wrap\" style=\"text-align: left;\"><span style=\"font-size: 110%;\">En 2015 se present\u00f3 la Bora One, la primera Bora con llantas de una sola pieza para aumentar la rigidez y la capacidad de respuesta. La \u00faltima frontera de innovaci\u00f3n de Campagnolo es la OMC Bora Ultra de 2020, con llantas soloUnpiece y soluciones de alta tecnolog\u00eda como el buje de carbono G3.<\/span><\/p>\n<h2 style=\"text-align: left;\"><span style=\"font-size: 110%;\">Tecnolog\u00edas de vanguardia<\/span><\/h2>\n<p class=\"whitespace-pre-wrap\" style=\"text-align: left;\"><span style=\"font-size: 110%;\">Desde la primera Bora, Campagnolo ha utilizado soluciones innovadoras que han marcado la pauta en el sector de las ruedas. Las llantas lenticulares, muy populares hoy en d\u00eda, se utilizaron por primera vez en la Bora en 1994.<\/span><\/p>\n<p class=\"whitespace-pre-wrap\" style=\"text-align: left;\"><span style=\"font-size: 110%;\">El uso de rodamientos cer\u00e1micos, mucho m\u00e1s suaves que los convencionales, tambi\u00e9n fue introducido por Bora a principios de la d\u00e9cada de 1990, cuando esta tecnolog\u00eda estaba en pa\u00f1ales.<\/span><\/p>\n<p class=\"whitespace-pre-wrap\" style=\"text-align: left;\"><span style=\"font-size: 110%;\">Hoy, los Bora representan el non plus ultra de la investigaci\u00f3n Campagnolo, con soluciones exclusivas como:<\/span><\/p>\n<ul class=\"list-disc pl-8 space-y-2\" style=\"text-align: left;\">\n<li class=\"whitespace-normal\"><span style=\"font-size: 110%;\">Llantas sin costuras soloUnpiece para una rigidez y una capacidad de respuesta extremas.<\/span><\/li>\n<li class=\"whitespace-normal\"><span style=\"font-size: 110%;\">Tecnolog\u00eda C-LUX, que combina fibra de carbono y resina de pol\u00edmero de cristal l\u00edquido para unas llantas m\u00e1s resistentes hasta 50%.<\/span><\/li>\n<li class=\"whitespace-normal\"><span style=\"font-size: 110%;\">Perfil de llanta sim\u00e9trico G3, dise\u00f1ado en t\u00fanel de viento para un excelente rendimiento aerodin\u00e1mico.<\/span><\/li>\n<li class=\"whitespace-normal\"><span style=\"font-size: 110%;\">Tecnolog\u00eda MoMag: bujes de carbono optimizados para ser magn\u00e9ticos, de modo que los radios son atra\u00eddos hacia el centro y la rueda est\u00e1 siempre perfectamente centrada.<\/span><\/li>\n<li class=\"whitespace-normal\"><span style=\"font-size: 110%;\">Rodamientos USB cer\u00e1micos ultrasuaves, capaces de amplificar la rigidez y la reactividad de la rueda.<\/span><\/li>\n<li class=\"whitespace-normal\"><span style=\"font-size: 110%;\">M\u00ednimas diferencias de peso entre la llanta delantera y la trasera para garantizar un equilibrio perfecto de la bicicleta.<\/span><\/li>\n<\/ul>\n<h3 style=\"text-align: left;\"><span style=\"font-size: 110%;\">Dise\u00f1o y artesan\u00eda<\/span><\/h3>\n<p class=\"whitespace-pre-wrap\" style=\"text-align: left;\"><span style=\"font-size: 110%;\">Adem\u00e1s del componente hi-tech, uno de los puntos fuertes de la Campagnolo Bora es sin duda su dise\u00f1o, fruto de la perfecta fusi\u00f3n entre artesan\u00eda italiana y tecnolog\u00eda de vanguardia. Las llantas con superficies limpias, las elecciones crom\u00e1ticas audaces como el rojo intenso y los logotipos en relieve hacen de la Bora un objeto con una est\u00e9tica \u00fanica y perfectamente reconocible.<\/span><\/p>\n<p class=\"whitespace-pre-wrap\" style=\"text-align: left;\"><span style=\"font-size: 110%;\">Incluso los procesos de producci\u00f3n combinan artesan\u00eda y tecnolog\u00eda: las llantas, fabricadas en la zona de B\u00e9rgamo, que cuenta con una gran tradici\u00f3n en el mecanizado de ruedas, se moldean a mano y se cuecen en hornos especiales para mejorar sus propiedades mec\u00e1nicas. Cada rueda Campagnolo Bora es un concentrado de estilo, pasi\u00f3n y cultura italiana de las dos ruedas.<\/span><\/p>\n<h3 style=\"text-align: left;\"><span style=\"font-size: 110%;\">Campeones y logros deportivos<\/span><\/h3>\n<p class=\"whitespace-pre-wrap\" style=\"text-align: left;\"><span style=\"font-size: 110%;\">Desde el principio, las ruedas Bora han sido elegidas por los m\u00e1s grandes campeones del ciclismo, fascinados por su capacidad para hacer volar la bicicleta. Bora demostr\u00f3 su \u00e9xito en contrarrelojes, etapas de monta\u00f1a y sprints en pelot\u00f3n.<\/span><\/p>\n<p class=\"whitespace-pre-wrap\" style=\"text-align: left;\"><span style=\"font-size: 110%;\">Basta decir que desde 1994, 60% de las medallas ol\u00edmpicas y mundiales de ciclismo en carretera han sido ganadas por atletas en bicicletas equipadas con ruedas Campagnolo Bora.<\/span><\/p>\n<p class=\"whitespace-pre-wrap\" style=\"text-align: left;\"><span style=\"font-size: 110%;\">Entre los campeones que han elegido bicicletas Bora se encuentran nombres legendarios como Marco Pantani, Jan Ullrich, Paolo Bettini, Oscar Freire, Mario Cipollini, Alberto Contador, Vincenzo Nibali y muchos otros. Las bicicletas Bora han acompa\u00f1ado haza\u00f1as tan \u00e9picas como el doblete Giro-Tour de Marco Pantani en 1998 o el \u00e9xito de Paolo Bettini en los Campeonatos del Mundo de 2006 en Salzburgo.<\/span><\/p>\n<h3 style=\"text-align: left;\"><span style=\"font-size: 110%;\">Uso en carretera y fuera de carretera<\/span><\/h3>\n<p class=\"whitespace-pre-wrap\" style=\"text-align: left;\"><span style=\"font-size: 110%;\">Nacidas para contrarrelojes y triatlones, con el paso de los a\u00f1os las Bora han evolucionado hasta ser excelentes tambi\u00e9n en carretera. Hoy en d\u00eda se fabrican en versiones de carretera y todoterreno. Las ruedas de carretera Bora WTO, con llantas de 33-45 mm, se encuentran entre las m\u00e1s populares del ciclismo profesional y entre los aficionados m\u00e1s exigentes.<\/span><\/p>\n<p class=\"whitespace-pre-wrap\" style=\"text-align: left;\"><span style=\"font-size: 110%;\">En cambio, las ruedas todoterreno Campagnola Bora WTO tienen llantas de 25-33 mm, adecuadas para el uso en grava y aventura. Incluso en competiciones offroad y granfondo, las ruedas Bora garantizan un excelente rendimiento.<\/span><\/p>\n<p class=\"whitespace-pre-wrap\" style=\"text-align: left;\"><span style=\"font-size: 110%;\">Esto es gracias a la proverbial rigidez que amplifica la capacidad de respuesta en terrenos irregulares y a la capacidad de amortiguaci\u00f3n de vibraciones t\u00edpica de las llantas lenticulares. En resumen, las Bora destacan tanto en asfalto como en caminos de tierra.<\/span><\/p>\n<h2 style=\"text-align: left;\"><span style=\"font-size: 110%;\">Gama de productos y precios<\/span><\/h2>\n<p class=\"whitespace-pre-wrap\" style=\"text-align: left;\"><span style=\"font-size: 110%;\">Campagnolo ofrece Bora tanto en posventa como en equipo original para las principales empresas de cuadros. La gama incluye:<\/span><\/p>\n<ul class=\"list-disc pl-8 space-y-2\" style=\"text-align: left;\">\n<li class=\"whitespace-normal\"><span style=\"font-size: 110%;\">Bora WTO para carretera en versiones de 33, 45 y 60 mm. Las de 33 y 45 mm tambi\u00e9n est\u00e1n disponibles en versi\u00f3n \"tubular\" para neum\u00e1ticos tubulares.<\/span><\/li>\n<li class=\"whitespace-normal\"><span style=\"font-size: 110%;\">Bora WTO para uso fuera de carretera en versiones de 25 y 33 mm.<\/span><\/li>\n<li class=\"whitespace-normal\"><span style=\"font-size: 110%;\">Bora One para triatl\u00f3n y contrarreloj, con llantas de 85 mm.<\/span><\/li>\n<li class=\"whitespace-normal\"><span style=\"font-size: 110%;\">Ruedas lenticulares Bora Ultra TT 75 y 85 mm para contrarreloj y pista.<\/span><\/li>\n<\/ul>\n<p class=\"whitespace-pre-wrap\" style=\"text-align: left;\"><span style=\"font-size: 110%;\">Los precios de los Bora var\u00edan en funci\u00f3n del modelo, pero se sit\u00faan sin duda en la gama alta del mercado, con una horquilla de entre 1.500 y 3.700 euros para las versiones superiores de carbono. Los modelos Bora de aluminio tienen precios m\u00e1s asequibles, pero a\u00fan as\u00ed desafiantes, aproximadamente entre 500 y 1.200 euros.<\/span><\/p>\n<p class=\"whitespace-pre-wrap\" style=\"text-align: left;\"><span style=\"font-size: 110%;\">Las ruedas Bora de Campagnolo representan el sue\u00f1o de todo apasionado del ciclismo. Ruedas ic\u00f3nicas que han hecho y siguen haciendo historia, sin\u00f3nimo de velocidad, innovaci\u00f3n tecnol\u00f3gica y belleza made in Italy. Las ruedas Campagnola Bora recompensan con excelentes prestaciones tanto al ciclista profesional que quiere superarse como al aficionado que busca lo mejor para divertirse sobre dos ruedas. Un producto atemporal que sigue evolucionando, manteni\u00e9ndose siempre en lo m\u00e1s alto.<\/span><\/p>\n<h3 style=\"text-align: left;\"><span style=\"font-size: 110%;\"><strong>Preguntas frecuentes sobre las ruedas Campagnolo Bora<\/strong><\/span><\/h3>\n<p style=\"text-align: left;\"><span style=\"font-size: 110%;\"><strong>1. \u00bfQu\u00e9 son las ruedas Campagnolo Bora?<\/strong> Las ruedas Campagnolo Bora son una gama de ruedas de ciclismo de alto rendimiento dise\u00f1adas y fabricadas por la empresa italiana Campagnolo. Estas ruedas son famosas por su ligereza, rigidez y aerodin\u00e1mica, ideales para ciclistas que buscan el m\u00e1ximo rendimiento.<\/span><\/p>\n<p style=\"text-align: left;\"><span style=\"font-size: 110%;\"><strong>2. \u00bfCu\u00e1les son las principales caracter\u00edsticas de las ruedas Campagnolo Bora?<\/strong> Las ruedas Campagnolo Bora son conocidas por su construcci\u00f3n en carbono de alta calidad, perfil aerodin\u00e1mico, bujes finos y dise\u00f1o elegante. Est\u00e1n disponibles en diferentes alturas de perfil para adaptarse a las necesidades de los ciclistas on-road y off-road.<\/span><\/p>\n<p style=\"text-align: left;\"><span style=\"font-size: 110%;\"><strong>3. \u00bfQu\u00e9 modelos de ruedas Bora hay disponibles?<\/strong> Campagnolo ofrece una variedad de modelos Bora, incluyendo Bora Ultra, Bora WTO y Bora One. Cada modelo puede tener caracter\u00edsticas espec\u00edficas, por lo que es importante comprobar las especificaciones del modelo que te interesa.<\/span><\/p>\n<p style=\"text-align: left;\"><span style=\"font-size: 110%;\"><strong>4. \u00bfQu\u00e9 ventajas ofrecen las ruedas Bora frente a otras ruedas de ciclismo?<\/strong> Las ruedas Campagnolo Bora ofrecen numerosas ventajas, como una mayor velocidad gracias a su aerodin\u00e1mica, una mayor rigidez que permite una mejor transmisi\u00f3n de la potencia y una reducci\u00f3n del peso total de la bicicleta.<\/span><\/p>\n<p style=\"text-align: left;\"><span style=\"font-size: 110%;\"><strong>5. \u00bfLas ruedas Campagnolo Bora son compatibles con los frenos de disco y los frenos convencionales?<\/strong> S\u00ed, Campagnolo ofrece versiones de las ruedas Bora compatibles tanto con frenos de disco como con frenos de zapata tradicionales. Aseg\u00farate de elegir el modelo correcto seg\u00fan el tipo de freno de tu bicicleta.<\/span><\/p>\n<p style=\"text-align: left;\"><span style=\"font-size: 110%;\"><strong>6. \u00bfPuedo utilizar ruedas Bora para competiciones?<\/strong> Absolutamente. Las ruedas Campagnolo Bora son a menudo elegidas por los ciclistas profesionales para las competiciones debido a su alto nivel de rendimiento. Sin embargo, es importante asegurarse de que las ruedas cumplen la normativa espec\u00edfica de la competici\u00f3n en la que se participa.<\/span><\/p>\n<p style=\"text-align: left;\"><span style=\"font-size: 110%;\"><strong>7. \u00bfNecesitan las ruedas Bora un mantenimiento especial?<\/strong> Como todas las ruedas de alta calidad, las ruedas Bora requieren un mantenimiento regular para garantizar un rendimiento \u00f3ptimo. Mantener limpios los rodamientos, comprobar la tensi\u00f3n de los radios e inspeccionar el perfil de los frenos son algunas de las pr\u00e1cticas recomendadas.<\/span><\/p>\n<p style=\"text-align: left;\"><span style=\"font-size: 110%;\"><strong>8. \u00bfLa garant\u00eda cubre las ruedas Campagnolo Bora?<\/strong> S\u00ed, las ruedas Campagnolo Bora suelen estar cubiertas por una garant\u00eda limitada contra defectos de fabricaci\u00f3n. Sin embargo, debes comprobar los detalles espec\u00edficos de la garant\u00eda que viene con tu producto o con tu distribuidor autorizado.<\/span><\/p>\n<p style=\"text-align: left;\"><span style=\"font-size: 110%;\"><strong>9. \u00bfPuedo comprar piezas de recambio para las ruedas Bora?<\/strong> Campagnolo suele ofrecer piezas de repuesto para sus ruedas Bora, incluidos radios, bujes y accesorios. Puede adquirir estos componentes a trav\u00e9s de distribuidores autorizados o del sitio web oficial de Campagnolo.<\/span><\/p>\n<p style=\"text-align: left;\"><span style=\"font-size: 110%;\"><strong>10. \u00bfC\u00f3mo puedo elegir el modelo de rueda Bora que m\u00e1s me conviene?<\/strong> La elecci\u00f3n del modelo depender\u00e1 de sus necesidades ciclistas personales. Tenga en cuenta el tipo de terreno por el que suele circular, su estilo de conducci\u00f3n y sus preferencias en cuanto al perfil de las ruedas. Consultar a un experto o a un distribuidor de bicicletas puede ayudarte a tomar la mejor decisi\u00f3n.<\/span><\/p>\n\t\t<\/div>\n\t\t\t\t\t<\/div>\n\n\t\n<\/div>\n\t\t<\/div>\n\n\t\t\n<style>\n#section_1730646922 {\n  padding-top: 60px;\n  padding-bottom: 60px;\n  min-height: 300px;\n  background-color: rgb(245, 245, 245);\n}\n<\/style>\n\t<\/section>","protected":false},"excerpt":{"rendered":"","protected":false},"author":1,"featured_media":12637,"parent":12633,"menu_order":0,"comment_status":"closed","ping_status":"closed","template":"","meta":{"footnotes":""},"class_list":["post-12635","page","type-page","status-publish","has-post-thumbnail","hentry"],"_links":{"self":[{"href":"https:\/\/bici-bici.it\/es\/wp-json\/wp\/v2\/pages\/12635","targetHints":{"allow":["GET"]}}],"collection":[{"href":"https:\/\/bici-bici.it\/es\/wp-json\/wp\/v2\/pages"}],"about":[{"href":"https:\/\/bici-bici.it\/es\/wp-json\/wp\/v2\/types\/page"}],"author":[{"embeddable":true,"href":"https:\/\/bici-bici.it\/es\/wp-json\/wp\/v2\/users\/1"}],"replies":[{"embeddable":true,"href":"https:\/\/bici-bici.it\/es\/wp-json\/wp\/v2\/comments?post=12635"}],"version-history":[{"count":0,"href":"https:\/\/bici-bici.it\/es\/wp-json\/wp\/v2\/pages\/12635\/revisions"}],"up":[{"embeddable":true,"href":"https:\/\/bici-bici.it\/es\/wp-json\/wp\/v2\/pages\/12633"}],"wp:featuredmedia":[{"embeddable":true,"href":"https:\/\/bici-bici.it\/es\/wp-json\/wp\/v2\/media\/12637"}],"wp:attachment":[{"href":"https:\/\/bici-bici.it\/es\/wp-json\/wp\/v2\/media?parent=12635"}],"curies":[{"name":"wp","href":"https:\/\/api.w.org\/{rel}","templated":true}]}}