{"id":12633,"date":"2023-08-31T14:04:42","date_gmt":"2023-08-31T14:04:42","guid":{"rendered":"https:\/\/bici-bici.it\/?page_id=12633"},"modified":"2023-11-24T07:54:57","modified_gmt":"2023-11-24T07:54:57","slug":"azienda-campagnolo","status":"publish","type":"page","link":"https:\/\/bici-bici.it\/es\/empresa-campagnolo\/","title":{"rendered":"Campagnolo"},"content":{"rendered":"<section class=\"section\" id=\"section_52092233\">\n\t\t<div class=\"section-bg fill\" >\n\t\t\t\t\t\t\t\t\t\n\t\t\t\n\n\t\t<\/div>\n\n\t\t\n\n\t\t<div class=\"section-content relative\">\n\t\t\t\n<div class=\"row align-center\"  id=\"row-1388197129\">\n\n\t<div id=\"col-597987349\" class=\"col medium-10 small-12 large-10\"  >\n\t\t\t\t<div class=\"col-inner text-center\"  >\n\t\t\t\n\t\t\t\n<div class=\"container section-title-container\" ><h1 class=\"section-title section-title-center\"><b><\/b><span class=\"section-title-main\" >CAMPAGNOLO<\/span><b><\/b><\/h1><\/div>\n\t<div class=\"img has-hover x md-x lg-x y md-y lg-y\" id=\"image_196465036\">\n\t\t\t\t\t\t\t\t<div class=\"img-inner dark\" >\n\t\t\t<img loading=\"lazy\" decoding=\"async\" width=\"900\" height=\"500\" src=\"https:\/\/bici-bici.it\/wp-content\/uploads\/2023\/08\/campagnolo-s-r-l-logo-vector-transformed.png\" class=\"attachment-large size-large\" alt=\"campagnolo log png\" srcset=\"https:\/\/bici-bici.it\/wp-content\/uploads\/2023\/08\/campagnolo-s-r-l-logo-vector-transformed.png 900w, https:\/\/bici-bici.it\/wp-content\/uploads\/2023\/08\/campagnolo-s-r-l-logo-vector-transformed-800x444.png 800w, https:\/\/bici-bici.it\/wp-content\/uploads\/2023\/08\/campagnolo-s-r-l-logo-vector-transformed-64x36.png 64w, https:\/\/bici-bici.it\/wp-content\/uploads\/2023\/08\/campagnolo-s-r-l-logo-vector-transformed-720x400.png 720w, https:\/\/bici-bici.it\/wp-content\/uploads\/2023\/08\/campagnolo-s-r-l-logo-vector-transformed-768x427.png 768w, https:\/\/bici-bici.it\/wp-content\/uploads\/2023\/08\/campagnolo-s-r-l-logo-vector-transformed-18x10.png 18w\" sizes=\"auto, (max-width: 900px) 100vw, 900px\" \/>\t\t\t\t\t\t\n\t\t\t\t\t<\/div>\n\t\t\t\t\t\t\t\t\n<style>\n#image_196465036 {\n  width: 69%;\n}\n<\/style>\n\t<\/div>\n\t\n<h2 style=\"text-align: left;\"><span style=\"font-size: 110%;\"><em><strong>Campagnolo: la excelencia italiana en la producci\u00f3n de ruedas de bicicleta<\/strong><\/em><\/span><\/h2>\n<p class=\"whitespace-pre-wrap\" style=\"text-align: left;\"><span style=\"font-size: 110%;\">Campagnolo es una empresa italiana s\u00edmbolo mundial de innovaci\u00f3n, tecnolog\u00eda y pasi\u00f3n por el ciclismo. Fundada en 1933 en Vicenza por el inventor Tullio Campagnolo, se ha convertido en una referencia absoluta en el dise\u00f1o y la producci\u00f3n de componentes de alta gama para bicicletas. Descubramos la historia, los productos y los secretos del \u00e9xito de Campagnolo, con especial atenci\u00f3n a las excepcionales ruedas que llevan el nombre de esta marca.<\/span><\/p>\n<h2 style=\"text-align: left;\"><span style=\"font-size: 110%;\">Los or\u00edgenes y la intuici\u00f3n de Tullio Campagnolo<\/span><\/h2>\n<p class=\"whitespace-pre-wrap\" style=\"text-align: left;\"><span style=\"font-size: 110%;\">La historia de Campagnolo comenz\u00f3 en 1926, cuando el entonces veintea\u00f1ero Tullio Campagnolo, aficionado al ciclismo, ide\u00f3 un sistema para cambiar r\u00e1pidamente de marcha en una bicicleta sin tener que desmontar la rueda trasera. Fue la primera idea del r\u00e1pido, precursor del cambio de marchas moderno.<\/span><\/p>\n<p class=\"whitespace-pre-wrap\" style=\"text-align: left;\"><span style=\"font-size: 110%;\">En 1933, Tullio fund\u00f3 el taller que lleva su nombre en Vicenza, donde inici\u00f3 la producci\u00f3n de la primera caja de cambios patentada montada en el manillar. Un producto revolucionario, inspirado en la experiencia directa de Tullio como corredor. As\u00ed naci\u00f3 Campagnolo, destinada a marcar la historia de los componentes para ciclismo.<\/span><\/p>\n<h2 style=\"text-align: left;\"><span style=\"font-size: 110%;\">De las primeras cajas de cambios mec\u00e1nicas a las unidades integradas<\/span><\/h2>\n<p class=\"whitespace-pre-wrap\" style=\"text-align: left;\"><span style=\"font-size: 110%;\">En los a\u00f1os siguientes, Campagnolo sigui\u00f3 innovando con la creaci\u00f3n de nuevos componentes, como el cambio trasero, el buje de cierre r\u00e1pido y los pu\u00f1os de aluminio. En 1950 cre\u00f3 el cambio de cuadro Gran Sport, precursor de los grupos modernos.<\/span><\/p>\n<p class=\"whitespace-pre-wrap\" style=\"text-align: left;\"><span style=\"font-size: 110%;\">En las d\u00e9cadas de 1960 y 1970 llegaron los grupos integrados con desviador, palancas de cambio, bielas y ruedas de radios de aluminio. Una de las innovaciones m\u00e1s significativas fue el sistema Super Record de 1975, precursor del sistema de transmisi\u00f3n por engranajes dise\u00f1ado por Colnago y considerado un hito en la historia de la bicicleta de carreras.<\/span><\/p>\n<h2 style=\"text-align: left;\"><span style=\"font-size: 110%;\">La era de los materiales compuestos y el \"made in Italy\".<\/span><\/h2>\n<p class=\"whitespace-pre-wrap\" style=\"text-align: left;\"><span style=\"font-size: 110%;\">A partir de la d\u00e9cada de 1980, Campagnolo aprovech\u00f3 al m\u00e1ximo los nuevos materiales compuestos, como el carbono y el titanio, para aligerar los componentes y mejorar la rigidez y la capacidad de respuesta.<\/span><\/p>\n<p class=\"whitespace-pre-wrap\" style=\"text-align: left;\"><span style=\"font-size: 110%;\">En 1983 present\u00f3 el grupo Record de carbono, m\u00e1s ligero y r\u00edgido que el de acero. En los a\u00f1os 90 llegaron los grupos de titanio, mientras que hoy prevalece la fibra de carbono. Campagnolo interpret\u00f3 el concepto de \"made in Italy\" produciendo cada componente internamente en f\u00e1bricas italianas, con un saber hacer artesanal \u00fanico.<\/span><\/p>\n<h2 style=\"text-align: left;\"><span style=\"font-size: 110%;\">Expansi\u00f3n internacional y grupos m\u00e1s avanzados<\/span><\/h2>\n<p class=\"whitespace-pre-wrap\" style=\"text-align: left;\"><span style=\"font-size: 110%;\">A partir de los a\u00f1os 90, Campagnolo inicia un proceso de expansi\u00f3n comercial y productiva en todo el mundo. Se abrieron centros de producci\u00f3n en T\u00fanez, Ruman\u00eda y Asia, adem\u00e1s de en Italia, para satisfacer la creciente demanda mundial.<\/span><\/p>\n<p class=\"whitespace-pre-wrap\" style=\"text-align: left;\"><span style=\"font-size: 110%;\">El compromiso constante con la investigaci\u00f3n y el desarrollo ha llevado al lanzamiento de grupos cada vez m\u00e1s evolucionados, como el famoso Record de los a\u00f1os 2000, hasta las \u00faltimas fronteras tecnol\u00f3gicas del Super Record EPS y Campagnolo 12 Speed, grupos electr\u00f3nicos de 12 velocidades que representan la cima de la innovaci\u00f3n disponible en la actualidad.<\/span><\/p>\n<h2 style=\"text-align: left;\"><span style=\"font-size: 110%;\">Producci\u00f3n de ruedas: una excelencia Campagnolo<\/span><\/h2>\n<p class=\"whitespace-pre-wrap\" style=\"text-align: left;\"><span style=\"font-size: 110%;\">Desde los a\u00f1os 90, Campagnolo ha ampliado su producci\u00f3n a las ruedas de bicicleta de alto rendimiento, convirti\u00e9ndose en una referencia en este sector.<\/span><\/p>\n<p class=\"whitespace-pre-wrap\" style=\"text-align: left;\"><span style=\"font-size: 110%;\">En 1994 lanz\u00f3 la legendaria rueda Bora, que se sigue fabricando hoy en d\u00eda, mientras que la d\u00e9cada de 2000 vio la llegada de otros modelos ic\u00f3nicos como la Shamal, la Eurus y la Bullet, que equipan las bicicletas de los mejores profesionales.<\/span><\/p>\n<p class=\"whitespace-pre-wrap\" style=\"text-align: left;\"><span style=\"font-size: 110%;\">Los secretos del \u00e9xito son el uso de materiales de vanguardia, como la fibra de carbono y de nailon, combinados con innovadoras tecnolog\u00edas patentadas que han revolucionado el mundo de las ruedas para bicicletas de carreras.<\/span><\/p>\n<h2 style=\"text-align: left;\"><span style=\"font-size: 110%;\">Cultura de empresa: pasi\u00f3n y b\u00fasqueda de la excelencia<\/span><\/h2>\n<p class=\"whitespace-pre-wrap\" style=\"text-align: left;\"><span style=\"font-size: 110%;\">Bajo el \u00e9xito de Campagnolo subyacen algunos elementos clave que caracterizan la cultura de esta realidad industrial italiana:<\/span><\/p>\n<ul class=\"list-disc pl-8 space-y-2\" style=\"text-align: left;\">\n<li class=\"whitespace-normal\"><span style=\"font-size: 110%;\">La pasi\u00f3n por el ciclismo como raz\u00f3n de ser, que gu\u00eda cada elecci\u00f3n. Campagnolo fue creada \"por ciclistas para ciclistas\".<\/span><\/li>\n<li class=\"whitespace-normal\"><span style=\"font-size: 110%;\">La b\u00fasqueda continua de la excelencia tecnol\u00f3gica, con fuertes inversiones en I+D. Cada producto debe establecer nuevos est\u00e1ndares de calidad y rendimiento.<\/span><\/li>\n<li class=\"whitespace-normal\"><span style=\"font-size: 110%;\">El esp\u00edritu pionero y la atenci\u00f3n a las necesidades de los ciclistas se traducen en innovaciones \u00fatiles y eficaces.<\/span><\/li>\n<li class=\"whitespace-normal\"><span style=\"font-size: 110%;\">La meticulosa artesan\u00eda y la obsesiva atenci\u00f3n al detalle t\u00edpicas del made in Italy.<\/span><\/li>\n<li class=\"whitespace-normal\"><span style=\"font-size: 110%;\">Un profundo v\u00ednculo con el territorio y la comunidad en la que Campagnolo est\u00e1 arraigada desde hace casi 100 a\u00f1os.<\/span><\/li>\n<\/ul>\n<h2 style=\"text-align: left;\"><span style=\"font-size: 110%;\">El futuro: tecnolog\u00eda y sostenibilidad<\/span><\/h2>\n<p class=\"whitespace-pre-wrap\" style=\"text-align: left;\"><span style=\"font-size: 110%;\">Campagnolo mira hacia el futuro centr\u00e1ndose en la innovaci\u00f3n digital, la electr\u00f3nica y los materiales compuestos de vanguardia. El objetivo es crear los productos m\u00e1s avanzados para los entusiastas del ciclismo.<\/span><\/p>\n<p class=\"whitespace-pre-wrap\" style=\"text-align: left;\"><span style=\"font-size: 110%;\">Pero el futuro tambi\u00e9n pasa por la sostenibilidad: Campagnolo ha puesto en marcha proyectos para que el ciclo de producci\u00f3n sea neutro en carbono y para utilizar materiales reciclados sin comprometer la calidad y las prestaciones. Un desaf\u00edo que combina tecnolog\u00eda de vanguardia y respeto por el medio ambiente.<\/span><\/p>\n<p class=\"whitespace-pre-wrap\" style=\"text-align: left;\"><span style=\"font-size: 110%;\">En casi 100 a\u00f1os de historia, Campagnolo ha escrito p\u00e1ginas legendarias de la historia del ciclismo, manteniendo intacta la pasi\u00f3n de sus or\u00edgenes y el esp\u00edritu innovador de Tullio Campagnolo. Hoy sigue guiando la evoluci\u00f3n del ciclismo hacia los retos del futuro.<\/span><\/p>\n<h3 style=\"text-align: left;\"><span style=\"font-size: 110%;\">Ma\u00f1ana frecuente:<\/span><\/h3>\n<p class=\"whitespace-pre-wrap\" style=\"text-align: left;\"><span style=\"font-size: 110%;\">D: <strong>\u00bfQui\u00e9n fund\u00f3 Campagnolo y cu\u00e1ndo?<\/strong><\/span><\/p>\n<p class=\"whitespace-pre-wrap\" style=\"text-align: left;\"><span style=\"font-size: 110%;\">R: Campagnolo fue fundada en 1933 en Vicenza por el inventor y ciclista Tullio Campagnolo.<\/span><\/p>\n<p class=\"whitespace-pre-wrap\" style=\"text-align: left;\"><span style=\"font-size: 110%;\">D: <strong>\u00bfCu\u00e1l fue la intuici\u00f3n original de Tullio Campagnolo?<\/strong><\/span><\/p>\n<p class=\"whitespace-pre-wrap\" style=\"text-align: left;\"><span style=\"font-size: 110%;\">R: En 1927 Campagnolo ide\u00f3 un sistema para cambiar r\u00e1pidamente de marcha en la bicicleta sin tener que desmontar la rueda trasera, la primera idea del cambio moderno.<\/span><\/p>\n<p class=\"whitespace-pre-wrap\" style=\"text-align: left;\"><span style=\"font-size: 110%;\">D: <strong>\u00bfCu\u00e1les han sido las principales innovaciones de Campagnolo en el ciclismo?<\/strong><\/span><\/p>\n<p class=\"whitespace-pre-wrap\" style=\"text-align: left;\"><span style=\"font-size: 110%;\">R: Campagnolo ha revolucionado el ciclismo con inventos como el desviador de manillar, el cambio trasero, los grupos integrados y, m\u00e1s recientemente, los sistemas electr\u00f3nicos.<\/span><\/p>\n<p class=\"whitespace-pre-wrap\" style=\"text-align: left;\"><span style=\"font-size: 110%;\">D: <strong>\u00bfCu\u00e1ndo empez\u00f3 Campagnolo a fabricar ruedas de bicicleta?<\/strong><\/span><\/p>\n<p class=\"whitespace-pre-wrap\" style=\"text-align: left;\"><span style=\"font-size: 110%;\">R: La producci\u00f3n de ruedas de altas prestaciones comenz\u00f3 en la d\u00e9cada de 1990 con modelos emblem\u00e1ticos como el Bora en 1994.<\/span><\/p>\n<p class=\"whitespace-pre-wrap\" style=\"text-align: left;\"><span style=\"font-size: 110%;\">D: <strong>\u00bfQu\u00e9 materiales utiliza Campagnolo para fabricar sus ruedas?<\/strong><\/span><\/p>\n<p class=\"whitespace-pre-wrap\" style=\"text-align: left;\"><span style=\"font-size: 110%;\">R: Campagnolo utiliza materiales de \u00faltima generaci\u00f3n como la fibra de carbono, la fibra de nylon y resinas especiales. Las ruedas combinan artesan\u00eda y tecnolog\u00eda.<\/span><\/p>\n<p class=\"whitespace-pre-wrap\" style=\"text-align: left;\"><span style=\"font-size: 110%;\">D: <strong>\u00bfCu\u00e1les son los modelos de ruedas Campagnolo m\u00e1s populares?<\/strong><\/span><\/p>\n<p class=\"whitespace-pre-wrap\" style=\"text-align: left;\"><span style=\"font-size: 110%;\">R: Los modelos ic\u00f3nicos son el Bora, el Shamal, el Eurus y el Bullet, equipados por los mejores profesionales.<\/span><\/p>\n<p class=\"whitespace-pre-wrap\" style=\"text-align: left;\"><span style=\"font-size: 110%;\">D: <strong>\u00bfD\u00f3nde se fabrican las ruedas Campagnolo?<\/strong><\/span><\/p>\n<p class=\"whitespace-pre-wrap\" style=\"text-align: left;\"><span style=\"font-size: 110%;\">R: La producci\u00f3n se lleva a cabo en las plantas de Campagnolo en Italia y en otros lugares del mundo, de acuerdo con los est\u00e1ndares de calidad de la casa matriz.<\/span><\/p>\n<p class=\"whitespace-pre-wrap\" style=\"text-align: left;\"><span style=\"font-size: 110%;\">D: <strong>\u00bfCu\u00e1les son los valores y la filosof\u00eda del \u00e9xito de Campagnolo?<\/strong><\/span><\/p>\n<p class=\"whitespace-pre-wrap\" style=\"text-align: left;\"><span style=\"font-size: 110%;\">R: Pasi\u00f3n por el ciclismo, b\u00fasqueda de la excelencia, innovaci\u00f3n, artesan\u00eda y conexi\u00f3n con el territorio.<\/span><\/p>\n<p class=\"whitespace-pre-wrap\" style=\"text-align: left;\"><span style=\"font-size: 110%;\">D: <strong>\u00bfCu\u00e1l es el futuro de Campagnolo?<\/strong><\/span><\/p>\n<p class=\"whitespace-pre-wrap\" style=\"text-align: left;\"><span style=\"font-size: 110%;\">R: Campagnolo se centra en la innovaci\u00f3n, la electr\u00f3nica, los materiales avanzados y la sostenibilidad para crear los productos del futuro.<\/span><\/p>\n\t\t<\/div>\n\t\t\t\t\t<\/div>\n\n\t\n<\/div>\n\t\t<\/div>\n\n\t\t\n<style>\n#section_52092233 {\n  padding-top: 60px;\n  padding-bottom: 60px;\n  min-height: 300px;\n  background-color: rgb(245, 245, 245);\n}\n<\/style>\n\t<\/section>","protected":false},"excerpt":{"rendered":"","protected":false},"author":1,"featured_media":0,"parent":0,"menu_order":0,"comment_status":"closed","ping_status":"closed","template":"","meta":{"footnotes":""},"class_list":["post-12633","page","type-page","status-publish","hentry"],"_links":{"self":[{"href":"https:\/\/bici-bici.it\/es\/wp-json\/wp\/v2\/pages\/12633","targetHints":{"allow":["GET"]}}],"collection":[{"href":"https:\/\/bici-bici.it\/es\/wp-json\/wp\/v2\/pages"}],"about":[{"href":"https:\/\/bici-bici.it\/es\/wp-json\/wp\/v2\/types\/page"}],"author":[{"embeddable":true,"href":"https:\/\/bici-bici.it\/es\/wp-json\/wp\/v2\/users\/1"}],"replies":[{"embeddable":true,"href":"https:\/\/bici-bici.it\/es\/wp-json\/wp\/v2\/comments?post=12633"}],"version-history":[{"count":0,"href":"https:\/\/bici-bici.it\/es\/wp-json\/wp\/v2\/pages\/12633\/revisions"}],"wp:attachment":[{"href":"https:\/\/bici-bici.it\/es\/wp-json\/wp\/v2\/media?parent=12633"}],"curies":[{"name":"wp","href":"https:\/\/api.w.org\/{rel}","templated":true}]}}