{"id":12474,"date":"2023-07-05T20:06:51","date_gmt":"2023-07-05T20:06:51","guid":{"rendered":"https:\/\/bici-bici.it\/?page_id=12474"},"modified":"2023-10-10T07:59:30","modified_gmt":"2023-10-10T07:59:30","slug":"zaino-mtb","status":"publish","type":"page","link":"https:\/\/bici-bici.it\/es\/mochila-btt\/","title":{"rendered":"Mochila MTB"},"content":{"rendered":"<section class=\"section\" id=\"section_445558960\">\n\t\t<div class=\"section-bg fill\" >\n\t\t\t\t\t\t\t\t\t\n\t\t\t\n\n\t\t<\/div>\n\n\t\t\n\n\t\t<div class=\"section-content relative\">\n\t\t\t\n<div class=\"container section-title-container\" ><h1 class=\"section-title section-title-normal\"><b><\/b><span class=\"section-title-main\" >Mochila para aficionados a la BTT<\/span><b><\/b><\/h1><\/div>\n\t<div class=\"img has-hover x md-x lg-x y md-y lg-y\" id=\"image_4809816\">\n\t\t\t\t\t\t\t\t<div class=\"img-inner dark\" >\n\t\t\t<img loading=\"lazy\" decoding=\"async\" width=\"1020\" height=\"680\" src=\"https:\/\/bici-bici.it\/wp-content\/uploads\/2023\/07\/Zaino-per-apassionati-di-MTB.jpg\" class=\"attachment-large size-large\" alt=\"Mochila para aficionados a la BTT\" srcset=\"https:\/\/bici-bici.it\/wp-content\/uploads\/2023\/07\/Zaino-per-apassionati-di-MTB.jpg 1200w, https:\/\/bici-bici.it\/wp-content\/uploads\/2023\/07\/Zaino-per-apassionati-di-MTB-800x533.jpg 800w, https:\/\/bici-bici.it\/wp-content\/uploads\/2023\/07\/Zaino-per-apassionati-di-MTB-64x43.jpg 64w, https:\/\/bici-bici.it\/wp-content\/uploads\/2023\/07\/Zaino-per-apassionati-di-MTB-600x400.jpg 600w, https:\/\/bici-bici.it\/wp-content\/uploads\/2023\/07\/Zaino-per-apassionati-di-MTB-768x512.jpg 768w, https:\/\/bici-bici.it\/wp-content\/uploads\/2023\/07\/Zaino-per-apassionati-di-MTB-18x12.jpg 18w\" sizes=\"auto, (max-width: 1020px) 100vw, 1020px\" \/>\t\t\t\t\t\t\n\t\t\t\t\t<\/div>\n\t\t\t\t\t\t\t\t\n<style>\n#image_4809816 {\n  width: 100%;\n}\n<\/style>\n\t<\/div>\n\t\n<div class=\"row align-center\"  id=\"row-78544926\">\n\n\t<div id=\"col-1136310238\" class=\"col medium-10 small-12 large-10\"  >\n\t\t\t\t<div class=\"col-inner text-center\"  >\n\t\t\t\n\t\t\t\n<h2 class=\"uppercase\" style=\"text-align: left;\"><span style=\"font-size: 115%;\">\u00bfQu\u00e9 mochila de BTT?<\/span><\/h2>\n<p style=\"text-align: left;\"><span style=\"font-size: 115%;\"><strong>Las mochilas para bicicleta de monta\u00f1a (BTT) se han convertido en un art\u00edculo esencial para los aficionados a este deporte de aventura. Aunque pueda parecer una simple bolsa para llevar a la espalda, una mochila dise\u00f1ada espec\u00edficamente para el ciclismo ofrece numerosas ventajas que la convierten en un accesorio indispensable para todo aficionado a la BTT.<\/strong><\/span><\/p>\n<p style=\"text-align: left;\"><span style=\"font-size: 115%;\">Pero, \u00bfpor qu\u00e9 es tan importante tener una mochila dise\u00f1ada especialmente para los entusiastas del MTB? He aqu\u00ed algunas razones convincentes:<\/span><\/p>\n<ol style=\"text-align: left;\">\n<li><span style=\"font-size: 115%;\">Capacidad de carga: mochilas desde <a class=\"wpil_keyword_link\" href=\"https:\/\/bici-bici.it\/es\/product-category\/biciclette\/mtb\/\"   title=\"BTT\" data-wpil-keyword-link=\"linked\">BTT<\/a> ofrecen una capacidad de carga adecuada para transportar todo el equipo que necesitas para tus aventuras en bicicleta. Los compartimentos organizados, los m\u00faltiples bolsillos y las correas de compresi\u00f3n te permiten mantener todo en su sitio, evitando que los objetos se desplacen durante la marcha.<\/span><\/li>\n<li><span style=\"font-size: 115%;\">Sistema de hidrataci\u00f3n integrado: La mayor\u00eda de las mochilas de MTB est\u00e1n equipadas con un sistema de hidrataci\u00f3n integrado o compatible. Esto te permite tener agua a mano durante las salidas largas, evitando la necesidad de parar a menudo para saciar tu sed. Mantenerse hidratado es esencial para mantener el rendimiento y la comodidad durante tus salidas en BTT.<\/span><\/li>\n<li><span style=\"font-size: 115%;\">Soporte para casco: Muchas mochilas de MTB incluyen un soporte espec\u00edfico para el casco. Esto te permite llevar c\u00f3modamente el casco cuando no lo llevas puesto, dejando las manos libres y reduciendo el riesgo de perderlo o da\u00f1arlo.<\/span><\/li>\n<li><span style=\"font-size: 115%;\">Comodidad y estabilidad: Las mochilas MTB est\u00e1n dise\u00f1adas para ofrecer comodidad y estabilidad durante la conducci\u00f3n. Los tirantes acolchados, el cintur\u00f3n lumbar ajustable y los avanzados sistemas de suspensi\u00f3n ayudan a distribuir el peso uniformemente por la espalda, reduciendo la fatiga y las molestias. Las correas de compresi\u00f3n ayudan a mantener la carga estable, evitando que la mochila se mueva o se golpee al afrontar senderos dif\u00edciles.<\/span><\/li>\n<li><span style=\"font-size: 115%;\">Protecci\u00f3n contra la intemperie: las mochilas de MTB suelen ofrecer resistencia al agua o incluir una funda desmontable para la lluvia. Esto te permite proteger el contenido de tu mochila de la lluvia, el barro u otras condiciones meteorol\u00f3gicas adversas. Puedes estar seguro de que tu equipo y tus objetos personales permanecen secos y a salvo durante tus aventuras en BTT.<\/span><\/li>\n<li><span style=\"font-size: 115%;\">Accesibilidad y practicidad: las mochilas de MTB est\u00e1n dise\u00f1adas para ser f\u00e1cilmente accesibles durante la marcha. Puedes alcanzar f\u00e1cilmente los objetos que necesitas sin tener que desmontar o detenerte demasiado tiempo. Esto te permite concentrarte en la conducci\u00f3n y disfrutar plenamente de la experiencia MTB.<\/span><\/li>\n<\/ol>\n<p style=\"text-align: left;\"><span style=\"font-size: 115%;\">En conclusi\u00f3n, una mochila dise\u00f1ada especialmente para los entusiastas de la BTT es una inversi\u00f3n importante para mejorar su experiencia de conducci\u00f3n. Ofrece una capacidad de carga adecuada, comodidad, estabilidad y practicidad. Te permite llevar todo lo que necesitas de forma organizada y segura, facilitando el acceso a elementos esenciales como el agua, el casco y las herramientas. No s\u00f3lo mejora tu comodidad mientras conduces, sino que tambi\u00e9n te ayuda a mantener un rendimiento \u00f3ptimo y a concentrarte en la ruta sin distracciones. As\u00ed que, si eres un \u00e1vido ciclista de MTB, no subestimes la importancia de una mochila dise\u00f1ada especialmente para ti. Elige un modelo que satisfaga tus necesidades y disfruta al m\u00e1ximo de tus aventuras en BTT.<\/span><\/p>\n<div class=\"video video-fit mb\" style=\"padding-top:56.25%;\"><p><iframe loading=\"lazy\" title=\"\u00bfQu\u00e9 mochila para BTT?\" width=\"1020\" height=\"574\" src=\"https:\/\/www.youtube.com\/embed\/LAky39eNS58?feature=oembed\" frameborder=\"0\" allow=\"accelerometer; autoplay; clipboard-write; encrypted-media; gyroscope; picture-in-picture; web-share\" allowfullscreen><\/iframe><\/p>\n<\/div>\n<h2><span style=\"font-size: 115%;\">Cu\u00e1l es la mejor MOCHILA BTT<\/span><\/h2>\n<p style=\"text-align: left;\"><span style=\"font-size: 115%;\">He aqu\u00ed las respuestas a las preguntas m\u00e1s frecuentes (FAQ) sobre las mochilas para bicicleta de monta\u00f1a (BTT):<\/span><\/p>\n<p><span style=\"font-size: 115%;\">\u00bfCu\u00e1les son las caracter\u00edsticas importantes que hay que buscar en una mochila de BTT? <\/span><\/p>\n<p><strong><span style=\"font-size: 115%;\">Algunas caracter\u00edsticas importantes a tener en cuenta son: capacidad de carga suficiente para transportar el equipo necesario, sistemas de suspensi\u00f3n y correas ajustables para una comodidad \u00f3ptima, compartimentos y bolsillos organizados para mantener todo en su sitio, resistencia al agua o cubierta para la lluvia para proteger el contenido en caso de mal tiempo.<\/span><\/strong><\/p>\n<p><span style=\"font-size: 115%;\">\u00bfQu\u00e9 tama\u00f1o de mochila debo elegir para la BTT? <\/span><\/p>\n<p><strong><span style=\"font-size: 115%;\">El tama\u00f1o de la mochila depende de sus necesidades personales. Para excursiones cortas o viajes m\u00e1s ligeros, una mochila con una capacidad de 10-20 litros puede ser suficiente. Si necesitas llevar m\u00e1s equipo o quieres hacer viajes m\u00e1s largos, quiz\u00e1 prefieras una mochila con una capacidad de 20-30 litros o m\u00e1s.<\/span><\/strong><\/p>\n<p><span style=\"font-size: 115%;\">\u00bfQu\u00e9 accesorios o prestaciones adicionales son \u00fatiles en las mochilas de BTT? <\/span><\/p>\n<p><strong><span style=\"font-size: 115%;\">Algunos accesorios o caracter\u00edsticas \u00fatiles pueden ser: sistema de hidrataci\u00f3n integrado o compatible, soporte para casco, bolsillos para sistema de hidrataci\u00f3n o herramientas, paneles traseros ventilados para reducir el sudor en la espalda, correas de compresi\u00f3n para mantener la carga estable.<\/span><\/strong><\/p>\n<p><span style=\"font-size: 115%;\">\u00bfC\u00f3mo puedo asegurarme de que mi mochila sea c\u00f3moda durante las salidas en BTT? <\/span><\/p>\n<p><strong><span style=\"font-size: 115%;\">Aseg\u00farate de elegir una mochila con un sistema de suspensi\u00f3n adecuado, como tirantes acolchados y un cintur\u00f3n lumbar ajustable. Ajusta las correas para distribuir el peso uniformemente y reducir la fricci\u00f3n. Prueba diferentes mochilas para encontrar la que mejor se adapte a tu conformaci\u00f3n f\u00edsica y aseg\u00farate de que est\u00e1 bien ajustada antes de salir.<\/span><\/strong><\/p>\n<p><span style=\"font-size: 115%;\">\u00bfC\u00f3mo puedo mantener limpia mi mochila? <\/span><\/p>\n<p><strong><span style=\"font-size: 115%;\">Para mantener limpia tu mochila MTB, sigue las instrucciones espec\u00edficas del fabricante. En general, puedes limpiar la mochila a mano con agua tibia y un detergente suave. Evita utilizar lej\u00eda o detergentes fuertes que puedan da\u00f1ar los materiales. Aseg\u00farate de secar completamente la mochila antes de guardarla.<\/span><\/strong><\/p>\n<p><span style=\"font-size: 115%;\">\u00bfPuedo utilizar una mochila de senderismo o de competici\u00f3n para BTT?<\/span><\/p>\n<p><strong><span style=\"font-size: 115%;\"> Puedes utilizar una mochila de senderismo o de competici\u00f3n para BTT, pero intenta elegir una dise\u00f1ada espec\u00edficamente para las necesidades del ciclismo. Las mochilas de MTB suelen ofrecer caracter\u00edsticas espec\u00edficas para llevar equipo y accesorios espec\u00edficos de ciclismo, como un soporte para casco o un sistema de hidrataci\u00f3n integrado.<\/span><\/strong><\/p>\n<p style=\"text-align: left;\"><span style=\"font-size: 115%;\">Recuerde que las necesidades personales pueden variar, por lo que es importante tener en cuenta sus requisitos espec\u00edficos a la hora de elegir una mochila de BTT. Leer opiniones, consultar las p\u00e1ginas web de los fabricantes y, si es posible, probar diferentes modelos te ayudar\u00e1 a encontrar la mochila que mejor se adapte a tus necesidades y preferencias.<\/span><\/p>\n\t\t<\/div>\n\t\t\t\t\t<\/div>\n\n\t\n<\/div>\n\t\t<\/div>\n\n\t\t\n<style>\n#section_445558960 {\n  padding-top: 60px;\n  padding-bottom: 60px;\n  min-height: 300px;\n  background-color: rgb(245, 245, 245);\n}\n<\/style>\n\t<\/section>","protected":false},"excerpt":{"rendered":"","protected":false},"author":1,"featured_media":0,"parent":0,"menu_order":22,"comment_status":"closed","ping_status":"closed","template":"","meta":{"footnotes":""},"class_list":["post-12474","page","type-page","status-publish","hentry"],"_links":{"self":[{"href":"https:\/\/bici-bici.it\/es\/wp-json\/wp\/v2\/pages\/12474","targetHints":{"allow":["GET"]}}],"collection":[{"href":"https:\/\/bici-bici.it\/es\/wp-json\/wp\/v2\/pages"}],"about":[{"href":"https:\/\/bici-bici.it\/es\/wp-json\/wp\/v2\/types\/page"}],"author":[{"embeddable":true,"href":"https:\/\/bici-bici.it\/es\/wp-json\/wp\/v2\/users\/1"}],"replies":[{"embeddable":true,"href":"https:\/\/bici-bici.it\/es\/wp-json\/wp\/v2\/comments?post=12474"}],"version-history":[{"count":0,"href":"https:\/\/bici-bici.it\/es\/wp-json\/wp\/v2\/pages\/12474\/revisions"}],"wp:attachment":[{"href":"https:\/\/bici-bici.it\/es\/wp-json\/wp\/v2\/media?parent=12474"}],"curies":[{"name":"wp","href":"https:\/\/api.w.org\/{rel}","templated":true}]}}