{"id":12462,"date":"2023-07-02T12:08:31","date_gmt":"2023-07-02T12:08:31","guid":{"rendered":"https:\/\/bici-bici.it\/?page_id=12462"},"modified":"2023-09-23T10:27:42","modified_gmt":"2023-09-23T10:27:42","slug":"bici-colnago-c68","status":"publish","type":"page","link":"https:\/\/bici-bici.it\/es\/bicicleta-colnago-c68\/","title":{"rendered":"Bicicleta Colnago C68"},"content":{"rendered":"<section class=\"section\" id=\"section_1139407792\">\n\t\t<div class=\"section-bg fill\" >\n\t\t\t\t\t\t\t\t\t\n\t\t\t\n\n\t\t<\/div>\n\n\t\t\n\n\t\t<div class=\"section-content relative\">\n\t\t\t\n<div class=\"row align-center\"  id=\"row-1851052595\">\n\n\t<div id=\"col-1337072415\" class=\"col medium-10 small-12 large-10\"  >\n\t\t\t\t<div class=\"col-inner text-center\"  >\n\t\t\t\n\t\t\t\n<h2><span style=\"font-size: 115%;\">BICICLETA COLNAGO C68<\/span><\/h2>\n<p style=\"text-align: left;\"><span style=\"font-size: 115%;\">Echa un vistazo al BICI Colnago C68: El mejor compa\u00f1ero para 2023<\/span><\/p>\n<p><img loading=\"lazy\" decoding=\"async\" class=\"alignnone size-full wp-image-12467\" src=\"https:\/\/bici-bici.it\/wp-content\/uploads\/2023\/07\/colnago-c68-22.jpg\" alt=\"Colnago c68\" width=\"970\" height=\"647\" srcset=\"https:\/\/bici-bici.it\/wp-content\/uploads\/2023\/07\/colnago-c68-22.jpg 970w, https:\/\/bici-bici.it\/wp-content\/uploads\/2023\/07\/colnago-c68-22-800x534.jpg 800w, https:\/\/bici-bici.it\/wp-content\/uploads\/2023\/07\/colnago-c68-22-64x43.jpg 64w, https:\/\/bici-bici.it\/wp-content\/uploads\/2023\/07\/colnago-c68-22-600x400.jpg 600w, https:\/\/bici-bici.it\/wp-content\/uploads\/2023\/07\/colnago-c68-22-768x512.jpg 768w, https:\/\/bici-bici.it\/wp-content\/uploads\/2023\/07\/colnago-c68-22-18x12.jpg 18w\" sizes=\"auto, (max-width: 970px) 100vw, 970px\" \/><\/p>\n<div><\/div>\n<div>El nuevo buque insignia del ciclismo made in Italy<\/div>\n<div><\/div>\n<div>Queridos amantes de la bicicleta, hoy quiero presentaros una joya local que est\u00e1 haciendo so\u00f1ar a los entusiastas de las dos ruedas: la Colnago C68. Esta bicicleta de carreras es lo \u00faltimo de Colnago y est\u00e1 llamada a convertirse en un nuevo referente en cuanto a rendimiento e innovaci\u00f3n tecnol\u00f3gica.<\/div>\n<div><\/div>\n<div>Empecemos por la edici\u00f3n 2022, que ya ha sorprendido a los entendidos. El coraz\u00f3n de la C68 es el cuadro de fibra de carbono, dise\u00f1ado y construido \u00edntegramente en Italia por los ingenieros de Colnago. Gracias al uso de nuevos materiales compuestos, el cuadro es incre\u00edblemente r\u00edgido y sensible, para una transmisi\u00f3n de potencia a los pedales sin igual. La aerodin\u00e1mica tambi\u00e9n se ha tenido muy en cuenta, con tubos perfilados que permiten a la C68 \"cortar\" el aire de forma eficiente.<\/div>\n<div><\/div>\n<div>Otros detalles de la \u00faltima C68 son la transmisi\u00f3n Shimano Dura-Ace, para un cambio milim\u00e9tricamente perfecto, y el sistema de frenos de disco hidr\u00e1ulicos, que proporciona potencia y modulabilidad al frenar. Por \u00faltimo, las ruedas de carbono Hutchinson, que ayudan a mantener bajo el peso total.<\/div>\n<div><\/div>\n<div>\u00bfY para 2023? Bueno, ser\u00e1 dif\u00edcil mejorar esta obra maestra fabricada en Italia, pero los ingenieros de Colnago nos tienen acostumbrados a un progreso constante. Se rumorean materiales a\u00fan m\u00e1s exclusivos para el cuadro y una geometr\u00eda revisada para aumentar la agilidad en carretera. Ya veremos.<\/div>\n<div><\/div>\n<div>Pasemos ahora al precio. Ya te habr\u00e1s dado cuenta de que para llevarte a casa esta joya italiana necesitar\u00e1s una inversi\u00f3n importante. Al fin y al cabo, estamos hablando de una moto con componentes y materiales de alta gama. Pero hay que comparar el coste con los beneficios en t\u00e9rminos de rendimiento, fiabilidad y placer de conducci\u00f3n. Para los que buscan lo mejor, la C68 merece sin duda el gasto.<\/div>\n<div><\/div>\n<div>En resumen, con su C68 <a href=\"https:\/\/www.colnago.com\/\" target=\"_blank\" rel=\"noopener\">Colnago<\/a> vuelve a impresionar y plantea el reto al <a href=\"https:\/\/bici-bici.it\/es\/empresa-campagnolo\/\" target=\"_blank\" rel=\"noopener\">los peces gordos del motociclismo mundial<\/a>. Un concentrado de estilo, pasi\u00f3n e innovaci\u00f3n que har\u00e1 las delicias de muchos aficionados. \u00a1Estoy impaciente por probarlo!<\/div>\n<div><\/div>\n<div>Hasta la pr\u00f3xima queridos amigos, feliz ciclismo.<\/div>\n\t\t<\/div>\n\t\t\t\t\t<\/div>\n\n\t\n<\/div>\n\t\t<\/div>\n\n\t\t\n<style>\n#section_1139407792 {\n  padding-top: 60px;\n  padding-bottom: 60px;\n  min-height: 300px;\n  background-color: rgb(245, 245, 245);\n}\n<\/style>\n\t<\/section>","protected":false},"excerpt":{"rendered":"","protected":false},"author":1,"featured_media":0,"parent":0,"menu_order":20,"comment_status":"closed","ping_status":"closed","template":"","meta":{"footnotes":""},"class_list":["post-12462","page","type-page","status-publish","hentry"],"_links":{"self":[{"href":"https:\/\/bici-bici.it\/es\/wp-json\/wp\/v2\/pages\/12462","targetHints":{"allow":["GET"]}}],"collection":[{"href":"https:\/\/bici-bici.it\/es\/wp-json\/wp\/v2\/pages"}],"about":[{"href":"https:\/\/bici-bici.it\/es\/wp-json\/wp\/v2\/types\/page"}],"author":[{"embeddable":true,"href":"https:\/\/bici-bici.it\/es\/wp-json\/wp\/v2\/users\/1"}],"replies":[{"embeddable":true,"href":"https:\/\/bici-bici.it\/es\/wp-json\/wp\/v2\/comments?post=12462"}],"version-history":[{"count":0,"href":"https:\/\/bici-bici.it\/es\/wp-json\/wp\/v2\/pages\/12462\/revisions"}],"wp:attachment":[{"href":"https:\/\/bici-bici.it\/es\/wp-json\/wp\/v2\/media?parent=12462"}],"curies":[{"name":"wp","href":"https:\/\/api.w.org\/{rel}","templated":true}]}}