{"id":12035,"date":"2023-06-26T10:33:33","date_gmt":"2023-06-26T10:33:33","guid":{"rendered":"https:\/\/bici-bici.it\/?page_id=12035"},"modified":"2023-10-10T07:59:29","modified_gmt":"2023-10-10T07:59:29","slug":"quanto-costa-una-mtb-in-carbonio","status":"publish","type":"page","link":"https:\/\/bici-bici.it\/es\/mtb-suspension-total\/carbono\/cuanto-cuesta-una-btt-de-carbono\/","title":{"rendered":"\u00bfCu\u00e1nto cuesta una BTT de carbono?"},"content":{"rendered":"<section class=\"section\" id=\"section_73356824\">\n\t\t<div class=\"section-bg fill\" >\n\t\t\t\t\t\t\t\t\t\n\t\t\t\n\n\t\t<\/div>\n\n\t\t\n\n\t\t<div class=\"section-content relative\">\n\t\t\t\n<div class=\"row align-center\"  id=\"row-672822245\">\n\n\t<div id=\"col-3129529\" class=\"col medium-10 small-12 large-10\"  >\n\t\t\t\t<div class=\"col-inner text-center\"  >\n\t\t\t\n\t\t\t\n<h1 style=\"text-align: center;\"><span style=\"font-size: 100%;\">\u00bfCu\u00e1nto cuesta una BTT de carbono?<\/span><\/h1>\n<div style=\"text-align: left;\">\u00a0<\/div>\n<div style=\"text-align: left;\">\n<p class=\"whitespace-pre-wrap\">El coste de una bicicleta de monta\u00f1a fabricada en fibra de carbono puede alcanzar cifras considerables, variando considerablemente en funci\u00f3n de varios factores que analizaremos en este art\u00edculo.<\/p>\n<\/div>\n<p><a href=\"https:\/\/bici-bici.it\/es\/mtb-suspension-total\/carbono\/\" target=\"_blank\" rel=\"noopener\">MTB Full Suspension Carbono<\/a><\/p>\n<div style=\"text-align: left;\">\n<p class=\"whitespace-pre-wrap\">En primer lugar, el coste de la materia prima: el carbono y las resinas utilizadas para fabricar cuadros y componentes tienen un precio elevado, bastante superior al de metales como el aluminio. Adem\u00e1s, los procesos de producci\u00f3n de piezas de carbono, como el laminado en autoclave, requieren tecnolog\u00edas complejas y caras.<\/p>\n<p class=\"whitespace-pre-wrap\">Otro aspecto decisivo es el dise\u00f1o de ingenier\u00eda de los cuadros y componentes de carbono, que, gracias al uso de programas inform\u00e1ticos avanzados y simulaciones computacionales, permite lograr un bajo peso combinado con una excelente rigidez y resistencia. Esta fase tambi\u00e9n tiene un impacto significativo en el coste final.<\/p>\n<p class=\"whitespace-pre-wrap\">En cuanto a los componentes, los productos de las principales empresas, como suspensiones, frenos y transmisiones, fabricados con materiales de alta calidad y tecnolog\u00edas innovadoras, ampl\u00edan la diferencia de precio con respecto a los componentes m\u00e1s baratos.<\/p>\n<p class=\"whitespace-pre-wrap\">No menos importante es el gasto en mano de obra cualificada que requiere el montaje de una bicicleta de carbono, sobre todo si hablamos de marcas de prestigio que fabrican sus productos en pa\u00edses con costes laborales m\u00e1s elevados.<\/p>\n<p class=\"whitespace-pre-wrap\">Por \u00faltimo, la exclusividad de marca desempe\u00f1a un papel fundamental, ya que las grandes marcas pueden permitirse cobrar un sobreprecio considerable que muchos aficionados est\u00e1n dispuestos a pagar para asegurarse un determinado producto considerado exclusivo y ventajoso.<\/p>\n<p class=\"whitespace-pre-wrap\">En resumen, fabricar una bicicleta de monta\u00f1a de altas prestaciones \u00edntegramente en fibra de carbono supone una importante inversi\u00f3n econ\u00f3mica que, sin embargo, para muchos ciclistas se traduce en un aumento tangible y apreciable de las prestaciones y del placer de conducir. Corresponde entonces a cada uno decidir el valor que atribuye a estos factores y establecer el gasto m\u00e1ximo sostenible.<\/p>\n<\/div>\n<div style=\"text-align: left;\">\n<\/div>\n<div style=\"text-align: left;\">\n<h2 style=\"text-align: center;\"><span style=\"font-size: 100%;\">Las piezas m\u00e1s caras de una bicicleta MTB de carbono.<\/span><\/h2>\n<div>\u00a0<\/div>\n<div>\u00a0<\/div>\n<div>- Cuadro: es el componente principal y m\u00e1s caro, fabricado \u00edntegramente en fibra de carbono mediante complejos procesos de producci\u00f3n para lograr resistencia y ligereza.<\/div>\n<div>\u00a0<\/div>\n<div>- Horquilla de suspensi\u00f3n: las horquillas de suspensi\u00f3n de gama alta con caracter\u00edsticas avanzadas y fabricadas con materiales de alta calidad, como el carbono o el magnesio, tienen un coste elevado.<\/div>\n<div>\u00a0<\/div>\n<div>- Ruedas: ruedas de carbono de perfil aerodin\u00e1mico con llantas anchas y ligeras, radios de fibra de carbono y bujes de precisi\u00f3n para una mayor rigidez y capacidad de respuesta.<\/div>\n<div>\u00a0<\/div>\n<div>- Transmisi\u00f3n: componentes de la transmisi\u00f3n fabricados en carbono y titanio ligero, como platos, bielas y platos. Garantizan una mayor ligereza.<\/div>\n<div>\u00a0<\/div>\n<div>- Desviadores: desviadores trasero y delantero construidos con materiales ligeros y tecnolog\u00eda avanzada para cambios de marcha r\u00e1pidos y precisos.<\/div>\n<div>\u00a0<\/div>\n<div>- Frenos de disco: frenos de disco hidr\u00e1ulicos con discos sobredimensionados de carbono o cer\u00e1mica, pinzas de freno ligeras y potentes y latiguillos de metal trenzado.<\/div>\n<div>\u00a0<\/div>\n<div>- Tija de sill\u00edn: Tija de sill\u00edn con mecanismo telesc\u00f3pico integrado para ajustar la altura sobre la marcha, a menudo de carbono o titanio.<\/div>\n<div>\u00a0<\/div>\n<div>- Componentes accesorios: piezas como la potencia, el manillar o el sill\u00edn de carbono ahorran m\u00e1s valiosos gramos en la b\u00e1scula.<\/div>\n<div>\u00a0<\/div>\n<div><span style=\"font-size: 100%;\">Es importante se\u00f1alar que, aunque estos componentes tienden a ser m\u00e1s caros, el precio global de un <a class=\"wpil_keyword_link\" href=\"https:\/\/bici-bici.it\/es\/product-category\/biciclette\/mtb\/\"   title=\"BTT\" data-wpil-keyword-link=\"linked\">BTT<\/a> El carbono tambi\u00e9n puede verse influido por factores como la reputaci\u00f3n de la marca, las innovaciones de ingenier\u00eda y los avances tecnol\u00f3gicos incorporados al dise\u00f1o de la bicicleta.<\/span><\/div>\n<\/div>\n<div style=\"text-align: left;\">\u00a0<\/div>\n<h3 style=\"text-align: center;\"><span style=\"font-size: 100%;\">Preguntas frecuentes sobre el precio de las BTT de carbono<\/span><\/h3>\n<div style=\"text-align: left;\">\u00a0<\/div>\n<p style=\"text-align: left;\"><span style=\"font-size: 100%;\">P: \u00bfCu\u00e1nto suele costar una BTT de carbono?<\/span><\/p>\n<p style=\"text-align: left;\"><span style=\"font-size: 100%;\">R: El precio de una BTT de carbono puede variar en funci\u00f3n de factores como la marca, el modelo, los componentes y la calidad general. Por t\u00e9rmino medio, puedes encontrar MTB de carbono de entre 2.000 \u20ac y 10.000 \u20ac.<span style=\"color: #555555;\">\u00a0<\/span>o m\u00e1s.<\/span><\/p>\n<div style=\"text-align: left;\">\u00a0<\/div>\n<div style=\"text-align: left;\"><span style=\"font-size: 100%;\">P: \u00bfExisten opciones asequibles para las BTT de carbono?<\/span><\/div>\n<div style=\"text-align: left;\"><span style=\"font-size: 100%;\">R: S\u00ed, hay MTB de carbono para principiantes disponibles a precios m\u00e1s bajos, a partir de $ 2.000 a $ 3.000 aproximadamente. Estos modelos pueden tener componentes b\u00e1sicos, pero siguen ofreciendo la experiencia de un cuadro de carbono.<\/span><\/div>\n<div style=\"text-align: left;\">\u00a0<\/div>\n<div style=\"text-align: left;\"><span style=\"font-size: 100%;\">P: \u00bfQu\u00e9 factores contribuyen a la diferencia de precio de las BTT de carbono?<\/span><\/div>\n<div style=\"text-align: left;\"><span style=\"font-size: 100%;\">R: Los principales factores que influyen en el precio de una BTT de carbono son la marca, el material del cuadro (fibra de carbono), los componentes (transmisi\u00f3n, suspensi\u00f3n, frenos) y caracter\u00edsticas adicionales como ruedas telesc\u00f3picas y tijas de sill\u00edn.<\/span><\/div>\n<div style=\"text-align: left;\">\u00a0<\/div>\n<div style=\"text-align: left;\"><span style=\"font-size: 100%;\">P: \u00bfPuedo encontrar BTT de carbono de gama media dentro de un rango de precios espec\u00edfico?<\/span><\/div>\n<div style=\"text-align: left;\"><span style=\"font-size: 100%;\">R: S\u00ed, en la categor\u00eda de gama media, las BTT de carbono suelen situarse entre los 3.000 y los 6.000 \u00a4. Estas bicicletas ofrecen componentes mejorados, un mayor rendimiento y, a menudo, un equilibrio entre asequibilidad y calidad.<\/span><\/div>\n<div style=\"text-align: left;\">\u00a0<\/div>\n<div style=\"text-align: left;\"><span style=\"font-size: 100%;\">P: \u00bfPor qu\u00e9 son m\u00e1s caras las BTT de carbono de gama alta?<\/span><\/div>\n<div style=\"text-align: left;\"><span style=\"font-size: 100%;\">R: Las BTT de carbono de gama alta est\u00e1n equipadas con componentes de alta gama, sistemas de suspensi\u00f3n avanzados, cuadros de carbono ligeros, ruedas de primera calidad y otras caracter\u00edsticas de alto rendimiento. Estos factores contribuyen a que su precio sea m\u00e1s elevado a partir de $ 6.000.<\/span><\/div>\n<div style=\"text-align: left;\">\u00a0<\/div>\n<div style=\"text-align: left;\"><span style=\"font-size: 100%;\">P: \u00bfHay costes adicionales a tener en cuenta al comprar una BTT de carbono?<\/span><\/div>\n<div style=\"text-align: left;\"><span style=\"font-size: 100%;\">R: S\u00ed, es importante tener en cuenta los posibles costes adicionales, como los accesorios (casco, pedales, equipo de protecci\u00f3n), el mantenimiento y las revisiones, y cualquier personalizaci\u00f3n o mejora que quieras hacer en la bicicleta.<\/span><\/div>\n<div style=\"text-align: left;\">\u00a0<\/div>\n<div style=\"text-align: left;\"><span style=\"font-size: 100%;\">P: \u00bfD\u00f3nde puedo encontrar las mejores ofertas en BTT de carbono?<\/span><\/div>\n<div style=\"text-align: left;\"><span style=\"font-size: 100%;\">R: Le recomendamos que compruebe los precios y promociones actuales en las tiendas de bicicletas locales, los minoristas en l\u00ednea y los sitios web de los fabricantes. Comparar precios e investigar entre distintos vendedores puede ayudarte a encontrar las mejores ofertas de MTB de carbono.<\/span><\/div>\n<div style=\"text-align: left;\">\u00a0<\/div>\n<div style=\"text-align: left;\"><span style=\"font-size: 100%;\">P: \u00bfPuede variar el precio de una BTT de carbono en funci\u00f3n de la ubicaci\u00f3n?<\/span><\/div>\n<div style=\"text-align: left;\"><span style=\"font-size: 100%;\">R: S\u00ed, el precio de las BTT de carbono puede variar en funci\u00f3n de la ubicaci\u00f3n geogr\u00e1fica y de las condiciones del mercado local. Factores como los impuestos, los derechos de importaci\u00f3n y los costes de transporte pueden afectar al precio final de la bicicleta en distintas regiones.<\/span><\/div>\n<div style=\"text-align: left;\">\u00a0<\/div>\n<div style=\"text-align: left;\"><span style=\"font-size: 100%;\">P: \u00bfMerece la pena invertir en una BTT de carbono?<\/span><\/div>\n<div style=\"text-align: left;\"><span style=\"font-size: 100%;\">R: Invertir en una BTT de carbono puede merecer la pena si usted es un ciclista serio o un aficionado que aprecia la construcci\u00f3n ligera, un rendimiento mejorado y una conducci\u00f3n con capacidad de respuesta. Sin embargo, es esencial tener en cuenta su presupuesto, estilo de conducci\u00f3n y uso previsto para determinar si una MTB de carbono es la opci\u00f3n adecuada para usted.<\/span><\/div>\n<div style=\"text-align: left;\">\u00a0<\/div>\n<div style=\"text-align: left;\">\u00a0<\/div>\n<div style=\"text-align: left;\">\n<h3 class=\"style-scope ytd-watch-metadata\" style=\"text-align: center;\"><span style=\"font-size: 100%;\">\u00bfHacer un cuadro de bicicleta de fibra de carbono para eso cuesta mucho?<\/p>\n<p><\/span><\/h3>\n<p>\u00a0<\/p>\n<\/div>\n<div class=\"video video-fit mb\" style=\"padding-top:56.25%;\"><p><iframe loading=\"lazy\" title=\"Fabricar un cuadro de bicicleta de fibra de carbono: del dise\u00f1o CAD a la carrera de descenso\" width=\"1020\" height=\"574\" src=\"https:\/\/www.youtube.com\/embed\/UWSePEV88tw?feature=oembed\" frameborder=\"0\" allow=\"accelerometer; autoplay; clipboard-write; encrypted-media; gyroscope; picture-in-picture; web-share\" allowfullscreen><\/iframe><\/p>\n<\/div>\n\t\t<\/div>\n\t\t\t\t\t<\/div>\n\n\t\n<\/div>\n\t\t<\/div>\n\n\t\t\n<style>\n#section_73356824 {\n  padding-top: 60px;\n  padding-bottom: 60px;\n  min-height: 300px;\n  background-color: rgb(245, 245, 245);\n}\n<\/style>\n\t<\/section>","protected":false},"excerpt":{"rendered":"","protected":false},"author":1,"featured_media":0,"parent":12554,"menu_order":1,"comment_status":"closed","ping_status":"closed","template":"","meta":{"footnotes":""},"class_list":["post-12035","page","type-page","status-publish","hentry"],"_links":{"self":[{"href":"https:\/\/bici-bici.it\/es\/wp-json\/wp\/v2\/pages\/12035","targetHints":{"allow":["GET"]}}],"collection":[{"href":"https:\/\/bici-bici.it\/es\/wp-json\/wp\/v2\/pages"}],"about":[{"href":"https:\/\/bici-bici.it\/es\/wp-json\/wp\/v2\/types\/page"}],"author":[{"embeddable":true,"href":"https:\/\/bici-bici.it\/es\/wp-json\/wp\/v2\/users\/1"}],"replies":[{"embeddable":true,"href":"https:\/\/bici-bici.it\/es\/wp-json\/wp\/v2\/comments?post=12035"}],"version-history":[{"count":0,"href":"https:\/\/bici-bici.it\/es\/wp-json\/wp\/v2\/pages\/12035\/revisions"}],"up":[{"embeddable":true,"href":"https:\/\/bici-bici.it\/es\/wp-json\/wp\/v2\/pages\/12554"}],"wp:attachment":[{"href":"https:\/\/bici-bici.it\/es\/wp-json\/wp\/v2\/media?parent=12035"}],"curies":[{"name":"wp","href":"https:\/\/api.w.org\/{rel}","templated":true}]}}