{"id":11744,"date":"2022-08-28T08:45:40","date_gmt":"2022-08-28T08:45:40","guid":{"rendered":"https:\/\/bici-bici.it\/?page_id=11744"},"modified":"2023-06-30T06:03:36","modified_gmt":"2023-06-30T06:03:36","slug":"come-verniciare-telaio-bici","status":"publish","type":"page","link":"https:\/\/bici-bici.it\/es\/como-pintar-un-cuadro-de-bicicleta-2\/","title":{"rendered":"C\u00f3mo pintar el cuadro de una bicicleta"},"content":{"rendered":"<h1 style=\"text-align: center;\"><span style=\"font-size: 115%;\">Las reglas C\u00f3mo pintar un cuadro de bicicleta<\/span><\/h1>\n<div><img loading=\"lazy\" decoding=\"async\" class=\"size-full wp-image-12309 aligncenter\" src=\"https:\/\/bici-bici.it\/wp-content\/uploads\/2023\/06\/Come-Verniciare-Telaio-Bici.jpg\" alt=\"C\u00f3mo pintar el cuadro de una bicicleta\" width=\"700\" height=\"418\" srcset=\"https:\/\/bici-bici.it\/wp-content\/uploads\/2023\/06\/Come-Verniciare-Telaio-Bici.jpg 700w, https:\/\/bici-bici.it\/wp-content\/uploads\/2023\/06\/Come-Verniciare-Telaio-Bici-64x38.jpg 64w, https:\/\/bici-bici.it\/wp-content\/uploads\/2023\/06\/Come-Verniciare-Telaio-Bici-670x400.jpg 670w, https:\/\/bici-bici.it\/wp-content\/uploads\/2023\/06\/Come-Verniciare-Telaio-Bici-18x12.jpg 18w\" sizes=\"auto, (max-width: 700px) 100vw, 700px\" \/><\/div>\n<div><\/div>\n<div><span style=\"font-size: 115%;\">Una de las preguntas m\u00e1s frecuentes es: \u00bfc\u00f3mo pintar el cuadro de una bicicleta? Aqu\u00ed tienes la gu\u00eda completa para ayudarte a terminar el trabajo de pintura y que tu bicicleta vuelva a parecer nueva.<\/span><\/div>\n<div><\/div>\n<h2><span style=\"font-size: 115%;\">Desmontaje del cuadro de la bicicleta:<\/span><\/h2>\n<div><\/div>\n<div><span style=\"font-size: 115%;\">Por muy tentado que est\u00e9s de empezar a pintar el cuadro de tu bicicleta de monta\u00f1a sin desmontarla, no lo hagas nunca. Arruinar\u00e1s por completo el aspecto de tu bicicleta y te arrepentir\u00e1s m\u00e1s tarde. Lo primero que debes hacer al pintar el cuadro es desmontar la bicicleta hasta que tengas el cuadro de la bicicleta.<\/span><\/div>\n<div><\/div>\n<div><span style=\"font-size: 115%;\">Hay que desmontar todo lo que est\u00e9 conectado al cuadro. Esto incluye el asiento, la cadena de la rueda, el desviador y todo lo dem\u00e1s. Para eliminarlos, necesitar\u00e1:<\/span><\/div>\n<div><\/div>\n<div><span style=\"font-size: 115%;\">Herramienta de cadena<\/span><\/div>\n<div><span style=\"font-size: 115%;\">Allen Welnch (4mm, 5mm y 6mm)<\/span><\/div>\n<div><span style=\"font-size: 115%;\">Llave de vaso<\/span><\/div>\n<div><span style=\"font-size: 115%;\">Llave inglesa<\/span><\/div>\n<div><\/div>\n<div><span style=\"font-size: 115%;\">Para pintar, necesitar\u00e1s una capa transparente. Yo sol\u00eda hacerlo:<\/span><\/div>\n<div><\/div>\n<div><span style=\"font-size: 115%;\">Azul Krylon Dual<\/span><\/div>\n<div><span style=\"font-size: 115%;\">Esmalte transparente Krylon<\/span><\/div>\n<div><\/div>\n<div><span style=\"font-size: 115%;\">Con estas herramientas, lo conseguir\u00e1s. Lo bueno de las motos es que todas las piezas que tienes que desmontar son f\u00e1ciles de encontrar. \u00bfTienes un agujero que pueda servir para una llave Allen? \u00a1Pues usa una llave Allen! Tendr\u00e1s que comprobar los frenos de disco y la potencia del manillar y los portabidones. Utiliza la llave de vaso para deshacerte de los brazos y la llave de media luna para desmontar la horquilla delantera y la llave de cadena para reparar la cadena de la bicicleta.<\/span><\/div>\n<div><\/div>\n<div><span style=\"font-size: 115%;\">Si est\u00e1 empezando a aprender sobre esto, aseg\u00farese de tener cuidado con todas las piezas que retire, ya que tendr\u00e1 que devolverlas m\u00e1s adelante. Aseg\u00farese de conservar todas las piezas. Es f\u00e1cil que se te caigan piezas peque\u00f1as por el camino.<\/span><\/div>\n<div><\/div>\n<h2><span style=\"font-size: 115%;\">Limpiar el cuadro de la BTT:<\/span><\/h2>\n<div><\/div>\n<div><span style=\"font-size: 115%;\">Antes de empezar a pintar el cuadro de la bicicleta, debe limpiarlo a fondo para eliminar cualquier resto de grasa o suciedad. Esta limpieza puede ser tan sencilla como utilizar un pa\u00f1o h\u00famedo sobre el cuadro. Pero en algunos casos, tambi\u00e9n puede necesitar agentes espec\u00edficos para eliminar la grasa. El estado en el que guardes tu bicicleta ser\u00e1 el principal factor determinante en este caso.<\/span><\/div>\n<div><\/div>\n<div><span style=\"font-size: 115%;\">Lea tambi\u00e9n: \u00bfc\u00f3mo construir un cuadro de bicicleta?<\/span><\/div>\n<h3><span style=\"font-size: 115%;\">Usa papel de lija:<\/span><\/h3>\n<div><span style=\"font-size: 115%;\">Tendr\u00e1s que sacudir la pintura vieja para que quepa la nueva. Frota el cuadro con papel de lija y tendr\u00e1s el trabajo hecho. No frotes demasiado fuerte para quitar toda la pintura; unos minutos de lavado bastar\u00e1n.<\/span><\/div>\n<div><\/div>\n<div><span style=\"font-size: 115%;\">El grano que eleg\u00ed fue 150, pero podr\u00eda haber sido incluso m\u00e1s fino. La idea es dar a la pintura una superficie lisa a la que aferrarse, pero no eliminar toda la pintura anterior.<\/span><\/div>\n<div><\/div>\n<div><span style=\"font-size: 115%;\">Cubre todo lo que no quieras pintar:<\/span><\/div>\n<div><\/div>\n<div><span style=\"font-size: 115%;\">Puede que haya logotipos o pegatinas de la moto que no quieras estropear con la pintura nueva, puedes cubrirlos con cualquier cosa para que la pintura no los toque. Cinta adhesiva o bolsas de la compra pueden ser los accesorios adecuados para ocultar todos estos componentes de la bicicleta.<\/span><\/div>\n<h3><span style=\"font-size: 115%;\">Pintura:<\/span><\/h3>\n<div><span style=\"font-size: 115%;\">Ahora es el momento de pintar. Puedes colgar todo el marco con algo para conseguir una toma clara. Si no tienes un buen sitio para colgar el marco, puedes colocarlo en el suelo (no olvides cubrirlo con papel o una l\u00e1mina de pl\u00e1stico).<\/span><\/div>\n<div><\/div>\n<div><span style=\"font-size: 115%;\">Aplique al menos 3 capas de pintura. Una vez que haya terminado con cada capa, espere 5 minutos y deje que la primera capa se seque.<\/span><\/div>\n<div><\/div>\n<div><span style=\"font-size: 115%;\">Lea tambi\u00e9n: \u00bfC\u00f3mo soldar el cuadro de una bicicleta?<\/span><\/div>\n<p><span style=\"font-size: 115%;\"><div class=\"video video-fit mb\" style=\"padding-top:56.25%;\"><p><iframe loading=\"lazy\" title=\"pintar con spray una bicicleta en casa con bricolaje de calidad suprema\" width=\"1020\" height=\"574\" src=\"https:\/\/www.youtube.com\/embed\/rsD3E0b6mko?feature=oembed\" frameborder=\"0\" allow=\"accelerometer; autoplay; clipboard-write; encrypted-media; gyroscope; picture-in-picture\" allowfullscreen><\/iframe><\/p>\n<\/div><\/span><\/p>\n<h3><\/h3>\n<h3><span style=\"font-size: 115%;\">Bote de spray frente a pistola de pintura<\/span><\/h3>\n<div><span style=\"font-size: 115%;\">Pintar es sencillo, sin embargo, un consejo importante es dedicar tiempo a evaluar el m\u00e9todo m\u00e1s eficaz para llevar a cabo esta tarea. Los botes de spray son el m\u00e9todo menos costoso para que los cuadros parezcan nuevos, pero no es oro todo lo que reluce. . De hecho, la uniformidad de la pulverizaci\u00f3n producida y la calidad del revestimiento son factores que pueden afectar negativamente al resultado final de la pintura y aumentar considerablemente la posibilidad de cometer errores. Adem\u00e1s, \u00a1su coste tampoco es tan barato! Una inversi\u00f3n un poco m\u00e1s cara le proporcionar\u00e1 un peque\u00f1o compresor de aire y una pistola de aire comprimido. Esta opci\u00f3n le permitir\u00e1 ajustar la cantidad de aire que sale de la pistola y se dispersa por toda la capa.<\/span><\/div>\n<div><\/div>\n<h2><span style=\"font-size: 115%;\">Consejos para pintar<\/span><\/h2>\n<div><span style=\"font-size: 115%;\">Sea cual sea el modo que prefieras, una vez seleccionada la herramienta de pintura, empieza a recorrer la superficie hasta que toda ella quede cubierta por una ligera capa de pintura. \u00bfA\u00fan no ves ese primer tono? No te preocupes, la mejor t\u00e9cnica es aplicar varias capas finas en lugar de una capa gruesa. T\u00f3mate 20 minutos entre cada aplicaci\u00f3n, s\u00f3lo conseguir\u00e1s calidad si te ci\u00f1es al tiempo de secado. No hay una cantidad fija de capas finas, se trata de continuar hasta que el marco anterior est\u00e9 completamente recubierto. Tenga paciencia y le recompensaremos. Lo m\u00e1s importante a la hora de pintar es mover la fuente de pulverizaci\u00f3n al m\u00e1ximo sin acercarse lo suficiente al marco para evitar goteos.<\/span><\/div>\n<div><\/div>\n<div><span style=\"font-size: 115%;\">Una vez que el cuadro est\u00e9 totalmente recubierto y seco, termine el trabajo con un barniz transparente \u00bfCu\u00e1l es el mejor m\u00e9todo para proteger la bicicleta de la corrosi\u00f3n y mantenerla brillante? Repita el proceso, dejando tiempo entre cada aplicaci\u00f3n y repita el proceso tres veces.<\/span><\/div>\n<div><\/div>\n<div><span style=\"font-size: 115%;\">Ahora tu moto reposar\u00e1 durante 24 horas y se secar\u00e1 perfectamente.<\/span><\/div>\n<div><\/div>\n<h2><span style=\"font-size: 115%;\">Volver a montar la moto<\/span><\/h2>\n<div>\n<p><span style=\"font-size: 115%;\">Comience por retirar las cintas de pintor que ha colocado anteriormente y, si ha completado el procedimiento de registro, no deber\u00eda poder ver ning\u00fan ata\u00fad. Todos los componentes que retiraste antes de colocarla en la parte trasera. La horquilla delantera y el sill\u00edn, el manillar, los frenos, los desviadores izquierdo y derecho, as\u00ed como el eje de pedalier y las ruedas.<\/span><\/p>\n<div><\/div>\n<div><span style=\"font-size: 115%;\">Date una vuelta en tu nueva y elegante bicicleta.<\/span><\/div>\n<div><\/div>\n<h2><span style=\"font-size: 115%;\">El cuadro de la bicicleta est\u00e1 listo:<\/span><\/h2>\n<div><span style=\"font-size: 115%;\">Deje que se seque por completo antes de volver a colocar las dem\u00e1s piezas en su sitio. Esto no le llevar\u00e1 mucho tiempo. Su vieja bicicleta con la nueva pintura est\u00e1 listo para Rick.<\/span><\/div>\n<\/div>","protected":false},"excerpt":{"rendered":"<p>Le Regole Come Verniciare Telaio Bici Una delle domande pi\u00f9 frequenti \u00e8: come dipingere un telaio per biciclette? Ecco la guida completa per aiutarti a finire il lavoro di verniciatura e far sembrare di nuovo la tua bici. Smontaggio Telaio Bici: Non importa quanto tu sia tentato di iniziare a dipingere la cornice della mountain [&#8230;]\n","protected":false},"author":1,"featured_media":12309,"parent":0,"menu_order":25,"comment_status":"closed","ping_status":"closed","template":"","meta":{"footnotes":""},"class_list":["post-11744","page","type-page","status-publish","has-post-thumbnail","hentry"],"_links":{"self":[{"href":"https:\/\/bici-bici.it\/es\/wp-json\/wp\/v2\/pages\/11744","targetHints":{"allow":["GET"]}}],"collection":[{"href":"https:\/\/bici-bici.it\/es\/wp-json\/wp\/v2\/pages"}],"about":[{"href":"https:\/\/bici-bici.it\/es\/wp-json\/wp\/v2\/types\/page"}],"author":[{"embeddable":true,"href":"https:\/\/bici-bici.it\/es\/wp-json\/wp\/v2\/users\/1"}],"replies":[{"embeddable":true,"href":"https:\/\/bici-bici.it\/es\/wp-json\/wp\/v2\/comments?post=11744"}],"version-history":[{"count":0,"href":"https:\/\/bici-bici.it\/es\/wp-json\/wp\/v2\/pages\/11744\/revisions"}],"wp:featuredmedia":[{"embeddable":true,"href":"https:\/\/bici-bici.it\/es\/wp-json\/wp\/v2\/media\/12309"}],"wp:attachment":[{"href":"https:\/\/bici-bici.it\/es\/wp-json\/wp\/v2\/media?parent=11744"}],"curies":[{"name":"wp","href":"https:\/\/api.w.org\/{rel}","templated":true}]}}