{"id":11245,"date":"2021-12-24T22:22:05","date_gmt":"2021-12-24T22:22:05","guid":{"rendered":"https:\/\/bici-bici.it\/?page_id=11245"},"modified":"2023-06-30T05:40:29","modified_gmt":"2023-06-30T05:40:29","slug":"cassette-pacco-pignoni","status":"publish","type":"page","link":"https:\/\/bici-bici.it\/es\/cassettes-de-pinones\/","title":{"rendered":"Cassettes y pi\u00f1ones para bicicleta"},"content":{"rendered":"<p><span style=\"font-size: 115%;\"><div class=\"container section-title-container\" ><h2 class=\"section-title section-title-normal\"><b><\/b><span class=\"section-title-main\" >Cassettes y pi\u00f1ones de bicicleta<\/span><b><\/b><\/h2><\/div><\/span><\/p>\n<p><span style=\"font-size: 115%;\">Con m\u00e1s de 50 opciones disponibles para elegir en bici-bici.com, navegar a trav\u00e9s de los diferentes paquetes de pi\u00f1ones y cassettes de bicicleta puede parecer un proceso desalentador. Sin embargo, con unos conocimientos b\u00e1sicos, podr\u00e1s realizar una compra informada (y acertada).<\/span><\/p>\n<p><span style=\"font-size: 115%;\">\t\n  \n    <div class=\"row large-columns-4 medium-columns-3 small-columns-2 row-small slider row-slider slider-nav-reveal slider-nav-push\"  data-flickity-options='{&quot;imagesLoaded&quot;: true, &quot;groupCells&quot;: &quot;100%&quot;, &quot;dragThreshold&quot; : 5, &quot;cellAlign&quot;: &quot;left&quot;,&quot;wrapAround&quot;: true,&quot;prevNextButtons&quot;: true,&quot;percentPosition&quot;: true,&quot;pageDots&quot;: false, &quot;rightToLeft&quot;: false, &quot;autoPlay&quot; : false}' >\n\n  \n\t     <div class=\"product-small col has-hover product type-product post-12380 status-publish first instock product_cat-da-corsa product_cat-ammortizzatore product_cat-bici-bambini product_cat-biciclette product_cat-elettriche product_cat-biciclette-gravel product_cat-mtb product_cat-cassette-e-pacco-pignoni product_cat-city-bike product_cat-cyclocross-frame-carbon product_cat-deragliatore product_cat-fat-bike product_cat-forcelle-mtb product_cat-gravel-frameset-carbon product_cat-guarniture-e-pedivelle product_cat-men-pants product_cat-mtb-frame-carbon product_cat-pants product_cat-ricambi-bici product_cat-road-frameset-carbon product_cat-ruote-complete-e-raggi product_cat-ski-snowboard product_cat-selle product_cat-tacchette product_cat-telai product_cat-triathlon-frameset-carbon has-post-thumbnail sale taxable shipping-taxable purchasable product-type-simple\">\n\t<div class=\"col-inner\">\n\t\n<div class=\"badge-container absolute left top z-1\">\n<div class=\"callout badge badge-circle\"><div class=\"badge-inner secondary on-sale\"><span class=\"onsale\" data-no-translation=\"\" data-trp-gettext=\"\">\u00a1Oferta!<\/span><\/div><\/div>\n<\/div>\n\t<div class=\"product-small box\">\n\t\t<div class=\"box-image\">\n\t\t\t<div class=\"image-fade_in_back\">\n\t\t\t\t<a href=\"https:\/\/bici-bici.it\/es\/product\/niner-rlt-e9-rdo-4-star-28-11-fach-2021-2022-herren-gravel-e-fahrrad-carbon-59\/\" aria-label=\"Niner RLT E9 RDO 4-STAR 28&quot; 11 Fach 2021\/2022 Herren Gravel E-Fahrrad\/Carbon 59\">\n\t\t\t\t\t<img loading=\"lazy\" decoding=\"async\" width=\"500\" height=\"500\" src=\"https:\/\/bici-bici.it\/wp-content\/uploads\/2023\/06\/Niner-RLT-E9-RDO-4-STAR-28.jpg\" class=\"attachment-woocommerce_thumbnail size-woocommerce_thumbnail\" alt=\"Niner RLT E9 RDO 4-STAR 28\" srcset=\"https:\/\/bici-bici.it\/wp-content\/uploads\/2023\/06\/Niner-RLT-E9-RDO-4-STAR-28.jpg 500w, https:\/\/bici-bici.it\/wp-content\/uploads\/2023\/06\/Niner-RLT-E9-RDO-4-STAR-28-100x100.jpg 100w, https:\/\/bici-bici.it\/wp-content\/uploads\/2023\/06\/Niner-RLT-E9-RDO-4-STAR-28-64x64.jpg 64w, https:\/\/bici-bici.it\/wp-content\/uploads\/2023\/06\/Niner-RLT-E9-RDO-4-STAR-28-400x400.jpg 400w, https:\/\/bici-bici.it\/wp-content\/uploads\/2023\/06\/Niner-RLT-E9-RDO-4-STAR-28-280x280.jpg 280w, https:\/\/bici-bici.it\/wp-content\/uploads\/2023\/06\/Niner-RLT-E9-RDO-4-STAR-28-12x12.jpg 12w\" sizes=\"auto, (max-width: 500px) 100vw, 500px\" \/>\t\t\t\t<\/a>\n\t\t\t<\/div>\n\t\t\t<div class=\"image-tools is-small top right show-on-hover\">\n\t\t\t\t\t\t\t<\/div>\n\t\t\t<div class=\"image-tools is-small hide-for-small bottom left show-on-hover\">\n\t\t\t\t\t\t\t<\/div>\n\t\t\t<div class=\"image-tools grid-tools text-center hide-for-small bottom hover-slide-in show-on-hover\">\n\t\t\t\t  <a class=\"quick-view\" data-prod=\"12380\" href=\"#quick-view\">Vista R\u00e1pida<\/a>\t\t\t<\/div>\n\t\t\t\t\t<\/div>\n\n\t\t<div class=\"box-text box-text-products\">\n\t\t\t<div class=\"title-wrapper\">\t\t<p class=\"category uppercase is-smaller no-text-overflow product-cat op-7\">\n\t\t\tBicicletas de carreras\t\t<\/p>\n\t<p class=\"name product-title woocommerce-loop-product__title\"><a href=\"https:\/\/bici-bici.it\/es\/product\/niner-rlt-e9-rdo-4-star-28-11-fach-2021-2022-herren-gravel-e-fahrrad-carbon-59\/\" class=\"woocommerce-LoopProduct-link woocommerce-loop-product__link\">Niner RLT E9 RDO 4-STAR 28\u2033 11 Fach 2021\/2022 Herren Gravel E-Fahrrad\/Carbon 59<\/a><\/p><\/div><div class=\"price-wrapper\">\n\t<span class=\"price\"><del aria-hidden=\"true\"><span class=\"woocommerce-Price-amount amount\"><bdi>5.800,00&nbsp;<span class=\"woocommerce-Price-currencySymbol\">\u20ac<\/span><\/bdi><\/span><\/del> <span class=\"screen-reader-text\" data-no-translation=\"\" data-trp-gettext=\"\">El precio original era: 5.800,00&nbsp;&euro;.<\/span><ins aria-hidden=\"true\"><span class=\"woocommerce-Price-amount amount\"><bdi>4.785,00&nbsp;<span class=\"woocommerce-Price-currencySymbol\">\u20ac<\/span><\/bdi><\/span><\/ins><span class=\"screen-reader-text\" data-no-translation=\"\" data-trp-gettext=\"\">El precio actual es: 4.785,00&nbsp;&euro;.<\/span><\/span>\n<\/div>\t\t<\/div>\n\t<\/div>\n\t\t<\/div>\n<\/div><\/div><\/span><\/p>\n<h2><span style=\"font-size: 115%;\">Diferencia entre casetes y pi\u00f1ones<\/span><\/h2>\n<p><span style=\"font-size: 115%;\">Es importante conocer las diferencias entre los pi\u00f1ones y los casetes de bicicleta. A <a href=\"https:\/\/bici-bici.it\/es\/product-category\/ricambi-bici\/cassette-e-pacco-pignoni\/\">caja de engranajes de pi\u00f1\u00f3n<\/a> (tambi\u00e9n llamado pi\u00f1\u00f3n) es una rueda met\u00e1lica mecanizada, con dientes conectados a una cadena, que ayuda a propulsar la bicicleta hacia delante. Un casete (tambi\u00e9n conocido como juego de pi\u00f1ones) es esencialmente un conjunto de pi\u00f1ones agrupados que funcionan juntos para proporcionar una gama de opciones de cambio que te permiten pedalear con facilidad en tu bicicleta sin necesidad de pisar los pedales o desincronizarte completamente con las condiciones.<\/span><\/p>\n<p><span style=\"font-size: 115%;\">\t<div class=\"img has-hover x md-x lg-x y md-y lg-y\" id=\"image_350424013\">\n\t\t\t\t\t\t\t\t<div class=\"img-inner dark\" >\n\t\t\t<img loading=\"lazy\" decoding=\"async\" width=\"660\" height=\"660\" src=\"https:\/\/bici-bici.it\/wp-content\/uploads\/2021\/12\/Shimano-105-CS-5700-10-Speed-Cassette.jpg\" class=\"attachment-large size-large\" alt=\"Casete Shimano 105 CS 5700 de 10 velocidades\" srcset=\"https:\/\/bici-bici.it\/wp-content\/uploads\/2021\/12\/Shimano-105-CS-5700-10-Speed-Cassette.jpg 660w, https:\/\/bici-bici.it\/wp-content\/uploads\/2021\/12\/Shimano-105-CS-5700-10-Speed-Cassette-100x100.jpg 100w, https:\/\/bici-bici.it\/wp-content\/uploads\/2021\/12\/Shimano-105-CS-5700-10-Speed-Cassette-64x64.jpg 64w, https:\/\/bici-bici.it\/wp-content\/uploads\/2021\/12\/Shimano-105-CS-5700-10-Speed-Cassette-800x800.jpg 800w, https:\/\/bici-bici.it\/wp-content\/uploads\/2021\/12\/Shimano-105-CS-5700-10-Speed-Cassette-280x280.jpg 280w\" sizes=\"auto, (max-width: 660px) 100vw, 660px\" \/>\t\t\t\t\t\t\n\t\t\t\t\t<\/div>\n\t\t\t\t\t\t\t\t\n<style>\n#image_350424013 {\n  width: 100%;\n}\n<\/style>\n\t<\/div>\n\t<\/span><\/p>\n<p><span style=\"font-size: 115%;\">Suelen tener una serie de ranuras para permitir una conexi\u00f3n segura entre el buje y el casete, que es el componente de la bicicleta que convierte la potencia de los pedales en empuje hacia delante de la rueda trasera. Normalmente, el casete se fija al buje mediante un anillo de bloqueo alargado. Cualquiera que busque un pi\u00f1\u00f3n probablemente intentar\u00e1 construir <a href=\"https:\/\/bici-bici.it\/es\/2022\/08\/02\/sella-per-bicicletta\/\">una bicicleta<\/a> de una sola velocidad, pero la mayor\u00eda de los ciclistas buscan cassettes por su capacidad para varias velocidades. <\/span><\/p>\n<p><span style=\"font-size: 115%;\">Tenga en cuenta que los grupos de pi\u00f1ones m\u00e1s peque\u00f1os (con dientes m\u00e1s peque\u00f1os) dificultan el pedaleo, pero tambi\u00e9n producen velocidades m\u00e1s altas, mientras que los grupos de pi\u00f1ones m\u00e1s grandes (con m\u00e1s dientes) se pueden montar con m\u00e1s facilidad, lo que los hace adecuados para subir a velocidades m\u00e1s bajas. Los casetes suelen estar representados por el n\u00famero superior e inferior de dientes dentro del grupo. Los ejemplos m\u00e1s comunes para bicicletas de carretera incluyen 11-25, 11, 28 y 11-30 disponibles con <strong>Shimano<\/strong> Ultegr. Shimano Ultegr, una serie. Las bicicletas de monta\u00f1a son 10-50 El casete <strong>SRAM<\/strong> Eagle es el m\u00e1s popular. Hay algunos cassettes que se pueden utilizar en todas las bicicletas y sus transmisiones. Las distinciones incluyen bicicletas de monta\u00f1a (piense en Shimano XT Shimano XTR, SRAM Eagle) frente a bicicletas de carretera (SRAM Red, SRAM Rival y Shimano Dura Ace y Shimano 105) y el n\u00famero de velocidades (o paquete de pi\u00f1ones) en el presente, que suele ser 11,11 para bicicletas de carretera y 12 para bicicletas de monta\u00f1a.<\/span><\/p>\n<p><span style=\"font-size: 115%;\">  <style>\n    #cats-1624610749 .grid-col-1{height: 600px}\n    #cats-1624610749 .grid-col-1-2{height: 300px}\n    #cats-1624610749 .grid-col-1-3{height:200px}\n    #cats-1624610749 .grid-col-2-3{height: 400px}\n    #cats-1624610749 .grid-col-1-4{height: 150px}\n    #cats-1624610749 .grid-col-3-4{height: 450px}\n\n\n        \/* Tablet *\/\n    @media (max-width: 850px){\n      #cats-1624610749 .grid-col-1{height: 400px}\n      #cats-1624610749 .grid-col-1-2{height: 200px}\n      #cats-1624610749 .grid-col-1-3{height:133.33333333333px}\n      #cats-1624610749 .grid-col-2-3{height: 266.66666666667px}\n      #cats-1624610749 .grid-col-1-4{height: 100px}\n      #cats-1624610749 .grid-col-3-4{height: 300px}\n    }\n    \n        \/* Mobile *\/\n    @media (max-width: 550px){\n      #cats-1624610749 .grid-col-1{height: 400px}\n      #cats-1624610749 .grid-col-1-2{height: 200px}\n      #cats-1624610749 .grid-col-1-3{height:133.33333333333px}\n      #cats-1624610749 .grid-col-2-3{height: 266.66666666667px}\n      #cats-1624610749 .grid-col-1-4{height: 100px}\n      #cats-1624610749 .grid-col-3-4{height: 300px}\n    }\n    \n\n  <\/style>\n  \n  \n    <div id=\"cats-1624610749\" class=\"row row-small row-grid\" data-packery-options='{\"itemSelector\": \".col\", \"gutter\": 0, \"presentageWidth\" : true}'>\n\n  <div class=\"product-category col grid-col grid-col-1 large-6 medium-12\" data-animate=\"fadeInLeft\">\n            <div class=\"col-inner\">\n              <a aria-label=\"Visitar la categor\u00eda de producto Abbigliamento\" href=\"https:\/\/bici-bici.it\/es\/product-category\/ropa\/\" data-no-translation-aria-label=\"\">                <div class=\"box box-category has-hover box-overlay dark box-text-middle\">\n                <div class=\"box-image\" >\n                  <div class=\"\" >\n                  <img loading=\"lazy\" decoding=\"async\" src=\"https:\/\/bici-bici.it\/wp-content\/uploads\/2022\/08\/clothes-600x600-1.jpg\" alt=\"Ropa\" width=\"300\" height=\"300\" \/>                  <div class=\"overlay\" style=\"background-color: rgba(38, 38, 38, 0.16)\"><\/div>                                    <\/div>\n                <\/div>\n                <div class=\"box-text text-center is-large\" >\n                  <div class=\"box-text-inner\">\n                      <h5 class=\"uppercase header-title\">\n                              Ropa                      <\/h5>\n                                            <p class=\"is-xsmall uppercase count show-on-hover hover-reveal reveal-small\">\n\t                      1 Producto                      <\/p>\n                                            \n                  <\/div>\n                <\/div>\n                <\/div>\n            <\/a>            <\/div>\n            <\/div><div class=\"product-category col grid-col grid-col-1-2 large-6 medium-6\" data-animate=\"fadeInLeft\">\n            <div class=\"col-inner\">\n              <a aria-label=\"Visitar la categor\u00eda de producto Accessori\" href=\"https:\/\/bici-bici.it\/es\/product-category\/accesorios-para-bicicletas\/\" data-no-translation-aria-label=\"\">                <div class=\"box box-category has-hover box-overlay dark box-text-middle\">\n                <div class=\"box-image\" >\n                  <div class=\"\" >\n                  <img loading=\"lazy\" decoding=\"async\" src=\"https:\/\/bici-bici.it\/wp-content\/uploads\/2022\/08\/accessories-600x600-1-400x400.png\" alt=\"Accesorios\" width=\"300\" height=\"300\" \/>                  <div class=\"overlay\" style=\"background-color: rgba(38, 38, 38, 0.16)\"><\/div>                                    <\/div>\n                <\/div>\n                <div class=\"box-text text-center is-large\" >\n                  <div class=\"box-text-inner\">\n                      <h5 class=\"uppercase header-title\">\n                              Accesorios                      <\/h5>\n                                            <p class=\"is-xsmall uppercase count show-on-hover hover-reveal reveal-small\">\n\t                      1 Producto                      <\/p>\n                                            \n                  <\/div>\n                <\/div>\n                <\/div>\n            <\/a>            <\/div>\n            <\/div><div class=\"product-category col grid-col grid-col-1-2 large-3 medium-6\" data-animate=\"fadeInLeft\">\n            <div class=\"col-inner\">\n              <a aria-label=\"Visitar la categor\u00eda de producto Biciclette\" href=\"https:\/\/bici-bici.it\/es\/product-category\/bicicletas\/\" data-no-translation-aria-label=\"\">                <div class=\"box box-category has-hover box-overlay dark box-text-middle\">\n                <div class=\"box-image\" >\n                  <div class=\"\" >\n                  <img loading=\"lazy\" decoding=\"async\" src=\"https:\/\/bici-bici.it\/wp-content\/uploads\/2022\/08\/bicicle.jpg\" alt=\"Bicicletas\" width=\"300\" height=\"300\" \/>                  <div class=\"overlay\" style=\"background-color: rgba(38, 38, 38, 0.16)\"><\/div>                                    <\/div>\n                <\/div>\n                <div class=\"box-text text-center is-large\" >\n                  <div class=\"box-text-inner\">\n                      <h5 class=\"uppercase header-title\">\n                              Bicicletas                      <\/h5>\n                                            <p class=\"is-xsmall uppercase count show-on-hover hover-reveal reveal-small\">\n\t                      57 Productos                      <\/p>\n                                            \n                  <\/div>\n                <\/div>\n                <\/div>\n            <\/a>            <\/div>\n            <\/div><div class=\"product-category col grid-col grid-col-1-2 large-3 medium-6\" data-animate=\"fadeInLeft\">\n            <div class=\"col-inner\">\n              <a aria-label=\"Visitar la categor\u00eda de producto Cyclocross Frame \/ Carbon\" href=\"https:\/\/bici-bici.it\/es\/product-category\/cuadro-ciclocross-carbono-2\/\" data-no-translation-aria-label=\"\">                <div class=\"box box-category has-hover box-overlay dark box-text-middle\">\n                <div class=\"box-image\" >\n                  <div class=\"\" >\n                  <img loading=\"lazy\" decoding=\"async\" src=\"https:\/\/bici-bici.it\/wp-content\/uploads\/woocommerce-placeholder-800x960.png\" alt=\"Cuadro ciclocross \/ Carbono\" width=\"300\" height=\"300\" \/>                  <div class=\"overlay\" style=\"background-color: rgba(38, 38, 38, 0.16)\"><\/div>                                    <\/div>\n                <\/div>\n                <div class=\"box-text text-center is-large\" >\n                  <div class=\"box-text-inner\">\n                      <h5 class=\"uppercase header-title\">\n                              Cuadro ciclocross \/ Carbono                      <\/h5>\n                                            <p class=\"is-xsmall uppercase count show-on-hover hover-reveal reveal-small\">\n\t                      1 Producto                      <\/p>\n                                            \n                  <\/div>\n                <\/div>\n                <\/div>\n            <\/a>            <\/div>\n            <\/div><\/div><\/span><\/p>","protected":false},"excerpt":{"rendered":"<p>Con pi\u00f9 di 50 opzioni disponibili tra cui scegliere su bici-bici.com e navigare tra i diversi Pacco Pignoni e cassette della bici pu\u00f2 sembrare un processo scoraggiante. Tuttavia, con alcune conoscenze di base, sarai in grado di effettuare un acquisto informato (e accurato). Differenza tra Cassette e Pacco Pignoni \u00c8 importante essere consapevoli delle differenze [&#8230;]\n","protected":false},"author":1,"featured_media":12296,"parent":0,"menu_order":26,"comment_status":"closed","ping_status":"closed","template":"","meta":{"footnotes":""},"class_list":["post-11245","page","type-page","status-publish","has-post-thumbnail","hentry"],"_links":{"self":[{"href":"https:\/\/bici-bici.it\/es\/wp-json\/wp\/v2\/pages\/11245","targetHints":{"allow":["GET"]}}],"collection":[{"href":"https:\/\/bici-bici.it\/es\/wp-json\/wp\/v2\/pages"}],"about":[{"href":"https:\/\/bici-bici.it\/es\/wp-json\/wp\/v2\/types\/page"}],"author":[{"embeddable":true,"href":"https:\/\/bici-bici.it\/es\/wp-json\/wp\/v2\/users\/1"}],"replies":[{"embeddable":true,"href":"https:\/\/bici-bici.it\/es\/wp-json\/wp\/v2\/comments?post=11245"}],"version-history":[{"count":0,"href":"https:\/\/bici-bici.it\/es\/wp-json\/wp\/v2\/pages\/11245\/revisions"}],"wp:featuredmedia":[{"embeddable":true,"href":"https:\/\/bici-bici.it\/es\/wp-json\/wp\/v2\/media\/12296"}],"wp:attachment":[{"href":"https:\/\/bici-bici.it\/es\/wp-json\/wp\/v2\/media?parent=11245"}],"curies":[{"name":"wp","href":"https:\/\/api.w.org\/{rel}","templated":true}]}}