{"id":8471,"date":"2021-03-20T12:13:57","date_gmt":"2021-03-20T12:13:57","guid":{"rendered":"http:\/\/bici-bici.it\/?page_id=8471"},"modified":"2023-06-30T05:26:59","modified_gmt":"2023-06-30T05:26:59","slug":"ammortizzatore-posteriore-per-mountain-bike","status":"publish","type":"page","link":"https:\/\/bici-bici.it\/en\/mountain-bike-rear-shock-absorber\/","title":{"rendered":"Rear shock absorber for mountain bike"},"content":{"rendered":"<p><span style=\"font-size: 115%;\">\t\n  \n    <div class=\"row large-columns-3 medium-columns- small-columns-2 row-small\" >\n  \n\t     <div class=\"product-small col has-hover product type-product post-12402 status-publish first instock product_cat-ammortizzatore product_cat-forcelle-mtb has-post-thumbnail taxable shipping-taxable purchasable product-type-simple\">\n\t<div class=\"col-inner\">\n\t\n<div class=\"badge-container absolute left top z-1\">\n\n<\/div>\n\t<div class=\"product-small box\">\n\t\t<div class=\"box-image\">\n\t\t\t<div class=\"image-fade_in_back\">\n\t\t\t\t<a href=\"https:\/\/bici-bici.it\/en\/product\/rockshox-csu-pike-dual-position-1-1-8-1-5-federgabel-krone-27-5\/\" aria-label=\"RockShox CSU Pike Dual Position 1 1\/8-1.5&quot; Federgabel Krone 27.5&quot;\">\n\t\t\t\t\t<img loading=\"lazy\" decoding=\"async\" width=\"400\" height=\"400\" src=\"https:\/\/bici-bici.it\/wp-content\/uploads\/2023\/06\/1-130.jpg\" class=\"attachment-woocommerce_thumbnail size-woocommerce_thumbnail\" alt=\"RockShox CSU Pike Dual Position 1 1\/8-1.5&quot; Federgabel Krone 27.5&quot;\" srcset=\"https:\/\/bici-bici.it\/wp-content\/uploads\/2023\/06\/1-130.jpg 400w, https:\/\/bici-bici.it\/wp-content\/uploads\/2023\/06\/1-130-100x100.jpg 100w, https:\/\/bici-bici.it\/wp-content\/uploads\/2023\/06\/1-130-64x64.jpg 64w, https:\/\/bici-bici.it\/wp-content\/uploads\/2023\/06\/1-130-280x280.jpg 280w, https:\/\/bici-bici.it\/wp-content\/uploads\/2023\/06\/1-130-12x12.jpg 12w\" sizes=\"auto, (max-width: 400px) 100vw, 400px\" \/>\t\t\t\t<\/a>\n\t\t\t<\/div>\n\t\t\t<div class=\"image-tools is-small top right show-on-hover\">\n\t\t\t\t\t\t\t<\/div>\n\t\t\t<div class=\"image-tools is-small hide-for-small bottom left show-on-hover\">\n\t\t\t\t\t\t\t<\/div>\n\t\t\t<div class=\"image-tools grid-tools text-center hide-for-small bottom hover-slide-in show-on-hover\">\n\t\t\t\t  <a class=\"quick-view\" data-prod=\"12402\" href=\"#quick-view\">Quick View<\/a>\t\t\t<\/div>\n\t\t\t\t\t<\/div>\n\n\t\t<div class=\"box-text box-text-products\">\n\t\t\t<div class=\"title-wrapper\">\t\t<p class=\"category uppercase is-smaller no-text-overflow product-cat op-7\">\n\t\t\tShock Absorber Bike MTB\t\t<\/p>\n\t<p class=\"name product-title woocommerce-loop-product__title\"><a href=\"https:\/\/bici-bici.it\/en\/product\/rockshox-csu-pike-dual-position-1-1-8-1-5-federgabel-krone-27-5\/\" class=\"woocommerce-LoopProduct-link woocommerce-loop-product__link\">RockShox CSU Pike Dual Position 1 1\/8-1.5\u2033 Federgabel Krone 27.5\u2033<\/a><\/p><\/div><div class=\"price-wrapper\">\n\t<span class=\"price\"><span class=\"woocommerce-Price-amount amount\"><bdi>233,44&nbsp;<span class=\"woocommerce-Price-currencySymbol\">\u20ac<\/span><\/bdi><\/span><\/span>\n<\/div>\t\t<\/div>\n\t<\/div>\n\t\t<\/div>\n<\/div><div class=\"product-small col has-hover product type-product post-12380 status-publish instock product_cat-da-corsa product_cat-ammortizzatore product_cat-bici-bambini product_cat-biciclette product_cat-elettriche product_cat-biciclette-gravel product_cat-mtb product_cat-cassette-e-pacco-pignoni product_cat-city-bike product_cat-cyclocross-frame-carbon product_cat-deragliatore product_cat-fat-bike product_cat-forcelle-mtb product_cat-gravel-frameset-carbon product_cat-guarniture-e-pedivelle product_cat-men-pants product_cat-mtb-frame-carbon product_cat-pants product_cat-ricambi-bici product_cat-road-frameset-carbon product_cat-ruote-complete-e-raggi product_cat-ski-snowboard product_cat-selle product_cat-tacchette product_cat-telai product_cat-triathlon-frameset-carbon has-post-thumbnail sale taxable shipping-taxable purchasable product-type-simple\">\n\t<div class=\"col-inner\">\n\t\n<div class=\"badge-container absolute left top z-1\">\n<div class=\"callout badge badge-circle\"><div class=\"badge-inner secondary on-sale\"><span class=\"onsale\" data-no-translation=\"\" data-trp-gettext=\"\">Sale!<\/span><\/div><\/div>\n<\/div>\n\t<div class=\"product-small box\">\n\t\t<div class=\"box-image\">\n\t\t\t<div class=\"image-fade_in_back\">\n\t\t\t\t<a href=\"https:\/\/bici-bici.it\/en\/product\/niner-rlt-e9-rdo-4-star-28-11-fach-2021-2022-herren-gravel-e-fahrrad-carbon-59\/\" aria-label=\"Niner RLT E9 RDO 4-STAR 28&quot; 11 Fach 2021\/2022 Herren Gravel E-Fahrrad\/Carbon 59\">\n\t\t\t\t\t<img loading=\"lazy\" decoding=\"async\" width=\"500\" height=\"500\" src=\"https:\/\/bici-bici.it\/wp-content\/uploads\/2023\/06\/Niner-RLT-E9-RDO-4-STAR-28.jpg\" class=\"attachment-woocommerce_thumbnail size-woocommerce_thumbnail\" alt=\"Niner RLT E9 RDO 4-STAR 28&quot;\" srcset=\"https:\/\/bici-bici.it\/wp-content\/uploads\/2023\/06\/Niner-RLT-E9-RDO-4-STAR-28.jpg 500w, https:\/\/bici-bici.it\/wp-content\/uploads\/2023\/06\/Niner-RLT-E9-RDO-4-STAR-28-100x100.jpg 100w, https:\/\/bici-bici.it\/wp-content\/uploads\/2023\/06\/Niner-RLT-E9-RDO-4-STAR-28-64x64.jpg 64w, https:\/\/bici-bici.it\/wp-content\/uploads\/2023\/06\/Niner-RLT-E9-RDO-4-STAR-28-400x400.jpg 400w, https:\/\/bici-bici.it\/wp-content\/uploads\/2023\/06\/Niner-RLT-E9-RDO-4-STAR-28-280x280.jpg 280w, https:\/\/bici-bici.it\/wp-content\/uploads\/2023\/06\/Niner-RLT-E9-RDO-4-STAR-28-12x12.jpg 12w\" sizes=\"auto, (max-width: 500px) 100vw, 500px\" \/>\t\t\t\t<\/a>\n\t\t\t<\/div>\n\t\t\t<div class=\"image-tools is-small top right show-on-hover\">\n\t\t\t\t\t\t\t<\/div>\n\t\t\t<div class=\"image-tools is-small hide-for-small bottom left show-on-hover\">\n\t\t\t\t\t\t\t<\/div>\n\t\t\t<div class=\"image-tools grid-tools text-center hide-for-small bottom hover-slide-in show-on-hover\">\n\t\t\t\t  <a class=\"quick-view\" data-prod=\"12380\" href=\"#quick-view\">Quick View<\/a>\t\t\t<\/div>\n\t\t\t\t\t<\/div>\n\n\t\t<div class=\"box-text box-text-products\">\n\t\t\t<div class=\"title-wrapper\">\t\t<p class=\"category uppercase is-smaller no-text-overflow product-cat op-7\">\n\t\t\tRacing bicycles\t\t<\/p>\n\t<p class=\"name product-title woocommerce-loop-product__title\"><a href=\"https:\/\/bici-bici.it\/en\/product\/niner-rlt-e9-rdo-4-star-28-11-fach-2021-2022-herren-gravel-e-fahrrad-carbon-59\/\" class=\"woocommerce-LoopProduct-link woocommerce-loop-product__link\">Niner RLT E9 RDO 4-STAR 28\u2033 11 Fach 2021\/2022 Herren Gravel E-Fahrrad\/Carbon 59<\/a><\/p><\/div><div class=\"price-wrapper\">\n\t<span class=\"price\"><del aria-hidden=\"true\"><span class=\"woocommerce-Price-amount amount\"><bdi>5.800,00&nbsp;<span class=\"woocommerce-Price-currencySymbol\">\u20ac<\/span><\/bdi><\/span><\/del> <span class=\"screen-reader-text\" data-no-translation=\"\" data-trp-gettext=\"\">Original price was: 5.800,00&nbsp;&euro;.<\/span><ins aria-hidden=\"true\"><span class=\"woocommerce-Price-amount amount\"><bdi>4.785,00&nbsp;<span class=\"woocommerce-Price-currencySymbol\">\u20ac<\/span><\/bdi><\/span><\/ins><span class=\"screen-reader-text\" data-no-translation=\"\" data-trp-gettext=\"\">Current price is: 4.785,00&nbsp;&euro;.<\/span><\/span>\n<\/div>\t\t<\/div>\n\t<\/div>\n\t\t<\/div>\n<\/div><\/div><\/span><\/p>\n<h2 style=\"text-align: center;\"><span style=\"font-size: 115%;\">Mountain bike rear shock absorber (Outlet prices)<\/span><\/h2>\n<div><\/div>\n<div style=\"text-align: center;\"><span style=\"font-size: 115%;\"><strong>Are you looking to buy a mountain bike rear shock absorber? You can buy quality bike shock absorbers from us at discount prices.<\/strong><\/span><\/div>\n<h3><span style=\"font-size: 115%;\">What is a rear shock absorber?<\/span><\/h3>\n<div><span style=\"font-size: 115%;\">The composition of the rear shock absorber is unique, consisting of telescopic tubes that slide into each other. The spring acts as the shock absorber, and the whole mechanism becomes part of the bicycle with the help of the eye on each side. In each eye, a small pad passes through the active suspension to provide the desired shock absorption.<\/span><\/div>\n<h3><span style=\"font-size: 115%;\">How does the rear shock absorber work?<\/span><\/h3>\n<div><span style=\"font-size: 115%;\">Rear shock absorbers create a mechanism through which the spring movement dampens and the shock absorber is absorbed. The compression and rebound of the spring spreads out over time, resulting in reduced sudden impact.<\/span><\/div>\n<h3><span style=\"font-size: 115%;\">How to find the right rear shock absorber?<\/span><\/h3>\n<div><span style=\"font-size: 115%;\">Whether you want to upgrade your existing rear shock or install one on your bicycle, you should look for two things: size and type of spring.<\/span><\/div>\n<div><\/div>\n<div><span style=\"font-size: 115%;\">The eye-to-eye length of the bicycle shock absorber is what I meant by size. You can measure the size of the existing bicycle shock absorbers and order the same size shock absorbers again.<\/span><\/div>\n<div><\/div>\n<div><span style=\"font-size: 115%;\">There are two types of springs: air sprung and coil spin. You can choose the one you think will make things comfortable for you.<\/span><\/div>\n<h3><span style=\"font-size: 115%;\">Do you need anything else besides rear shocks?<\/span><\/h3>\n<div><span style=\"font-size: 115%;\">Yes, if you are upgrading your bicycle and buying new shocks, you will also need to get the bolts. These bolts are essential for attaching the rear shocks to the frame. Although the mechanic can guide you on the perfect size if you want to repair your bicycle yourself, you will need to see <a href=\"https:\/\/kroki.ro\" target=\"_blank\" rel=\"noopener\">mechanical puzzle<\/a> Whether 5 mm or 7 mm bolts work.<\/span><\/div>\n<h3><span style=\"font-size: 115%;\">Do the rear shocks fit only after fixing them?<\/span><\/h3>\n<div><span style=\"font-size: 115%;\">You can consider the rear shocks fully functional, but to adjust them to your style and body weight, you will need a few turns. With the sag settings adjusted, the coil-up and unwind are adjusted to help you with a smooth ride.<\/span><\/div>\n<h3><span style=\"font-size: 115%;\">Is there any updated bicycle shock absorber?<\/span><\/h3>\n<div><span style=\"font-size: 115%;\">If you are in love with your bicycle and want all the latest technologies to fit it, then platform-damped shocks are here. These shocks remain silent if the pressure stays below a threshold. It means that the pedaling force will not activate them, making it easier to continue paddling smoothly. However, they will work well when you hit rough terrain.<\/span><\/div>\n<h3><span style=\"font-size: 115%;\">Why should you buy from Bici Bici?<\/span><\/h3>\n<div><span style=\"font-size: 115%;\">You can expect high quality products from us at the best possible price as we try to offer wholesale prices to our customers.<\/span><\/div>","protected":false},"excerpt":{"rendered":"<p>Ammortizzatore posteriore per mountain bike (prezzi Outlet) Stai cercando di acquistare un ammortizzatore posteriore per mountain bike? Puoi acquistare ammortizzatori per bici di qualit\u00e0 da noi a prezzi scontati. Cos&#8217;\u00e8 un ammortizzatore posteriore? La composizione dell&#8217;ammortizzatore posteriore \u00e8 unica, costituita da tubi telescopici che scorrono l&#8217;uno nell&#8217;altro. La molla funge da ammortizzatore, e l&#8217;intero meccanismo [&#8230;]\n","protected":false},"author":2,"featured_media":12291,"parent":0,"menu_order":7,"comment_status":"closed","ping_status":"closed","template":"","meta":{"footnotes":""},"class_list":["post-8471","page","type-page","status-publish","has-post-thumbnail","hentry"],"_links":{"self":[{"href":"https:\/\/bici-bici.it\/en\/wp-json\/wp\/v2\/pages\/8471","targetHints":{"allow":["GET"]}}],"collection":[{"href":"https:\/\/bici-bici.it\/en\/wp-json\/wp\/v2\/pages"}],"about":[{"href":"https:\/\/bici-bici.it\/en\/wp-json\/wp\/v2\/types\/page"}],"author":[{"embeddable":true,"href":"https:\/\/bici-bici.it\/en\/wp-json\/wp\/v2\/users\/2"}],"replies":[{"embeddable":true,"href":"https:\/\/bici-bici.it\/en\/wp-json\/wp\/v2\/comments?post=8471"}],"version-history":[{"count":0,"href":"https:\/\/bici-bici.it\/en\/wp-json\/wp\/v2\/pages\/8471\/revisions"}],"wp:featuredmedia":[{"embeddable":true,"href":"https:\/\/bici-bici.it\/en\/wp-json\/wp\/v2\/media\/12291"}],"wp:attachment":[{"href":"https:\/\/bici-bici.it\/en\/wp-json\/wp\/v2\/media?parent=8471"}],"curies":[{"name":"wp","href":"https:\/\/api.w.org\/{rel}","templated":true}]}}