{"id":8440,"date":"2021-02-26T06:21:36","date_gmt":"2021-02-26T06:21:36","guid":{"rendered":"http:\/\/bici-bici.it\/?page_id=8440"},"modified":"2023-10-10T07:58:57","modified_gmt":"2023-10-10T07:58:57","slug":"telai-per-mountain-bike","status":"publish","type":"page","link":"https:\/\/bici-bici.it\/en\/mountain-bike-frames\/","title":{"rendered":"Mountain bike frame"},"content":{"rendered":"<div class=\"row large-columns-3 medium-columns- small-columns-2 row-small\" >\n  \n\t     <div class=\"product-small col has-hover product type-product post-12380 status-publish first instock product_cat-da-corsa product_cat-ammortizzatore product_cat-bici-bambini product_cat-biciclette product_cat-elettriche product_cat-biciclette-gravel product_cat-mtb product_cat-cassette-e-pacco-pignoni product_cat-city-bike product_cat-cyclocross-frame-carbon product_cat-deragliatore product_cat-fat-bike product_cat-forcelle-mtb product_cat-gravel-frameset-carbon product_cat-guarniture-e-pedivelle product_cat-men-pants product_cat-mtb-frame-carbon product_cat-pants product_cat-ricambi-bici product_cat-road-frameset-carbon product_cat-ruote-complete-e-raggi product_cat-ski-snowboard product_cat-selle product_cat-tacchette product_cat-telai product_cat-triathlon-frameset-carbon has-post-thumbnail sale taxable shipping-taxable purchasable product-type-simple\">\n\t<div class=\"col-inner\">\n\t\n<div class=\"badge-container absolute left top z-1\">\n<div class=\"callout badge badge-circle\"><div class=\"badge-inner secondary on-sale\"><span class=\"onsale\" data-no-translation=\"\" data-trp-gettext=\"\">Sale!<\/span><\/div><\/div>\n<\/div>\n\t<div class=\"product-small box\">\n\t\t<div class=\"box-image\">\n\t\t\t<div class=\"image-fade_in_back\">\n\t\t\t\t<a href=\"https:\/\/bici-bici.it\/en\/product\/niner-rlt-e9-rdo-4-star-28-11-fach-2021-2022-herren-gravel-e-fahrrad-carbon-59\/\" aria-label=\"Niner RLT E9 RDO 4-STAR 28&quot; 11 Fach 2021\/2022 Herren Gravel E-Fahrrad\/Carbon 59\">\n\t\t\t\t\t<img loading=\"lazy\" decoding=\"async\" width=\"500\" height=\"500\" src=\"https:\/\/bici-bici.it\/wp-content\/uploads\/2023\/06\/Niner-RLT-E9-RDO-4-STAR-28.jpg\" class=\"attachment-woocommerce_thumbnail size-woocommerce_thumbnail\" alt=\"Niner RLT E9 RDO 4-STAR 28&quot;\" srcset=\"https:\/\/bici-bici.it\/wp-content\/uploads\/2023\/06\/Niner-RLT-E9-RDO-4-STAR-28.jpg 500w, https:\/\/bici-bici.it\/wp-content\/uploads\/2023\/06\/Niner-RLT-E9-RDO-4-STAR-28-100x100.jpg 100w, https:\/\/bici-bici.it\/wp-content\/uploads\/2023\/06\/Niner-RLT-E9-RDO-4-STAR-28-64x64.jpg 64w, https:\/\/bici-bici.it\/wp-content\/uploads\/2023\/06\/Niner-RLT-E9-RDO-4-STAR-28-400x400.jpg 400w, https:\/\/bici-bici.it\/wp-content\/uploads\/2023\/06\/Niner-RLT-E9-RDO-4-STAR-28-280x280.jpg 280w, https:\/\/bici-bici.it\/wp-content\/uploads\/2023\/06\/Niner-RLT-E9-RDO-4-STAR-28-12x12.jpg 12w\" sizes=\"auto, (max-width: 500px) 100vw, 500px\" \/>\t\t\t\t<\/a>\n\t\t\t<\/div>\n\t\t\t<div class=\"image-tools is-small top right show-on-hover\">\n\t\t\t\t\t\t\t<\/div>\n\t\t\t<div class=\"image-tools is-small hide-for-small bottom left show-on-hover\">\n\t\t\t\t\t\t\t<\/div>\n\t\t\t<div class=\"image-tools grid-tools text-center hide-for-small bottom hover-slide-in show-on-hover\">\n\t\t\t\t  <a class=\"quick-view\" data-prod=\"12380\" href=\"#quick-view\">Quick View<\/a>\t\t\t<\/div>\n\t\t\t\t\t<\/div>\n\n\t\t<div class=\"box-text box-text-products\">\n\t\t\t<div class=\"title-wrapper\">\t\t<p class=\"category uppercase is-smaller no-text-overflow product-cat op-7\">\n\t\t\tRacing bicycles\t\t<\/p>\n\t<p class=\"name product-title woocommerce-loop-product__title\"><a href=\"https:\/\/bici-bici.it\/en\/product\/niner-rlt-e9-rdo-4-star-28-11-fach-2021-2022-herren-gravel-e-fahrrad-carbon-59\/\" class=\"woocommerce-LoopProduct-link woocommerce-loop-product__link\">Niner RLT E9 RDO 4-STAR 28\u2033 11 Fach 2021\/2022 Herren Gravel E-Fahrrad\/Carbon 59<\/a><\/p><\/div><div class=\"price-wrapper\">\n\t<span class=\"price\"><del aria-hidden=\"true\"><span class=\"woocommerce-Price-amount amount\"><bdi>5.800,00&nbsp;<span class=\"woocommerce-Price-currencySymbol\">\u20ac<\/span><\/bdi><\/span><\/del> <span class=\"screen-reader-text\" data-no-translation=\"\" data-trp-gettext=\"\">Original price was: 5.800,00&nbsp;&euro;.<\/span><ins aria-hidden=\"true\"><span class=\"woocommerce-Price-amount amount\"><bdi>4.785,00&nbsp;<span class=\"woocommerce-Price-currencySymbol\">\u20ac<\/span><\/bdi><\/span><\/ins><span class=\"screen-reader-text\" data-no-translation=\"\" data-trp-gettext=\"\">Current price is: 4.785,00&nbsp;&euro;.<\/span><\/span>\n<\/div>\t\t<\/div>\n\t<\/div>\n\t\t<\/div>\n<\/div><\/div>\n<h2 style=\"text-align: center;\">Mountain bike frame (full sale price)<\/h2>\n<div><\/div>\n<div><strong>Are you looking to purchase a mountain bike frame?<\/strong> you are in the right place because we sell high quality bike frames at whole sale prices.<\/div>\n<div><\/div>\n<div>Engaging in a new activity is not easy; you cannot just dive into a new set of hobbies. You have to learn about different horizons, suspension designs, high-tech parts and accessories.<\/div>\n<div><\/div>\n<div>Don't worry; we've got you covered. We tore everything apart; <a href=\"https:\/\/bici-bici.it\/en\/2022\/09\/01\/il-casco-da-bici-giusto\/\">how to choose your bike<\/a>, rely on the design, choose the bike frame, etc. In simpler words, a one-stop shop for everything you need to know and buy from your ride.<\/div>\n<div><\/div>\n<h3>1: What is a mountain bike frame?<\/h3>\n<div><\/div>\n<div>Choosing a bike frame can be a difficult decision. It's something you can't go wrong with; it's basically like getting a new ride. Because the frame decides how the bike goes and can dominate your riding experience.<\/div>\n<div><\/div>\n<div>The bike frame is the main component of your bike, and you need to make sure you buy it based on accurate measurements.<\/div>\n<div><\/div>\n<h3>2: What size bike frame should I get?<\/h3>\n<div><\/div>\n<div>You may have started with the size guide based on the length of the upright tube and the frame designation of the bike; according to your height. It can definitely be a good start, but you need to try the bike that suits you completely.<\/div>\n<div><\/div>\n<div>There should be complete transparency between your feet and the floor that can allow you quick disassemblies. Bicycle frames that are too large can lead to awkward and stretched positions; a small frame will also make you feel cramped and exhausted while riding.<\/div>\n<div><\/div>\n<h3>3: What should be the wheel size for the accurate frame?<\/h3>\n<div><\/div>\n<div>When you update the frame size of your <a class=\"wpil_keyword_link\" href=\"https:\/\/bici-bici.it\/en\/product-category\/biciclette\/mtb\/\"   title=\"MTB\" data-wpil-keyword-link=\"linked\">MTB<\/a>, you need to make sure your wheels accept the frame; or vice versa.<\/div>\n<div><\/div>\n<div>The standard wheel sizes are; 26, 27.5 and 29 inches, respectively. However, if you try to enter the wrong size, you will ruin the handling process.<\/div>\n<div><\/div>\n<h3>4: Aluminum or carbon frame?<\/h3>\n<div><\/div>\n<div>You can have the same bike frame in both versions; carbon and aluminum. However, the carbon fiber version is slightly more expensive than the other materials. However, it is not about the cost; it is about the quality and durability.<\/div>\n<div><\/div>\n<div>Carbon frames are lighter than aluminum; you don't have to balance your weight and the weight of the bike. Comparing the two versions is quite misleading, as both have their charms.<\/div>\n<div><\/div>\n<div>The professional rider always goes for aluminum frames; how they know how to juggle weight. Because aluminum frames are extremely good with roads and trails, they do not let the rider feel the roughness of the road.<\/div>\n<h3>5: Why buy from us?<\/h3>\n<div><\/div>\n<div>You must have acquired a good understanding and knowledge of mountain bikes and the <a href=\"https:\/\/bici-bici.it\/en\/2022\/09\/01\/telai-per-bici-materiali-e-diversi-modelli\/\">types of bike frames<\/a>. You need to keep track of your tastes before buying a MTB frame.<\/div>\n<div><\/div>\n<div>We have a variety of bike frames available; both carbon and aluminum versions. We also make sure you get the right kind of material to fit your bike.<\/div>","protected":false},"excerpt":{"rendered":"<p>Telaio per mountain bike (prezzo di vendita intero) Stai cercando di acquistare un telaio per mountain bike? sei nel posto giusto perch\u00e9 vendiamo telai per bici di alta qualit\u00e0 a prezzi di vendita interi. Impegnarsi in una nuova attivit\u00e0 non \u00e8 facile; non puoi semplicemente tuffarti in una nuova serie di hobby. Devi conoscere diversi [&#8230;]\n","protected":false},"author":2,"featured_media":0,"parent":0,"menu_order":29,"comment_status":"closed","ping_status":"closed","template":"","meta":{"footnotes":""},"class_list":["post-8440","page","type-page","status-publish","hentry"],"_links":{"self":[{"href":"https:\/\/bici-bici.it\/en\/wp-json\/wp\/v2\/pages\/8440","targetHints":{"allow":["GET"]}}],"collection":[{"href":"https:\/\/bici-bici.it\/en\/wp-json\/wp\/v2\/pages"}],"about":[{"href":"https:\/\/bici-bici.it\/en\/wp-json\/wp\/v2\/types\/page"}],"author":[{"embeddable":true,"href":"https:\/\/bici-bici.it\/en\/wp-json\/wp\/v2\/users\/2"}],"replies":[{"embeddable":true,"href":"https:\/\/bici-bici.it\/en\/wp-json\/wp\/v2\/comments?post=8440"}],"version-history":[{"count":0,"href":"https:\/\/bici-bici.it\/en\/wp-json\/wp\/v2\/pages\/8440\/revisions"}],"wp:attachment":[{"href":"https:\/\/bici-bici.it\/en\/wp-json\/wp\/v2\/media?parent=8440"}],"curies":[{"name":"wp","href":"https:\/\/api.w.org\/{rel}","templated":true}]}}