{"id":9575,"date":"2021-09-28T09:46:19","date_gmt":"2021-09-28T09:46:19","guid":{"rendered":"http:\/\/bici-bici.it\/?page_id=9575"},"modified":"2023-09-01T08:55:38","modified_gmt":"2023-09-01T08:55:38","slug":"spedizione-e-tempi-di-consegna","status":"publish","type":"page","link":"https:\/\/bici-bici.it\/de\/versand-und-lieferzeiten\/","title":{"rendered":"VERSAND- UND LIEFERZEITEN"},"content":{"rendered":"<div class=\"icon-box featured-box icon-box-top text-left\"  >\n\t\t\t\t<div class=\"icon-box-text last-reset\">\n\t\t\t\t\t\t\t\t\t\n<div class=\"container section-title-container\" ><h2 class=\"section-title section-title-normal\"><b><\/b><span class=\"section-title-main\" >VERSAND- UND LIEFERZEITEN<\/span><b><\/b><\/h2><\/div>\n\t\t<\/div>\n\t<\/div>\n\t\n\t\n<ul>\n<li>LIEFERZEITEN<\/li>\n<li>Welcher Spediteur versendet mit bici-bici.it<\/li>\n<li>VERSANDKOSTEN<\/li>\n<\/ul>\n<div class=\"row\"  id=\"row-761656926\">\n\n\t<div id=\"col-1917284404\" class=\"col small-12 large-12\"  >\n\t\t\t\t<div class=\"col-inner\"  >\n\t\t\t\n\t\t\t\n<div class=\"is-divider divider clearfix\" style=\"max-width:1051px;\"><\/div>\n\t<div id=\"gap-1231815644\" class=\"gap-element clearfix\" style=\"display:block; height:auto;\">\n\t\t\n<style>\n#gap-1231815644 {\n  padding-top: 30px;\n}\n<\/style>\n\t<\/div>\n\t\n\t\t<\/div>\n\t\t\t\t\t<\/div>\n\n\t\n<\/div>\n<div class=\"row row-full-width\"  id=\"row-463883365\">\n\n\t<div id=\"col-1049733743\" class=\"col medium-6 small-12 large-6\"  >\n\t\t\t\t<div class=\"col-inner\"  >\n\t\t\t\n\t\t\t\n<div class=\"container section-title-container\" ><h3 class=\"section-title section-title-normal\"><b><\/b><span class=\"section-title-main\" >LIEFERZEIT?<\/span><b><\/b><\/h3><\/div>\n<p>Die voraussichtliche Lieferzeit f\u00fcr Ihre Bestellung wird zum Zeitpunkt der Zahlung angezeigt. Die Lieferzeiten variieren je nach den bestellten Produkten, ein sperriges Fahrrad oder ein kleiner Artikel ben\u00f6tigt daher unterschiedliche Zeiten. Die Sendungsverfolgung erm\u00f6glicht es Ihnen, Ihre Waren im Auge zu behalten und sich \u00fcber ihre Bewegung auf dem Laufenden zu halten.<\/p>\n<div class=\"container section-title-container\" ><h3 class=\"section-title section-title-normal\"><b><\/b><span class=\"section-title-main\" >Welcher Spediteur versendet mit bici-bici.it<\/span><b><\/b><\/h3><\/div>\n<p>Unsere Versandpartner in Italien sind DHL und GLS.<br \/>\nSobald wir Ihr Paket an das Transportunternehmen \u00fcbergeben haben, erhalten Sie eine Versandbest\u00e4tigung per E-Mail. Diese Best\u00e4tigung enth\u00e4lt auch die Tracking-Nummer, mit der Sie den Status Ihrer Sendung \u00fcberpr\u00fcfen k\u00f6nnen.<\/p>\n\t\t<\/div>\n\t\t\t\t\t<\/div>\n\n\t\n\n\t<div id=\"col-1158680243\" class=\"col medium-6 small-12 large-6\"  >\n\t\t\t\t<div class=\"col-inner\"  >\n\t\t\t\n\t\t\t\n<div class=\"container section-title-container\" ><h3 class=\"section-title section-title-normal\"><b><\/b><span class=\"section-title-main\" >VERSANDKOSTEN<\/span><b><\/b><\/h3><\/div>\n<p>Eine Tabelle mit den Versandkosten finden Sie hier<\/p>\n<div class=\"accordion\">\n\t<div id=\"accordion-3000699364\" class=\"accordion-item\">\n\t\t<a id=\"accordion-3000699364-label\" class=\"accordion-title plain\" href=\"#accordion-item-tabella-costi\" aria-expanded=\"false\" aria-controls=\"accordion-3000699364-content\" >\n\t\t\t<button class=\"toggle\" aria-label=\"Umschalten\"><i class=\"icon-angle-down\"><\/i><\/button>\n\t\t\t<span>Kostentabelle<\/span>\n\t\t<\/a>\n\t\t<div id=\"accordion-3000699364-content\" class=\"accordion-inner\" aria-labelledby=\"accordion-3000699364-label\" >\n\t\t\t\n\t<div id=\"text-180072737\" class=\"text\">\n\t\t\n<table style=\"height: 151px;\" width=\"467\">\n<tbody>\n<tr>\n<td width=\"51%\">Standard-Versand<\/td>\n<td width=\"47%\">9,90 \u20ac<\/td>\n<\/tr>\n<tr>\n<td width=\"51%\">Ab 100,00 Euro Einkaufswert*<\/td>\n<td width=\"47%\">5,90 \u20ac<\/td>\n<\/tr>\n<tr>\n<td width=\"51%\">Fahrr\u00e4der*<\/td>\n<td width=\"47%\">49,90 \u20ac<\/td>\n<\/tr>\n<tr>\n<td width=\"51%\">Sperrige Pakete*<\/td>\n<td width=\"47%\">20,00 \u20ac<\/td>\n<\/tr>\n<\/tbody>\n<\/table>\n<p>*Kleine FAHRR\u00c4DER, KINDERFAHRRAD 12-18 ZOLL - Kostenlose Lieferung ab 99 \u20ac.<\/p>\n<p>Wir versenden als versichertes Paket mit GLS \/ DHL. Wir senden Ihnen die Sendungsverfolgung, um das Paket zu verfolgen.<\/p>\n<p>*Die Kosten f\u00fcr sperrige Pakete, Fahrr\u00e4der und E-Bikes werden pro St\u00fcck berechnet. Fahrr\u00e4der und E-Bikes werden per Spedition verschickt.<\/p>\n<p>Alle Preise in EUR inkl. MwSt.<\/p>\n\t\t\n<style>\n#text-180072737 {\n  text-align: left;\n}\n<\/style>\n\t<\/div>\n\t\n\t\t<\/div>\n\t<\/div>\n\t\n<\/div>\n<div class=\"is-divider divider clearfix\" style=\"max-width:0px;\"><\/div>\n<div class=\"container section-title-container\" ><h3 class=\"section-title section-title-normal\"><b><\/b><span class=\"section-title-main\" >KANN ICH DEN TAG UND DIE UHRZEIT DER LIEFERUNG VEREINBAREN?<\/span><b><\/b><\/h3><\/div>\n<p>Nein, das ist leider nicht m\u00f6glich. Unser Versanddienst hat keinen Einfluss auf den genauen Zeitpunkt der Lieferung.<\/p>\n\t\t<\/div>\n\t\t\t\t\t<\/div>\n\n\t\n<\/div>","protected":false},"excerpt":{"rendered":"<p>TEMPI DI CONSEGNA CON QUALE VETTORE SPEDISCE bici-bici.it LE SPESE DI SPEDIZIONE<\/p>","protected":false},"author":1,"featured_media":0,"parent":0,"menu_order":12,"comment_status":"closed","ping_status":"closed","template":"page-left-sidebar.php","meta":{"footnotes":""},"class_list":["post-9575","page","type-page","status-publish","hentry"],"_links":{"self":[{"href":"https:\/\/bici-bici.it\/de\/wp-json\/wp\/v2\/pages\/9575","targetHints":{"allow":["GET"]}}],"collection":[{"href":"https:\/\/bici-bici.it\/de\/wp-json\/wp\/v2\/pages"}],"about":[{"href":"https:\/\/bici-bici.it\/de\/wp-json\/wp\/v2\/types\/page"}],"author":[{"embeddable":true,"href":"https:\/\/bici-bici.it\/de\/wp-json\/wp\/v2\/users\/1"}],"replies":[{"embeddable":true,"href":"https:\/\/bici-bici.it\/de\/wp-json\/wp\/v2\/comments?post=9575"}],"version-history":[{"count":0,"href":"https:\/\/bici-bici.it\/de\/wp-json\/wp\/v2\/pages\/9575\/revisions"}],"wp:attachment":[{"href":"https:\/\/bici-bici.it\/de\/wp-json\/wp\/v2\/media?parent=9575"}],"curies":[{"name":"wp","href":"https:\/\/api.w.org\/{rel}","templated":true}]}}