{"id":9501,"date":"2021-09-27T10:19:02","date_gmt":"2021-09-27T10:19:02","guid":{"rendered":"http:\/\/bici-bici.it\/?page_id=9501"},"modified":"2023-09-01T08:56:26","modified_gmt":"2023-09-01T08:56:26","slug":"metodi-di-pagamento","status":"publish","type":"page","link":"https:\/\/bici-bici.it\/de\/zahlungsmodalitaten\/","title":{"rendered":"ZAHLUNGSMODALIT\u00c4TEN"},"content":{"rendered":"<div id=\"c55608\" class=\"csc-default cyc-layout_block\">\n<h2>ZAHLUNGSMODALIT\u00c4TEN<\/h2>\n<\/div>\n<div id=\"c55609\" class=\"csc-default cyc-layout_block\"><\/div>\n<div id=\"c55622\" class=\"csc-default cyc-layout_block\">\n<div class=\"row\">\n<div class=\"col-md-6\"><\/div>\n<\/div>\n<\/div>\n<div class=\"row\"  id=\"row-903978679\">\n\n\t<div id=\"col-2066633383\" class=\"col medium-6 small-12 large-6\"  >\n\t\t\t\t<div class=\"col-inner\"  >\n\t\t\t\n\t\t\t\n<div class=\"container section-title-container\" ><h3 class=\"section-title section-title-normal\"><b><\/b><span class=\"section-title-main\" >WELCHE ZAHLUNGSM\u00d6GLICHKEITEN GIBT ES?<\/span><b><\/b><\/h3><\/div>\n<ul>\n<li>Paypal<\/li>\n<li>Kreditkarte<\/li>\n<\/ul>\n\t\t<\/div>\n\t\t\t\t\t<\/div>\n\n\t\n\n\t<div id=\"col-1062765274\" class=\"col medium-6 small-12 large-6\"  >\n\t\t\t\t<div class=\"col-inner\"  >\n\t\t\t\n\t\t\t\n<div class=\"container section-title-container\" ><h3 class=\"section-title section-title-normal\"><b><\/b><span class=\"section-title-main\" >ANDERE FRAGEN<\/span><b><\/b><\/h3><\/div>\n<ul>\n<li>Welche Sicherheitsma\u00dfnahmen werden von bici-bici.it verwendet?<\/li>\n<li>Kann ich die Zahlungsmethode noch \u00e4ndern?<\/li>\n<\/ul>\n\t\t<\/div>\n\t\t\t\t\t<\/div>\n\n\t\n<\/div>\n\n\t<section class=\"section\" id=\"section_255228791\">\n\t\t<div class=\"section-bg fill\" >\n\t\t\t\t\t\t\t\t\t<div class=\"section-bg-overlay absolute fill\"><\/div>\n\t\t\t\n\n\t\t<\/div>\n\n\t\t\n\n\t\t<div class=\"section-content relative\">\n\t\t\t\n<div class=\"row row-large align-middle\"  id=\"row-1287353720\">\n\n\t<div id=\"col-578403548\" class=\"col medium-3 small-12 large-3\"  >\n\t\t\t\t<div class=\"col-inner\"  >\n\t\t\t\n\t\t\t\n\t<div class=\"img has-hover x md-x lg-x y md-y lg-y\" id=\"image_1007194777\">\n\t\t\t\t\t\t\t\t<div class=\"img-inner dark\" >\n\t\t\t<img loading=\"lazy\" decoding=\"async\" width=\"1020\" height=\"510\" src=\"https:\/\/bici-bici.it\/wp-content\/uploads\/2021\/09\/paypal.png\" class=\"attachment-large size-large\" alt=\"\" srcset=\"https:\/\/bici-bici.it\/wp-content\/uploads\/2021\/09\/paypal.png 1280w, https:\/\/bici-bici.it\/wp-content\/uploads\/2021\/09\/paypal-800x400.png 800w, https:\/\/bici-bici.it\/wp-content\/uploads\/2021\/09\/paypal-64x32.png 64w, https:\/\/bici-bici.it\/wp-content\/uploads\/2021\/09\/paypal-768x384.png 768w\" sizes=\"auto, (max-width: 1020px) 100vw, 1020px\">\t\t\t\t\t\t\n\t\t\t\t\t<\/div>\n\t\t\t\t\t\t\t\t\n<style>\n#image_1007194777 {\n  width: 100%;\n}\n<\/style>\n\t<\/div>\n\t\n\t\t<\/div>\n\t\t\t\t\t<\/div>\n\n\t\n\n\t<div id=\"col-1915864353\" class=\"col medium-9 small-12 large-9\"  >\n\t\t\t\t<div class=\"col-inner text-left\"  >\n\t\t\t\n\t\t\t\n\t<div id=\"text-1511424842\" class=\"text\">\n\t\t\n<h2>PAYPAL<\/h2>\n<p>Mit PayPal k\u00f6nnen Sie auf bici-bici.it einfach, schnell und sicher bezahlen. Nutzen Sie Ihr pers\u00f6nliches Konto und zahlen Sie bequem f\u00fcr Ihren Einkauf. Wir erhalten umgehend eine Zahlungsbest\u00e4tigung von PayPal und bearbeiten Ihre Bestellung. Bitte beachten Sie, dass die Zahlung \u00fcber PayPal f\u00fcr Sie kostenlos ist - bici-bici.it \u00fcbernimmt die Kosten.<\/p>\n<p>Sie haben noch kein PayPal-Konto? Dann registrieren Sie Ihr Konto mit ein paar Klicks unter<a class=\"external-link-new-window\" title=\"Paypal\" href=\"http:\/\/www.paypal.it\/\" target=\"_blank\" rel=\"noopener\"> www.paypal.it<\/a>Die Registrierung dauert nur ein paar Sekunden, Sie m\u00fcssen nur Ihre E-Mail-Adresse, Ihre Adresse und Ihre Bankverbindung angeben. Von nun an k\u00f6nnen Sie sicher einkaufen, ohne Ihre Bankdaten an Dritte weiterzugeben.<br \/>\n\t\t\n<style>\n#text-1511424842 {\n  text-align: left;\n}\n<\/style>\n\t<\/div>\n\t\n\t\t<\/div>\n\t\t\t\t\t<\/div>\n\n\t\n<\/div>\n\t\t<\/div>\n\n\t\t\n<style>\n#section_255228791 {\n  padding-top: 60px;\n  padding-bottom: 60px;\n  background-color: rgb(193, 193, 193);\n}\n#section_255228791 .section-bg-overlay {\n  background-color: rgba(255, 255, 255, 0.85);\n}\n<\/style>\n\t<\/section>\n\t\n\n\t<section class=\"section\" id=\"section_512758460\">\n\t\t<div class=\"section-bg fill\" >\n\t\t\t\t\t\t\t\t\t<div class=\"section-bg-overlay absolute fill\"><\/div>\n\t\t\t\n\n\t\t<\/div>\n\n\t\t\n\n\t\t<div class=\"section-content relative\">\n\t\t\t\n<div class=\"row row-large align-middle\"  id=\"row-903080617\">\n\n\t<div id=\"col-2143494798\" class=\"col medium-3 small-12 large-3\"  >\n\t\t\t\t<div class=\"col-inner\"  >\n\t\t\t\n\t\t\t\n\t<div class=\"img has-hover x md-x lg-x y md-y lg-y\" id=\"image_85826429\">\n\t\t\t\t\t\t\t\t<div class=\"img-inner dark\" >\n\t\t\t<img loading=\"lazy\" decoding=\"async\" width=\"486\" height=\"224\" src=\"https:\/\/bici-bici.it\/wp-content\/uploads\/2021\/09\/pagamenti.png\" class=\"attachment-large size-large\" alt=\"\" srcset=\"https:\/\/bici-bici.it\/wp-content\/uploads\/2021\/09\/pagamenti.png 486w, https:\/\/bici-bici.it\/wp-content\/uploads\/2021\/09\/pagamenti-64x29.png 64w\" sizes=\"auto, (max-width: 486px) 100vw, 486px\">\t\t\t\t\t\t\n\t\t\t\t\t<\/div>\n\t\t\t\t\t\t\t\t\n<style>\n#image_85826429 {\n  width: 100%;\n}\n<\/style>\n\t<\/div>\n\t\n\t\t<\/div>\n\t\t\t\t\t<\/div>\n\n\t\n\n\t<div id=\"col-58012828\" class=\"col medium-9 small-12 large-9\"  >\n\t\t\t\t<div class=\"col-inner text-left\"  >\n\t\t\t\n\t\t\t\n\t<div id=\"text-1067549868\" class=\"text\">\n\t\t\n<h2>KREDITKARTE<\/h2>\n<p>Bequem und sicher: Bezahlen Sie durch Belastung Ihrer Kreditkarte (VISA oder MasterCard) oder mit CartaSi oder PostePay. Geben Sie Ihre Kartennummer, die G\u00fcltigkeit und den Verifizierungscode ein und bici-bici.it wird Ihre Daten sicher \u00fcbertragen. Falls Ihre Karte einen 3D-Secure-Code ben\u00f6tigt, wird eine Anfrage an Ihre Bank gesendet. Nach ein paar Sekunden kann Ihre Bestellung bereits bearbeitet werden. Der Betrag wird erst abgebucht, wenn die Ware versandt wurde.<\/p>\n\t\t\n<style>\n#text-1067549868 {\n  text-align: left;\n}\n<\/style>\n\t<\/div>\n\t\n\t\t<\/div>\n\t\t\t\t\t<\/div>\n\n\t\n<\/div>\n\t\t<\/div>\n\n\t\t\n<style>\n#section_512758460 {\n  padding-top: 60px;\n  padding-bottom: 60px;\n  background-color: rgb(193, 193, 193);\n}\n#section_512758460 .section-bg-overlay {\n  background-color: rgba(255, 255, 255, 0.85);\n}\n<\/style>\n\t<\/section>\n\t\n<div class=\"row\"  id=\"row-1969161737\">\n\n\t<div id=\"col-263047772\" class=\"col medium-6 small-12 large-6\"  >\n\t\t\t\t<div class=\"col-inner\"  >\n\t\t\t\n\t\t\t\n<div class=\"container section-title-container\" ><h3 class=\"section-title section-title-normal\"><b><\/b><span class=\"section-title-main\" >WAS SIND DIE SICHERHEITSMASSNAHMEN VON bici-bici.IT?<\/span><b><\/b><\/h3><\/div>\n<p>Sicherheitsma\u00dfnahmen f\u00fcr Online-Zahlungen stehen bei uns an erster Stelle. Alle unsere Zahlungsmethoden sind absolut sicher und haben sich im Laufe der Jahre als mehr als zuverl\u00e4ssig f\u00fcr den Online-Handel erwiesen.<\/p>\n\t\t<\/div>\n\t\t\t\t\t<\/div>\n\n\t\n\n\t<div id=\"col-852355916\" class=\"col medium-6 small-12 large-6\"  >\n\t\t\t\t<div class=\"col-inner\"  >\n\t\t\t\n\t\t\t\n<div class=\"container section-title-container\" ><h3 class=\"section-title section-title-normal\"><b><\/b><span class=\"section-title-main\" >KANN ICH DIE ZAHLUNGSMETHODE NOCH \u00c4NDERN?<\/span><b><\/b><\/h3><\/div>\n<p>Aus technischen Gr\u00fcnden ist es nicht m\u00f6glich, die Zahlungsmethode nachtr\u00e4glich zu \u00e4ndern. Wenn Sie nicht per Bank\u00fcberweisung, sondern per PayPal bezahlen m\u00f6chten, stornieren Sie bitte Ihre aktuelle Bestellung und setzen Sie Ihren Einkauf auf unserer Website fort.<\/p>\n\t\t<\/div>\n\t\t\t\t\t<\/div>\n\n\t\n<\/div>","protected":false},"excerpt":{"rendered":"<p>ZAHLUNGSMODALIT\u00c4TEN<\/p>","protected":false},"author":1,"featured_media":0,"parent":0,"menu_order":8,"comment_status":"closed","ping_status":"closed","template":"page-left-sidebar.php","meta":{"footnotes":""},"class_list":["post-9501","page","type-page","status-publish","hentry"],"_links":{"self":[{"href":"https:\/\/bici-bici.it\/de\/wp-json\/wp\/v2\/pages\/9501","targetHints":{"allow":["GET"]}}],"collection":[{"href":"https:\/\/bici-bici.it\/de\/wp-json\/wp\/v2\/pages"}],"about":[{"href":"https:\/\/bici-bici.it\/de\/wp-json\/wp\/v2\/types\/page"}],"author":[{"embeddable":true,"href":"https:\/\/bici-bici.it\/de\/wp-json\/wp\/v2\/users\/1"}],"replies":[{"embeddable":true,"href":"https:\/\/bici-bici.it\/de\/wp-json\/wp\/v2\/comments?post=9501"}],"version-history":[{"count":0,"href":"https:\/\/bici-bici.it\/de\/wp-json\/wp\/v2\/pages\/9501\/revisions"}],"wp:attachment":[{"href":"https:\/\/bici-bici.it\/de\/wp-json\/wp\/v2\/media?parent=9501"}],"curies":[{"name":"wp","href":"https:\/\/api.w.org\/{rel}","templated":true}]}}