{"id":9482,"date":"2021-09-27T08:14:18","date_gmt":"2021-09-27T08:14:18","guid":{"rendered":"http:\/\/bici-bici.it\/?page_id=9482"},"modified":"2022-03-20T10:07:28","modified_gmt":"2022-03-20T10:07:28","slug":"processo-dordine","status":"publish","type":"page","link":"https:\/\/bici-bici.it\/de\/bestellungsverfahren\/","title":{"rendered":"BESTELLVORGANG"},"content":{"rendered":"<div class=\"icon-box featured-box icon-box-top text-left\"  >\n\t\t\t\t<div class=\"icon-box-text last-reset\">\n\t\t\t\t\t\t\t\t\t\n<div class=\"container section-title-container\" ><h1 class=\"section-title section-title-normal\"><b><\/b><span class=\"section-title-main\" >BESTELLVORGANG<\/span><b><\/b><\/h1><\/div>\n\t\t<\/div>\n\t<\/div>\n\t\n\t\n<ul>\n<li>WIE KANN ICH ONLINE BEI BICI-BICI.IT BESTELLEN?<\/li>\n<li>WIE KANN ICH EIN PRODUKT HINZUF\u00dcGEN, NACHDEM ICH DIE BESTELLUNG ABGESCHLOSSEN HABE?<\/li>\n<li>GIBT ES EINEN MINDESTBETRAG F\u00dcR DIE AUSGABEN?<\/li>\n<\/ul>\n<div class=\"row\"  id=\"row-1657665589\">\n\n\t<div id=\"col-197933309\" class=\"col small-12 large-12\"  >\n\t\t\t\t<div class=\"col-inner\"  >\n\t\t\t\n\t\t\t\n<div class=\"is-divider divider clearfix\" style=\"max-width:1051px;\"><\/div>\n\t<div id=\"gap-51516619\" class=\"gap-element clearfix\" style=\"display:block; height:auto;\">\n\t\t\n<style>\n#gap-51516619 {\n  padding-top: 30px;\n}\n<\/style>\n\t<\/div>\n\t\n\t\t<\/div>\n\t\t\t\t\t<\/div>\n\n\t\n<\/div>\n<div class=\"row row-full-width\"  id=\"row-1927254010\">\n\n\t<div id=\"col-1109198304\" class=\"col medium-6 small-12 large-6\"  >\n\t\t\t\t<div class=\"col-inner\"  >\n\t\t\t\n\t\t\t\n<div class=\"container section-title-container\" ><h3 class=\"section-title section-title-normal\"><b><\/b><span class=\"section-title-main\" >WIE KANN ICH ONLINE AUF bici-bici.it BESTELLEN?<\/span><b><\/b><\/h3><\/div>\n<p>1. W\u00e4hlen Sie Artikel aus und legen Sie sie in Ihren Warenkorb<\/p>\n<p>W\u00e4hlen Sie die Artikel aus, die Sie auf unserer Website bici-bici.it kaufen m\u00f6chten, und legen Sie sie in Ihren virtuellen Einkaufswagen, indem Sie auf die Schaltfl\u00e4che \"In den Warenkorb\" klicken. Die ausgew\u00e4hlten Artikel k\u00f6nnen Sie durch Anklicken der Schaltfl\u00e4che \"L\u00f6schen\" wieder aus dem Warenkorb entfernen oder Sie k\u00f6nnen die Menge des gew\u00e4hlten Artikels \u00fcber das Dropdown-Men\u00fc \u00e4ndern. Wenn Sie mit Ihrer Wahl zufrieden sind, klicken Sie auf die Schaltfl\u00e4che \"Zur Kasse\".<\/p>\n<p>2. 2. die Bestellung abschlie\u00dfen<\/p>\n<p>Adresse:<br \/>\nWenn Sie bereits ein Kundenkonto bei uns haben, geben Sie bitte Ihre pers\u00f6nliche E-Mail und Ihr Passwort ein und melden Sie sich an. Um die Lieferadresse zu \u00e4ndern, klicken Sie einfach auf die Schaltfl\u00e4che \"Neue Lieferadresse eingeben\". Best\u00e4tigen Sie die Lieferadresse, indem Sie auf die Schaltfl\u00e4che \"N\u00e4chster Schritt\" klicken.<\/p>\n<p>Wenn Sie noch kein Kundenkonto bei uns haben, geben Sie bitte die erforderlichen Daten ein und klicken Sie auf die Schaltfl\u00e4che \"Weiter\". Um zu wissen, wohin wir die Ware schicken sollen, ben\u00f6tigen wir jetzt nur noch Ihre Adresse.<\/p>\n<p>Zahlungsmodalit\u00e4ten:<br \/>\nW\u00e4hlen Sie eine Zahlungsmethode. Nach Ihrer Auswahl klicken Sie auf die Schaltfl\u00e4che \"Weiter\".<\/p>\n<p>Best\u00e4tigen und abschicken:<br \/>\nAuf der n\u00e4chsten Seite haben wir die Informationen zu Ihrer Bestellung zusammengefasst. Sie k\u00f6nnen Ihre Daten \u00fcber den entsprechenden Link \u00e4ndern. Durch Anklicken des Buttons \"Jetzt kaufen\" geben Sie eine verbindliche Bestellung der im Warenkorb befindlichen Artikel ab.<\/p>\n<p><b>3. best\u00e4tigen Sie Ihre Bestellung<\/b><\/p>\n<p>Nach dem Absenden Ihrer Bestellung erhalten Sie automatisch eine Best\u00e4tigungs-E-Mail mit einer Zusammenfassung der Informationen zu Ihrer Bestellung. Diese E-Mail dient ausschlie\u00dflich dazu, Sie dar\u00fcber zu informieren, dass wir Ihre Bestellung erhalten haben.<\/p>\n<p><b>4. Formulierung des Vertrags<\/b><\/p>\n<p>Wann der Vertrag zwischen Ihnen und uns als abgeschlossen gilt, h\u00e4ngt von der gew\u00e4hlten Zahlungsart ab. Weitere Informationen hierzu finden Sie in unserer Rubrik Kundeninformationen.<\/p>\n<p><b>5. Lieferung<\/b><\/p>\n<p>Die Bestellungen werden innerhalb von 2-5 Werktagen von Montag bis Samstag geliefert. Die Produkte werden mit allen wichtigen Dokumenten wie dem Informationsheft und nat\u00fcrlich der Rechnung geliefert.<\/p>\n\t\t<\/div>\n\t\t\t\t\t<\/div>\n\n\t\n\n\t<div id=\"col-1347232780\" class=\"col medium-6 small-12 large-6\"  >\n\t\t\t\t<div class=\"col-inner\"  >\n\t\t\t\n\t\t\t\n<div class=\"container section-title-container\" ><h3 class=\"section-title section-title-normal\"><b><\/b><span class=\"section-title-main\" >WIE KANN ICH EIN PRODUKT HINZUF\u00dcGEN, NACHDEM ICH DIE BESTELLUNG ABGESCHLOSSEN HABE?<\/span><b><\/b><\/h3><\/div>\n<p>Leider ist es nicht m\u00f6glich, einen Artikel hinzuzuf\u00fcgen, nachdem Sie Ihre Bestellung aufgegeben haben, da Ihr Kauf bereits in Bearbeitung ist.<\/p>\n<div class=\"container section-title-container\" ><h3 class=\"section-title section-title-normal\"><b><\/b><span class=\"section-title-main\" >GIBT ES EINEN MINDESTBETRAG F\u00dcR DIE AUSGABEN?<\/span><b><\/b><\/h3><\/div>\n<p>Nein, es gibt keinen Mindestbestellwert. Die Versandkosten h\u00e4ngen vom Wert des Warenkorbs ab.<\/p>\n\t\t<\/div>\n\t\t\t\t\t<\/div>\n\n\t\n<\/div>","protected":false},"excerpt":{"rendered":"<p>COME POSSO ORDINARE ONLINE SU BICI-BICI.IT COME POSSO AGGIUNGERE UN PRODOTTO DOPO AVER TERMINATO L\u2019ORDINE? C\u2019\u00c8 UN LIMITE DI SPESA MINIMA?<\/p>","protected":false},"author":1,"featured_media":0,"parent":0,"menu_order":0,"comment_status":"closed","ping_status":"closed","template":"page-left-sidebar.php","meta":{"footnotes":""},"class_list":["post-9482","page","type-page","status-publish","hentry"],"_links":{"self":[{"href":"https:\/\/bici-bici.it\/de\/wp-json\/wp\/v2\/pages\/9482","targetHints":{"allow":["GET"]}}],"collection":[{"href":"https:\/\/bici-bici.it\/de\/wp-json\/wp\/v2\/pages"}],"about":[{"href":"https:\/\/bici-bici.it\/de\/wp-json\/wp\/v2\/types\/page"}],"author":[{"embeddable":true,"href":"https:\/\/bici-bici.it\/de\/wp-json\/wp\/v2\/users\/1"}],"replies":[{"embeddable":true,"href":"https:\/\/bici-bici.it\/de\/wp-json\/wp\/v2\/comments?post=9482"}],"version-history":[{"count":0,"href":"https:\/\/bici-bici.it\/de\/wp-json\/wp\/v2\/pages\/9482\/revisions"}],"wp:attachment":[{"href":"https:\/\/bici-bici.it\/de\/wp-json\/wp\/v2\/media?parent=9482"}],"curies":[{"name":"wp","href":"https:\/\/api.w.org\/{rel}","templated":true}]}}