{"id":9120,"date":"2021-12-22T14:04:17","date_gmt":"2021-12-22T14:04:17","guid":{"rendered":"http:\/\/bici-bici.it\/?page_id=9120"},"modified":"2023-10-10T07:58:58","modified_gmt":"2023-10-10T07:58:58","slug":"guanti-mtb-mountain-bike","status":"publish","type":"page","link":"https:\/\/bici-bici.it\/de\/mtb-mountainbike-handschuhe\/","title":{"rendered":"MTB-Handschuhe - Mountainbiking"},"content":{"rendered":"<p><span style=\"font-size: 115%;\">\t\n  \n    <div class=\"row large-columns-3 medium-columns- small-columns-2 row-small\" >\n  <\/div><\/span><\/p>\n<h1 style=\"text-align: center;\"><span style=\"font-size: 115%;\">MTB-Handschuhe<\/span><\/h1>\n<div><span style=\"font-size: 115%;\">MTB-Handschuhe sind ein wichtiger Teil der Ausr\u00fcstung eines Radfahrers. Egal, ob Sie Cross-Country, Enduro-Rennen oder Downhill-Mountainbiken, sie bieten Schutz vor der Sonne und allgemeinen Trail-Schmutz, der sonst Ihre H\u00e4nde w\u00e4hrend langer Fahrten bei hei\u00dfem Wetter verschmutzen k\u00f6nnte.<\/span><\/div>\n<div><\/div>\n<div><span style=\"color: #555555; font-size: 115%;\">MTB-Handschuhe sch\u00fctzen die Handfl\u00e4chen von Radfahrern vor allen Arten von abrasiven Materialien wie scharfen \u00c4sten und Schmutz und sorgen gleichzeitig f\u00fcr eine gute Bel\u00fcftung, um die H\u00e4nde an Sommertagen k\u00fchl zu halten, wenn die Temperaturen drau\u00dfen bis zu 110 Grad Celsius erreichen k\u00f6nnen! Diese speziellen Handschuhe haben auch eine integrierte Polsterung f\u00fcr zus\u00e4tzlichen Komfort, die besonders n\u00fctzlich ist, wenn Sie Handverletzungen im Laufe der Zeit aufgrund der wiederholten Verwendung bei so hohen Geschwindigkeiten auf bergab Strecken mit vielen Hindernissen auf dem Weg zu erleben.<\/span><\/div>\n<div><\/div>\n<div><span style=\"font-size: 115%;\"><div class=\"is-divider divider clearfix\" style=\"max-width:100%;\"><\/div><\/span><\/div>\n<h2><span style=\"font-size: 115%;\">MTB-Handschuhe f\u00fcr M\u00e4nner<\/span><\/h2>\n<div><span style=\"font-size: 115%;\">Handschuhe <a class=\"wpil_keyword_link\" href=\"https:\/\/bici-bici.it\/de\/product-category\/biciclette\/mtb\/\"   title=\"MTB\" data-wpil-keyword-link=\"linked\">MTB<\/a> Sie sch\u00fctzen die Handfl\u00e4chen von Radfahrern vor allen Arten von abrasiven Materialien wie scharfen \u00c4sten und Schmutz und bieten Bel\u00fcftung, um die H\u00e4nde an Sommertagen k\u00fchl zu halten, wenn die Temperaturen drau\u00dfen bis zu 110 Grad Fahrenheit erreichen k\u00f6nnen! Die MTB-Handschuhe haben auch eine integrierte Polsterung f\u00fcr zus\u00e4tzlichen Komfort, was besonders n\u00fctzlich ist, wenn es im Laufe der Zeit zu Handverletzungen kommt, die durch den wiederholten Gebrauch bei so hohen Geschwindigkeiten auf Downhill-Strecken mit vielen Hindernissen auf dem Weg entstehen.<\/span><\/div>\n<div><\/div>\n<div><span style=\"font-size: 115%;\"><div class=\"is-divider divider clearfix\" style=\"max-width:100%;\"><\/div><\/span><\/div>\n<h2><span style=\"font-size: 115%;\">MTB-Handschuhe f\u00fcr Frauen<\/span><\/h2>\n<div><span style=\"font-size: 115%;\">Die Kleidung ist nicht das Einzige, worauf Frauen beim Radfahren achten m\u00fcssen. Frauen sollten auch sicherstellen, dass ihre H\u00e4nde warm bleiben und vor Reibung gesch\u00fctzt sind, indem sie Handschuhe wie diese MTB-Handschuhe f\u00fcr Frauen tragen!<\/span><\/div>\n<div><\/div>\n<div><span style=\"font-size: 115%;\">Die Damen-MTB-Handschuhe geben Ihnen einen guten Griff am Lenker, auch wenn es drau\u00dfen nass ist. Au\u00dferdem sind sie aus 100%-Baumwolle gefertigt, so dass sie weder empfindliche Haut reizen noch Ihre H\u00e4nde zum Schwitzen bringen!<\/span><\/div>\n<div><\/div>\n<div><span style=\"font-size: 115%;\">Der erste Punkt, den Sie bei der Auswahl von Handschuhen f\u00fcr Ihr Mountainbike ber\u00fccksichtigen sollten, ist die Art des ben\u00f6tigten Griffs. Aggressivere Fahrer m\u00f6chten vielleicht einen Handschuh mit zus\u00e4tzlicher Polsterung an den Stellen, die mit dem Lenker und den Bremshebeln in Ber\u00fchrung kommen, w\u00e4hrend andere vielleicht etwas Leichteres oder weniger haltbare Materialien bevorzugen, die besser f\u00fcr lange Fahrten geeignet sind.<\/span><\/div>\n<div><\/div>\n<div><span style=\"font-size: 115%;\">Auf der Grundlage dieser \u00dcberlegungen wurden im Laufe der Zeit verschiedene Arten von Damen-MTB-Handschuhen entwickelt. Einige Hersteller produzieren zum Beispiel Lederversionen, die ausgezeichneten Schutz vor Scheuerstellen bieten, ohne die Bewegungsfreiheit zu sehr einzuschr\u00e4nken: perfekt, wenn Sie eine epische Fahrt planen!<\/span><\/div>","protected":false},"excerpt":{"rendered":"<p>Guanti MTB I guanti da MTB sono una parte importante del kit di un ciclista. Sia che tu stia praticando il cross-country, le gare di enduro o la mountain bike in discesa, forniscono protezione dal sole e dai detriti del sentiero generale che altrimenti potrebbero sporcarsi le mani durante le lunghe uscite in condizioni climatiche [&#8230;]\n","protected":false},"author":2,"featured_media":12321,"parent":0,"menu_order":18,"comment_status":"closed","ping_status":"closed","template":"","meta":{"footnotes":""},"class_list":["post-9120","page","type-page","status-publish","has-post-thumbnail","hentry"],"_links":{"self":[{"href":"https:\/\/bici-bici.it\/de\/wp-json\/wp\/v2\/pages\/9120","targetHints":{"allow":["GET"]}}],"collection":[{"href":"https:\/\/bici-bici.it\/de\/wp-json\/wp\/v2\/pages"}],"about":[{"href":"https:\/\/bici-bici.it\/de\/wp-json\/wp\/v2\/types\/page"}],"author":[{"embeddable":true,"href":"https:\/\/bici-bici.it\/de\/wp-json\/wp\/v2\/users\/2"}],"replies":[{"embeddable":true,"href":"https:\/\/bici-bici.it\/de\/wp-json\/wp\/v2\/comments?post=9120"}],"version-history":[{"count":0,"href":"https:\/\/bici-bici.it\/de\/wp-json\/wp\/v2\/pages\/9120\/revisions"}],"wp:featuredmedia":[{"embeddable":true,"href":"https:\/\/bici-bici.it\/de\/wp-json\/wp\/v2\/media\/12321"}],"wp:attachment":[{"href":"https:\/\/bici-bici.it\/de\/wp-json\/wp\/v2\/media?parent=9120"}],"curies":[{"name":"wp","href":"https:\/\/api.w.org\/{rel}","templated":true}]}}