{"id":8479,"date":"2021-03-22T06:32:56","date_gmt":"2021-03-22T06:32:56","guid":{"rendered":"http:\/\/bici-bici.it\/?page_id=8479"},"modified":"2021-12-24T11:15:55","modified_gmt":"2021-12-24T11:15:55","slug":"tacchetti-per-bici","status":"publish","type":"page","link":"https:\/\/bici-bici.it\/de\/fahrradklampen\/","title":{"rendered":"Fahrradklampen"},"content":{"rendered":"<div class=\"row large-columns-3 medium-columns- small-columns-2 row-small\" >\n  \n\t     <div class=\"product-small col has-hover product type-product post-12380 status-publish first instock product_cat-da-corsa product_cat-ammortizzatore product_cat-bici-bambini product_cat-biciclette product_cat-elettriche product_cat-biciclette-gravel product_cat-mtb product_cat-cassette-e-pacco-pignoni product_cat-city-bike product_cat-cyclocross-frame-carbon product_cat-deragliatore product_cat-fat-bike product_cat-forcelle-mtb product_cat-gravel-frameset-carbon product_cat-guarniture-e-pedivelle product_cat-men-pants product_cat-mtb-frame-carbon product_cat-pants product_cat-ricambi-bici product_cat-road-frameset-carbon product_cat-ruote-complete-e-raggi product_cat-ski-snowboard product_cat-selle product_cat-tacchette product_cat-telai product_cat-triathlon-frameset-carbon has-post-thumbnail sale taxable shipping-taxable purchasable product-type-simple\">\n\t<div class=\"col-inner\">\n\t\n<div class=\"badge-container absolute left top z-1\">\n<div class=\"callout badge badge-circle\"><div class=\"badge-inner secondary on-sale\"><span class=\"onsale\" data-no-translation=\"\" data-trp-gettext=\"\">Angebot!<\/span><\/div><\/div>\n<\/div>\n\t<div class=\"product-small box\">\n\t\t<div class=\"box-image\">\n\t\t\t<div class=\"image-fade_in_back\">\n\t\t\t\t<a href=\"https:\/\/bici-bici.it\/de\/product\/neuner-rlt-e9-rdo-4-star-28-11-fach-2021-2022-herren-schotter-e-fahrrad-carbon-59\/\" aria-label=\"Niner RLT E9 RDO 4-STAR 28&quot; 11 Fach 2021\/2022 Herren Gravel E-Fahrrad\/Carbon 59\">\n\t\t\t\t\t<img loading=\"lazy\" decoding=\"async\" width=\"500\" height=\"500\" src=\"https:\/\/bici-bici.it\/wp-content\/uploads\/2023\/06\/Niner-RLT-E9-RDO-4-STAR-28.jpg\" class=\"attachment-woocommerce_thumbnail size-woocommerce_thumbnail\" alt=\"Niner RLT E9 RDO 4-STAR 28&quot;\" srcset=\"https:\/\/bici-bici.it\/wp-content\/uploads\/2023\/06\/Niner-RLT-E9-RDO-4-STAR-28.jpg 500w, https:\/\/bici-bici.it\/wp-content\/uploads\/2023\/06\/Niner-RLT-E9-RDO-4-STAR-28-100x100.jpg 100w, https:\/\/bici-bici.it\/wp-content\/uploads\/2023\/06\/Niner-RLT-E9-RDO-4-STAR-28-64x64.jpg 64w, https:\/\/bici-bici.it\/wp-content\/uploads\/2023\/06\/Niner-RLT-E9-RDO-4-STAR-28-400x400.jpg 400w, https:\/\/bici-bici.it\/wp-content\/uploads\/2023\/06\/Niner-RLT-E9-RDO-4-STAR-28-280x280.jpg 280w, https:\/\/bici-bici.it\/wp-content\/uploads\/2023\/06\/Niner-RLT-E9-RDO-4-STAR-28-12x12.jpg 12w\" sizes=\"auto, (max-width: 500px) 100vw, 500px\" \/>\t\t\t\t<\/a>\n\t\t\t<\/div>\n\t\t\t<div class=\"image-tools is-small top right show-on-hover\">\n\t\t\t\t\t\t\t<\/div>\n\t\t\t<div class=\"image-tools is-small hide-for-small bottom left show-on-hover\">\n\t\t\t\t\t\t\t<\/div>\n\t\t\t<div class=\"image-tools grid-tools text-center hide-for-small bottom hover-slide-in show-on-hover\">\n\t\t\t\t  <a class=\"quick-view\" data-prod=\"12380\" href=\"#quick-view\">Schnellansicht<\/a>\t\t\t<\/div>\n\t\t\t\t\t<\/div>\n\n\t\t<div class=\"box-text box-text-products\">\n\t\t\t<div class=\"title-wrapper\">\t\t<p class=\"category uppercase is-smaller no-text-overflow product-cat op-7\">\n\t\t\tRennfahrr\u00e4der\t\t<\/p>\n\t<p class=\"name product-title woocommerce-loop-product__title\"><a href=\"https:\/\/bici-bici.it\/de\/product\/neuner-rlt-e9-rdo-4-star-28-11-fach-2021-2022-herren-schotter-e-fahrrad-carbon-59\/\" class=\"woocommerce-LoopProduct-link woocommerce-loop-product__link\">Niner RLT E9 RDO 4-STAR 28\u2033 11 Fach 2021\/2022 Herren Gravel E-Fahrrad\/Carbon 59<\/a><\/p><\/div><div class=\"price-wrapper\">\n\t<span class=\"price\"><del aria-hidden=\"true\"><span class=\"woocommerce-Price-amount amount\"><bdi>5.800,00&nbsp;<span class=\"woocommerce-Price-currencySymbol\">\u20ac<\/span><\/bdi><\/span><\/del> <span class=\"screen-reader-text\" data-no-translation=\"\" data-trp-gettext=\"\">Urspr\u00fcnglicher Preis war: 5.800,00&nbsp;&euro;<\/span><ins aria-hidden=\"true\"><span class=\"woocommerce-Price-amount amount\"><bdi>4.785,00&nbsp;<span class=\"woocommerce-Price-currencySymbol\">\u20ac<\/span><\/bdi><\/span><\/ins><span class=\"screen-reader-text\" data-no-translation=\"\" data-trp-gettext=\"\">Aktueller Preis ist: 4.785,00&nbsp;&euro;.<\/span><\/span>\n<\/div>\t\t<\/div>\n\t<\/div>\n\t\t<\/div>\n<\/div><\/div>\n<h2 style=\"text-align: center;\">Fahrradstollen (Gro\u00dfhandelspreis)<\/h2>\n<div><\/div>\n<div>M\u00f6chten Sie Fahrradklampen kaufen? Wir verkaufen hochwertige Schuhplatten zum besten Preis.<\/div>\n<div><\/div>\n<h3>Was sind Ausbilder?<\/h3>\n<div><\/div>\n<div>Schuhplatten sind Befestigungen f\u00fcr Schuhe, die die Traktion verringern und f\u00fcr mehr Reibung sorgen, um ein Ausrutschen zu verhindern. Fahrradstollen sind in der Regel in Form von Klingen zu finden und k\u00f6nnen aus Metall, Gummi und Kunststoff bestehen.<\/div>\n<h3><\/h3>\n<h2>Wie werden Fahrradklampen verwendet?<\/h2>\n<div><\/div>\n<div>Sie k\u00f6nnen Schuhplatten unter Ihren Fahrradschuhen befestigen, die Ihnen helfen, das Pedal besser zu halten. Sie verringern die Gefahr, dass Ihr Fu\u00df vom Pedal abrutscht, und Sie k\u00f6nnen mit weniger M\u00fche so schnell paddeln, wie Sie wollen.<\/div>\n<div><\/div>\n<h2>Zwei oder drei Bolzen?<\/h2>\n<div><\/div>\n<div>Fahrradklampen mit zwei Schrauben werden mit zwei Schrauben an Ihrem Schuh befestigt. \u00c4hnlich verh\u00e4lt es sich mit Drei-Schrauben-Schuhplatten, die mit drei Schrauben am Schuh befestigt werden. Die richtige oder falsche Entscheidung beim Kauf von Schuhplatten h\u00e4ngt von der Art des Schuhs ab. Analysieren Sie also den Kern Ihres Schuhs, bevor Sie ein Paar Fahrradklampen bestellen.<\/div>\n<div><\/div>\n<h2>Sind alle Schuhplatten mit Sportschuhen kompatibel?<\/h2>\n<div><\/div>\n<div>Sportschuhe sind mit Drei-Schrauben- oder Zwei-Schrauben-Stollen kompatibel. In einigen F\u00e4llen k\u00f6nnen beide Stollentypen mit einem bestimmten Paar Schuhe verbunden werden. Pr\u00fcfen Sie also die Kompatibilit\u00e4t auf dem nachstehenden Terrain.<\/div>\n<div><\/div>\n<h3>Wie kann die Klampe helfen?<\/h3>\n<div><\/div>\n<div>Wenn Sie Schuhplatten verwenden, haben Sie eine bessere Kontrolle \u00fcber Ihr Fahrrad. Durch die verbesserte Kontrolle werden Sie selbstbewusster, was sich auch in Ihrem Fahrverhalten widerspiegelt.<\/div>\n<div><\/div>\n<div>Au\u00dferdem k\u00f6nnen Sie mit einer korrekt angebrachten Schuhplatte Ihre F\u00fc\u00dfe in der besten Position \u00fcber den Pedalen halten, was Ihre Effizienz und den Schub beim Treten verbessert.<\/div>\n<h3>Wie setzt man Bug und Heck in die Klampenbefestigung?<\/h3>\n<div><\/div>\n<div>Sie k\u00f6nnen die Breite Ihres Knies analysieren, wenn Sie am h\u00f6chsten Punkt des Tritts in die Pedale treten. Wenn Sie mit breiten Knien fahren, m\u00fcssen Sie die Pedalplatten nach innen stecken und den Fu\u00df nach au\u00dfen bewegen und umgekehrt.<\/div>\n<h3>Soll die Klampe schwimmen oder fest sitzen?<\/h3>\n<div>Meistens haben die Schuhplatten eine Einstellschraube, um die Passform des Schuhs mit dem Pedal einzustellen. So k\u00f6nnen Sie zwischen der schwimmenden und der engen Situation w\u00e4hlen, um die beste Passform zu erhalten.<\/div>\n<h3>Warum sollten Sie bei Bici Bici kaufen?<\/h3>\n<div><\/div>\n<div>Bici bietet den besten Preis mit einer Garantie f\u00fcr die h\u00f6chste Produktqualit\u00e4t. Also bestellen Sie Ihren Schuh jetzt.<\/div>","protected":false},"excerpt":{"rendered":"<p>Tacchetti per bici (prezzo all&#8217;ingrosso) Stai cercando di acquistare tacchette per bici? Vendiamo tacchetti di alta qualit\u00e0 al miglior prezzo. Cosa sono le scarpe da ginnastica? I tacchetti per scarpe sono gli attacchi per le scarpe per ridurre la trazione e fornire pi\u00f9 attrito per evitare scivolamenti. Solitamente, presenti nella forma a lama, le tacchette [&#8230;]\n","protected":false},"author":2,"featured_media":0,"parent":0,"menu_order":10,"comment_status":"closed","ping_status":"closed","template":"","meta":{"footnotes":""},"class_list":["post-8479","page","type-page","status-publish","hentry"],"_links":{"self":[{"href":"https:\/\/bici-bici.it\/de\/wp-json\/wp\/v2\/pages\/8479","targetHints":{"allow":["GET"]}}],"collection":[{"href":"https:\/\/bici-bici.it\/de\/wp-json\/wp\/v2\/pages"}],"about":[{"href":"https:\/\/bici-bici.it\/de\/wp-json\/wp\/v2\/types\/page"}],"author":[{"embeddable":true,"href":"https:\/\/bici-bici.it\/de\/wp-json\/wp\/v2\/users\/2"}],"replies":[{"embeddable":true,"href":"https:\/\/bici-bici.it\/de\/wp-json\/wp\/v2\/comments?post=8479"}],"version-history":[{"count":0,"href":"https:\/\/bici-bici.it\/de\/wp-json\/wp\/v2\/pages\/8479\/revisions"}],"wp:attachment":[{"href":"https:\/\/bici-bici.it\/de\/wp-json\/wp\/v2\/media?parent=8479"}],"curies":[{"name":"wp","href":"https:\/\/api.w.org\/{rel}","templated":true}]}}