{"id":8471,"date":"2021-03-20T12:13:57","date_gmt":"2021-03-20T12:13:57","guid":{"rendered":"http:\/\/bici-bici.it\/?page_id=8471"},"modified":"2023-06-30T05:26:59","modified_gmt":"2023-06-30T05:26:59","slug":"ammortizzatore-posteriore-per-mountain-bike","status":"publish","type":"page","link":"https:\/\/bici-bici.it\/de\/hinterradstosdampfer-fur-mountainbikes\/","title":{"rendered":"Hinterer Sto\u00dfd\u00e4mpfer f\u00fcr Mountainbikes"},"content":{"rendered":"<p><span style=\"font-size: 115%;\">\t\n  \n    <div class=\"row large-columns-3 medium-columns- small-columns-2 row-small\" >\n  \n\t     <div class=\"product-small col has-hover product type-product post-12402 status-publish first instock product_cat-ammortizzatore product_cat-forcelle-mtb has-post-thumbnail taxable shipping-taxable purchasable product-type-simple\">\n\t<div class=\"col-inner\">\n\t\n<div class=\"badge-container absolute left top z-1\">\n\n<\/div>\n\t<div class=\"product-small box\">\n\t\t<div class=\"box-image\">\n\t\t\t<div class=\"image-fade_in_back\">\n\t\t\t\t<a href=\"https:\/\/bici-bici.it\/de\/product\/rockshox-csu-pike-dual-position-1-1-8-1-5-federgabel-krone-27-5\/\" aria-label=\"RockShox CSU Pike Dual Position 1 1\/8-1,5&quot; Federgabel Krone 27,5&quot;\">\n\t\t\t\t\t<img loading=\"lazy\" decoding=\"async\" width=\"400\" height=\"400\" src=\"https:\/\/bici-bici.it\/wp-content\/uploads\/2023\/06\/1-130.jpg\" class=\"attachment-woocommerce_thumbnail size-woocommerce_thumbnail\" alt=\"RockShox CSU Pike Dual Position 1 1\/8-1,5&quot; Federgabel Krone 27,5&quot;\" srcset=\"https:\/\/bici-bici.it\/wp-content\/uploads\/2023\/06\/1-130.jpg 400w, https:\/\/bici-bici.it\/wp-content\/uploads\/2023\/06\/1-130-100x100.jpg 100w, https:\/\/bici-bici.it\/wp-content\/uploads\/2023\/06\/1-130-64x64.jpg 64w, https:\/\/bici-bici.it\/wp-content\/uploads\/2023\/06\/1-130-280x280.jpg 280w, https:\/\/bici-bici.it\/wp-content\/uploads\/2023\/06\/1-130-12x12.jpg 12w\" sizes=\"auto, (max-width: 400px) 100vw, 400px\" \/>\t\t\t\t<\/a>\n\t\t\t<\/div>\n\t\t\t<div class=\"image-tools is-small top right show-on-hover\">\n\t\t\t\t\t\t\t<\/div>\n\t\t\t<div class=\"image-tools is-small hide-for-small bottom left show-on-hover\">\n\t\t\t\t\t\t\t<\/div>\n\t\t\t<div class=\"image-tools grid-tools text-center hide-for-small bottom hover-slide-in show-on-hover\">\n\t\t\t\t  <a class=\"quick-view\" data-prod=\"12402\" href=\"#quick-view\">Schnellansicht<\/a>\t\t\t<\/div>\n\t\t\t\t\t<\/div>\n\n\t\t<div class=\"box-text box-text-products\">\n\t\t\t<div class=\"title-wrapper\">\t\t<p class=\"category uppercase is-smaller no-text-overflow product-cat op-7\">\n\t\t\tSto\u00dfd\u00e4mpfer MTB\t\t<\/p>\n\t<p class=\"name product-title woocommerce-loop-product__title\"><a href=\"https:\/\/bici-bici.it\/de\/product\/rockshox-csu-pike-dual-position-1-1-8-1-5-federgabel-krone-27-5\/\" class=\"woocommerce-LoopProduct-link woocommerce-loop-product__link\">RockShox CSU Pike Dual Position 1 1\/8-1.5\u2033 Federgabel Krone 27.5\u2033<\/a><\/p><\/div><div class=\"price-wrapper\">\n\t<span class=\"price\"><span class=\"woocommerce-Price-amount amount\"><bdi>233,44&nbsp;<span class=\"woocommerce-Price-currencySymbol\">\u20ac<\/span><\/bdi><\/span><\/span>\n<\/div>\t\t<\/div>\n\t<\/div>\n\t\t<\/div>\n<\/div><div class=\"product-small col has-hover product type-product post-12380 status-publish instock product_cat-da-corsa product_cat-ammortizzatore product_cat-bici-bambini product_cat-biciclette product_cat-elettriche product_cat-biciclette-gravel product_cat-mtb product_cat-cassette-e-pacco-pignoni product_cat-city-bike product_cat-cyclocross-frame-carbon product_cat-deragliatore product_cat-fat-bike product_cat-forcelle-mtb product_cat-gravel-frameset-carbon product_cat-guarniture-e-pedivelle product_cat-men-pants product_cat-mtb-frame-carbon product_cat-pants product_cat-ricambi-bici product_cat-road-frameset-carbon product_cat-ruote-complete-e-raggi product_cat-ski-snowboard product_cat-selle product_cat-tacchette product_cat-telai product_cat-triathlon-frameset-carbon has-post-thumbnail sale taxable shipping-taxable purchasable product-type-simple\">\n\t<div class=\"col-inner\">\n\t\n<div class=\"badge-container absolute left top z-1\">\n<div class=\"callout badge badge-circle\"><div class=\"badge-inner secondary on-sale\"><span class=\"onsale\" data-no-translation=\"\" data-trp-gettext=\"\">Angebot!<\/span><\/div><\/div>\n<\/div>\n\t<div class=\"product-small box\">\n\t\t<div class=\"box-image\">\n\t\t\t<div class=\"image-fade_in_back\">\n\t\t\t\t<a href=\"https:\/\/bici-bici.it\/de\/product\/neuner-rlt-e9-rdo-4-star-28-11-fach-2021-2022-herren-schotter-e-fahrrad-carbon-59\/\" aria-label=\"Niner RLT E9 RDO 4-STAR 28&quot; 11 Fach 2021\/2022 Herren Gravel E-Fahrrad\/Carbon 59\">\n\t\t\t\t\t<img loading=\"lazy\" decoding=\"async\" width=\"500\" height=\"500\" src=\"https:\/\/bici-bici.it\/wp-content\/uploads\/2023\/06\/Niner-RLT-E9-RDO-4-STAR-28.jpg\" class=\"attachment-woocommerce_thumbnail size-woocommerce_thumbnail\" alt=\"Niner RLT E9 RDO 4-STAR 28&quot;\" srcset=\"https:\/\/bici-bici.it\/wp-content\/uploads\/2023\/06\/Niner-RLT-E9-RDO-4-STAR-28.jpg 500w, https:\/\/bici-bici.it\/wp-content\/uploads\/2023\/06\/Niner-RLT-E9-RDO-4-STAR-28-100x100.jpg 100w, https:\/\/bici-bici.it\/wp-content\/uploads\/2023\/06\/Niner-RLT-E9-RDO-4-STAR-28-64x64.jpg 64w, https:\/\/bici-bici.it\/wp-content\/uploads\/2023\/06\/Niner-RLT-E9-RDO-4-STAR-28-400x400.jpg 400w, https:\/\/bici-bici.it\/wp-content\/uploads\/2023\/06\/Niner-RLT-E9-RDO-4-STAR-28-280x280.jpg 280w, https:\/\/bici-bici.it\/wp-content\/uploads\/2023\/06\/Niner-RLT-E9-RDO-4-STAR-28-12x12.jpg 12w\" sizes=\"auto, (max-width: 500px) 100vw, 500px\" \/>\t\t\t\t<\/a>\n\t\t\t<\/div>\n\t\t\t<div class=\"image-tools is-small top right show-on-hover\">\n\t\t\t\t\t\t\t<\/div>\n\t\t\t<div class=\"image-tools is-small hide-for-small bottom left show-on-hover\">\n\t\t\t\t\t\t\t<\/div>\n\t\t\t<div class=\"image-tools grid-tools text-center hide-for-small bottom hover-slide-in show-on-hover\">\n\t\t\t\t  <a class=\"quick-view\" data-prod=\"12380\" href=\"#quick-view\">Schnellansicht<\/a>\t\t\t<\/div>\n\t\t\t\t\t<\/div>\n\n\t\t<div class=\"box-text box-text-products\">\n\t\t\t<div class=\"title-wrapper\">\t\t<p class=\"category uppercase is-smaller no-text-overflow product-cat op-7\">\n\t\t\tRennfahrr\u00e4der\t\t<\/p>\n\t<p class=\"name product-title woocommerce-loop-product__title\"><a href=\"https:\/\/bici-bici.it\/de\/product\/neuner-rlt-e9-rdo-4-star-28-11-fach-2021-2022-herren-schotter-e-fahrrad-carbon-59\/\" class=\"woocommerce-LoopProduct-link woocommerce-loop-product__link\">Niner RLT E9 RDO 4-STAR 28\u2033 11 Fach 2021\/2022 Herren Gravel E-Fahrrad\/Carbon 59<\/a><\/p><\/div><div class=\"price-wrapper\">\n\t<span class=\"price\"><del aria-hidden=\"true\"><span class=\"woocommerce-Price-amount amount\"><bdi>5.800,00&nbsp;<span class=\"woocommerce-Price-currencySymbol\">\u20ac<\/span><\/bdi><\/span><\/del> <span class=\"screen-reader-text\" data-no-translation=\"\" data-trp-gettext=\"\">Urspr\u00fcnglicher Preis war: 5.800,00&nbsp;&euro;<\/span><ins aria-hidden=\"true\"><span class=\"woocommerce-Price-amount amount\"><bdi>4.785,00&nbsp;<span class=\"woocommerce-Price-currencySymbol\">\u20ac<\/span><\/bdi><\/span><\/ins><span class=\"screen-reader-text\" data-no-translation=\"\" data-trp-gettext=\"\">Aktueller Preis ist: 4.785,00&nbsp;&euro;.<\/span><\/span>\n<\/div>\t\t<\/div>\n\t<\/div>\n\t\t<\/div>\n<\/div><\/div><\/span><\/p>\n<h2 style=\"text-align: center;\"><span style=\"font-size: 115%;\">Hinterer Sto\u00dfd\u00e4mpfer f\u00fcr Mountainbikes (Outlet-Preise)<\/span><\/h2>\n<div><\/div>\n<div style=\"text-align: center;\"><span style=\"font-size: 115%;\"><strong>Sie m\u00f6chten einen hinteren Sto\u00dfd\u00e4mpfer f\u00fcr Mountainbikes kaufen? Bei uns k\u00f6nnen Sie hochwertige Fahrradsto\u00dfd\u00e4mpfer zu Discountpreisen kaufen.<\/strong><\/span><\/div>\n<h3><span style=\"font-size: 115%;\">Was ist ein hinterer Sto\u00dfd\u00e4mpfer?<\/span><\/h3>\n<div><span style=\"font-size: 115%;\">Die Zusammensetzung des hinteren Sto\u00dfd\u00e4mpfers ist einzigartig und besteht aus Teleskoprohren, die ineinander gleiten. Die Feder wirkt als Sto\u00dfd\u00e4mpfer, und der gesamte Mechanismus wird mit Hilfe des Auges auf jeder Seite Teil des Fahrrads. In jedem Auge l\u00e4uft ein kleines Lager durch die aktive Federung, um die gew\u00fcnschte Sto\u00dfd\u00e4mpfung zu gew\u00e4hrleisten.<\/span><\/div>\n<h3><span style=\"font-size: 115%;\">Wie funktioniert der hintere Sto\u00dfd\u00e4mpfer?<\/span><\/h3>\n<div><span style=\"font-size: 115%;\">Hintere Sto\u00dfd\u00e4mpfer schaffen einen Mechanismus, durch den die Federbewegung ged\u00e4mpft und der Sto\u00df abgefedert wird. Das Ein- und Ausfedern der Feder wird \u00fcber die Zeit verteilt, was zu weniger pl\u00f6tzlichen St\u00f6\u00dfen f\u00fchrt.<\/span><\/div>\n<h3><span style=\"font-size: 115%;\">Wie findet man den richtigen hinteren Sto\u00dfd\u00e4mpfer?<\/span><\/h3>\n<div><span style=\"font-size: 115%;\">Unabh\u00e4ngig davon, ob Sie Ihr vorhandenes Federbein aufr\u00fcsten oder ein neues einbauen m\u00f6chten, sollten Sie auf zwei Dinge achten: Gr\u00f6\u00dfe und Art der Feder.<\/span><\/div>\n<div><\/div>\n<div><span style=\"font-size: 115%;\">Die L\u00e4nge von Auge zu Auge des Fahrradsto\u00dfd\u00e4mpfers ist das, was ich mit Gr\u00f6\u00dfe meinte. Sie k\u00f6nnen die Gr\u00f6\u00dfe der vorhandenen Fahrradsto\u00dfd\u00e4mpfer messen und Sto\u00dfd\u00e4mpfer der gleichen Gr\u00f6\u00dfe nachbestellen.<\/span><\/div>\n<div><\/div>\n<div><span style=\"font-size: 115%;\">Es gibt zwei Arten von Federn: Luftfedern und Spiralfedern. Sie k\u00f6nnen diejenige w\u00e4hlen, die f\u00fcr Sie am bequemsten ist.<\/span><\/div>\n<h3><span style=\"font-size: 115%;\">Ben\u00f6tigen Sie au\u00dfer den hinteren Sto\u00dfd\u00e4mpfern noch etwas anderes?<\/span><\/h3>\n<div><span style=\"font-size: 115%;\">Ja, wenn Sie Ihr Fahrrad aufr\u00fcsten und neue Sto\u00dfd\u00e4mpfer kaufen, m\u00fcssen Sie auch Schrauben kaufen. Diese Schrauben sind f\u00fcr die Befestigung der hinteren Sto\u00dfd\u00e4mpfer am Rahmen unerl\u00e4sslich. Wenn Sie Ihr Fahrrad selbst reparieren wollen, kann Ihnen Ihr Mechaniker zwar bei der Wahl der richtigen Gr\u00f6\u00dfe behilflich sein, aber Sie m\u00fcssen sehen <a href=\"https:\/\/kroki.ro\" target=\"_blank\" rel=\"noopener\">mechanisches R\u00e4tsel<\/a> ob 5 mm- oder 7 mm-Schrauben funktionieren.<\/span><\/div>\n<h3><span style=\"font-size: 115%;\">Passen die hinteren Sto\u00dfd\u00e4mpfer erst, nachdem sie repariert worden sind?<\/span><\/h3>\n<div><span style=\"font-size: 115%;\">Sie k\u00f6nnen die hinteren Sto\u00dfd\u00e4mpfer als voll funktionsf\u00e4hig betrachten, aber um sie an Ihren Fahrstil und Ihr K\u00f6rpergewicht anzupassen, ben\u00f6tigen Sie ein paar Drehungen. Mit der Einstellung der Nachgiebigkeit wird die Auf- und Abspulung angepasst, um Ihnen zu einer sanften Fahrt zu verhelfen.<\/span><\/div>\n<h3><span style=\"font-size: 115%;\">Gibt es aktuelle Fahrradsto\u00dfd\u00e4mpfer?<\/span><\/h3>\n<div><span style=\"font-size: 115%;\">Wenn Sie in Ihr Fahrrad verliebt sind und es mit der neuesten Technologie ausstatten wollen, dann sind Plattformd\u00e4mpfer genau das Richtige f\u00fcr Sie. Diese D\u00e4mpfer bleiben ger\u00e4uschlos, wenn der Druck unter einem bestimmten Wert bleibt. Das bedeutet, dass sie durch die Tretkraft nicht aktiviert werden, was es einfacher macht, sanft weiterzupaddeln. Sie funktionieren jedoch gut, wenn Sie auf unwegsames Gel\u00e4nde treffen.<\/span><\/div>\n<h3><span style=\"font-size: 115%;\">Warum sollten Sie bei Bici Bici kaufen?<\/span><\/h3>\n<div><span style=\"font-size: 115%;\">Sie k\u00f6nnen von uns qualitativ hochwertige Produkte zum bestm\u00f6glichen Preis erwarten, da wir versuchen, unseren Kunden Gro\u00dfhandelspreise anzubieten.<\/span><\/div>","protected":false},"excerpt":{"rendered":"<p>Ammortizzatore posteriore per mountain bike (prezzi Outlet) Stai cercando di acquistare un ammortizzatore posteriore per mountain bike? Puoi acquistare ammortizzatori per bici di qualit\u00e0 da noi a prezzi scontati. Cos&#8217;\u00e8 un ammortizzatore posteriore? La composizione dell&#8217;ammortizzatore posteriore \u00e8 unica, costituita da tubi telescopici che scorrono l&#8217;uno nell&#8217;altro. La molla funge da ammortizzatore, e l&#8217;intero meccanismo [&#8230;]\n","protected":false},"author":2,"featured_media":12291,"parent":0,"menu_order":7,"comment_status":"closed","ping_status":"closed","template":"","meta":{"footnotes":""},"class_list":["post-8471","page","type-page","status-publish","has-post-thumbnail","hentry"],"_links":{"self":[{"href":"https:\/\/bici-bici.it\/de\/wp-json\/wp\/v2\/pages\/8471","targetHints":{"allow":["GET"]}}],"collection":[{"href":"https:\/\/bici-bici.it\/de\/wp-json\/wp\/v2\/pages"}],"about":[{"href":"https:\/\/bici-bici.it\/de\/wp-json\/wp\/v2\/types\/page"}],"author":[{"embeddable":true,"href":"https:\/\/bici-bici.it\/de\/wp-json\/wp\/v2\/users\/2"}],"replies":[{"embeddable":true,"href":"https:\/\/bici-bici.it\/de\/wp-json\/wp\/v2\/comments?post=8471"}],"version-history":[{"count":0,"href":"https:\/\/bici-bici.it\/de\/wp-json\/wp\/v2\/pages\/8471\/revisions"}],"wp:featuredmedia":[{"embeddable":true,"href":"https:\/\/bici-bici.it\/de\/wp-json\/wp\/v2\/media\/12291"}],"wp:attachment":[{"href":"https:\/\/bici-bici.it\/de\/wp-json\/wp\/v2\/media?parent=8471"}],"curies":[{"name":"wp","href":"https:\/\/api.w.org\/{rel}","templated":true}]}}