{"id":8447,"date":"2021-02-26T13:46:20","date_gmt":"2021-02-26T13:46:20","guid":{"rendered":"http:\/\/bici-bici.it\/?page_id=8447"},"modified":"2021-12-24T10:29:00","modified_gmt":"2021-12-24T10:29:00","slug":"pedivelle-bici-da-strada","status":"publish","type":"page","link":"https:\/\/bici-bici.it\/de\/rennradkurbeln-2\/","title":{"rendered":"Rennrad Kurbeln"},"content":{"rendered":"<div class=\"row large-columns-3 medium-columns- small-columns-2 row-small\" >\n  \n\t     <div class=\"product-small col has-hover product type-product post-12380 status-publish first instock product_cat-da-corsa product_cat-ammortizzatore product_cat-bici-bambini product_cat-biciclette product_cat-elettriche product_cat-biciclette-gravel product_cat-mtb product_cat-cassette-e-pacco-pignoni product_cat-city-bike product_cat-cyclocross-frame-carbon product_cat-deragliatore product_cat-fat-bike product_cat-forcelle-mtb product_cat-gravel-frameset-carbon product_cat-guarniture-e-pedivelle product_cat-men-pants product_cat-mtb-frame-carbon product_cat-pants product_cat-ricambi-bici product_cat-road-frameset-carbon product_cat-ruote-complete-e-raggi product_cat-ski-snowboard product_cat-selle product_cat-tacchette product_cat-telai product_cat-triathlon-frameset-carbon has-post-thumbnail sale taxable shipping-taxable purchasable product-type-simple\">\n\t<div class=\"col-inner\">\n\t\n<div class=\"badge-container absolute left top z-1\">\n<div class=\"callout badge badge-circle\"><div class=\"badge-inner secondary on-sale\"><span class=\"onsale\" data-no-translation=\"\" data-trp-gettext=\"\">Angebot!<\/span><\/div><\/div>\n<\/div>\n\t<div class=\"product-small box\">\n\t\t<div class=\"box-image\">\n\t\t\t<div class=\"image-fade_in_back\">\n\t\t\t\t<a href=\"https:\/\/bici-bici.it\/de\/product\/neuner-rlt-e9-rdo-4-star-28-11-fach-2021-2022-herren-schotter-e-fahrrad-carbon-59\/\" aria-label=\"Niner RLT E9 RDO 4-STAR 28&quot; 11 Fach 2021\/2022 Herren Gravel E-Fahrrad\/Carbon 59\">\n\t\t\t\t\t<img loading=\"lazy\" decoding=\"async\" width=\"500\" height=\"500\" src=\"https:\/\/bici-bici.it\/wp-content\/uploads\/2023\/06\/Niner-RLT-E9-RDO-4-STAR-28.jpg\" class=\"attachment-woocommerce_thumbnail size-woocommerce_thumbnail\" alt=\"Niner RLT E9 RDO 4-STAR 28&quot;\" srcset=\"https:\/\/bici-bici.it\/wp-content\/uploads\/2023\/06\/Niner-RLT-E9-RDO-4-STAR-28.jpg 500w, https:\/\/bici-bici.it\/wp-content\/uploads\/2023\/06\/Niner-RLT-E9-RDO-4-STAR-28-100x100.jpg 100w, https:\/\/bici-bici.it\/wp-content\/uploads\/2023\/06\/Niner-RLT-E9-RDO-4-STAR-28-64x64.jpg 64w, https:\/\/bici-bici.it\/wp-content\/uploads\/2023\/06\/Niner-RLT-E9-RDO-4-STAR-28-400x400.jpg 400w, https:\/\/bici-bici.it\/wp-content\/uploads\/2023\/06\/Niner-RLT-E9-RDO-4-STAR-28-280x280.jpg 280w, https:\/\/bici-bici.it\/wp-content\/uploads\/2023\/06\/Niner-RLT-E9-RDO-4-STAR-28-12x12.jpg 12w\" sizes=\"auto, (max-width: 500px) 100vw, 500px\" \/>\t\t\t\t<\/a>\n\t\t\t<\/div>\n\t\t\t<div class=\"image-tools is-small top right show-on-hover\">\n\t\t\t\t\t\t\t<\/div>\n\t\t\t<div class=\"image-tools is-small hide-for-small bottom left show-on-hover\">\n\t\t\t\t\t\t\t<\/div>\n\t\t\t<div class=\"image-tools grid-tools text-center hide-for-small bottom hover-slide-in show-on-hover\">\n\t\t\t\t  <a class=\"quick-view\" data-prod=\"12380\" href=\"#quick-view\">Schnellansicht<\/a>\t\t\t<\/div>\n\t\t\t\t\t<\/div>\n\n\t\t<div class=\"box-text box-text-products\">\n\t\t\t<div class=\"title-wrapper\">\t\t<p class=\"category uppercase is-smaller no-text-overflow product-cat op-7\">\n\t\t\tRennfahrr\u00e4der\t\t<\/p>\n\t<p class=\"name product-title woocommerce-loop-product__title\"><a href=\"https:\/\/bici-bici.it\/de\/product\/neuner-rlt-e9-rdo-4-star-28-11-fach-2021-2022-herren-schotter-e-fahrrad-carbon-59\/\" class=\"woocommerce-LoopProduct-link woocommerce-loop-product__link\">Niner RLT E9 RDO 4-STAR 28\u2033 11 Fach 2021\/2022 Herren Gravel E-Fahrrad\/Carbon 59<\/a><\/p><\/div><div class=\"price-wrapper\">\n\t<span class=\"price\"><del aria-hidden=\"true\"><span class=\"woocommerce-Price-amount amount\"><bdi>5.800,00&nbsp;<span class=\"woocommerce-Price-currencySymbol\">\u20ac<\/span><\/bdi><\/span><\/del> <span class=\"screen-reader-text\" data-no-translation=\"\" data-trp-gettext=\"\">Urspr\u00fcnglicher Preis war: 5.800,00&nbsp;&euro;<\/span><ins aria-hidden=\"true\"><span class=\"woocommerce-Price-amount amount\"><bdi>4.785,00&nbsp;<span class=\"woocommerce-Price-currencySymbol\">\u20ac<\/span><\/bdi><\/span><\/ins><span class=\"screen-reader-text\" data-no-translation=\"\" data-trp-gettext=\"\">Aktueller Preis ist: 4.785,00&nbsp;&euro;.<\/span><\/span>\n<\/div>\t\t<\/div>\n\t<\/div>\n\t\t<\/div>\n<\/div><\/div>\n<h2 style=\"text-align: center;\">Rennrad Kurbeln (Ausverkaufspreise)<\/h2>\n<div>\u00a0<\/div>\n<div style=\"text-align: center;\"><span style=\"font-size: 105%;\"><strong>Sie suchen Rennradkurbeln? Dann sind Sie bei uns genau richtig, denn wir verkaufen hochwertige Rennradkurbeln zum besten Preis.<\/strong><\/span><\/div>\n<div>\u00a0<\/div>\n<div><span style=\"font-size: 105%;\">Bevor Sie sich auf Ihr Fahrrad schwingen, ist es sehr wichtig, dass Sie alle technischen und mechanischen Aspekte des Fahrradfahrens kennen. Es geht nicht nur darum, den Hebel in eine Richtung zu dr\u00fccken und in die Pedale zu treten; es geht darum zu verstehen, wie alles funktioniert.<\/span><\/div>\n<div>\u00a0<\/div>\n<div><span style=\"font-size: 105%;\">Die Kurbel und ihre Teile sind das Herzst\u00fcck des Antriebsstrangs Ihres Fahrrads. Ohne sie kann Ihr Fahrrad nicht funktionieren; sie muss au\u00dferdem stark, leicht und langlebig sein. Lesen Sie mehr \u00fcber Fahrradkurbeln und erfahren Sie alles, was ebenso wichtig ist.<\/span><\/div>\n<h3><span style=\"font-size: 105%;\">1: Was ist eine Fahrradkurbel?<\/span><\/h3>\n<div><span style=\"font-size: 105%;\">Eine Fahrradkurbel ist ein Bauteil, mit dem das Kettenblatt angeschraubt wird; Kurbeln sind die Hebel, die am Pedal befestigt sind. Ohne die Kurbelgarnitur k\u00f6nnen Sie nicht mit Ihrem Fahrrad fahren.<\/span><\/div>\n<div>\u00a0<\/div>\n<div><span style=\"font-size: 105%;\">Die Kurbeln sind auf beiden Seiten des Fahrrads montiert und durch eine Achse verbunden. Dar\u00fcber hinaus gibt es verschiedene Arten von Kurbeln: Stahl, Aluminium, Kohlefaser usw.<\/span><\/div>\n<h2><span style=\"font-size: 105%;\">2: Wie funktioniert die Fahrradkurbel?<\/span><\/h2>\n<div><span style=\"font-size: 105%;\">Bei BMX-R\u00e4dern funktionieren Stahlkurbeln am besten. Das vordere Kettenblatt wird als Kurbel bezeichnet und ist mit den Kurbeln zusammengebaut oder allgemein als \"Kurbelsatz\" bekannt;<\/span><\/div>\n<div>\u00a0<\/div>\n<div><span style=\"font-size: 105%;\">Die Kurbel wird zum Ritzel, und wenn sich die Kette von der Mittellinie des Fahrrads entfernt, wird das Treten schwieriger, je schneller man f\u00e4hrt. Es ist relativ einfach, den Mechanismus zu verstehen, wenn man die Hauptkomponenten kennt.<\/span><\/div>\n<h3><span style=\"font-size: 105%;\">3: Welche BMX-Kurbel ist die richtige f\u00fcr mich?<\/span><\/h3>\n<div><span style=\"font-size: 105%;\">Es gibt spezielle Kurbelserien f\u00fcr BMX-R\u00e4der und je nach Art des BMX k\u00f6nnen Sie Ihre Kurbel ausw\u00e4hlen.<\/span><\/div>\n<div>\u00a0<\/div>\n<div><span style=\"font-size: 105%;\">Rennkurbeln: Sie sind aus Aluminium und Carbon gefertigt und sparen viel Gewicht am Fahrrad. Au\u00dferdem wird mit der Race-Kurbel am BMX-Rad ein Tretlager im Euro-Style ben\u00f6tigt.<\/span><\/div>\n<div><span style=\"font-size: 105%;\">Dreiteilig: die beliebteste Kurbelgarnitur, die man h\u00e4ufig bei BMX-Freestyle-R\u00e4dern findet. Allerdings haben sie zwei separate Kurbeln, die an einer verzahnten Achse befestigt sind.<\/span><\/div>\n<div><span style=\"font-size: 105%;\">Einteilig: Diese Kurbel ist bei Einsteiger- oder Anf\u00e4ngerfahrr\u00e4dern zu finden. Au\u00dferdem muss f\u00fcr diese Kurbel das Tretlager im amerikanischen Stil montiert werden.<\/span><\/div>\n<div>\u00a0<\/div>\n<h3><span style=\"font-size: 105%;\">4: Was sind die wichtigsten Faktoren beim Wechsel der Fahrradkurbel?<\/span><\/h3>\n<div><span style=\"font-size: 105%;\">Wenn Sie Ihre BMX-Kurbel aufr\u00fcsten oder ersetzen, achten Sie darauf, dass Sie die richtigen Abmessungen erhalten. Es ist wichtig, den genauen Achsdurchmesser und die Kurbell\u00e4nge zu kennen.<\/span><\/div>\n<div>\u00a0<\/div>\n<div><span style=\"font-size: 105%;\">Achsdurchmesser: Sie m\u00fcssen zuerst die Kompatibilit\u00e4t des Tretlagers mit der Achse pr\u00fcfen. Die beiden g\u00e4ngigen Achsen sind 19 und 22 mm. Dar\u00fcber hinaus gibt es verschiedene Keilwellenmodelle: 48, 16 und 8 Keilwellen sind die g\u00e4ngigsten. Messen Sie Achse und Verzahnung genau aus, um sicherzustellen, dass Ihr Ritzel zu Ihrer neuen Kurbelgarnitur passt.<\/span><\/div>\n<div><span style=\"font-size: 105%;\">Kurbell\u00e4nge: Sie misst die L\u00e4nge von der Tretlagerachse bis zur Mitte der Pedalachse. Die meisten Kurbeln sind jedoch 170 oder 175 mm oder weniger als 140 mm und bis zu 190 mm lang. W\u00e4hlen Sie die Kurbel, die zu Ihrer Beingr\u00f6\u00dfe passt; sie bietet Ihnen optimalen Komfort und Kontrolle.<\/span><\/div>\n<h3><span style=\"font-size: 105%;\">5: Warum bei uns kaufen?<\/span><\/h3>\n<div><span style=\"font-size: 105%;\">Nun, da Sie alles \u00fcber Fahrradkurbeln, insbesondere BMX-Kurbeln, wissen, k\u00f6nnen Sie leicht erkunden ein paar Optionen.<\/span><\/div>\n<div>\u00a0<\/div>\n<div><span style=\"font-size: 105%;\">Unser Sortiment an Ersatzkurbeln, Zahnkr\u00e4nzen, Lagern, Schrauben und Abstandshaltern erh\u00f6ht jedoch die Lebensdauer Ihres Fahrrads. Au\u00dferdem sorgen unsere Kurbeln daf\u00fcr, dass Ihre Fahrt so reibungslos verl\u00e4uft, wie sie sein sollte.<\/span><\/div>","protected":false},"excerpt":{"rendered":"<p>Pedivelle Bici da Strada (Prezzi Outlet) \u00a0 Cerchi le pedivelle per bici da strada? Sei nel posto giusto perch\u00e9 vendiamo pedivelle per bici da strada di alta qualit\u00e0 al miglior prezzo. \u00a0 Prima di andare all-in con la tua bicicletta, \u00e8 molto importante conoscere tutti i tecnicismi e i meccanismi di guida di una bicicletta. [&#8230;]\n","protected":false},"author":2,"featured_media":0,"parent":0,"menu_order":34,"comment_status":"closed","ping_status":"closed","template":"","meta":{"footnotes":""},"class_list":["post-8447","page","type-page","status-publish","hentry"],"_links":{"self":[{"href":"https:\/\/bici-bici.it\/de\/wp-json\/wp\/v2\/pages\/8447","targetHints":{"allow":["GET"]}}],"collection":[{"href":"https:\/\/bici-bici.it\/de\/wp-json\/wp\/v2\/pages"}],"about":[{"href":"https:\/\/bici-bici.it\/de\/wp-json\/wp\/v2\/types\/page"}],"author":[{"embeddable":true,"href":"https:\/\/bici-bici.it\/de\/wp-json\/wp\/v2\/users\/2"}],"replies":[{"embeddable":true,"href":"https:\/\/bici-bici.it\/de\/wp-json\/wp\/v2\/comments?post=8447"}],"version-history":[{"count":0,"href":"https:\/\/bici-bici.it\/de\/wp-json\/wp\/v2\/pages\/8447\/revisions"}],"wp:attachment":[{"href":"https:\/\/bici-bici.it\/de\/wp-json\/wp\/v2\/media?parent=8447"}],"curies":[{"name":"wp","href":"https:\/\/api.w.org\/{rel}","templated":true}]}}