{"id":8440,"date":"2021-02-26T06:21:36","date_gmt":"2021-02-26T06:21:36","guid":{"rendered":"http:\/\/bici-bici.it\/?page_id=8440"},"modified":"2023-10-10T07:58:57","modified_gmt":"2023-10-10T07:58:57","slug":"telai-per-mountain-bike","status":"publish","type":"page","link":"https:\/\/bici-bici.it\/de\/mountainbike-rahmen\/","title":{"rendered":"Mountainbike-Rahmen"},"content":{"rendered":"<div class=\"row large-columns-3 medium-columns- small-columns-2 row-small\" >\n  \n\t     <div class=\"product-small col has-hover product type-product post-12380 status-publish first instock product_cat-da-corsa product_cat-ammortizzatore product_cat-bici-bambini product_cat-biciclette product_cat-elettriche product_cat-biciclette-gravel product_cat-mtb product_cat-cassette-e-pacco-pignoni product_cat-city-bike product_cat-cyclocross-frame-carbon product_cat-deragliatore product_cat-fat-bike product_cat-forcelle-mtb product_cat-gravel-frameset-carbon product_cat-guarniture-e-pedivelle product_cat-men-pants product_cat-mtb-frame-carbon product_cat-pants product_cat-ricambi-bici product_cat-road-frameset-carbon product_cat-ruote-complete-e-raggi product_cat-ski-snowboard product_cat-selle product_cat-tacchette product_cat-telai product_cat-triathlon-frameset-carbon has-post-thumbnail sale taxable shipping-taxable purchasable product-type-simple\">\n\t<div class=\"col-inner\">\n\t\n<div class=\"badge-container absolute left top z-1\">\n<div class=\"callout badge badge-circle\"><div class=\"badge-inner secondary on-sale\"><span class=\"onsale\" data-no-translation=\"\" data-trp-gettext=\"\">Angebot!<\/span><\/div><\/div>\n<\/div>\n\t<div class=\"product-small box\">\n\t\t<div class=\"box-image\">\n\t\t\t<div class=\"image-fade_in_back\">\n\t\t\t\t<a href=\"https:\/\/bici-bici.it\/de\/product\/neuner-rlt-e9-rdo-4-star-28-11-fach-2021-2022-herren-schotter-e-fahrrad-carbon-59\/\" aria-label=\"Niner RLT E9 RDO 4-STAR 28&quot; 11 Fach 2021\/2022 Herren Gravel E-Fahrrad\/Carbon 59\">\n\t\t\t\t\t<img loading=\"lazy\" decoding=\"async\" width=\"500\" height=\"500\" src=\"https:\/\/bici-bici.it\/wp-content\/uploads\/2023\/06\/Niner-RLT-E9-RDO-4-STAR-28.jpg\" class=\"attachment-woocommerce_thumbnail size-woocommerce_thumbnail\" alt=\"Niner RLT E9 RDO 4-STAR 28&quot;\" srcset=\"https:\/\/bici-bici.it\/wp-content\/uploads\/2023\/06\/Niner-RLT-E9-RDO-4-STAR-28.jpg 500w, https:\/\/bici-bici.it\/wp-content\/uploads\/2023\/06\/Niner-RLT-E9-RDO-4-STAR-28-100x100.jpg 100w, https:\/\/bici-bici.it\/wp-content\/uploads\/2023\/06\/Niner-RLT-E9-RDO-4-STAR-28-64x64.jpg 64w, https:\/\/bici-bici.it\/wp-content\/uploads\/2023\/06\/Niner-RLT-E9-RDO-4-STAR-28-400x400.jpg 400w, https:\/\/bici-bici.it\/wp-content\/uploads\/2023\/06\/Niner-RLT-E9-RDO-4-STAR-28-280x280.jpg 280w, https:\/\/bici-bici.it\/wp-content\/uploads\/2023\/06\/Niner-RLT-E9-RDO-4-STAR-28-12x12.jpg 12w\" sizes=\"auto, (max-width: 500px) 100vw, 500px\" \/>\t\t\t\t<\/a>\n\t\t\t<\/div>\n\t\t\t<div class=\"image-tools is-small top right show-on-hover\">\n\t\t\t\t\t\t\t<\/div>\n\t\t\t<div class=\"image-tools is-small hide-for-small bottom left show-on-hover\">\n\t\t\t\t\t\t\t<\/div>\n\t\t\t<div class=\"image-tools grid-tools text-center hide-for-small bottom hover-slide-in show-on-hover\">\n\t\t\t\t  <a class=\"quick-view\" data-prod=\"12380\" href=\"#quick-view\">Schnellansicht<\/a>\t\t\t<\/div>\n\t\t\t\t\t<\/div>\n\n\t\t<div class=\"box-text box-text-products\">\n\t\t\t<div class=\"title-wrapper\">\t\t<p class=\"category uppercase is-smaller no-text-overflow product-cat op-7\">\n\t\t\tRennfahrr\u00e4der\t\t<\/p>\n\t<p class=\"name product-title woocommerce-loop-product__title\"><a href=\"https:\/\/bici-bici.it\/de\/product\/neuner-rlt-e9-rdo-4-star-28-11-fach-2021-2022-herren-schotter-e-fahrrad-carbon-59\/\" class=\"woocommerce-LoopProduct-link woocommerce-loop-product__link\">Niner RLT E9 RDO 4-STAR 28\u2033 11 Fach 2021\/2022 Herren Gravel E-Fahrrad\/Carbon 59<\/a><\/p><\/div><div class=\"price-wrapper\">\n\t<span class=\"price\"><del aria-hidden=\"true\"><span class=\"woocommerce-Price-amount amount\"><bdi>5.800,00&nbsp;<span class=\"woocommerce-Price-currencySymbol\">\u20ac<\/span><\/bdi><\/span><\/del> <span class=\"screen-reader-text\" data-no-translation=\"\" data-trp-gettext=\"\">Urspr\u00fcnglicher Preis war: 5.800,00&nbsp;&euro;<\/span><ins aria-hidden=\"true\"><span class=\"woocommerce-Price-amount amount\"><bdi>4.785,00&nbsp;<span class=\"woocommerce-Price-currencySymbol\">\u20ac<\/span><\/bdi><\/span><\/ins><span class=\"screen-reader-text\" data-no-translation=\"\" data-trp-gettext=\"\">Aktueller Preis ist: 4.785,00&nbsp;&euro;.<\/span><\/span>\n<\/div>\t\t<\/div>\n\t<\/div>\n\t\t<\/div>\n<\/div><\/div>\n<h2 style=\"text-align: center;\">Mountainbike-Rahmen (voller Verkaufspreis)<\/h2>\n<div><\/div>\n<div><strong>Sie m\u00f6chten einen Mountainbike-Rahmen kaufen?<\/strong> dann sind Sie bei uns richtig, denn wir verkaufen hochwertige Fahrradrahmen zu Ausverkaufspreisen.<\/div>\n<div><\/div>\n<div>Es ist nicht einfach, sich auf eine neue T\u00e4tigkeit einzulassen; man kann nicht einfach in ein neues Hobby eintauchen. Man muss sich mit verschiedenen Horizonten, Fahrwerkskonstruktionen, Hightech-Teilen und Zubeh\u00f6r vertraut machen.<\/div>\n<div><\/div>\n<div>Keine Sorge, wir haben alles im Griff. Wir haben alles in St\u00fccke gerissen; <a href=\"https:\/\/bici-bici.it\/de\/2022\/09\/01\/il-casco-da-bici-giusto\/\">wie Sie Ihr Fahrrad ausw\u00e4hlen<\/a>Sie k\u00f6nnen sich auf das Design verlassen, den Fahrradrahmen ausw\u00e4hlen usw. In einfacheren Worten, ein One-Stop-Shop f\u00fcr alles, was Sie wissen m\u00fcssen und kaufen von Ihrer Fahrt.<\/div>\n<div><\/div>\n<h3>1: Was ist ein Mountainbike-Rahmen?<\/h3>\n<div><\/div>\n<div>Die Wahl eines Fahrradrahmens kann eine schwierige Entscheidung sein. Es ist etwas, mit dem man nichts falsch machen kann; es ist praktisch so, als w\u00fcrde man sich ein neues Fahrrad zulegen. Denn der Rahmen entscheidet dar\u00fcber, wie das Fahrrad f\u00e4hrt und kann Ihr Fahrerlebnis dominieren.<\/div>\n<div><\/div>\n<div>Der Fahrradrahmen ist die wichtigste Komponente Ihres Fahrrads und Sie m\u00fcssen sicherstellen, dass Sie ihn auf der Grundlage genauer Messungen kaufen.<\/div>\n<div><\/div>\n<h3>2: Welche Fahrradrahmengr\u00f6\u00dfe sollte ich mir zulegen?<\/h3>\n<div><\/div>\n<div>Vielleicht haben Sie mit der Gr\u00f6\u00dfenangabe begonnen, die auf der L\u00e4nge des Steuerrohrs und der Rahmenbezeichnung des Fahrrads basiert; je nach Ihrer K\u00f6rpergr\u00f6\u00dfe. Das kann sicherlich ein guter Anfang sein, aber Sie m\u00fcssen das Fahrrad ausprobieren, das ganz zu Ihnen passt.<\/div>\n<div><\/div>\n<div>Zwischen Ihren F\u00fc\u00dfen und dem Boden sollte vollst\u00e4ndige Transparenz herrschen, damit Sie schnell absteigen k\u00f6nnen. Zu gro\u00dfe Fahrradrahmen k\u00f6nnen zu unbequemen und gestreckten Positionen f\u00fchren; ein kleiner Rahmen f\u00fchrt au\u00dferdem dazu, dass Sie sich beim Fahren eingeengt und ersch\u00f6pft f\u00fchlen.<\/div>\n<div><\/div>\n<h3>3: Welche Radgr\u00f6\u00dfe sollte f\u00fcr den genauen Rahmen gew\u00e4hlt werden?<\/h3>\n<div><\/div>\n<div>Wenn Sie die Rahmengr\u00f6\u00dfe Ihrer <a class=\"wpil_keyword_link\" href=\"https:\/\/bici-bici.it\/de\/product-category\/biciclette\/mtb\/\"   title=\"MTB\" data-wpil-keyword-link=\"linked\">MTB<\/a>m\u00fcssen Sie sicherstellen, dass Ihre R\u00e4der den Rahmen aufnehmen; oder umgekehrt.<\/div>\n<div><\/div>\n<div>Die Standardradgr\u00f6\u00dfen sind 26, 27,5 bzw. 29 Zoll. Wenn Sie jedoch versuchen, die falschen Ma\u00dfe einzugeben, ruinieren Sie den Bearbeitungsprozess.<\/div>\n<div><\/div>\n<h3>4: Aluminium- oder Karbonrahmen?<\/h3>\n<div><\/div>\n<div>Sie k\u00f6nnen den gleichen Fahrradrahmen in beiden Versionen haben: Carbon und Aluminium. Allerdings ist die Kohlefaser-Version etwas teurer als die anderen Materialien. Es geht aber nicht um den Preis, sondern um die Qualit\u00e4t und Haltbarkeit.<\/div>\n<div><\/div>\n<div>Carbonrahmen sind leichter als Aluminiumrahmen; Sie m\u00fcssen Ihr Gewicht und das Gewicht des Fahrrads nicht ausbalancieren. Der Vergleich zwischen den beiden ist ziemlich irref\u00fchrend, denn beide haben ihre Reize.<\/div>\n<div><\/div>\n<div>Der Profifahrer verl\u00e4sst sich immer auf Aluminiumrahmen; wie sie mit dem Gewicht jonglieren. Da Aluminiumrahmen extrem gut mit Stra\u00dfen und Trails zurechtkommen, lassen sie den Fahrer die Unebenheiten der Stra\u00dfe nicht sp\u00fcren.<\/div>\n<h3>5: Warum bei uns kaufen?<\/h3>\n<div><\/div>\n<div>Die Bewerberinnen und Bewerber m\u00fcssen ein gutes Verst\u00e4ndnis und Kenntnisse der Berg- und <a href=\"https:\/\/bici-bici.it\/de\/2022\/09\/01\/telai-per-bici-materiali-e-diversi-modelli\/\">Arten von Fahrradrahmen<\/a>. Vor dem Kauf eines MTB-Rahmens m\u00fcssen Sie Ihren Geschmack im Auge behalten.<\/div>\n<div><\/div>\n<div>Wir haben eine Vielzahl von Fahrradrahmen im Angebot, sowohl aus Carbon als auch aus Aluminium. Wir stellen auch sicher, dass Sie die richtige Art von Material, um Ihr Fahrrad passen zu bekommen.<\/div>","protected":false},"excerpt":{"rendered":"<p>Telaio per mountain bike (prezzo di vendita intero) Stai cercando di acquistare un telaio per mountain bike? sei nel posto giusto perch\u00e9 vendiamo telai per bici di alta qualit\u00e0 a prezzi di vendita interi. Impegnarsi in una nuova attivit\u00e0 non \u00e8 facile; non puoi semplicemente tuffarti in una nuova serie di hobby. Devi conoscere diversi [&#8230;]\n","protected":false},"author":2,"featured_media":0,"parent":0,"menu_order":29,"comment_status":"closed","ping_status":"closed","template":"","meta":{"footnotes":""},"class_list":["post-8440","page","type-page","status-publish","hentry"],"_links":{"self":[{"href":"https:\/\/bici-bici.it\/de\/wp-json\/wp\/v2\/pages\/8440","targetHints":{"allow":["GET"]}}],"collection":[{"href":"https:\/\/bici-bici.it\/de\/wp-json\/wp\/v2\/pages"}],"about":[{"href":"https:\/\/bici-bici.it\/de\/wp-json\/wp\/v2\/types\/page"}],"author":[{"embeddable":true,"href":"https:\/\/bici-bici.it\/de\/wp-json\/wp\/v2\/users\/2"}],"replies":[{"embeddable":true,"href":"https:\/\/bici-bici.it\/de\/wp-json\/wp\/v2\/comments?post=8440"}],"version-history":[{"count":0,"href":"https:\/\/bici-bici.it\/de\/wp-json\/wp\/v2\/pages\/8440\/revisions"}],"wp:attachment":[{"href":"https:\/\/bici-bici.it\/de\/wp-json\/wp\/v2\/media?parent=8440"}],"curies":[{"name":"wp","href":"https:\/\/api.w.org\/{rel}","templated":true}]}}