{"id":8431,"date":"2021-02-26T05:51:25","date_gmt":"2021-02-26T05:51:25","guid":{"rendered":"http:\/\/bici-bici.it\/?page_id=8431"},"modified":"2023-06-30T05:04:03","modified_gmt":"2023-06-30T05:04:03","slug":"forcelle-per-biciclette","status":"publish","type":"page","link":"https:\/\/bici-bici.it\/de\/fahrradgabeln-2\/","title":{"rendered":"Fahrradgabeln"},"content":{"rendered":"<p><span style=\"font-size: 110%;\">\t\n  \n    <div class=\"row large-columns-3 medium-columns- small-columns-2 row-small\" >\n  \n\t     <div class=\"product-small col has-hover product type-product post-12402 status-publish first instock product_cat-ammortizzatore product_cat-forcelle-mtb has-post-thumbnail taxable shipping-taxable purchasable product-type-simple\">\n\t<div class=\"col-inner\">\n\t\n<div class=\"badge-container absolute left top z-1\">\n\n<\/div>\n\t<div class=\"product-small box\">\n\t\t<div class=\"box-image\">\n\t\t\t<div class=\"image-fade_in_back\">\n\t\t\t\t<a href=\"https:\/\/bici-bici.it\/de\/product\/rockshox-csu-pike-dual-position-1-1-8-1-5-federgabel-krone-27-5\/\" aria-label=\"RockShox CSU Pike Dual Position 1 1\/8-1,5&quot; Federgabel Krone 27,5&quot;\">\n\t\t\t\t\t<img loading=\"lazy\" decoding=\"async\" width=\"400\" height=\"400\" src=\"https:\/\/bici-bici.it\/wp-content\/uploads\/2023\/06\/1-130.jpg\" class=\"attachment-woocommerce_thumbnail size-woocommerce_thumbnail\" alt=\"RockShox CSU Pike Dual Position 1 1\/8-1,5&quot; Federgabel Krone 27,5&quot;\" srcset=\"https:\/\/bici-bici.it\/wp-content\/uploads\/2023\/06\/1-130.jpg 400w, https:\/\/bici-bici.it\/wp-content\/uploads\/2023\/06\/1-130-100x100.jpg 100w, https:\/\/bici-bici.it\/wp-content\/uploads\/2023\/06\/1-130-64x64.jpg 64w, https:\/\/bici-bici.it\/wp-content\/uploads\/2023\/06\/1-130-280x280.jpg 280w, https:\/\/bici-bici.it\/wp-content\/uploads\/2023\/06\/1-130-12x12.jpg 12w\" sizes=\"auto, (max-width: 400px) 100vw, 400px\" \/>\t\t\t\t<\/a>\n\t\t\t<\/div>\n\t\t\t<div class=\"image-tools is-small top right show-on-hover\">\n\t\t\t\t\t\t\t<\/div>\n\t\t\t<div class=\"image-tools is-small hide-for-small bottom left show-on-hover\">\n\t\t\t\t\t\t\t<\/div>\n\t\t\t<div class=\"image-tools grid-tools text-center hide-for-small bottom hover-slide-in show-on-hover\">\n\t\t\t\t  <a class=\"quick-view\" data-prod=\"12402\" href=\"#quick-view\">Schnellansicht<\/a>\t\t\t<\/div>\n\t\t\t\t\t<\/div>\n\n\t\t<div class=\"box-text box-text-products\">\n\t\t\t<div class=\"title-wrapper\">\t\t<p class=\"category uppercase is-smaller no-text-overflow product-cat op-7\">\n\t\t\tSto\u00dfd\u00e4mpfer MTB\t\t<\/p>\n\t<p class=\"name product-title woocommerce-loop-product__title\"><a href=\"https:\/\/bici-bici.it\/de\/product\/rockshox-csu-pike-dual-position-1-1-8-1-5-federgabel-krone-27-5\/\" class=\"woocommerce-LoopProduct-link woocommerce-loop-product__link\">RockShox CSU Pike Dual Position 1 1\/8-1.5\u2033 Federgabel Krone 27.5\u2033<\/a><\/p><\/div><div class=\"price-wrapper\">\n\t<span class=\"price\"><span class=\"woocommerce-Price-amount amount\"><bdi>233,44&nbsp;<span class=\"woocommerce-Price-currencySymbol\">\u20ac<\/span><\/bdi><\/span><\/span>\n<\/div>\t\t<\/div>\n\t<\/div>\n\t\t<\/div>\n<\/div><div class=\"product-small col has-hover product type-product post-12400 status-publish instock product_cat-accessori-per-biciclette product_cat-forcelle-mtb has-post-thumbnail taxable shipping-taxable purchasable product-type-simple\">\n\t<div class=\"col-inner\">\n\t\n<div class=\"badge-container absolute left top z-1\">\n\n<\/div>\n\t<div class=\"product-small box\">\n\t\t<div class=\"box-image\">\n\t\t\t<div class=\"image-fade_in_back\">\n\t\t\t\t<a href=\"https:\/\/bici-bici.it\/de\/product\/federgabel-29-schwarz-rockshox-35-silver-r-120-coil-1-1-8-1-5-boost-gabel\/\" aria-label=\"Federgabel 29&quot; Schwarz RockShox 35 Silver R 120 Coil 1 1\/8 - 1.5&quot; Boost Gabel\">\n\t\t\t\t\t<img loading=\"lazy\" decoding=\"async\" width=\"189\" height=\"400\" src=\"https:\/\/bici-bici.it\/wp-content\/uploads\/2023\/06\/1-129.jpg\" class=\"attachment-woocommerce_thumbnail size-woocommerce_thumbnail\" alt=\"Federgabel 29&quot; Schwarz RockShox 35 Silver R 120 Coil 1 1\/8 - 1.5&quot; Boost Gabel\" srcset=\"https:\/\/bici-bici.it\/wp-content\/uploads\/2023\/06\/1-129.jpg 189w, https:\/\/bici-bici.it\/wp-content\/uploads\/2023\/06\/1-129-64x135.jpg 64w, https:\/\/bici-bici.it\/wp-content\/uploads\/2023\/06\/1-129-6x12.jpg 6w\" sizes=\"auto, (max-width: 189px) 100vw, 189px\" \/>\t\t\t\t<\/a>\n\t\t\t<\/div>\n\t\t\t<div class=\"image-tools is-small top right show-on-hover\">\n\t\t\t\t\t\t\t<\/div>\n\t\t\t<div class=\"image-tools is-small hide-for-small bottom left show-on-hover\">\n\t\t\t\t\t\t\t<\/div>\n\t\t\t<div class=\"image-tools grid-tools text-center hide-for-small bottom hover-slide-in show-on-hover\">\n\t\t\t\t  <a class=\"quick-view\" data-prod=\"12400\" href=\"#quick-view\">Schnellansicht<\/a>\t\t\t<\/div>\n\t\t\t\t\t<\/div>\n\n\t\t<div class=\"box-text box-text-products\">\n\t\t\t<div class=\"title-wrapper\">\t\t<p class=\"category uppercase is-smaller no-text-overflow product-cat op-7\">\n\t\t\tZubeh\u00f6r\t\t<\/p>\n\t<p class=\"name product-title woocommerce-loop-product__title\"><a href=\"https:\/\/bici-bici.it\/de\/product\/federgabel-29-schwarz-rockshox-35-silver-r-120-coil-1-1-8-1-5-boost-gabel\/\" class=\"woocommerce-LoopProduct-link woocommerce-loop-product__link\">Federgabel 29\u2033 Schwarz RockShox 35 Silver R 120 Coil 1 1\/8 - 1.5\u2033 Boost Gabel<\/a><\/p><\/div><div class=\"price-wrapper\">\n\t<span class=\"price\"><span class=\"woocommerce-Price-amount amount\"><bdi>221,22&nbsp;<span class=\"woocommerce-Price-currencySymbol\">\u20ac<\/span><\/bdi><\/span><\/span>\n<\/div>\t\t<\/div>\n\t<\/div>\n\t\t<\/div>\n<\/div><div class=\"product-small col has-hover product type-product post-12380 status-publish last instock product_cat-da-corsa product_cat-ammortizzatore product_cat-bici-bambini product_cat-biciclette product_cat-elettriche product_cat-biciclette-gravel product_cat-mtb product_cat-cassette-e-pacco-pignoni product_cat-city-bike product_cat-cyclocross-frame-carbon product_cat-deragliatore product_cat-fat-bike product_cat-forcelle-mtb product_cat-gravel-frameset-carbon product_cat-guarniture-e-pedivelle product_cat-men-pants product_cat-mtb-frame-carbon product_cat-pants product_cat-ricambi-bici product_cat-road-frameset-carbon product_cat-ruote-complete-e-raggi product_cat-ski-snowboard product_cat-selle product_cat-tacchette product_cat-telai product_cat-triathlon-frameset-carbon has-post-thumbnail sale taxable shipping-taxable purchasable product-type-simple\">\n\t<div class=\"col-inner\">\n\t\n<div class=\"badge-container absolute left top z-1\">\n<div class=\"callout badge badge-circle\"><div class=\"badge-inner secondary on-sale\"><span class=\"onsale\" data-no-translation=\"\" data-trp-gettext=\"\">Angebot!<\/span><\/div><\/div>\n<\/div>\n\t<div class=\"product-small box\">\n\t\t<div class=\"box-image\">\n\t\t\t<div class=\"image-fade_in_back\">\n\t\t\t\t<a href=\"https:\/\/bici-bici.it\/de\/product\/neuner-rlt-e9-rdo-4-star-28-11-fach-2021-2022-herren-schotter-e-fahrrad-carbon-59\/\" aria-label=\"Niner RLT E9 RDO 4-STAR 28&quot; 11 Fach 2021\/2022 Herren Gravel E-Fahrrad\/Carbon 59\">\n\t\t\t\t\t<img loading=\"lazy\" decoding=\"async\" width=\"500\" height=\"500\" src=\"https:\/\/bici-bici.it\/wp-content\/uploads\/2023\/06\/Niner-RLT-E9-RDO-4-STAR-28.jpg\" class=\"attachment-woocommerce_thumbnail size-woocommerce_thumbnail\" alt=\"Niner RLT E9 RDO 4-STAR 28&quot;\" srcset=\"https:\/\/bici-bici.it\/wp-content\/uploads\/2023\/06\/Niner-RLT-E9-RDO-4-STAR-28.jpg 500w, https:\/\/bici-bici.it\/wp-content\/uploads\/2023\/06\/Niner-RLT-E9-RDO-4-STAR-28-100x100.jpg 100w, https:\/\/bici-bici.it\/wp-content\/uploads\/2023\/06\/Niner-RLT-E9-RDO-4-STAR-28-64x64.jpg 64w, https:\/\/bici-bici.it\/wp-content\/uploads\/2023\/06\/Niner-RLT-E9-RDO-4-STAR-28-400x400.jpg 400w, https:\/\/bici-bici.it\/wp-content\/uploads\/2023\/06\/Niner-RLT-E9-RDO-4-STAR-28-280x280.jpg 280w, https:\/\/bici-bici.it\/wp-content\/uploads\/2023\/06\/Niner-RLT-E9-RDO-4-STAR-28-12x12.jpg 12w\" sizes=\"auto, (max-width: 500px) 100vw, 500px\" \/>\t\t\t\t<\/a>\n\t\t\t<\/div>\n\t\t\t<div class=\"image-tools is-small top right show-on-hover\">\n\t\t\t\t\t\t\t<\/div>\n\t\t\t<div class=\"image-tools is-small hide-for-small bottom left show-on-hover\">\n\t\t\t\t\t\t\t<\/div>\n\t\t\t<div class=\"image-tools grid-tools text-center hide-for-small bottom hover-slide-in show-on-hover\">\n\t\t\t\t  <a class=\"quick-view\" data-prod=\"12380\" href=\"#quick-view\">Schnellansicht<\/a>\t\t\t<\/div>\n\t\t\t\t\t<\/div>\n\n\t\t<div class=\"box-text box-text-products\">\n\t\t\t<div class=\"title-wrapper\">\t\t<p class=\"category uppercase is-smaller no-text-overflow product-cat op-7\">\n\t\t\tRennfahrr\u00e4der\t\t<\/p>\n\t<p class=\"name product-title woocommerce-loop-product__title\"><a href=\"https:\/\/bici-bici.it\/de\/product\/neuner-rlt-e9-rdo-4-star-28-11-fach-2021-2022-herren-schotter-e-fahrrad-carbon-59\/\" class=\"woocommerce-LoopProduct-link woocommerce-loop-product__link\">Niner RLT E9 RDO 4-STAR 28\u2033 11 Fach 2021\/2022 Herren Gravel E-Fahrrad\/Carbon 59<\/a><\/p><\/div><div class=\"price-wrapper\">\n\t<span class=\"price\"><del aria-hidden=\"true\"><span class=\"woocommerce-Price-amount amount\"><bdi>5.800,00&nbsp;<span class=\"woocommerce-Price-currencySymbol\">\u20ac<\/span><\/bdi><\/span><\/del> <span class=\"screen-reader-text\" data-no-translation=\"\" data-trp-gettext=\"\">Urspr\u00fcnglicher Preis war: 5.800,00&nbsp;&euro;<\/span><ins aria-hidden=\"true\"><span class=\"woocommerce-Price-amount amount\"><bdi>4.785,00&nbsp;<span class=\"woocommerce-Price-currencySymbol\">\u20ac<\/span><\/bdi><\/span><\/ins><span class=\"screen-reader-text\" data-no-translation=\"\" data-trp-gettext=\"\">Aktueller Preis ist: 4.785,00&nbsp;&euro;.<\/span><\/span>\n<\/div>\t\t<\/div>\n\t<\/div>\n\t\t<\/div>\n<\/div><\/div><\/span><\/p>\n<h2 style=\"text-align: center;\"><span style=\"font-size: 110%;\">Gabeln f\u00fcr Rennr\u00e4der kaufen (volle Einzelhandelspreise)<\/span><\/h2>\n<div><\/div>\n<div style=\"text-align: center;\"><span style=\"font-size: 110%;\"><strong>Sind Sie auf der Suche nach Rennradgabeln? Dann sind Sie bei uns genau richtig, denn wir verkaufen hochwertige Fahrradgabeln zu Gro\u00dfhandelspreisen.<\/strong><\/span><\/div>\n<div><\/div>\n<div><span style=\"font-size: 110%;\">Fahrradgabeln sind eine unglaubliche Bereicherung f\u00fcr Abenteuer auf zwei R\u00e4dern. Dar\u00fcber hinaus sind MTBs eine der beliebtesten Fahrradarten f\u00fcr Anf\u00e4nger und Profis gleicherma\u00dfen. Bevor Sie mit dem Fahrrad fahren, m\u00fcssen Sie auch alle Mechanismen und Komponenten eines Fahrrads kennen.<\/span><\/div>\n<div><\/div>\n<div><span style=\"font-size: 110%;\">Dar\u00fcber hinaus m\u00fcssen Sie wissen, die wichtigsten Teile und nicht die H\u00e4nde auf, wenn Sie nicht wissen, die Teile, einschlie\u00dflich der Fahrrad-Gabeln. Angenommen, Sie wollen die Fahrqualit\u00e4t Ihres Mountainbikes verbessern; versuchen Sie, die Fahrradgabeln mit Federung aufzur\u00fcsten. Lassen Sie uns in die Details der Mountainbike-Gabeln zu bekommen.<\/span><\/div>\n<h3><span style=\"font-size: 110%;\">1: Was ist eine Rennradgabel?<\/span><\/h3>\n<div><span style=\"font-size: 110%;\">Eine Rennradgabel ist das wichtigste und unverzichtbare Ausr\u00fcstungsst\u00fcck, denn sie gl\u00e4ttet die Fahrbahnoberfl\u00e4che und f\u00e4ngt alle St\u00f6\u00dfe ab. Dar\u00fcber hinaus verbessert die Gabel die Traktion, Geschwindigkeit, Kontrolle und St\u00f6\u00dfe. Allerdings ist es nicht einfach, die Traktion ohne eine geeignete Gabel und Federung vollst\u00e4ndig zu kontrollieren.<\/span><\/div>\n<h3><span style=\"font-size: 110%;\">2: Wie funktioniert die Rennradgabel?<\/span><\/h3>\n<div><span style=\"font-size: 110%;\">Die Gabel des Bikes bietet eine komfortable Ausstattung mit 40 mm Standrohren; mit einem riesigen Federweg von 203 mm ist die Gabel nat\u00fcrlich steif und reagiert auf die Situation.<\/span><\/div>\n<div><\/div>\n<div><span style=\"font-size: 110%;\">Au\u00dferdem spart es Gewicht im Bereich der Krone und des Abtriebs. Das gro\u00dfvolumige Innenrohr hat einen linearen Hub und Volumentoken, die f\u00fcr eine pr\u00e4zise Kompression sorgen.<\/span><\/div>\n<div><\/div>\n<h3><span style=\"font-size: 110%;\">3: Was ist die richtige Gabel f\u00fcr mich?<\/span><\/h3>\n<div><span style=\"font-size: 110%;\">Bevor Sie eine Federgabel kaufen, m\u00fcssen Sie die Beschaffenheit Ihres Fahrrads kennen.<\/span><\/div>\n<div><\/div>\n<div><span style=\"font-size: 110%;\">Cross-Country-Mountainbikes haben im Allgemeinen eine Federung von 80 bis 120 mm. Schleppr\u00e4der haben einen Federweg von 120 bis 140 mm und All-Mountain-Bikes liegen zwischen 150 und 170 mm.<\/span><\/div>\n<h3><span style=\"font-size: 110%;\">4: Ist es schwierig, die Fahrradgabel zu kontrollieren?<\/span><\/h3>\n<div><span style=\"font-size: 110%;\">Die D\u00e4mpfungskontrolle ist entscheidend: Je mehr Sie fahren, desto schwieriger wird es f\u00fcr Sie, die Fahrradgabel zu kontrollieren. Mit einer einstellbaren Zugstufend\u00e4mpfung ist es jedoch nicht schwierig, die Leistung zu kontrollieren; die Gabel kehrt schlie\u00dflich sanft zur\u00fcck.<\/span><\/div>\n<div><\/div>\n<div><span style=\"font-size: 110%;\">Fortschrittliche Gabeln verf\u00fcgen \u00fcber eine Druckstufend\u00e4mpfung und helfen der Feder, den Aufprall abzubremsen und zu absorbieren.<\/span><\/div>\n<h3><span style=\"font-size: 110%;\">5: Warum bei uns kaufen?<\/span><\/h3>\n<div><span style=\"font-size: 110%;\">Wir kennen die beste Art der Fahrradgabelaufh\u00e4ngung; wir k\u00f6nnen Ihnen auch alle n\u00fctzlichen Informationen \u00fcber die Vorder- und Hinterradgabel und -aufh\u00e4ngung geben. Auch wenn Sie die Art und den Mechanismus Ihres Fahrrads nicht kennen, k\u00f6nnen wir Sie durch alle technischen Informationen f\u00fchren.<\/span><\/div>","protected":false},"excerpt":{"rendered":"<p>Acquista forcelle per biciclette da strada (prezzi di vendita interi) Cerchi Forcelle per Bici da Strada? Sei nel posto giusto perch\u00e9 vendiamo forcelle per bici di alta qualit\u00e0 a prezzi all&#8217;ingrosso. Le forcelle per bici sono un&#8217;aggiunta incredibile alle avventure su due ruote. Inoltre, le MTB sono uno degli stili di bici pi\u00f9 popolari sia [&#8230;]\n","protected":false},"author":2,"featured_media":0,"parent":0,"menu_order":27,"comment_status":"closed","ping_status":"closed","template":"","meta":{"footnotes":""},"class_list":["post-8431","page","type-page","status-publish","hentry"],"_links":{"self":[{"href":"https:\/\/bici-bici.it\/de\/wp-json\/wp\/v2\/pages\/8431","targetHints":{"allow":["GET"]}}],"collection":[{"href":"https:\/\/bici-bici.it\/de\/wp-json\/wp\/v2\/pages"}],"about":[{"href":"https:\/\/bici-bici.it\/de\/wp-json\/wp\/v2\/types\/page"}],"author":[{"embeddable":true,"href":"https:\/\/bici-bici.it\/de\/wp-json\/wp\/v2\/users\/2"}],"replies":[{"embeddable":true,"href":"https:\/\/bici-bici.it\/de\/wp-json\/wp\/v2\/comments?post=8431"}],"version-history":[{"count":0,"href":"https:\/\/bici-bici.it\/de\/wp-json\/wp\/v2\/pages\/8431\/revisions"}],"wp:attachment":[{"href":"https:\/\/bici-bici.it\/de\/wp-json\/wp\/v2\/media?parent=8431"}],"curies":[{"name":"wp","href":"https:\/\/api.w.org\/{rel}","templated":true}]}}