{"id":1493,"date":"2016-10-14T02:02:22","date_gmt":"2016-10-14T02:02:22","guid":{"rendered":"https:\/\/demo.wpthemego.com\/themes\/sw_autusin\/demo3\/?page_id=1493"},"modified":"2023-09-01T08:52:13","modified_gmt":"2023-09-01T08:52:13","slug":"su-di-noi","status":"publish","type":"page","link":"https:\/\/bici-bici.it\/de\/uber-uns\/","title":{"rendered":"\u00dcber uns"},"content":{"rendered":"<h1>\u00dcber uns<\/h1>\n\n  <div class=\"banner has-hover has-parallax\" id=\"banner-429469801\">\n          <div class=\"banner-inner fill\">\n        <div class=\"banner-bg fill\" data-parallax=\"-10\" data-parallax-container=\".banner\" data-parallax-background>\n            <img loading=\"lazy\" decoding=\"async\" width=\"999\" height=\"640\" src=\"https:\/\/bici-bici.it\/wp-content\/uploads\/2021\/04\/bike.jpeg\" class=\"bg attachment-original size-original\" alt=\"Fahrrad \u00fcber\" \/>                        <div class=\"overlay\"><\/div>            \n                    <\/div>\n\t\t\n        <div class=\"banner-layers container\">\n            <div class=\"fill banner-link\"><\/div>            \n\n   <div id=\"text-box-1073462353\" class=\"text-box banner-layer x50 md-x50 lg-x50 y50 md-y50 lg-y50 res-text\">\n                                <div class=\"text-box-content text dark\">\n              \n              <div class=\"text-inner text-center\">\n                  \n\n<h3 class=\"uppercase\">\u00dcBER UNS<\/h3>\n<p>BICI-BICI.IT<\/p>\n<a href=\"https:\/\/bici-bici.it\/de\/product-category\/biciclette\/\" target=\"_blank\" class=\"button white is-outline\" rel=\"noopener\"  >\n\t\t<span>ENTDECKEN<\/span>\n\t<\/a>\n\n\n\n              <\/div>\n           <\/div>\n                            \n<style>\n#text-box-1073462353 {\n  width: 60%;\n}\n#text-box-1073462353 .text-box-content {\n  font-size: 100%;\n}\n<\/style>\n    <\/div>\n \n\n        <\/div>\n      <\/div>\n\n            \n<style>\n#banner-429469801 {\n  padding-top: 300px;\n}\n#banner-429469801 .overlay {\n  background-color: rgba(0,0,0,.5);\n}\n#banner-429469801 .banner-bg img {\n  object-position: 0% 55%;\n}\n<\/style>\n  <\/div>\n\n\n\n\t<section class=\"section\" id=\"section_830661234\">\n\t\t<div class=\"section-bg fill\" >\n\t\t\t\t\t\t\t\t\t<div class=\"section-bg-overlay absolute fill\"><\/div>\n\t\t\t\n\n\t\t<\/div>\n\n\t\t\n\n\t\t<div class=\"section-content relative\">\n\t\t\t\n\n<div class=\"row row-collapse row-full-width align-middle\"  id=\"row-26322063\">\n\n\n\t<div id=\"col-344181064\" class=\"col medium-6 small-12 large-6\"  >\n\t\t\t\t<div class=\"col-inner text-center\"  >\n\t\t\t\n\t\t\t\n\n\t<div id=\"text-414825482\" class=\"text\">\n\t\t\n\n<h2>bici-bici.it<\/h2>\n<p style=\"text-align: justify;\">Bei bici-bici.de, dem Online-Radsport-Outlet, haben wir alles, was Sie f\u00fcr Ihren Lieblingssport brauchen. In unserem Shop finden Sie die besten Marken der Branche zu erschwinglichen Preisen. Egal, ob Sie gerade erst mit dem Radsport beginnen oder auf professionellem Niveau fahren, wir haben alle Arten von Produkten f\u00fcr verschiedene Arten des Radsports und f\u00fcr verschiedene Niveaus. Sie finden bei uns die perfekte Bekleidung f\u00fcr Ihre Radtouren, Jacken, T-Shirts und technische Shorts, aber auch Helme, Brillen, Handschuhe und verschiedene Accessoires. Wir haben auch eine breite Palette von Produkten f\u00fcr die gute Wartung Ihres Fahrrads und kleine Reparaturen. Wir haben eine gro\u00dfe Auswahl an technischen Fahrradschuhen und viele Fahrr\u00e4der zu unglaublichen Preisen. Wir kleiden Sie von Kopf bis Fu\u00df ein, damit Sie bequem und sicher Rad fahren k\u00f6nnen. Auf unserer Website finden Sie st\u00e4ndig Sonderangebote, neue Produkte und die besten Angebote auf dem Markt.<\/p>\n\t\t\n<style>\n#text-414825482 {\n  text-align: left;\n}\n<\/style>\n\t<\/div>\n\t\n\n\t\t<\/div>\n\t\t\t\t\n<style>\n#col-344181064 > .col-inner {\n  padding: 10% 10% 10% 0%;\n  max-width: 520px;\n}\n<\/style>\n\t<\/div>\n\n\t\n\n\t<div id=\"col-1850525830\" class=\"col medium-6 small-12 large-6\"  >\n\t\t\t\t<div class=\"col-inner\"  >\n\t\t\t\n\t\t\t\n\n\t<div class=\"img has-hover x md-x lg-x y md-y lg-y\" id=\"image_1413994661\">\n\t\t\t\t\t\t\t\t<div class=\"img-inner image-cover dark\" style=\"padding-top:427px;\">\n\t\t\t<img loading=\"lazy\" decoding=\"async\" width=\"612\" height=\"408\" src=\"https:\/\/bici-bici.it\/wp-content\/uploads\/2021\/09\/gettyimages-516178656-612x612-1.jpg\" class=\"attachment-large size-large\" alt=\"Auslaufende Rennradserie\" srcset=\"https:\/\/bici-bici.it\/wp-content\/uploads\/2021\/09\/gettyimages-516178656-612x612-1.jpg 612w, https:\/\/bici-bici.it\/wp-content\/uploads\/2021\/09\/gettyimages-516178656-612x612-1-64x43.jpg 64w, https:\/\/bici-bici.it\/wp-content\/uploads\/2021\/09\/gettyimages-516178656-612x612-1-600x400.jpg 600w\" sizes=\"auto, (max-width: 612px) 100vw, 612px\" \/>\t\t\t\t\t\t\n\t\t\t\t\t<\/div>\n\t\t\t\t\t\t\t\t\n<style>\n#image_1413994661 {\n  width: 100%;\n}\n<\/style>\n\t<\/div>\n\t\n\n\n\t\t<\/div>\n\t\t\t\t\t<\/div>\n\n\t\n\n<\/div>\n\n\t\t<\/div>\n\n\t\t\n<style>\n#section_830661234 {\n  padding-top: 0px;\n  padding-bottom: 0px;\n  background-color: rgb(247, 247, 247);\n}\n#section_830661234 .section-bg-overlay {\n  background-color: rgba(255, 255, 255, 0.85);\n}\n<\/style>\n\t<\/section>","protected":false},"excerpt":{"rendered":"<p>\u00dcber uns<\/p>","protected":false},"author":1,"featured_media":0,"parent":0,"menu_order":24,"comment_status":"closed","ping_status":"closed","template":"","meta":{"footnotes":""},"class_list":["post-1493","page","type-page","status-publish","hentry"],"_links":{"self":[{"href":"https:\/\/bici-bici.it\/de\/wp-json\/wp\/v2\/pages\/1493","targetHints":{"allow":["GET"]}}],"collection":[{"href":"https:\/\/bici-bici.it\/de\/wp-json\/wp\/v2\/pages"}],"about":[{"href":"https:\/\/bici-bici.it\/de\/wp-json\/wp\/v2\/types\/page"}],"author":[{"embeddable":true,"href":"https:\/\/bici-bici.it\/de\/wp-json\/wp\/v2\/users\/1"}],"replies":[{"embeddable":true,"href":"https:\/\/bici-bici.it\/de\/wp-json\/wp\/v2\/comments?post=1493"}],"version-history":[{"count":0,"href":"https:\/\/bici-bici.it\/de\/wp-json\/wp\/v2\/pages\/1493\/revisions"}],"wp:attachment":[{"href":"https:\/\/bici-bici.it\/de\/wp-json\/wp\/v2\/media?parent=1493"}],"curies":[{"name":"wp","href":"https:\/\/api.w.org\/{rel}","templated":true}]}}