{"id":12691,"date":"2023-09-01T07:27:14","date_gmt":"2023-09-01T07:27:14","guid":{"rendered":"https:\/\/bici-bici.it\/?page_id=12691"},"modified":"2023-09-01T08:50:39","modified_gmt":"2023-09-01T08:50:39","slug":"sitemap","status":"publish","type":"page","link":"https:\/\/bici-bici.it\/de\/sitemap\/","title":{"rendered":"Inhaltsverzeichnis"},"content":{"rendered":"<section class=\"section\" id=\"section_1173735437\">\n\t\t<div class=\"section-bg fill\" >\n\t\t\t\t\t\t\t\t\t\n\t\t\t\n\n\t\t<\/div>\n\n\t\t\n\n\t\t<div class=\"section-content relative\">\n\t\t\t\n<div class=\"row align-center\"  id=\"row-283363602\">\n\n\t<div id=\"col-1840476307\" class=\"col medium-10 small-12 large-10\"  >\n\t\t\t\t<div class=\"col-inner text-center\"  >\n\t\t\t\n\t\t\t\n<h2 class=\"uppercase\">Bici Bici Sitemap<\/h2>\n<div class=\"rank-math-html-sitemap\"><div class=\"rank-math-html-sitemap__section rank-math-html-sitemap__section--post-type rank-math-html-sitemap__section--post\"><h2 class=\"rank-math-html-sitemap__title\" data-no-translation=\"\" data-trp-gettext=\"\">Beitr\u00e4ge<\/h2><ul class=\"rank-math-html-sitemap__list\"><li class=\"rank-math-html-sitemap__item\"><a href=\"https:\/\/bici-bici.it\/de\/blog\/quante-ore-allenarsi-per-migliorare-la-resistenza-in-bici\/\" class=\"rank-math-html-sitemap__link\">Quante ore allenarsi per migliorare la resistenza in bici?<\/a> <span class=\"rank-math-html-sitemap__date\">(April 18, 2026)<\/span><\/li><li class=\"rank-math-html-sitemap__item\"><a href=\"https:\/\/bici-bici.it\/de\/blog\/qual-e-il-miglior-allenamento-per-ciclismo-endurance\/\" class=\"rank-math-html-sitemap__link\">Qual \u00e8 il miglior allenamento per ciclismo endurance?<\/a> <span class=\"rank-math-html-sitemap__date\">(April 18, 2026)<\/span><\/li><li class=\"rank-math-html-sitemap__item\"><a href=\"https:\/\/bici-bici.it\/de\/blog\/quanto-tempo-serve-per-migliorare-la-resistenza\/\" class=\"rank-math-html-sitemap__link\">Quanto tempo serve per migliorare la resistenza?<\/a> <span class=\"rank-math-html-sitemap__date\">(April 16, 2026)<\/span><\/li><li class=\"rank-math-html-sitemap__item\"><a href=\"https:\/\/bici-bici.it\/de\/blog\/come-cambiare-camera-daria-bici-gravel\/\" class=\"rank-math-html-sitemap__link\">come cambiare camera d&#039;aria bici gravel<\/a> <span class=\"rank-math-html-sitemap__date\">(April 16, 2026)<\/span><\/li><li class=\"rank-math-html-sitemap__item\"><a href=\"https:\/\/bici-bici.it\/de\/blog\/in-salita-meglio-mtb-26-o-29\/\" class=\"rank-math-html-sitemap__link\">In salita meglio MTB 26 o 29?<\/a> <span class=\"rank-math-html-sitemap__date\">(Januar 4, 2026)<\/span><\/li><li class=\"rank-math-html-sitemap__item\"><a href=\"https:\/\/bici-bici.it\/de\/blog\/mountainbike-angebote\/\" class=\"rank-math-html-sitemap__link\">Mountainbike-Angebote<\/a> <span class=\"rank-math-html-sitemap__date\">(November 20, 2023)<\/span><\/li><li class=\"rank-math-html-sitemap__item\"><a href=\"https:\/\/bici-bici.it\/de\/blog\/fahrrad-mit-stosdampfern-vorne-und-hinten\/\" class=\"rank-math-html-sitemap__link\">Fahrrad mit D\u00e4mpfern vorne und hinten<\/a> <span class=\"rank-math-html-sitemap__date\">(September 2, 2023)<\/span><\/li><li class=\"rank-math-html-sitemap__item\"><a href=\"https:\/\/bici-bici.it\/de\/blog\/mtb-27-5-im-angebot-zum-serienende-2\/\" class=\"rank-math-html-sitemap__link\">MTB 27.5 im End-of-Series Angebot<\/a> <span class=\"rank-math-html-sitemap__date\">(August 28, 2023)<\/span><\/li><li class=\"rank-math-html-sitemap__item\"><a href=\"https:\/\/bici-bici.it\/de\/blog\/beliebteste-radspots-am-gardasee\/\" class=\"rank-math-html-sitemap__link\">Beliebteste Orte zum Radfahren am Gardasee<\/a> <span class=\"rank-math-html-sitemap__date\">(August 14, 2023)<\/span><\/li><li class=\"rank-math-html-sitemap__item\"><a href=\"https:\/\/bici-bici.it\/de\/blog\/mtb-fahrrad-outlet\/\" class=\"rank-math-html-sitemap__link\">MTB Fahrr\u00e4der Outlet<\/a> <span class=\"rank-math-html-sitemap__date\">(August 11, 2023)<\/span><\/li><li class=\"rank-math-html-sitemap__item\"><a href=\"https:\/\/bici-bici.it\/de\/blog\/fahrradsattel\/\" class=\"rank-math-html-sitemap__link\">Wie finde ich einen bequemen Fahrradsattel?<\/a> <span class=\"rank-math-html-sitemap__date\">(Juli 9, 2023)<\/span><\/li><li class=\"rank-math-html-sitemap__item\"><a href=\"https:\/\/bici-bici.it\/de\/blog\/worauf-man-beim-material-eines-fahrradrahmens-achten-sollte\/\" class=\"rank-math-html-sitemap__link\">Was man bei einem Fahrradrahmenmaterial beachten sollte\u00a0<\/a> <span class=\"rank-math-html-sitemap__date\">(Juli 8, 2023)<\/span><\/li><li class=\"rank-math-html-sitemap__item\"><a href=\"https:\/\/bici-bici.it\/de\/blog\/wie-zu-blockieren-das-fahrrad-sicher-anregungen-was-hilft-zu-wahlen\/\" class=\"rank-math-html-sitemap__link\">Fehler und Probleme bei Elektrofahrr\u00e4dern: L\u00f6sung und Ratschl\u00e4ge<\/a> <span class=\"rank-math-html-sitemap__date\">(Mai 30, 2023)<\/span><\/li><li class=\"rank-math-html-sitemap__item\"><a href=\"https:\/\/bici-bici.it\/de\/blog\/wie-zu-blockieren-das-fahrrad-sicher-anregungen-was-hilft-zu-wahlen\/\" class=\"rank-math-html-sitemap__link\">Wartung von Elektrofahrr\u00e4dern: 6 grundlegende Tipps f\u00fcr eine reibungslose Fahrt<\/a> <span class=\"rank-math-html-sitemap__date\">(Mai 30, 2023)<\/span><\/li><li class=\"rank-math-html-sitemap__item\"><a href=\"https:\/\/bici-bici.it\/de\/blog\/wie-zu-blockieren-das-fahrrad-sicher-anregungen-was-hilft-zu-wahlen\/\" class=\"rank-math-html-sitemap__link\">Wie Sie Ihr Fahrrad sicher abschlie\u00dfen<\/a> <span class=\"rank-math-html-sitemap__date\">(M\u00e4rz 1, 2023)<\/span><\/li><li class=\"rank-math-html-sitemap__item\"><a href=\"https:\/\/bici-bici.it\/de\/blog\/5-unverzichtbare-upgrades-zur-verbesserung-ihres-radfahr-erlebnisses\/\" class=\"rank-math-html-sitemap__link\">5 unverzichtbare Upgrades zur Verbesserung Ihres Radfahr-Erlebnisses<\/a> <span class=\"rank-math-html-sitemap__date\">(Februar 9, 2023)<\/span><\/li><li class=\"rank-math-html-sitemap__item\"><a href=\"https:\/\/bici-bici.it\/de\/blog\/5-fahigkeiten-die-jeder-radfahrer-beherrschen-sollte\/\" class=\"rank-math-html-sitemap__link\">5 F\u00e4higkeiten, die jeder Radfahrer beherrschen sollte<\/a> <span class=\"rank-math-html-sitemap__date\">(Dezember 19, 2022)<\/span><\/li><li class=\"rank-math-html-sitemap__item\"><a href=\"https:\/\/bici-bici.it\/de\/blog\/knieschmerzen-beim-radfahren\/\" class=\"rank-math-html-sitemap__link\">Knieschmerzen beim Radfahren<\/a> <span class=\"rank-math-html-sitemap__date\">(Dezember 18, 2022)<\/span><\/li><li class=\"rank-math-html-sitemap__item\"><a href=\"https:\/\/bici-bici.it\/de\/blog\/hauptschritte-der-fahrradpflege-2\/\" class=\"rank-math-html-sitemap__link\">Fahrradpflege - WICHTIGSTE SCHRITTE<\/a> <span class=\"rank-math-html-sitemap__date\">(Dezember 17, 2022)<\/span><\/li><li class=\"rank-math-html-sitemap__item\"><a href=\"https:\/\/bici-bici.it\/de\/blog\/wahle-ein-fahrrad-fur-kinder-passend-fur-der-hohe\/\" class=\"rank-math-html-sitemap__link\">W\u00e4hlen Sie ein Kinderfahrrad, das f\u00fcr die K\u00f6rpergr\u00f6\u00dfe des Kindes geeignet ist.<\/a> <span class=\"rank-math-html-sitemap__date\">(Dezember 17, 2022)<\/span><\/li><li class=\"rank-math-html-sitemap__item\"><a href=\"https:\/\/bici-bici.it\/de\/blog\/fahrradtasche\/\" class=\"rank-math-html-sitemap__link\">Fahrradtaschen - Varianten und Unterschiede<\/a> <span class=\"rank-math-html-sitemap__date\">(Dezember 5, 2022)<\/span><\/li><li class=\"rank-math-html-sitemap__item\"><a href=\"https:\/\/bici-bici.it\/de\/blog\/13-instrumente-fur-radfahrer\/\" class=\"rank-math-html-sitemap__link\">13 Werkzeuge im Arsenal eines echten Radfahrers<\/a> <span class=\"rank-math-html-sitemap__date\">(Dezember 1, 2022)<\/span><\/li><li class=\"rank-math-html-sitemap__item\"><a href=\"https:\/\/bici-bici.it\/de\/blog\/gestohlenes-fahrrad-lesen-sie-was-zu-tun-ist-2\/\" class=\"rank-math-html-sitemap__link\">Gestohlenes Fahrrad?<\/a> <span class=\"rank-math-html-sitemap__date\">(November 7, 2022)<\/span><\/li><li class=\"rank-math-html-sitemap__item\"><a href=\"https:\/\/bici-bici.it\/de\/blog\/auswahl-eines-fahrrads-9-tipps-fur-anfanger-2\/\" class=\"rank-math-html-sitemap__link\">Auswahl eines Fahrrads: 9 Tipps f\u00fcr Anf\u00e4nger<\/a> <span class=\"rank-math-html-sitemap__date\">(Oktober 12, 2022)<\/span><\/li><li class=\"rank-math-html-sitemap__item\"><a href=\"https:\/\/bici-bici.it\/de\/blog\/pad-cycling\/\" class=\"rank-math-html-sitemap__link\">Radfahrunterlage<\/a> <span class=\"rank-math-html-sitemap__date\">(September 15, 2022)<\/span><\/li><li class=\"rank-math-html-sitemap__item\"><a href=\"https:\/\/bici-bici.it\/de\/blog\/die-beste-diebstahlsicherung-fur-radfahrer\/\" class=\"rank-math-html-sitemap__link\">Wie kann man verhindern, dass einem das Fahrrad gestohlen wird?<\/a> <span class=\"rank-math-html-sitemap__date\">(September 13, 2022)<\/span><\/li><li class=\"rank-math-html-sitemap__item\"><a href=\"https:\/\/bici-bici.it\/de\/blog\/wie-man-eine-fahrradbrille-auswahlt-und-warum-sie-wichtig-ist-2\/\" class=\"rank-math-html-sitemap__link\">Wie man eine Fahrradbrille ausw\u00e4hlt<\/a> <span class=\"rank-math-html-sitemap__date\">(September 5, 2022)<\/span><\/li><li class=\"rank-math-html-sitemap__item\"><a href=\"https:\/\/bici-bici.it\/de\/blog\/materialien-und-verschiedene-modelle-von-fahrradrahmen-2\/\" class=\"rank-math-html-sitemap__link\">Fahrradrahmen, Materialien und verschiedene Modelle - 4 Typen<\/a> <span class=\"rank-math-html-sitemap__date\">(September 1, 2022)<\/span><\/li><li class=\"rank-math-html-sitemap__item\"><a href=\"https:\/\/bici-bici.it\/de\/blog\/der-richtige-fahrradhelm\/\" class=\"rank-math-html-sitemap__link\">Wie Sie den richtigen Fahrradhelm ausw\u00e4hlen<\/a> <span class=\"rank-math-html-sitemap__date\">(September 1, 2022)<\/span><\/li><li class=\"rank-math-html-sitemap__item\"><a href=\"https:\/\/bici-bici.it\/de\/blog\/carbon-und-gebrochener-fahrradrahmen-2\/\" class=\"rank-math-html-sitemap__link\">Wie kann man feststellen, ob der Rahmen eines Carbon-Fahrrads gebrochen ist?<\/a> <span class=\"rank-math-html-sitemap__date\">(Oktober 1, 2021)<\/span><\/li><li class=\"rank-math-html-sitemap__item\"><a href=\"https:\/\/bici-bici.it\/de\/blog\/wie-man-einen-fahrradrahmen-schweist\/\" class=\"rank-math-html-sitemap__link\">Wie schwei\u00dft man einen Fahrradrahmen?<\/a> <span class=\"rank-math-html-sitemap__date\">(Oktober 1, 2021)<\/span><\/li><\/ul><\/div><div class=\"rank-math-html-sitemap__section rank-math-html-sitemap__section--post-type rank-math-html-sitemap__section--page\"><h2 class=\"rank-math-html-sitemap__title\" data-no-translation=\"\" data-trp-gettext=\"\">Seiten<\/h2><ul class=\"rank-math-html-sitemap__list\"><li class=\"rank-math-html-sitemap__item\"><a href=\"https:\/\/bici-bici.it\/de\/sitemap\/\" class=\"rank-math-html-sitemap__link\">Inhaltsverzeichnis<\/a> <span class=\"rank-math-html-sitemap__date\">(September 1, 2023)<\/span><\/li><li class=\"rank-math-html-sitemap__item\"><a href=\"https:\/\/bici-bici.it\/de\/campagnolo-bora-wto-33\/\" class=\"rank-math-html-sitemap__link\">CAMPAGNOLO BORA WTO 33<\/a> <span class=\"rank-math-html-sitemap__date\">(August 31, 2023)<\/span><\/li><li class=\"rank-math-html-sitemap__item\"><a href=\"https:\/\/bici-bici.it\/de\/unternehmen-campagnolo\/\" class=\"rank-math-html-sitemap__link\">Campagnolo<\/a> <span class=\"rank-math-html-sitemap__date\">(August 31, 2023)<\/span><ul class=\"rank-math-html-sitemap__list\"><li class=\"rank-math-html-sitemap__item\"><a href=\"https:\/\/bici-bici.it\/de\/unternehmen-campagnolo\/bora\/\" class=\"rank-math-html-sitemap__link\">Campagnolo Bora<\/a> <span class=\"rank-math-html-sitemap__date\">(August 31, 2023)<\/span><ul class=\"rank-math-html-sitemap__list\"><li class=\"rank-math-html-sitemap__item\"><a href=\"https:\/\/bici-bici.it\/de\/unternehmen-campagnolo\/bora\/wto-ultra-33\/\" class=\"rank-math-html-sitemap__link\">Campagnolo Bora WTO Ultra 33<\/a> <span class=\"rank-math-html-sitemap__date\">(September 1, 2023)<\/span><\/li><li class=\"rank-math-html-sitemap__item\"><a href=\"https:\/\/bici-bici.it\/de\/unternehmen-campagnolo\/bora\/wto-33-vs-45\/\" class=\"rank-math-html-sitemap__link\">CAMPAGNOLO Bora WTO 33 vs. 45<\/a> <span class=\"rank-math-html-sitemap__date\">(August 31, 2023)<\/span><\/li><li class=\"rank-math-html-sitemap__item\"><a href=\"https:\/\/bici-bici.it\/de\/unternehmen-campagnolo\/bora\/wto-45\/\" class=\"rank-math-html-sitemap__link\">CAMPAGNOLO BORA WTO 45<\/a> <span class=\"rank-math-html-sitemap__date\">(August 31, 2023)<\/span><\/li><\/ul><\/li><\/ul><\/li><li class=\"rank-math-html-sitemap__item\"><a href=\"https:\/\/bici-bici.it\/de\/elektrofahrrader\/\" class=\"rank-math-html-sitemap__link\">Elektrische Fahrr\u00e4der<\/a> <span class=\"rank-math-html-sitemap__date\">(August 30, 2023)<\/span><ul class=\"rank-math-html-sitemap__list\"><li class=\"rank-math-html-sitemap__item\"><a href=\"https:\/\/bici-bici.it\/de\/elektrofahrrader\/e-bike-mit-drosselklappe\/\" class=\"rank-math-html-sitemap__link\">eBike mit Gaspedal<\/a> <span class=\"rank-math-html-sitemap__date\">(September 22, 2023)<\/span><\/li><li class=\"rank-math-html-sitemap__item\"><a href=\"https:\/\/bici-bici.it\/de\/elektrofahrrader\/kostengunstig\/\" class=\"rank-math-html-sitemap__link\">G\u00fcnstige Elektrofahrr\u00e4der<\/a> <span class=\"rank-math-html-sitemap__date\">(Juli 7, 2023)<\/span><\/li><li class=\"rank-math-html-sitemap__item\"><a href=\"https:\/\/bici-bici.it\/de\/elektrofahrrader\/gebraucht\/\" class=\"rank-math-html-sitemap__link\">Gebrauchte Elektrofahrr\u00e4der<\/a> <span class=\"rank-math-html-sitemap__date\">(Dezember 27, 2022)<\/span><\/li><\/ul><\/li><li class=\"rank-math-html-sitemap__item\"><a href=\"https:\/\/bici-bici.it\/de\/mtb-vollgefedert\/\" class=\"rank-math-html-sitemap__link\">MTB Vollfederung<\/a> <span class=\"rank-math-html-sitemap__date\">(August 30, 2023)<\/span><ul class=\"rank-math-html-sitemap__list\"><li class=\"rank-math-html-sitemap__item\"><a href=\"https:\/\/bici-bici.it\/de\/mtb-vollgefedert\/kohlenstoff\/\" class=\"rank-math-html-sitemap__link\">Vollgefedertes Carbon-MTB<\/a> <span class=\"rank-math-html-sitemap__date\">(August 30, 2023)<\/span><ul class=\"rank-math-html-sitemap__list\"><li class=\"rank-math-html-sitemap__item\"><a href=\"https:\/\/bici-bici.it\/de\/mtb-vollgefedert\/kohlenstoff\/29-ende-der-serie\/\" class=\"rank-math-html-sitemap__link\">29\" Carbon-Mountainbike am Ende der Serie!<\/a> <span class=\"rank-math-html-sitemap__date\">(Juni 27, 2023)<\/span><\/li><li class=\"rank-math-html-sitemap__item\"><a href=\"https:\/\/bici-bici.it\/de\/mtb-vollgefedert\/kohlenstoff\/wie-viel-kostet-ein-carbon-mtb\/\" class=\"rank-math-html-sitemap__link\">Wie viel kostet ein Carbon-MTB?<\/a> <span class=\"rank-math-html-sitemap__date\">(Juni 26, 2023)<\/span><\/li><\/ul><\/li><li class=\"rank-math-html-sitemap__item\"><a href=\"https:\/\/bici-bici.it\/de\/mtb-vollgefedert\/27-5\/\" class=\"rank-math-html-sitemap__link\">MTB Voll-Federung 27.5<\/a> <span class=\"rank-math-html-sitemap__date\">(August 30, 2023)<\/span><\/li><li class=\"rank-math-html-sitemap__item\"><a href=\"https:\/\/bici-bici.it\/de\/mtb-vollgefedert\/29-fahrrader\/\" class=\"rank-math-html-sitemap__link\">MTB Voll-Federung 29<\/a> <span class=\"rank-math-html-sitemap__date\">(August 30, 2023)<\/span><\/li><\/ul><\/li><li class=\"rank-math-html-sitemap__item\"><a href=\"https:\/\/bici-bici.it\/de\/einzel-oder-doppel-mountainbike\/\" class=\"rank-math-html-sitemap__link\">MTB Einachsig oder Zweiachsig<\/a> <span class=\"rank-math-html-sitemap__date\">(August 30, 2023)<\/span><\/li><li class=\"rank-math-html-sitemap__item\"><a href=\"https:\/\/bici-bici.it\/de\/wie-man-ein-splitboard-auswahlt\/\" class=\"rank-math-html-sitemap__link\">Wie w\u00e4hlt man ein Splitboard aus?<\/a> <span class=\"rank-math-html-sitemap__date\">(Juli 23, 2023)<\/span><\/li><li class=\"rank-math-html-sitemap__item\"><a href=\"https:\/\/bici-bici.it\/de\/mtb-rucksack\/\" class=\"rank-math-html-sitemap__link\">MTB-Rucksack<\/a> <span class=\"rank-math-html-sitemap__date\">(Juli 5, 2023)<\/span><\/li><li class=\"rank-math-html-sitemap__item\"><a href=\"https:\/\/bici-bici.it\/de\/colnago-c68-fahrrad\/\" class=\"rank-math-html-sitemap__link\">Colnago C68 Fahrrad<\/a> <span class=\"rank-math-html-sitemap__date\">(Juli 2, 2023)<\/span><\/li><li class=\"rank-math-html-sitemap__item\"><a href=\"https:\/\/bici-bici.it\/de\/herren-mountainbike\/\" class=\"rank-math-html-sitemap__link\">Mountainbike M\u00e4nner<\/a> <span class=\"rank-math-html-sitemap__date\">(Juni 29, 2023)<\/span><\/li><li class=\"rank-math-html-sitemap__item\"><a href=\"https:\/\/bici-bici.it\/de\/gunstiges-chinesisches-elektrofahrrad\/\" class=\"rank-math-html-sitemap__link\">G\u00fcnstiges chinesisches Elektrofahrrad<\/a> <span class=\"rank-math-html-sitemap__date\">(Juni 25, 2023)<\/span><\/li><li class=\"rank-math-html-sitemap__item\"><a href=\"https:\/\/bici-bici.it\/de\/wie-man-einen-fahrradrahmen-lackiert\/\" class=\"rank-math-html-sitemap__link\">Wie man einen Fahrradrahmen lackiert<\/a> <span class=\"rank-math-html-sitemap__date\">(August 28, 2022)<\/span><\/li><li class=\"rank-math-html-sitemap__item\"><a href=\"https:\/\/bici-bici.it\/de\/ritzelkassetten\/\" class=\"rank-math-html-sitemap__link\">Fahrradkassetten und Ritzelpakete<\/a> <span class=\"rank-math-html-sitemap__date\">(Dezember 24, 2021)<\/span><\/li><li class=\"rank-math-html-sitemap__item\"><a href=\"https:\/\/bici-bici.it\/de\/mtb-mountainbike-handschuhe\/\" class=\"rank-math-html-sitemap__link\">MTB-Handschuhe - Mountainbiking<\/a> <span class=\"rank-math-html-sitemap__date\">(Dezember 22, 2021)<\/span><\/li><li class=\"rank-math-html-sitemap__item\"><a href=\"https:\/\/bici-bici.it\/de\/fahrradrader\/\" class=\"rank-math-html-sitemap__link\">Laufr\u00e4der f\u00fcr Fahrr\u00e4der<\/a> <span class=\"rank-math-html-sitemap__date\">(Oktober 1, 2021)<\/span><\/li><li class=\"rank-math-html-sitemap__item\"><a href=\"https:\/\/bici-bici.it\/de\/datenschutzbestimmungen-2\/\" class=\"rank-math-html-sitemap__link\">DATENSCHUTZPOLITIK<\/a> <span class=\"rank-math-html-sitemap__date\">(September 29, 2021)<\/span><\/li><li class=\"rank-math-html-sitemap__item\"><a href=\"https:\/\/bici-bici.it\/de\/versand-und-lieferzeiten\/\" class=\"rank-math-html-sitemap__link\">VERSAND- UND LIEFERZEITEN<\/a> <span class=\"rank-math-html-sitemap__date\">(September 28, 2021)<\/span><\/li><li class=\"rank-math-html-sitemap__item\"><a href=\"https:\/\/bici-bici.it\/de\/zahlungsmodalitaten\/\" class=\"rank-math-html-sitemap__link\">ZAHLUNGSMODALIT\u00c4TEN<\/a> <span class=\"rank-math-html-sitemap__date\">(September 27, 2021)<\/span><\/li><li class=\"rank-math-html-sitemap__item\"><a href=\"https:\/\/bici-bici.it\/de\/bestellungsverfahren\/\" class=\"rank-math-html-sitemap__link\">BESTELLVORGANG<\/a> <span class=\"rank-math-html-sitemap__date\">(September 27, 2021)<\/span><\/li><li class=\"rank-math-html-sitemap__item\"><a href=\"https:\/\/bici-bici.it\/de\/erstattungs-und-ruckgabebestimmungen\/\" class=\"rank-math-html-sitemap__link\">R\u00fcckerstattung und R\u00fcckgabepolitik<\/a> <span class=\"rank-math-html-sitemap__date\">(September 17, 2021)<\/span><\/li><li class=\"rank-math-html-sitemap__item\"><a href=\"https:\/\/bici-bici.it\/de\/fahrradklampen\/\" class=\"rank-math-html-sitemap__link\">Fahrradklampen<\/a> <span class=\"rank-math-html-sitemap__date\">(M\u00e4rz 22, 2021)<\/span><\/li><li class=\"rank-math-html-sitemap__item\"><a href=\"https:\/\/bici-bici.it\/de\/hinterradstosdampfer-fur-mountainbikes\/\" class=\"rank-math-html-sitemap__link\">Hinterer Sto\u00dfd\u00e4mpfer f\u00fcr Mountainbikes<\/a> <span class=\"rank-math-html-sitemap__date\">(M\u00e4rz 20, 2021)<\/span><\/li><li class=\"rank-math-html-sitemap__item\"><a href=\"https:\/\/bici-bici.it\/de\/rennradkurbeln-2\/\" class=\"rank-math-html-sitemap__link\">Rennrad Kurbeln<\/a> <span class=\"rank-math-html-sitemap__date\">(Februar 26, 2021)<\/span><\/li><li class=\"rank-math-html-sitemap__item\"><a href=\"https:\/\/bici-bici.it\/de\/fahrrad-bremsbelage\/\" class=\"rank-math-html-sitemap__link\">Bremsbel\u00e4ge f\u00fcr Fahrr\u00e4der<\/a> <span class=\"rank-math-html-sitemap__date\">(Februar 26, 2021)<\/span><\/li><li class=\"rank-math-html-sitemap__item\"><a href=\"https:\/\/bici-bici.it\/de\/mountainbike-rahmen\/\" class=\"rank-math-html-sitemap__link\">Mountainbike-Rahmen<\/a> <span class=\"rank-math-html-sitemap__date\">(Februar 26, 2021)<\/span><\/li><li class=\"rank-math-html-sitemap__item\"><a href=\"https:\/\/bici-bici.it\/de\/fahrradgabeln-2\/\" class=\"rank-math-html-sitemap__link\">Fahrradgabeln<\/a> <span class=\"rank-math-html-sitemap__date\">(Februar 26, 2021)<\/span><\/li><li class=\"rank-math-html-sitemap__item\"><a href=\"https:\/\/bici-bici.it\/de\/uber-uns\/\" class=\"rank-math-html-sitemap__link\">\u00dcber uns<\/a> <span class=\"rank-math-html-sitemap__date\">(Oktober 14, 2016)<\/span><\/li><li class=\"rank-math-html-sitemap__item\"><a href=\"https:\/\/bici-bici.it\/de\/wagen\/\" class=\"rank-math-html-sitemap__link\">Wagen<\/a> <span class=\"rank-math-html-sitemap__date\">(September 27, 2016)<\/span><\/li><li class=\"rank-math-html-sitemap__item\"><a href=\"https:\/\/bici-bici.it\/de\/blog\/\" class=\"rank-math-html-sitemap__link\">Blog<\/a> <span class=\"rank-math-html-sitemap__date\">(August 11, 2013)<\/span><\/li><li class=\"rank-math-html-sitemap__item\"><a href=\"https:\/\/bici-bici.it\/de\/\" class=\"rank-math-html-sitemap__link\">Fahrradverkaufsstellen in Europa<\/a> <span class=\"rank-math-html-sitemap__date\">(August 6, 2013)<\/span><\/li><\/ul><\/div><div class=\"rank-math-html-sitemap__section rank-math-html-sitemap__section--post-type rank-math-html-sitemap__section--product\"><h2 class=\"rank-math-html-sitemap__title\">Produkte<\/h2><ul class=\"rank-math-html-sitemap__list\"><\/ul><\/div><div class=\"rank-math-html-sitemap__section rank-math-html-sitemap__section--taxonomy rank-math-html-sitemap__section--category\"><h2 class=\"rank-math-html-sitemap__title\" data-no-translation=\"\" data-trp-gettext=\"\">Kategorien<\/h2><ul class=\"rank-math-html-sitemap__list\"><li class=\"rank-math-html-sitemap__item\"><a href=\"https:\/\/bici-bici.it\/de\/blog\/\" class=\"rank-math-html-sitemap__link\">Blog<\/a><\/li><\/ul><\/div><\/div>\n\t\t<\/div>\n\t\t\t\t\t<\/div>\n\n\t\n<\/div>\n\t\t<\/div>\n\n\t\t\n<style>\n#section_1173735437 {\n  padding-top: 60px;\n  padding-bottom: 60px;\n  min-height: 300px;\n  background-color: rgb(245, 245, 245);\n}\n<\/style>\n\t<\/section>","protected":false},"excerpt":{"rendered":"","protected":false},"author":1,"featured_media":0,"parent":0,"menu_order":0,"comment_status":"closed","ping_status":"closed","template":"","meta":{"footnotes":""},"class_list":["post-12691","page","type-page","status-publish","hentry"],"_links":{"self":[{"href":"https:\/\/bici-bici.it\/de\/wp-json\/wp\/v2\/pages\/12691","targetHints":{"allow":["GET"]}}],"collection":[{"href":"https:\/\/bici-bici.it\/de\/wp-json\/wp\/v2\/pages"}],"about":[{"href":"https:\/\/bici-bici.it\/de\/wp-json\/wp\/v2\/types\/page"}],"author":[{"embeddable":true,"href":"https:\/\/bici-bici.it\/de\/wp-json\/wp\/v2\/users\/1"}],"replies":[{"embeddable":true,"href":"https:\/\/bici-bici.it\/de\/wp-json\/wp\/v2\/comments?post=12691"}],"version-history":[{"count":0,"href":"https:\/\/bici-bici.it\/de\/wp-json\/wp\/v2\/pages\/12691\/revisions"}],"wp:attachment":[{"href":"https:\/\/bici-bici.it\/de\/wp-json\/wp\/v2\/media?parent=12691"}],"curies":[{"name":"wp","href":"https:\/\/api.w.org\/{rel}","templated":true}]}}