{"id":12678,"date":"2023-08-31T20:59:11","date_gmt":"2023-08-31T20:59:11","guid":{"rendered":"https:\/\/bici-bici.it\/?page_id=12678"},"modified":"2023-09-01T20:21:10","modified_gmt":"2023-09-01T20:21:10","slug":"wto-33-vs-45","status":"publish","type":"page","link":"https:\/\/bici-bici.it\/de\/unternehmen-campagnolo\/bora\/wto-33-vs-45\/","title":{"rendered":"CAMPAGNOLO Bora WTO 33 vs. 45"},"content":{"rendered":"<section class=\"section\" id=\"section_1552801250\">\n\t\t<div class=\"section-bg fill\" >\n\t\t\t\t\t\t\t\t\t\n\t\t\t\n\n\t\t<\/div>\n\n\t\t\n\n\t\t<div class=\"section-content relative\">\n\t\t\t\n<div class=\"row align-center\"  id=\"row-1724672044\">\n\n\t<div id=\"col-1334796219\" class=\"col medium-10 small-12 large-10\"  >\n\t\t\t\t<div class=\"col-inner text-center\"  >\n\t\t\t\n\t\t\t\n<div class=\"container section-title-container\" ><h1 class=\"section-title section-title-normal\"><b><\/b><span class=\"section-title-main\" >CAMPAGNOLO Bora wto 33 vs. 45<\/span><b><\/b><\/h1><\/div>\n\t<div class=\"img has-hover x md-x lg-x y md-y lg-y\" id=\"image_136737102\">\n\t\t\t\t\t\t\t\t<div class=\"img-inner dark\" >\n\t\t\t<img loading=\"lazy\" decoding=\"async\" width=\"1020\" height=\"583\" src=\"https:\/\/bici-bici.it\/wp-content\/uploads\/2023\/08\/Campagnolo-Bora-WTO-33-vs-45.jpg\" class=\"attachment-large size-large\" alt=\"Campagnolo Bora WTO 33 vs. 45\" srcset=\"https:\/\/bici-bici.it\/wp-content\/uploads\/2023\/08\/Campagnolo-Bora-WTO-33-vs-45.jpg 1400w, https:\/\/bici-bici.it\/wp-content\/uploads\/2023\/08\/Campagnolo-Bora-WTO-33-vs-45-800x457.jpg 800w, https:\/\/bici-bici.it\/wp-content\/uploads\/2023\/08\/Campagnolo-Bora-WTO-33-vs-45-64x37.jpg 64w, https:\/\/bici-bici.it\/wp-content\/uploads\/2023\/08\/Campagnolo-Bora-WTO-33-vs-45-700x400.jpg 700w, https:\/\/bici-bici.it\/wp-content\/uploads\/2023\/08\/Campagnolo-Bora-WTO-33-vs-45-768x439.jpg 768w, https:\/\/bici-bici.it\/wp-content\/uploads\/2023\/08\/Campagnolo-Bora-WTO-33-vs-45-18x10.jpg 18w\" sizes=\"auto, (max-width: 1020px) 100vw, 1020px\" \/>\t\t\t\t\t\t\n\t\t\t\t\t<\/div>\n\t\t\t\t\t\t\t\t\n<style>\n#image_136737102 {\n  width: 100%;\n}\n<\/style>\n\t<\/div>\n\t\n<div style=\"text-align: left;\"><\/div>\n<h2 style=\"text-align: left;\"><span style=\"font-size: 110%;\">Campagnolo Bora WTO 33 vs 45: vergleichende Analyse<\/span><\/h2>\n<div style=\"text-align: left;\"><\/div>\n<div style=\"text-align: left;\"><span style=\"font-size: 110%;\">Im Spitzenbereich der Campagnolo-Laufr\u00e4der f\u00e4llt die Wahl f\u00fcr viele Enthusiasten auf die au\u00dfergew\u00f6hnlichen Bora WTO 33 oder Bora WTO 45. Doch worin bestehen die Unterschiede und wie w\u00e4hlt man zwischen diesen beiden Spitzenmodellen? Lassen Sie uns die Vor- und Nachteile im Detail analysieren.\u00a0 <span style=\"color: #f5f5f5;\">Bora WTO 33 vs. 45<\/span><\/span><\/div>\n<div><\/div>\n<div>\n<blockquote><p>Campagnolo Bora Serie Laufr\u00e4der auf Lager:<\/p><\/blockquote>\n<p><a href=\"https:\/\/bici-bici.it\/de\/unternehmen-campagnolo\/bora\/wto-45\/\" target=\"_blank\" rel=\"noopener\">Campagnolo Bora WTO 45<\/a><br \/>\n<a href=\"https:\/\/bici-bici.it\/de\/azienda-campagnolo\/bora\/wto-33\/\" target=\"_blank\" rel=\"noopener\">Campagnolo Bora WTO 33<\/a><br \/>\nCampagnolo Bora ULTRA<br \/>\nCampagnolo Bora ONE 50<\/p>\n<\/div>\n<h2 style=\"text-align: left;\"><span style=\"font-size: 110%;\">Campagnolo Bora WTO 33<\/span><\/h2>\n<div style=\"text-align: left;\"><\/div>\n<div style=\"text-align: left;\"><span style=\"font-size: 110%;\"><a href=\"https:\/\/bici-bici.it\/de\/azienda-campagnolo\/bora\/wto-33\/\" target=\"_blank\" rel=\"noopener\">Bora WTO 33 R\u00e4der<\/a> zeichnen sich durch ihre 33-mm-Felgen mit Linsenprofil aus. Im Vergleich zum 45-mm-Modell haben sie einen geringeren aerodynamischen Aufwand, bieten aber mehr Leichtigkeit und Reaktionsf\u00e4higkeit.<\/span><\/div>\n<div style=\"text-align: left;\"><\/div>\n<h3 style=\"text-align: left;\"><span style=\"font-size: 110%;\">Vorteile<\/span><\/h3>\n<div style=\"text-align: left;\"><\/div>\n<div style=\"text-align: left;\"><span style=\"font-size: 110%;\">- Leichtigkeit - das Set wiegt nur 1380 Gramm<\/span><\/div>\n<div style=\"text-align: left;\"><span style=\"font-size: 110%;\">- Reaktionsf\u00e4higkeit - Das kleinere Felgenprofil macht sie reaktionsfreudiger<\/span><\/div>\n<div style=\"text-align: left;\"><span style=\"font-size: 110%;\">- Vielseitigkeit - perfekt sowohl bergauf als auch beim Sprinten<\/span><\/div>\n<div style=\"text-align: left;\"><span style=\"font-size: 110%;\">- Man\u00f6vrierf\u00e4higkeit - Leichtere Steuerung bei Seitenwind<\/span><\/div>\n<div style=\"text-align: left;\"><\/div>\n<h3 style=\"text-align: left;\"><span style=\"font-size: 110%;\">Defekte<\/span><\/h3>\n<div style=\"text-align: left;\"><\/div>\n<div style=\"text-align: left;\"><span style=\"font-size: 110%;\">- Geringere Seitensteifigkeit im Vergleich zu 45 mm<\/span><\/div>\n<div style=\"text-align: left;\"><span style=\"font-size: 110%;\">- Weniger aerodynamisch auf langen Strecken<\/span><\/div>\n<div style=\"text-align: left;\"><span style=\"font-size: 110%;\">- Weniger stabil bei sehr hoher Geschwindigkeit<\/span><\/div>\n<div style=\"text-align: left;\"><\/div>\n<h2 style=\"text-align: left;\"><span style=\"font-size: 110%;\">Campagnolo Bora WTO 45<\/span><\/h2>\n<div style=\"text-align: left;\"><\/div>\n<div style=\"text-align: left;\"><span style=\"font-size: 110%;\">Le <a href=\"https:\/\/bici-bici.it\/de\/unternehmen-campagnolo\/bora\/wto-45\/\" target=\"_blank\" rel=\"noopener\">Bora WTO 45 R\u00e4der<\/a> die Einrollung von linsenf\u00f6rmigen R\u00e4dern bis zu 45 mm Felgen zu forcieren, dem von den UCI-Vorschriften erlaubten Maximum.<\/span><\/div>\n<div style=\"text-align: left;\"><\/div>\n<h3 style=\"text-align: left;\"><span style=\"font-size: 110%;\">Vorteile<\/span><\/h3>\n<div style=\"text-align: left;\"><\/div>\n<div style=\"text-align: left;\"><span style=\"font-size: 110%;\">- Fortschrittliches, hoch aerodynamisches Linsenprofil<\/span><\/div>\n<div style=\"text-align: left;\"><span style=\"font-size: 110%;\">- Maximale Seitensteifigkeit und Fahrpr\u00e4zision<\/span><\/div>\n<div style=\"text-align: left;\"><span style=\"font-size: 110%;\">- Ausgezeichnete Stabilit\u00e4t bei hohen Geschwindigkeiten<\/span><\/div>\n<div style=\"text-align: left;\"><span style=\"font-size: 110%;\">- Komfort auf langen Fahrten dank breiter Felgen<\/span><\/div>\n<div style=\"text-align: left;\"><\/div>\n<h3 style=\"text-align: left;\"><span style=\"font-size: 110%;\">Defekte\u00a0<\/span><\/h3>\n<div style=\"text-align: left;\"><\/div>\n<div style=\"text-align: left;\"><span style=\"font-size: 110%;\">- Etwas schwerer: 1395 Gramm das Set<\/span><\/div>\n<div style=\"text-align: left;\"><span style=\"font-size: 110%;\">- Bei Seitenwind weniger wendig zu steuern<\/span><\/div>\n<div style=\"text-align: left;\"><span style=\"font-size: 110%;\">- Sie erfordern ein Minimum an Anpassung seitens des Radfahrers<\/span><\/div>\n<div style=\"text-align: left;\"><\/div>\n<h2 style=\"text-align: left;\"><span style=\"font-size: 110%;\">Technologie-Vergleich<\/span><\/h2>\n<div style=\"text-align: left;\"><\/div>\n<div style=\"text-align: left;\"><span style=\"font-size: 110%;\">Beide Modelle verf\u00fcgen \u00fcber Campagnolos Spitzentechnologien wie MoMag, USB-Keramiklager und die C-LUX-Technologie f\u00fcr die Felgen.\u00a0<\/span><\/div>\n<div style=\"text-align: left;\"><\/div>\n<div style=\"text-align: left;\"><span style=\"font-size: 110%;\">Der einzige Unterschied besteht in der Dicke des linsenf\u00f6rmigen Felgenprofils, 33 mm oder 45 mm, was unterschiedliche Vor- und Nachteile mit sich bringt.<\/span><\/div>\n<div style=\"text-align: left;\"><\/div>\n<h3 style=\"text-align: left;\"><span style=\"font-size: 110%;\">Fazit: W\u00e4hlen Sie nach Ihren Bed\u00fcrfnissen<\/span><\/h3>\n<div style=\"text-align: left;\"><\/div>\n<div style=\"text-align: left;\"><span style=\"font-size: 110%;\">Zusammenfassend l\u00e4sst sich sagen, dass die Wahl zwischen Campagnolo Bora WTO 33 und Bora WTO 45 haupts\u00e4chlich von den Eigenschaften der Strecke und dem pers\u00f6nlichen Fahrstil abh\u00e4ngt:<\/span><\/div>\n<div style=\"text-align: left;\"><\/div>\n<div style=\"text-align: left;\"><span style=\"font-size: 110%;\">- 33 mm sind besser f\u00fcr gemischte Strecken geeignet<\/span><\/div>\n<div style=\"text-align: left;\"><span style=\"font-size: 110%;\">- Der 45mm dominiert lange Distanzen und hohe Geschwindigkeiten<\/span><\/div>\n<div style=\"text-align: left;\"><\/div>\n<div style=\"text-align: left;\"><span style=\"font-size: 110%;\">Beide stellen das Beste dar, was die Welt der R\u00e4der heute zu bieten hat. Die \u00dcbersichtstabelle macht es einfach, die verschiedenen Faktoren zu vergleichen.<\/span><\/div>\n<div style=\"text-align: left;\"><\/div>\n<h4 style=\"text-align: left;\"><em><strong><span style=\"font-size: 110%;\">Campagnolo Bora WTO 33 gegen WTO 45<\/span><\/strong><\/em><\/h4>\n<div style=\"text-align: center;\"><\/div>\n<div>\n<table class=\"aligncenter\">\n<tbody>\n<tr>\n<th><\/th>\n<th><span style=\"font-size: 110%;\">Bora WTO 33<\/span><\/th>\n<th><span style=\"font-size: 110%;\">Bora WTO 45<\/span><\/th>\n<\/tr>\n<tr>\n<td><span style=\"font-size: 110%;\">Radgewicht einstellen<\/span><\/td>\n<td><span style=\"font-size: 110%;\">1380 g<\/span><\/td>\n<td><span style=\"font-size: 110%;\">1395 g<\/span><\/td>\n<\/tr>\n<tr>\n<td><span style=\"font-size: 110%;\">Seitliche Steifigkeit<\/span><\/td>\n<td><span style=\"font-size: 110%;\">Gut<\/span><\/td>\n<td><span style=\"font-size: 110%;\">Ausgezeichnet<\/span><\/td>\n<\/tr>\n<tr>\n<td><span style=\"font-size: 110%;\">Aerodynamik<\/span><\/td>\n<td><span style=\"font-size: 110%;\">Gut<\/span><\/td>\n<td><span style=\"font-size: 110%;\">Ausgezeichnet<\/span><\/td>\n<\/tr>\n<tr>\n<td><span style=\"font-size: 110%;\">Handhabung<\/span><\/td>\n<td><span style=\"font-size: 110%;\">Ausgezeichnet<\/span><\/td>\n<td><span style=\"font-size: 110%;\">Gut<\/span><\/td>\n<\/tr>\n<tr>\n<td><span style=\"font-size: 110%;\">Vielseitigkeit der Nutzung<\/span><\/td>\n<td><span style=\"font-size: 110%;\">Gemischte Routen<\/span><\/td>\n<td><span style=\"font-size: 110%;\">Gro\u00dfe Entfernungen<\/span><\/td>\n<\/tr>\n<tr>\n<td><span style=\"font-size: 110%;\">Stabilit\u00e4t bei hoher Geschwindigkeit<\/span><\/td>\n<td><span style=\"font-size: 110%;\">Gut<\/span><\/td>\n<td><span style=\"font-size: 110%;\">Ausgezeichnet<\/span><\/td>\n<\/tr>\n<tr>\n<td><span style=\"font-size: 110%;\">Reaktivit\u00e4t<\/span><\/td>\n<td><span style=\"font-size: 110%;\">Ausgezeichnet<\/span><\/td>\n<td><span style=\"font-size: 110%;\">Gut<\/span><\/td>\n<\/tr>\n<tr>\n<td><span style=\"font-size: 110%;\">Preis<\/span><\/td>\n<td><span style=\"font-size: 110%;\">\u20ac 1500-2000<\/span><\/td>\n<td><span style=\"font-size: 110%;\">\u20ac 1700-2200<\/span><\/td>\n<\/tr>\n<\/tbody>\n<\/table>\n<p style=\"text-align: left;\"><span style=\"font-size: 110%; color: #333333;\">W\u00e4hlen Sie das Modell, das am besten zu Ihrem Fahrstil und Ihren bevorzugten Strecken passt, und Sie werden das Beste aus Ihrem Bora WTO der Marke Campagnolo herausholen!<\/span><\/p>\n<\/div>\n<h3 style=\"text-align: left;\"><strong>H\u00e4ufig gestellte Fragen: Campagnolo Bora WTO 33 vs 45<\/strong><\/h3>\n<p style=\"text-align: left;\"><strong>1. Was sind die wichtigsten Unterschiede zwischen den Campagnolo-Laufr\u00e4dern Bora WTO 33 und Bora WTO 45?<\/strong> Die Hauptunterschiede betreffen die H\u00f6he des Felgenprofils und die entsprechenden Leistungen. Die WTO 33 haben ein 33-mm-Profil, w\u00e4hrend die WTO 45 ein 45-mm-Profil haben, was sich auf die Aerodynamik und die Vielseitigkeit auswirkt.<\/p>\n<p style=\"text-align: left;\"><strong>2. Welches Modell ist leichter, Bora WTO 33 oder Bora WTO 45?<\/strong> Das Modell Bora WTO 33 ist mit rund 1380 Gramm etwas leichter als das Modell Bora WTO 45 mit 1395 Gramm.<\/p>\n<p style=\"text-align: left;\"><strong>3. Welches Modell ist in Bezug auf die Seitensteifigkeit besser?<\/strong> Die Bora WTO 45 hat eine ausgezeichnete Seitensteifigkeit im Vergleich zu der guten Seitensteifigkeit der Bora WTO 33.<\/p>\n<p style=\"text-align: left;\"><strong>4. Welche R\u00e4der haben eine bessere Aerodynamik, Bora WTO 33 oder Bora WTO 45?<\/strong> Die Bora WTO 45 bietet eine Aerodynamik, die als \"ausgezeichnet\" eingestuft wird, w\u00e4hrend die Bora WTO 33 in Bezug auf die Aerodynamik als \"gut\" eingestuft wird.<\/p>\n<p style=\"text-align: left;\"><strong>5. Welches Modell ist handlicher, Bora WTO 33 oder 45?<\/strong> Die Bora WTO 33 wird in Bezug auf die Handhabung mit \"ausgezeichnet\" bewertet, w\u00e4hrend die Bora WTO 45 mit \"gut\" bewertet wird.<\/p>\n<p style=\"text-align: left;\"><strong>6. F\u00fcr welche Arten von Strecken werden die Bora WTO 33 empfohlen?<\/strong> Die Bora WTO 33 sind ideal f\u00fcr gemischte Routen und bieten ein Gleichgewicht zwischen Aerodynamik und Vielseitigkeit.<\/p>\n<p style=\"text-align: left;\"><strong>7. Welche Vorteile bietet die Bora WTO 45 f\u00fcr lange Strecken?<\/strong> Die Bora WTO 45 werden aufgrund ihrer Stabilit\u00e4t und ihres Komforts f\u00fcr lange Strecken empfohlen, ideal f\u00fcr die Bew\u00e4ltigung l\u00e4ngerer Strecken.<\/p>\n<p style=\"text-align: left;\"><strong>8. Welches Modell ist in Bezug auf die Stabilit\u00e4t bei hohen Geschwindigkeiten besser?<\/strong> Die Bora WTO 45 wird in Bezug auf die Stabilit\u00e4t bei hohen Geschwindigkeiten mit \"ausgezeichnet\" bewertet, w\u00e4hrend die Bora WTO 33 mit \"gut\" bewertet wird.<\/p>\n<p style=\"text-align: left;\"><strong>9. Welche R\u00e4der bieten ein besseres Ansprechverhalten?<\/strong> Die Bora WTO 33 wird in Bezug auf die Reaktionsf\u00e4higkeit mit \"ausgezeichnet\" bewertet, w\u00e4hrend die Bora WTO 45 mit \"gut\" bewertet wird.<\/p>\n<p style=\"text-align: left;\"><strong>10. Wie gro\u00df ist die Preisspanne f\u00fcr die beiden Modelle?<\/strong> Der Durchschnittspreis der Bora WTO 33 liegt bei \u20ac 1.500-2000, der der Bora WTO 45 bei \u20ac 1.700-2.200.<\/p>\n<p style=\"text-align: left;\">Denken Sie daran, dass die Wahl zwischen dem Bora WTO 33 und dem Bora WTO 45 von Ihren pers\u00f6nlichen Vorlieben und spezifischen Fahrbed\u00fcrfnissen abh\u00e4ngt. <span style=\"color: #f5f5f5;\">Campagnolo <span style=\"font-size: 110%;\">Bora WTO 33 vs. 45<\/span><\/span><\/p>\n<p>&nbsp;<\/p>\n\t\t<\/div>\n\t\t\t\t\t<\/div>\n\n\t\n<\/div>\n\t\t<\/div>\n\n\t\t\n<style>\n#section_1552801250 {\n  padding-top: 60px;\n  padding-bottom: 60px;\n  min-height: 300px;\n  background-color: rgb(245, 245, 245);\n}\n<\/style>\n\t<\/section>","protected":false},"excerpt":{"rendered":"","protected":false},"author":1,"featured_media":12681,"parent":12635,"menu_order":4,"comment_status":"closed","ping_status":"closed","template":"","meta":{"footnotes":""},"class_list":["post-12678","page","type-page","status-publish","has-post-thumbnail","hentry"],"_links":{"self":[{"href":"https:\/\/bici-bici.it\/de\/wp-json\/wp\/v2\/pages\/12678","targetHints":{"allow":["GET"]}}],"collection":[{"href":"https:\/\/bici-bici.it\/de\/wp-json\/wp\/v2\/pages"}],"about":[{"href":"https:\/\/bici-bici.it\/de\/wp-json\/wp\/v2\/types\/page"}],"author":[{"embeddable":true,"href":"https:\/\/bici-bici.it\/de\/wp-json\/wp\/v2\/users\/1"}],"replies":[{"embeddable":true,"href":"https:\/\/bici-bici.it\/de\/wp-json\/wp\/v2\/comments?post=12678"}],"version-history":[{"count":0,"href":"https:\/\/bici-bici.it\/de\/wp-json\/wp\/v2\/pages\/12678\/revisions"}],"up":[{"embeddable":true,"href":"https:\/\/bici-bici.it\/de\/wp-json\/wp\/v2\/pages\/12635"}],"wp:featuredmedia":[{"embeddable":true,"href":"https:\/\/bici-bici.it\/de\/wp-json\/wp\/v2\/media\/12681"}],"wp:attachment":[{"href":"https:\/\/bici-bici.it\/de\/wp-json\/wp\/v2\/media?parent=12678"}],"curies":[{"name":"wp","href":"https:\/\/api.w.org\/{rel}","templated":true}]}}