{"id":12649,"date":"2023-08-31T20:20:58","date_gmt":"2023-08-31T20:20:58","guid":{"rendered":"https:\/\/bici-bici.it\/?page_id=12649"},"modified":"2023-09-02T21:07:19","modified_gmt":"2023-09-02T21:07:19","slug":"wto-45","status":"publish","type":"page","link":"https:\/\/bici-bici.it\/de\/unternehmen-campagnolo\/bora\/wto-45\/","title":{"rendered":"CAMPAGNOLO BORA WTO 45"},"content":{"rendered":"<section class=\"section\" id=\"section_481174571\">\n\t\t<div class=\"section-bg fill\" >\n\t\t\t\t\t\t\t\t\t\n\t\t\t\n\n\t\t<\/div>\n\n\t\t\n\n\t\t<div class=\"section-content relative\">\n\t\t\t\n<div class=\"row align-center\"  id=\"row-475263858\">\n\n\t<div id=\"col-621300851\" class=\"col medium-10 small-12 large-10\"  >\n\t\t\t\t<div class=\"col-inner text-center\"  >\n\t\t\t\n\t\t\t\n<div class=\"container section-title-container\" ><h1 class=\"section-title section-title-normal\"><b><\/b><span class=\"section-title-main\" >Campagnolo Bora WTO 45<\/span><b><\/b><\/h1><\/div>\n\t<div class=\"img has-hover x md-x lg-x y md-y lg-y\" id=\"image_2042436581\">\n\t\t\t\t\t\t\t\t<div class=\"img-inner image-cover dark\" style=\"padding-top:56.25%;\">\n\t\t\t<img loading=\"lazy\" decoding=\"async\" width=\"1020\" height=\"680\" src=\"https:\/\/bici-bici.it\/wp-content\/uploads\/2023\/08\/Campagnolo-Bora-WTO-45-disk-wheelset.jpg\" class=\"attachment-large size-large\" alt=\"Campagnolo Bora WTO 45 Scheibenradsatz\" srcset=\"https:\/\/bici-bici.it\/wp-content\/uploads\/2023\/08\/Campagnolo-Bora-WTO-45-disk-wheelset.jpg 1200w, https:\/\/bici-bici.it\/wp-content\/uploads\/2023\/08\/Campagnolo-Bora-WTO-45-disk-wheelset-800x533.jpg 800w, https:\/\/bici-bici.it\/wp-content\/uploads\/2023\/08\/Campagnolo-Bora-WTO-45-disk-wheelset-64x43.jpg 64w, https:\/\/bici-bici.it\/wp-content\/uploads\/2023\/08\/Campagnolo-Bora-WTO-45-disk-wheelset-600x400.jpg 600w, https:\/\/bici-bici.it\/wp-content\/uploads\/2023\/08\/Campagnolo-Bora-WTO-45-disk-wheelset-768x512.jpg 768w, https:\/\/bici-bici.it\/wp-content\/uploads\/2023\/08\/Campagnolo-Bora-WTO-45-disk-wheelset-18x12.jpg 18w\" sizes=\"auto, (max-width: 1020px) 100vw, 1020px\" \/>\t\t\t\t\t\t\n\t\t\t\t\t<\/div>\n\t\t\t\t\t\t\t\t\n<style>\n#image_2042436581 {\n  width: 100%;\n}\n<\/style>\n\t<\/div>\n\t\n<h2 class=\"uppercase\" style=\"text-align: left;\"><\/h2>\n<h2 style=\"text-align: left;\"><span style=\"font-size: 110%;\"><em><strong>Campagnolo Bora WTO 45: die Evolution der Hochleistungslaufr\u00e4der<\/strong><\/em><\/span><\/h2>\n<p class=\"whitespace-pre-wrap\" style=\"text-align: left;\"><span style=\"font-size: 110%;\">Mit ihren exklusiven 45 mm breiten Felgen stellen die Campagnolo Bora WTO 45 Laufr\u00e4der die fortschrittlichste Entwicklung in der Welt der Hochleistungs-Lentikularlaufr\u00e4der f\u00fcr die Stra\u00dfe dar. Entdecken wir im Detail alle innovativen Technologien, die das Bora WTO 45 zur neuen Grenze der Geschwindigkeit im Stra\u00dfenradsport machen.<\/span><\/p>\n<blockquote>\n<p style=\"text-align: left;\"><span style=\"font-size: 110%;\">Campagnolo Bora Serie Laufr\u00e4der auf Lager:<\/span><\/p>\n<\/blockquote>\n<p style=\"text-align: left;\"><a href=\"https:\/\/www.campagnolo.com\/it-it\/bora-wto-45\/WWRBORAWTO45.html\" target=\"_blank\" rel=\"noopener\"><span style=\"font-size: 110%;\">Campagnolo Bora WTO 45<\/span><\/a><br \/>\n<a href=\"https:\/\/bici-bici.it\/de\/azienda-campagnolo\/bora\/wto-33\/\" target=\"_blank\" rel=\"noopener\"><span style=\"font-size: 110%;\">Campagnolo Bora WTO 33<\/span><\/a><br \/>\n<span style=\"font-size: 110%;\">Campagnolo Bora ULTRA<\/span><br \/>\n<span style=\"font-size: 110%;\">Campagnolo Bora ONE 50<\/span><\/p>\n<h2 style=\"text-align: left;\"><span style=\"font-size: 110%;\">45 mm linsenf\u00f6rmiges Profil in C-LUX<\/span><\/h2>\n<p class=\"whitespace-pre-wrap\" style=\"text-align: left;\"><span style=\"font-size: 110%;\">Der Schwerpunkt der <a href=\"https:\/\/bici-bici.it\/de\/unternehmen-campagnolo\/bora\/\" target=\"_blank\" rel=\"noopener\">Campagnolo Bora<\/a> WTO 45 sind die revolution\u00e4ren 45 mm breiten linsenf\u00f6rmigen Felgen, die ausschlie\u00dflich aus hochmoduliger Kohlefaser (HM) und C-LUX-Fl\u00fcssigharz hergestellt werden.<\/span><\/p>\n<p class=\"whitespace-pre-wrap\" style=\"text-align: left;\"><span style=\"font-size: 110%;\">Dieser thermoplastische Hochleistungs-Kunststoff, der in den Campagnolo-Labors entwickelt und patentiert wurde, hat es erm\u00f6glicht, ein extrem steifes und reaktives linsenf\u00f6rmiges 45-mm-Profil zu erhalten, das im Vergleich zu herk\u00f6mmlichen Hartmetallen eine um 50% h\u00f6here Schlag- und Belastungsfestigkeit aufweist.<\/span><\/p>\n<p class=\"whitespace-pre-wrap\" style=\"text-align: left;\"><span style=\"font-size: 110%;\">Das Bora WTO 45 setzt neue Ma\u00dfst\u00e4be in Bezug auf das Verh\u00e4ltnis von Steifigkeit zu Gewicht und die F\u00e4higkeit, das Motorrad bei geringem Gewicht zum Fliegen\" zu bringen.<\/span><\/p>\n<blockquote>\n<p style=\"text-align: left;\"><a href=\"https:\/\/bici-bici.it\/de\/unternehmen-campagnolo\/bora\/wto-33-vs-45\/\" target=\"_blank\" rel=\"noopener\">Vergleich CAMPAGNOLO Bora WTO 33 vs 45<\/a><\/p>\n<\/blockquote>\n<h2 style=\"text-align: left;\"><span style=\"font-size: 110%;\">Optimiertes Windkanal-Design<\/span><\/h2>\n<p class=\"whitespace-pre-wrap\" style=\"text-align: left;\"><span style=\"font-size: 110%;\">Wie alle Campagnolo-Laufr\u00e4der der Spitzenklasse wurde auch das Profil der Bora WTO 45-Felgen vollst\u00e4ndig im Campagnolo-Forschungszentrum mit eigenem Windkanal entwickelt und getestet.<\/span><\/p>\n<p class=\"whitespace-pre-wrap\" style=\"text-align: left;\"><span style=\"font-size: 110%;\">Die Ingenieure arbeiteten intensiv an der Optimierung der 45-mm-Linsenform, um ein perfektes Gleichgewicht zwischen aerodynamischer Durchdringung, Seitenwindtauglichkeit und Leistung bei Regen zu finden.<\/span><\/p>\n<p class=\"whitespace-pre-wrap\" style=\"text-align: left;\"><span style=\"font-size: 110%;\">Das Ergebnis ist ein Laufrad, das bei hohen Geschwindigkeiten extrem stabil ist und die Luft hervorragend \"durchschneidet\", was einen maximalen aerodynamischen Vorteil auf flachen Strecken und technischen Abfahrten gew\u00e4hrleistet.<\/span><\/p>\n<h2 style=\"text-align: left;\"><span style=\"font-size: 110%;\">Steifigkeit und Komfort auf der Stra\u00dfe<\/span><\/h2>\n<p class=\"whitespace-pre-wrap\" style=\"text-align: left;\"><span style=\"font-size: 110%;\">Das gro\u00dfz\u00fcgige Profil von 45 mm der Bora WTO 45-Felgen bietet zahlreiche Vorteile f\u00fcr den Einsatz auf der Stra\u00dfe. Zun\u00e4chst einmal erh\u00f6ht es die Seitensteifigkeit des Rades erheblich, was zu einer au\u00dfergew\u00f6hnlichen Lenkpr\u00e4zision und Reaktionsf\u00e4higkeit f\u00fchrt.<\/span><\/p>\n<p class=\"whitespace-pre-wrap\" style=\"text-align: left;\"><span style=\"font-size: 110%;\">Es erm\u00f6glicht auch die Verwendung von sehr niedrigen Luftdr\u00fccken, was den Komfort auf unebenen Stra\u00dfen erh\u00f6ht und die Stra\u00dfenlage verbessert. Und schlie\u00dflich d\u00e4mpft das linsenf\u00f6rmige Profil Vibrationen, die durch die Unebenheiten des Asphalts entstehen.<\/span><\/p>\n<p class=\"whitespace-pre-wrap\" style=\"text-align: left;\"><span style=\"font-size: 110%;\">Das Ergebnis ist ein neues Leistungsniveau auf der Stra\u00dfe, mit Kontrolle, Komfort und Geschwindigkeit auf h\u00f6chstem Niveau.<\/span><\/p>\n<h2 style=\"text-align: left;\"><span style=\"font-size: 110%;\">Geringes Gewicht<\/span><\/h2>\n<p class=\"whitespace-pre-wrap\" style=\"text-align: left;\"><span style=\"font-size: 110%;\">Trotz des hohen 45-mm-Profils und der verwendeten hochwertigen Materialien bleibt das Gewicht des Bora WTO 45 recht gering. Der komplette Laufradsatz wiegt nur 1395 Gramm, was im Vergleich zu Konkurrenzprodukten mit \u00e4hnlichen Eigenschaften ein wirklich ausgezeichneter Wert ist.<\/span><\/p>\n<p class=\"whitespace-pre-wrap\" style=\"text-align: left;\"><span style=\"font-size: 110%;\">Campagnolo ist das Kunstst\u00fcck gelungen, ein gro\u00dfes, linsenf\u00f6rmiges Laufrad zu entwickeln und dabei ein vern\u00fcnftiges Gewicht beizubehalten, das die Leistung nicht beeintr\u00e4chtigt.<\/span><\/p>\n<h2 style=\"text-align: left;\"><span style=\"font-size: 110%;\">MoMag-Technologie zur Zentrierung<\/span><\/h2>\n<p class=\"whitespace-pre-wrap\" style=\"text-align: left;\"><span style=\"font-size: 110%;\">Das exklusive, von Campagnolo entwickelte MoMag-System verwendet in die Naben integrierte magnetische Komponenten, um die Speichen perfekt zu zentrieren.<\/span><\/p>\n<p class=\"whitespace-pre-wrap\" style=\"text-align: left;\"><span style=\"font-size: 110%;\">Die Speichen werden buchst\u00e4blich in die Mitte des Laufrads gezogen, ohne dass eine Einstellung erforderlich ist. Diese patentierte Technologie sorgt f\u00fcr eine gleichbleibende Zentrierung und Spannung im Laufe der Zeit, was f\u00fcr die optimale Nutzung eines Hochleistungslaufrads unerl\u00e4sslich ist.<\/span><\/p>\n<h2 style=\"text-align: left;\"><span style=\"font-size: 110%;\">USB-Keramiklager<\/span><\/h2>\n<p class=\"whitespace-pre-wrap\" style=\"text-align: left;\"><span style=\"font-size: 110%;\">Ein weiteres Hightech-Element der Bora WTO 45 sind die von Campagnolo hergestellten USB-Keramiklager. Diese Lager, die aus extrem leistungsf\u00e4higen Keramikkugeln und -laufbahnen bestehen, reduzieren die Reibung auf ein Minimum und garantieren eine unvergleichliche Ger\u00e4uschlosigkeit und Leichtg\u00e4ngigkeit.<\/span><\/p>\n<p class=\"whitespace-pre-wrap\" style=\"text-align: left;\"><span style=\"font-size: 110%;\">Im Vergleich zu herk\u00f6mmlichen Stahlmodellen sorgen Keramiklager f\u00fcr eine deutliche Verbesserung der Reaktionsf\u00e4higkeit und des Ansprechverhaltens des Rades sowie f\u00fcr eine h\u00f6here Haltbarkeit.<\/span><\/p>\n<h2 style=\"text-align: left;\"><span style=\"font-size: 110%;\">Perfekt ausbalanciert mit G3 Symmetric<\/span><\/h2>\n<p class=\"whitespace-pre-wrap\" style=\"text-align: left;\"><span style=\"font-size: 110%;\">Bei der G3 Symmetric-Technologie muss das Profil der vorderen und hinteren Felge vollkommen identisch und symmetrisch sein. Dies f\u00fchrt zu einer optimalen Auswuchtung des Laufrads und des Fahrrads als Ganzes.<\/span><\/p>\n<p class=\"whitespace-pre-wrap\" style=\"text-align: left;\"><span style=\"font-size: 110%;\">Dar\u00fcber hinaus sorgt das symmetrische G3-Design f\u00fcr eine gleichm\u00e4\u00dfige Verteilung der Spannung auf die Speichen der beiden R\u00e4der, wodurch die Belastungen minimiert und die Langlebigkeit und Haltbarkeit des Bora WTO 45 auch nach Tausenden von Kilometern intensiver Nutzung maximiert werden.<\/span><\/p>\n<h2 style=\"text-align: left;\"><span style=\"font-size: 110%;\">Hergestellt in Campagnolo: 100% Italienische Qualit\u00e4t<\/span><\/h2>\n<p class=\"whitespace-pre-wrap\" style=\"text-align: left;\"><span style=\"font-size: 110%;\">Wie alle Campagnolo-Laufr\u00e4der und -Komponenten werden auch die Bora WTO 45-Laufr\u00e4der in 100% in den Campagnolo-Werken in der Provinz Vicenza, Italien, entworfen, konstruiert und gebaut.<\/span><\/p>\n<p class=\"whitespace-pre-wrap\" style=\"text-align: left;\"><span style=\"font-size: 110%;\">Es ist einer der wenigen High-End-Radhersteller der Welt, der die gesamte Produktionskette vollst\u00e4ndig kontrolliert und so eine gleichbleibende Qualit\u00e4t nach den besten italienischen Standards der Branche garantiert.<\/span><\/p>\n<h2 style=\"text-align: left;\"><span style=\"font-size: 110%;\">Wann sollten Sie sich f\u00fcr Bora WTO 45 entscheiden?<\/span><\/h2>\n<p class=\"whitespace-pre-wrap\" style=\"text-align: left;\"><span style=\"font-size: 110%;\">Mit der perfekten Mischung aus Geschwindigkeit, Kontrolle und Komfort sind die Bora WTO 45 sowohl f\u00fcr den sportlichen als auch f\u00fcr den professionellen Einsatz geeignet. Sie sind die ideale Wahl f\u00fcr:<\/span><\/p>\n<ul class=\"list-disc pl-8 space-y-2\" style=\"text-align: left;\">\n<li class=\"whitespace-normal\"><span style=\"font-size: 110%;\">Profi- und Amateurradfahrer, die an den anspruchsvollsten Granfondo-Rennen teilnehmen<\/span><\/li>\n<li class=\"whitespace-normal\"><span style=\"font-size: 110%;\">Triathlon- und Zeitfahrbegeisterte<\/span><\/li>\n<li class=\"whitespace-normal\"><span style=\"font-size: 110%;\">Besonders windige Strecken, wo Stabilit\u00e4t erforderlich ist<\/span><\/li>\n<li class=\"whitespace-normal\"><span style=\"font-size: 110%;\">Wer maximale Kontrolle bei hoher Geschwindigkeit sucht<\/span><\/li>\n<li class=\"whitespace-normal\"><span style=\"font-size: 110%;\">T\u00e4glicher Einsatz f\u00fcr alle, die auch auf langen Strecken Spitzenleistungen erwarten<\/span><\/li>\n<\/ul>\n<h2 style=\"text-align: left;\"><span style=\"font-size: 110%;\">Pflege und Wartung<\/span><\/h2>\n<p class=\"whitespace-pre-wrap\" style=\"text-align: left;\"><span style=\"font-size: 110%;\">Um die au\u00dfergew\u00f6hnlichen Leistungen der Bora WTO 45 auf Dauer zu erhalten, empfiehlt Campagnolo die richtige Reinigung und regelm\u00e4\u00dfige Wartung.<\/span><\/p>\n<p class=\"whitespace-pre-wrap\" style=\"text-align: left;\"><span style=\"font-size: 110%;\">Reinigen Sie insbesondere die Felgen h\u00e4ufig mit milder Seife und Wasser, ersetzen Sie die Bremsbel\u00e4ge, wenn sie abgenutzt sind, \u00fcberpr\u00fcfen Sie die Zentrierung einmal im Jahr und schmieren Sie die Lager etwa alle 6 Monate nach.<\/span><\/p>\n<p class=\"whitespace-pre-wrap\" style=\"text-align: left;\"><span style=\"font-size: 110%;\">Kleinigkeiten, die daf\u00fcr sorgen, dass die Bora WTO 45 ihr Potenzial \u00fcber viele Kilometer ohne Ausf\u00e4lle entfalten k\u00f6nnen.<\/span><\/p>\n<h2 style=\"text-align: left;\"><span style=\"font-size: 110%;\">Wann sind Bora WTO 45 zu ersetzen?<\/span><\/h2>\n<p class=\"whitespace-pre-wrap\" style=\"text-align: left;\"><span style=\"font-size: 110%;\">Bei ordnungsgem\u00e4\u00dfer Verwendung k\u00f6nnen die Bora WTO 45 problemlos bis zu 50.000 km und mehr halten, bevor sie ausgetauscht werden m\u00fcssen.<\/span><\/p>\n<p class=\"whitespace-pre-wrap\" style=\"text-align: left;\"><span style=\"font-size: 110%;\">Die klassischen Symptome, die auf das Ende der Lebensdauer der R\u00e4der hinweisen, sind sichtbar abgenutzte oder besch\u00e4digte Felgen, Wackeln, Fluchtungsfehler und \u00fcberm\u00e4\u00dfige Ger\u00e4usche. An diesem Punkt ist es an der Zeit, die R\u00e4der durch einen neuen Satz Bora WTO 45 zu ersetzen.<\/span><\/p>\n<h2 style=\"text-align: left;\"><span style=\"font-size: 110%;\">Schlussfolgerungen<\/span><\/h2>\n<p class=\"whitespace-pre-wrap\" style=\"text-align: left;\"><span style=\"font-size: 110%;\">Die Campagnolo Bora WTO 45 Laufr\u00e4der sind die fortschrittlichste Umsetzung des Konzepts der Hochleistungslaufr\u00e4der. Die Kombination aus einem fortschrittlichen 45-mm-Linsenprofil, der exklusiven C-LUX-Carbontechnologie und innovativen Systemen wie MoMag erm\u00f6glicht eine noch nie dagewesene Geschwindigkeit und Kontrollleistung.<\/span><\/p>\n<p class=\"whitespace-pre-wrap\" style=\"text-align: left;\"><span style=\"font-size: 110%;\">Die Bora WTO 45-Laufrads\u00e4tze setzen neue Ma\u00dfst\u00e4be und richten sich an die anspruchsvollsten Radfahrer, die st\u00e4ndig auf der Suche nach dem Besten sind. Dank Campagnolo erreichen nicht nur die Gruppen, sondern auch die Laufr\u00e4der ein absolutes Made in Italy-Niveau. Die Bora WTO 45 sind die Zukunft der Laufr\u00e4der.<\/span><\/p>\n<h3 style=\"text-align: left;\"><span style=\"font-size: 110%;\"><strong>H\u00e4ufig gestellte Fragen zu Campagnolo Bora WTO 45 Laufr\u00e4dern<\/strong><\/span><\/h3>\n<p style=\"text-align: left;\"><span style=\"font-size: 110%;\"><strong>1. Was ist das Modell Campagnolo Bora WTO 45?<\/strong> Das Modell Campagnolo Bora WTO 45 ist eine spezielle Version der Bora-Radlaufr\u00e4der, die von der italienischen Firma Campagnolo hergestellt werden. Die Zahl \"45\" bezieht sich auf die H\u00f6he des Felgenprofils und weist auf ein vielseitiges aerodynamisches Design hin.<\/span><\/p>\n<p style=\"text-align: left;\"><span style=\"font-size: 110%;\"><strong>2. Was sind die wichtigsten Merkmale des Campagnolo Bora WTO 45?<\/strong> Die Campagnolo Bora WTO 45 sind Laufr\u00e4der, die ein Gleichgewicht zwischen Aerodynamik und Vielseitigkeit bieten. Mit einem Profil von 45 mm bieten diese Laufr\u00e4der eine Leistung, die sowohl f\u00fcr Herausforderungen in den Bergen als auch f\u00fcr schnelle Etappen in der Ebene geeignet ist.<\/span><\/p>\n<p style=\"text-align: left;\"><span style=\"font-size: 110%;\"><strong>3. Welche Vorteile bieten die Campagnolo Bora WTO 45-Laufr\u00e4der gegen\u00fcber anderen Laufr\u00e4dern?<\/strong> Die Campagnolo Bora WTO 45 Laufr\u00e4der bieten eine Kombination aus verbesserter Aerodynamik und Stabilit\u00e4t dank ihres Profils mit mittlerer H\u00f6he. Diese Laufr\u00e4der sind ideal f\u00fcr Radsportler, die eine vielseitige Option f\u00fcr die Bew\u00e4ltigung unterschiedlicher Fahrbedingungen suchen.<\/span><\/p>\n<p style=\"text-align: left;\"><span style=\"font-size: 110%;\"><strong>4. Gibt es Versionen des Campagnolo Bora WTO 45 f\u00fcr Scheibenbremsen und konventionelle Bremsen?<\/strong> Ja, die Campagnolo Bora WTO 45 sind in Versionen erh\u00e4ltlich, die sowohl mit Scheibenbremsen als auch mit herk\u00f6mmlichen Backenbremsen kompatibel sind. Stellen Sie sicher, dass Sie das richtige Modell f\u00fcr Ihr Bremssystem w\u00e4hlen.<\/span><\/p>\n<p style=\"text-align: left;\"><span style=\"font-size: 110%;\"><strong>5. Sind Campagnolo Bora WTO 45 f\u00fcr den Rennsport geeignet?<\/strong> Die Campagnolo Bora WTO 45-Laufr\u00e4der wurden mit dem Ziel entwickelt, hohe Leistungen zu erzielen, und k\u00f6nnen f\u00fcr Stra\u00dfenrennen verwendet werden. Pr\u00fcfen Sie jedoch die spezifischen Vorschriften der Rennen, an denen Sie teilnehmen m\u00f6chten.<\/span><\/p>\n<p style=\"text-align: left;\"><span style=\"font-size: 110%;\"><strong>6. Welche aerodynamischen Details wurden bei der Campagnolo Bora WTO 45 ber\u00fccksichtigt?<\/strong> Die Campagnolo Bora WTO 45-Laufr\u00e4der sind dank ihres aerodynamischen Profils f\u00fcr einen geringeren Luftwiderstand optimiert. Das Felgendesign und das Nabenprofil tragen zur Verbesserung der aerodynamischen Effizienz und der Geschwindigkeit bei.<\/span><\/p>\n<p style=\"text-align: left;\"><span style=\"font-size: 110%;\"><strong>7. Wie kann ich mein Campagnolo Bora WTO 45 am besten warten und pflegen?<\/strong> Um Ihre Campagnolo Bora WTO 45 in bestem Zustand zu halten, sollten Sie sie regelm\u00e4\u00dfig reinigen, die Speichenspannung \u00fcberpr\u00fcfen und das Bremsprofil kontrollieren. Befolgen Sie die von Campagnolo vorgegebenen Wartungsrichtlinien, um eine gleichbleibende Leistung zu gew\u00e4hrleisten.<\/span><\/p>\n<p style=\"text-align: left;\"><span style=\"font-size: 110%;\"><strong>8. Wo kann ich Campagnolo Bora WTO 45 kaufen und Ersatzteile finden?<\/strong> Sie k\u00f6nnen die Campagnolo Bora WTO 45 bei autorisierten H\u00e4ndlern oder Fachgesch\u00e4ften kaufen. Ersatzteile k\u00f6nnen \u00fcber das offizielle Vertriebsnetz von Campagnolo erh\u00e4ltlich sein.<\/span><\/p>\n<p style=\"text-align: left;\"><span style=\"font-size: 110%;\"><strong>9. Gibt es f\u00fcr das Campagnolo Bora WTO 45 individuelle Anpassungsm\u00f6glichkeiten?<\/strong> M\u00f6glicherweise sind einige Anpassungen m\u00f6glich, wie z. B. Aufkleber oder die Wahl der Farbe. Informieren Sie sich auf der offiziellen Campagnolo-Website oder bei den Vertragsh\u00e4ndlern \u00fcber die Individualisierungsm\u00f6glichkeiten.<\/span><\/p>\n<p style=\"text-align: left;\"><span style=\"font-size: 110%;\"><strong>10. Welche anderen Campagnolo-Laufr\u00e4der sind dem Bora WTO 45 \u00e4hnlich?<\/strong> Campagnolo bietet eine Reihe von Laufr\u00e4dern an, darunter die Bora-Modelle mit verschiedenen Profilh\u00f6hen. Einige \u00e4hnliche Modelle sind z.B. Bora Ultra, Bora One und andere. Entdecken Sie das gesamte Angebot auf der offiziellen Website von Campagnolo.<\/span><\/p>\n\t\t<\/div>\n\t\t\t\t\t<\/div>\n\n\t\n<\/div>\n\t\t<\/div>\n\n\t\t\n<style>\n#section_481174571 {\n  padding-top: 60px;\n  padding-bottom: 60px;\n  min-height: 300px;\n  background-color: rgb(245, 245, 245);\n}\n<\/style>\n\t<\/section>","protected":false},"excerpt":{"rendered":"","protected":false},"author":1,"featured_media":12673,"parent":12635,"menu_order":1,"comment_status":"closed","ping_status":"closed","template":"","meta":{"footnotes":""},"class_list":["post-12649","page","type-page","status-publish","has-post-thumbnail","hentry"],"_links":{"self":[{"href":"https:\/\/bici-bici.it\/de\/wp-json\/wp\/v2\/pages\/12649","targetHints":{"allow":["GET"]}}],"collection":[{"href":"https:\/\/bici-bici.it\/de\/wp-json\/wp\/v2\/pages"}],"about":[{"href":"https:\/\/bici-bici.it\/de\/wp-json\/wp\/v2\/types\/page"}],"author":[{"embeddable":true,"href":"https:\/\/bici-bici.it\/de\/wp-json\/wp\/v2\/users\/1"}],"replies":[{"embeddable":true,"href":"https:\/\/bici-bici.it\/de\/wp-json\/wp\/v2\/comments?post=12649"}],"version-history":[{"count":0,"href":"https:\/\/bici-bici.it\/de\/wp-json\/wp\/v2\/pages\/12649\/revisions"}],"up":[{"embeddable":true,"href":"https:\/\/bici-bici.it\/de\/wp-json\/wp\/v2\/pages\/12635"}],"wp:featuredmedia":[{"embeddable":true,"href":"https:\/\/bici-bici.it\/de\/wp-json\/wp\/v2\/media\/12673"}],"wp:attachment":[{"href":"https:\/\/bici-bici.it\/de\/wp-json\/wp\/v2\/media?parent=12649"}],"curies":[{"name":"wp","href":"https:\/\/api.w.org\/{rel}","templated":true}]}}