{"id":12647,"date":"2023-08-31T17:57:20","date_gmt":"2023-08-31T17:57:20","guid":{"rendered":"https:\/\/bici-bici.it\/?page_id=12647"},"modified":"2023-11-21T08:12:13","modified_gmt":"2023-11-21T08:12:13","slug":"campagnolo-bora-wto-33","status":"publish","type":"page","link":"https:\/\/bici-bici.it\/de\/campagnolo-bora-wto-33\/","title":{"rendered":"CAMPAGNOLO BORA WTO 33"},"content":{"rendered":"<section class=\"section\" id=\"section_1555552166\">\n\t\t<div class=\"section-bg fill\" >\n\t\t\t\t\t\t\t\t\t\n\t\t\t\n\n\t\t<\/div>\n\n\t\t\n\n\t\t<div class=\"section-content relative\">\n\t\t\t\n<div class=\"row align-center\"  id=\"row-905884783\">\n\n\t<div id=\"col-1450260089\" class=\"col medium-10 small-12 large-10\"  >\n\t\t\t\t<div class=\"col-inner text-center\"  >\n\t\t\t\n\t\t\t\n<div class=\"container section-title-container\" ><h1 class=\"section-title section-title-normal\"><b><\/b><span class=\"section-title-main\" >Campagnolo Bora WTO 33<\/span><b><\/b><\/h1><\/div>\n\t<div class=\"img has-hover x md-x lg-x y md-y lg-y\" id=\"image_1473220983\">\n\t\t\t\t\t\t\t\t<div class=\"img-inner image-cover dark\" style=\"padding-top:56.25%;\">\n\t\t\t<img loading=\"lazy\" decoding=\"async\" width=\"1020\" height=\"680\" src=\"https:\/\/bici-bici.it\/wp-content\/uploads\/2023\/08\/campagnolo-bora-wto-33-disc-wheelset.jpg\" class=\"attachment-large size-large\" alt=\"Campagnolo Bora WTO 33 Scheibenradsatz\" srcset=\"https:\/\/bici-bici.it\/wp-content\/uploads\/2023\/08\/campagnolo-bora-wto-33-disc-wheelset.jpg 1200w, https:\/\/bici-bici.it\/wp-content\/uploads\/2023\/08\/campagnolo-bora-wto-33-disc-wheelset-800x533.jpg 800w, https:\/\/bici-bici.it\/wp-content\/uploads\/2023\/08\/campagnolo-bora-wto-33-disc-wheelset-64x43.jpg 64w, https:\/\/bici-bici.it\/wp-content\/uploads\/2023\/08\/campagnolo-bora-wto-33-disc-wheelset-600x400.jpg 600w, https:\/\/bici-bici.it\/wp-content\/uploads\/2023\/08\/campagnolo-bora-wto-33-disc-wheelset-768x512.jpg 768w, https:\/\/bici-bici.it\/wp-content\/uploads\/2023\/08\/campagnolo-bora-wto-33-disc-wheelset-18x12.jpg 18w\" sizes=\"auto, (max-width: 1020px) 100vw, 1020px\" \/>\t\t\t\t\t\t\n\t\t\t\t\t<\/div>\n\t\t\t\t\t\t\t\t\n<style>\n#image_1473220983 {\n  width: 100%;\n}\n<\/style>\n\t<\/div>\n\t\n<div style=\"text-align: left;\"><\/div>\n<h2 style=\"text-align: left;\"><span style=\"font-size: 110%;\"><em><strong>Campagnolo Bora WTO 33: die Spitze der Laufr\u00e4der\u00a0<\/strong><\/em><\/span><\/h2>\n<div style=\"text-align: left;\"><\/div>\n<div style=\"text-align: left;\"><span style=\"font-size: 110%;\">Die Campagnolo Bora WTO 33 Laufr\u00e4der sind das Spitzenmodell im Bereich der Hochleistungs-Rennradlaufr\u00e4der. Mit ihren 33-mm-Felgen garantieren die Bora WTO 33-Laufr\u00e4der hervorragende aerodynamische Eigenschaften in Verbindung mit Leichtigkeit, Reaktionsf\u00e4higkeit und Komfort auf langen Strecken. Analysieren wir im Detail die Eigenschaften, die die <a href=\"https:\/\/bici-bici.it\/de\/unternehmen-campagnolo\/bora\/\" target=\"_blank\" rel=\"noopener\">Campagnolo Bora<\/a> WTO 33 ist die ideale Wahl f\u00fcr jeden anspruchsvollen Radfahrer, der das Beste sucht.<\/span><\/div>\n<div style=\"text-align: left;\"><\/div>\n<h3 style=\"text-align: left;\"><span style=\"font-size: 110%;\">Windkanal-Design<\/span><\/h3>\n<div style=\"text-align: left;\"><\/div>\n<div style=\"text-align: left;\"><span style=\"font-size: 110%;\">Das linsenf\u00f6rmige Profil der 33-mm-Felgen des Bora WTO 33 wurde vollst\u00e4ndig im Windkanal des Campagnolo Innovation Centre entwickelt und getestet.\u00a0<\/span><\/div>\n<div style=\"text-align: left;\"><\/div>\n<div style=\"text-align: left;\"><span style=\"font-size: 110%;\">Die Campagnolo-Ingenieure haben lange an der optimalen Form gearbeitet, die den besten Kompromiss aus aerodynamischer Durchdringung, Stabilit\u00e4t auch bei Seitenwind und Wasserableitung im Falle von Regen garantiert.<\/span><\/div>\n<div style=\"text-align: left;\"><\/div>\n<div style=\"text-align: left;\"><span style=\"font-size: 110%;\">Das Ergebnis dieser Tests ist ein von Campagnolo patentiertes linsenf\u00f6rmiges Profil, das den Luftwiderstand minimiert und das Handling des Laufrads maximiert. Die Bora WTO-Laufr\u00e4der weisen sowohl in der Ebene als auch bergab hervorragende aerodynamische Leistungen auf.<\/span><\/div>\n<div style=\"text-align: left;\"><\/div>\n<h2 style=\"text-align: left;\"><span style=\"font-size: 110%;\">Ultrabreite und steife Felgen<\/span><\/h2>\n<div style=\"text-align: left;\"><\/div>\n<div style=\"text-align: left;\"><span style=\"font-size: 110%;\">Mit einer Breite von 33 mm geh\u00f6ren die Felgen des Bora WTO 33 zum Segment der \"Ultrabreiten\", die in den letzten Jahren das Design von Stra\u00dfenr\u00e4dern revolutioniert haben.<\/span><\/div>\n<div style=\"text-align: left;\"><\/div>\n<div style=\"text-align: left;\"><span style=\"font-size: 110%;\">Breite Felgen wie 33 mm haben viele Vorteile. Zun\u00e4chst einmal erh\u00f6hen sie die Seitensteifigkeit des Rades und sorgen f\u00fcr ein besseres Ansprechverhalten und eine h\u00f6here Lenkpr\u00e4zision. Au\u00dferdem erm\u00f6glichen sie die Verwendung eines niedrigen Reifendrucks, was dem Komfort und der Haftung auf unebenen Stra\u00dfen zugute kommt.\u00a0<\/span><\/div>\n<div style=\"text-align: left;\"><\/div>\n<div style=\"text-align: left;\"><span style=\"font-size: 110%;\">Schlie\u00dflich optimieren die breiten Felgen die Aerodynamik, indem sie ein durchdringendes Profil in der Luft erzeugen.<\/span><\/div>\n<div style=\"text-align: left;\"><\/div>\n<h2 style=\"text-align: left;\"><span style=\"font-size: 110%;\">Kohlenstoff- und LCP-Harztechnologie<\/span><\/h2>\n<div style=\"text-align: left;\"><\/div>\n<div style=\"text-align: left;\"><span style=\"font-size: 110%;\">F\u00fcr die Konstruktion der Kreise, <a href=\"https:\/\/www.campagnolo.com\/it-it\/bora-wto-45\/WWRBORAWTO45.html\" target=\"_blank\" rel=\"noopener\">Campagnolo<\/a> verwendet ausschlie\u00dflich hochmodulige Kohlefasern (HM) und LCP-Harz (Liquid Crystal Polymer). Dies sind hochwertige Verbundwerkstoffe, die das beste Verh\u00e4ltnis zwischen Steifigkeit und Gewicht garantieren.<\/span><\/div>\n<div style=\"text-align: left;\"><\/div>\n<div style=\"text-align: left;\"><span style=\"font-size: 110%;\">Das spezielle LCP-Harz, das von Campagnolo patentiert wurde und zum ersten Mal bei der C-LUX-Technologie zum Einsatz kommt, macht die Felgen bis 50% widerstandsf\u00e4higer gegen St\u00f6\u00dfe und Belastungen als herk\u00f6mmliche Karbide. Dar\u00fcber hinaus bietet die HM-Kohlefaser eine hervorragende Steifigkeit und Reaktivit\u00e4t.<\/span><\/div>\n<div style=\"text-align: left;\"><\/div>\n<h2 style=\"text-align: left;\"><span style=\"font-size: 110%;\">Symmetrische G3-Technologie<\/span><\/h2>\n<div style=\"text-align: left;\"><\/div>\n<div style=\"text-align: left;\"><span style=\"font-size: 110%;\">Das Profil der Bora WTO-Felge folgt der von Campagnolo entwickelten G3 Symmetric-Geometrie. Dies ist ein symmetrisches Design zwischen der vorderen und hinteren Felge, das das Laufrad perfekt ausbalanciert.<\/span><\/div>\n<div style=\"text-align: left;\"><\/div>\n<div style=\"text-align: left;\"><span style=\"font-size: 110%;\">Die perfekte Symmetrie zwischen den Felgen garantiert ein gleichm\u00e4\u00dfiges Verhalten des Fahrrads in allen Situationen. Au\u00dferdem wird die Belastung der Speichen minimiert, was die Langlebigkeit und Haltbarkeit des Laufrads weiter erh\u00f6ht.<\/span><\/div>\n<div><\/div>\n<blockquote>\n<div><a href=\"https:\/\/bici-bici.it\/de\/unternehmen-campagnolo\/bora\/wto-33-vs-45\/\" target=\"_blank\" rel=\"noopener\">Vergleich CAMPAGNOLO Bora WTO 33 vs 45<\/a><\/div>\n<\/blockquote>\n<div><\/div>\n<div style=\"text-align: left;\"><\/div>\n<h3 style=\"text-align: left;\"><span style=\"font-size: 110%;\">Geringes Gewicht<\/span><\/h3>\n<div style=\"text-align: left;\"><\/div>\n<div style=\"text-align: left;\"><span style=\"font-size: 110%;\">Trotz der hohen Torsionssteifigkeit und der gro\u00dfz\u00fcgigen Felgenbreite bleibt das Gewicht des Bora WTO 33 recht gering. Wir sprechen von nur 1380 Gramm f\u00fcr den kompletten Satz, niedriger als viele konkurrierende Modelle in der gleichen Kategorie.<\/span><\/div>\n<div style=\"text-align: left;\"><\/div>\n<div style=\"text-align: left;\"><span style=\"font-size: 110%;\">Ein Ergebnis, das dank der Verwendung von HM-Carbonfasern, dem geringen Gewicht der Naben (nur 166 Gramm vorne und 315 Gramm hinten) und dem hervorragenden Belastungsausgleich der Speichen erreicht wurde. Die Bora WTO 33-Laufr\u00e4der bieten echte Rennrad-Performance bei einem angemessenen Gewicht.<\/span><\/div>\n<div style=\"text-align: left;\"><\/div>\n<h3 style=\"text-align: left;\"><span style=\"font-size: 110%;\">Exzellenz made in Italy<\/span><\/h3>\n<div style=\"text-align: left;\"><\/div>\n<div style=\"text-align: left;\"><span style=\"font-size: 110%;\">Wie alle Campagnolo-Produkte werden auch die Bora WTO vollst\u00e4ndig in den Campagnolo-Werken in der Provinz Vicenza entworfen, konstruiert und hergestellt.\u00a0<\/span><\/div>\n<div style=\"text-align: left;\"><\/div>\n<div style=\"text-align: left;\"><span style=\"font-size: 110%;\">Es ist der einzige Hersteller von Hochleistungsr\u00e4dern in der Welt, der sein Know-how und seine Produktionsprozesse vollst\u00e4ndig in seinem italienischen Hauptsitz unterh\u00e4lt.\u00a0<\/span><\/div>\n<div style=\"text-align: left;\"><\/div>\n<div style=\"text-align: left;\"><span style=\"font-size: 110%;\">Dies f\u00fchrt zu h\u00f6heren und best\u00e4ndigeren Qualit\u00e4ts- und Leistungsstandards als bei der Konkurrenz. Der Stolz des Made in Italy.<\/span><\/div>\n<div style=\"text-align: left;\"><\/div>\n<h2 style=\"text-align: left;\"><span style=\"font-size: 110%;\">MoMag-Technik<\/span><\/h2>\n<div style=\"text-align: left;\"><\/div>\n<div style=\"text-align: left;\"><span style=\"font-size: 110%;\">Die exklusive MoMag-Technologie ist eine der von Campagnolo eingef\u00fchrten Innovationen, die die Welt der Laufr\u00e4der revolutioniert hat. Durch die Nutzung der in den Naben integrierten magnetischen Komponenten werden die Speichen buchst\u00e4blich zur Mitte des Laufrads hingezogen.<\/span><\/div>\n<div style=\"text-align: left;\"><\/div>\n<div style=\"text-align: left;\"><span style=\"font-size: 110%;\">Dies f\u00fchrt zu einer perfekten und dauerhaften Zentrierung, die kein st\u00e4ndiges Nachspannen wie bei herk\u00f6mmlichen Systemen erfordert. Dar\u00fcber hinaus erh\u00f6ht die perfekte Dichtheit der Spannung die Langlebigkeit und Leistung des Rades weiter.<\/span><\/div>\n<div style=\"text-align: left;\"><\/div>\n<h2 style=\"text-align: left;\"><span style=\"font-size: 110%;\">USB-Keramiklager<\/span><\/h2>\n<div style=\"text-align: left;\"><\/div>\n<div style=\"text-align: left;\"><span style=\"font-size: 110%;\">Ein weiterer Pluspunkt der Bora WTO 33 sind die Keramik-USB-Lager, eine Campagnolo-Exklusivit\u00e4t, die f\u00fcr ein sanftes Abrollen und sofortige Reaktionsf\u00e4higkeit sorgt.\u00a0<\/span><\/div>\n<div style=\"text-align: left;\"><\/div>\n<div style=\"text-align: left;\"><span style=\"font-size: 110%;\">Diese aus Ultra-Hochleistungskeramik gefertigten Lager sind viel glatter, st\u00e4rker und effizienter als herk\u00f6mmliche Stahlmodelle. Sie bieten eine deutliche Verbesserung der Steifigkeit, des Komforts und der Reaktionsf\u00e4higkeit des Rades.<\/span><\/div>\n<div style=\"text-align: left;\"><\/div>\n<h3 style=\"text-align: left;\"><span style=\"font-size: 110%;\">F\u00fcr wen sie angezeigt sind<\/span><\/h3>\n<div style=\"text-align: left;\"><\/div>\n<div style=\"text-align: left;\"><span style=\"font-size: 110%;\">Dank ihrer au\u00dfergew\u00f6hnlichen Eigenschaften eignen sich die Bora WTO 33 sowohl f\u00fcr den Einsatz auf der Stra\u00dfe als auch f\u00fcr spezielle Disziplinen wie Zeitfahren. Sie sind die ideale Wahl f\u00fcr:<\/span><\/div>\n<div style=\"text-align: left;\"><\/div>\n<div style=\"text-align: left;\"><span style=\"font-size: 110%;\">- Profi- und Amateurradfahrer, die an Granfondo- und Amateurrennen teilnehmen<\/span><\/div>\n<div style=\"text-align: left;\"><\/div>\n<div style=\"text-align: left;\"><span style=\"font-size: 110%;\">- Enthusiasten, die die beste Leistung auf langen Strecken suchen<\/span><\/div>\n<div style=\"text-align: left;\"><\/div>\n<div style=\"text-align: left;\"><span style=\"font-size: 110%;\">- Cronoman, die aerodynamische Penetration sch\u00e4tzen<\/span><\/div>\n<div style=\"text-align: left;\"><\/div>\n<div style=\"text-align: left;\"><span style=\"font-size: 110%;\">- Radfahrer, die anspruchsvolle Anstiege und technische Abfahrten bew\u00e4ltigen<\/span><\/div>\n<div style=\"text-align: left;\"><\/div>\n<div style=\"text-align: left;\"><span style=\"font-size: 110%;\">- Wer will die Top-Technologie Made in Italy f\u00fcr den t\u00e4glichen Gebrauch<\/span><\/div>\n<div style=\"text-align: left;\"><\/div>\n<h3 style=\"text-align: left;\"><span style=\"font-size: 110%;\">Wartung und Pflege der Bora<\/span><\/h3>\n<div style=\"text-align: left;\"><\/div>\n<div style=\"text-align: left;\"><span style=\"font-size: 110%;\">Um die hervorragende Leistung der Bora WTO 33 R\u00e4der auf Dauer zu erhalten, ist eine regelm\u00e4\u00dfige Wartung erforderlich.\u00a0<\/span><\/div>\n<div style=\"text-align: left;\"><\/div>\n<div style=\"text-align: left;\"><span style=\"font-size: 110%;\">Die Experten von Campagnolo raten, die Felgen regelm\u00e4\u00dfig mit Wasser und neutraler Seife zu reinigen, die Lager etwa alle sechs Monate zu schmieren und die Zentrierung und Spannung der Speichen einmal im Jahr zu \u00fcberpr\u00fcfen.<\/span><\/div>\n<div style=\"text-align: left;\"><\/div>\n<div style=\"text-align: left;\"><span style=\"font-size: 110%;\">Am besten ist es, Hochdruckwasserstrahlen und aggressive Reinigungsmittel zu vermeiden. Bei sorgf\u00e4ltiger Pflege wird die Bora lange halten und ihr Potenzial beibehalten.<\/span><\/div>\n<div style=\"text-align: left;\"><\/div>\n<h3 style=\"text-align: left;\"><span style=\"font-size: 110%;\">Wann ist die Bora zu wechseln?<\/span><\/h3>\n<div style=\"text-align: left;\"><\/div>\n<div style=\"text-align: left;\"><span style=\"font-size: 110%;\">Die Struktur des Bora WTO 33 ist so konzipiert, dass sie auch bei starker Beanspruchung mehrere Jahre lang h\u00e4lt, d. h. bis zu 50.000 km oder mehr.\u00a0<\/span><\/div>\n<div style=\"text-align: left;\"><\/div>\n<div style=\"text-align: left;\"><span style=\"font-size: 110%;\">Erste Anzeichen daf\u00fcr, dass die R\u00e4der ausgetauscht werden m\u00fcssen, sind sichtbar abgenutzte Felgen, pl\u00f6tzliche Schwingungen beim Drehen, abnormale Ger\u00e4usche, Verlust der Speichenspannung oder Spiel in den Lagern.<\/span><\/div>\n<div style=\"text-align: left;\"><\/div>\n<div style=\"text-align: left;\"><span style=\"font-size: 110%;\">Es ist besser, diese Alarmglocken nicht zu untersch\u00e4tzen und die R\u00e4der zu ersetzen, sobald ihre strukturelle Integrit\u00e4t beeintr\u00e4chtigt ist. Der neue Bora wird Sie wieder mit seinen hervorragenden Leistungen verbl\u00fcffen.<\/span><\/div>\n<div style=\"text-align: left;\"><\/div>\n<h3 style=\"text-align: left;\"><span style=\"font-size: 110%;\">Wenn neue Bora konvergieren<\/span><\/h3>\n<div style=\"text-align: left;\"><\/div>\n<div style=\"text-align: left;\"><span style=\"font-size: 110%;\">F\u00fcr einen anspruchsvollen Radfahrer, der das Beste sucht, ist es immer ratsam, sein Fahrrad mit einem neuen Satz Bora WTO 33 auszustatten.<\/span><\/div>\n<div style=\"text-align: left;\"><\/div>\n<div style=\"text-align: left;\"><span style=\"font-size: 110%;\">Es gibt viele Gr\u00fcnde, warum es sich lohnt, in einen neuen Bora zu investieren:<\/span><\/div>\n<div style=\"text-align: left;\"><\/div>\n<div style=\"text-align: left;\"><span style=\"font-size: 110%;\">- Wunsch nach Verbesserung der aerodynamischen Leistung<\/span><\/div>\n<div style=\"text-align: left;\"><\/div>\n<div style=\"text-align: left;\"><span style=\"font-size: 110%;\">- Wunsch nach besserem Ansprechverhalten und Fahrkomfort\u00a0<\/span><\/div>\n<div style=\"text-align: left;\"><\/div>\n<div style=\"text-align: left;\"><span style=\"font-size: 110%;\">- Bestehender Radverschlei\u00df nach Tausenden von Kilometern<\/span><\/div>\n<div style=\"text-align: left;\"><\/div>\n<div style=\"text-align: left;\"><span style=\"font-size: 110%;\">- Wechsel des Fahrrads und Bedarf an geeigneten Laufr\u00e4dern<\/span><\/div>\n<div style=\"text-align: left;\"><\/div>\n<div style=\"text-align: left;\"><span style=\"font-size: 110%;\">- Belohnen Sie sich mit Spitzentechnologie Made in Italy<\/span><\/div>\n<div style=\"text-align: left;\"><\/div>\n<div style=\"text-align: left;\"><span style=\"font-size: 110%;\">Dank ihres gelungenen Designs und ihrer un\u00fcbertroffenen Verarbeitungsqualit\u00e4t wird die neue Bora die Erwartungen nicht entt\u00e4uschen und den Wind im R\u00fccken haben.<\/span><\/div>\n<div style=\"text-align: left;\"><\/div>\n<div style=\"text-align: left;\"><span style=\"font-size: 110%;\">Campagnolo Bora WTO 33: Schlussfolgerungen<\/span><\/div>\n<div style=\"text-align: left;\"><\/div>\n<div style=\"text-align: left;\"><span style=\"font-size: 110%;\">Zusammenfassend l\u00e4sst sich sagen, dass die Campagnolo Bora WTO 33 Laufr\u00e4der f\u00fcr Liebhaber, die auf der Suche nach den besten Hochleistungslaufr\u00e4dern sind, einfach das Beste sind, was derzeit auf dem Markt erh\u00e4ltlich ist.\u00a0<\/span><\/div>\n<div style=\"text-align: left;\"><\/div>\n<div style=\"text-align: left;\"><span style=\"font-size: 110%;\">Sie garantieren konkrete Vorteile wie geringeren Luftwiderstand, Fahrpr\u00e4zision, Komfort auf langen Strecken und Langlebigkeit. Und das alles mit der legend\u00e4ren Campagnolo 100% Qualit\u00e4t made in Italy. Die Bora WTO 33 Laufr\u00e4der steigern die Leistung eines jeden Fahrrads bis zum \u00c4u\u00dfersten.<\/span><\/div>\n<h3 style=\"text-align: left;\"><span style=\"font-size: 110%;\"><strong>H\u00e4ufig gestellte Fragen zu Campagnolo Bora WTO 33 Laufr\u00e4dern<\/strong><\/span><\/h3>\n<p style=\"text-align: left;\"><span style=\"font-size: 110%;\"><strong>1. Was ist das Modell Campagnolo Bora WTO 33?<\/strong> Das Modell Campagnolo Bora WTO 33 ist eine spezielle Version der Bora-Laufr\u00e4der, die von der renommierten italienischen Firma Campagnolo entwickelt wurden. Das \"WTO\" steht f\u00fcr \"Wind Tunnel Optimised\", was auf die besondere Aufmerksamkeit f\u00fcr die Aerodynamik dieser Laufr\u00e4der hinweist.<\/span><\/p>\n<p style=\"text-align: left;\"><span style=\"font-size: 110%;\"><strong>2. Was sind die wichtigsten Merkmale des Campagnolo Bora WTO 33?<\/strong> Campagnolo Bora WTO 33 sind Fahrradlaufr\u00e4der mit einem aerodynamischen Profil von 33 mm. Sie wurden entwickelt, um eine Kombination aus Leichtigkeit, Steifigkeit und optimaler aerodynamischer Leistung zu bieten. Sie sind f\u00fcr eine Vielzahl von Stra\u00dfenbedingungen geeignet und werden von Kletterern und Sprintern gleicherma\u00dfen gesch\u00e4tzt.<\/span><\/p>\n<p style=\"text-align: left;\"><span style=\"font-size: 110%;\"><strong>3. Welche Vorteile bieten die Campagnolo Bora WTO 33-Laufr\u00e4der gegen\u00fcber anderen Laufr\u00e4dern?<\/strong> Die Campagnolo Bora WTO 33 Laufr\u00e4der bieten ein aerodynamisches Profil, das den Luftwiderstand reduziert und so die Effizienz und die Geschwindigkeit erh\u00f6ht. Ihre hochwertige Carbonkonstruktion tr\u00e4gt zu einer besseren Reaktionsf\u00e4higkeit und Kraft\u00fcbertragung bei. Sie sind ideal f\u00fcr gemischte Fahrten und bieten eine Vielseitigkeit, die sie f\u00fcr eine Vielzahl von Fahrsituationen geeignet macht.<\/span><\/p>\n<p style=\"text-align: left;\"><span style=\"font-size: 110%;\"><strong>4. Gibt es spezielle Modelle der Campagnolo Bora WTO 33 f\u00fcr Scheibenbremsen und konventionelle Bremsen?<\/strong> Ja, die Campagnolo Bora WTO 33 sind in Versionen erh\u00e4ltlich, die sowohl mit Scheibenbremsen als auch mit herk\u00f6mmlichen Backenbremsen kompatibel sind. Es ist wichtig, das richtige Modell je nach der Art der an Ihrem Fahrrad installierten Bremse zu w\u00e4hlen.<\/span><\/p>\n<p style=\"text-align: left;\"><span style=\"font-size: 110%;\"><strong>5. Sind Campagnolo Bora WTO 33 f\u00fcr den Rennsport geeignet?<\/strong> Ja, die Campagnolo Bora WTO 33 Laufr\u00e4der sind aufgrund ihres geringen Gewichts und ihrer aerodynamischen Eigenschaften f\u00fcr den Rennsport konzipiert. Pr\u00fcfen Sie jedoch, wie immer, ob sie den spezifischen Vorschriften des Wettbewerbs, an dem Sie teilnehmen, entsprechen.<\/span><\/p>\n<p style=\"text-align: left;\"><span style=\"font-size: 110%;\"><strong>6. Welche besonderen Leistungen bieten sie in Bezug auf die Aerodynamik?<\/strong> Die Campagnolo Bora WTO 33 Laufr\u00e4der wurden unter Ber\u00fccksichtigung aerodynamischer Details entwickelt, um den Luftwiderstand w\u00e4hrend der Fahrt zu verringern. Das Felgenprofil und das Design der Nabe sind optimiert, um die aerodynamische Effizienz zu verbessern und es dem Fahrer zu erm\u00f6glichen, sich besser dem Wind zu stellen.<\/span><\/p>\n<p style=\"text-align: left;\"><span style=\"font-size: 110%;\"><strong>7. Wie kann ich mein Campagnolo Bora WTO 33 pflegen und warten?<\/strong> Um Ihre Campagnolo Bora WTO 33-Laufr\u00e4der in optimalem Zustand zu halten, ist es wichtig, sie regelm\u00e4\u00dfig zu reinigen, die Speichenspannung zu \u00fcberpr\u00fcfen und den Verschlei\u00df der Komponenten zu kontrollieren. Befolgen Sie die von Campagnolo angegebenen Wartungsrichtlinien, um eine lange Lebensdauer und gleichbleibende Leistung zu gew\u00e4hrleisten.<\/span><\/p>\n<p style=\"text-align: left;\"><span style=\"font-size: 110%;\"><strong>8. Wo kann ich Campagnolo Bora WTO 33 und entsprechende Ersatzteile kaufen?<\/strong> Sie k\u00f6nnen die Campagnolo Bora WTO 33 bei autorisierten Fahrradh\u00e4ndlern oder Fachgesch\u00e4ften kaufen. Ersatzteile k\u00f6nnen \u00fcber das offizielle Vertriebsnetz von Campagnolo erh\u00e4ltlich sein.<\/span><\/p>\n<p style=\"text-align: left;\"><span style=\"font-size: 110%;\"><strong>9. Gibt es f\u00fcr die Campagnolo Bora WTO 33 ma\u00dfgeschneiderte Optionen?<\/strong> Campagnolo kann f\u00fcr die Bora WTO 33 einige Sonderausstattungsoptionen anbieten, wie z. B. individuelle Aufkleber oder Farbauswahl. Erkundigen Sie sich bei Ihrem Fachh\u00e4ndler oder auf der offiziellen Website von Campagnolo nach den verf\u00fcgbaren Individualisierungsm\u00f6glichkeiten.<\/span><\/p>\n<p style=\"text-align: left;\"><span style=\"font-size: 110%;\"><strong>10. Welche anderen \u00e4hnlichen Laufr\u00e4der bietet Campagnolo au\u00dfer dem Bora WTO 33 an?<\/strong> Campagnolo bietet eine breite Palette von Laufr\u00e4dern an, darunter auch Bora-Modelle mit unterschiedlichen Profilh\u00f6hen und Eigenschaften. Weitere Modelle sind zum Beispiel das Bora WTO 45, Bora Ultra, Bora One und andere. Das komplette Angebot finden Sie auf der offiziellen Website von Campagnolo.<\/span><\/p>\n\t\t<\/div>\n\t\t\t\t\t<\/div>\n\n\t\n<\/div>\n\t\t<\/div>\n\n\t\t\n<style>\n#section_1555552166 {\n  padding-top: 60px;\n  padding-bottom: 60px;\n  min-height: 300px;\n  background-color: rgb(245, 245, 245);\n}\n<\/style>\n\t<\/section>","protected":false},"excerpt":{"rendered":"","protected":false},"author":1,"featured_media":12666,"parent":0,"menu_order":0,"comment_status":"closed","ping_status":"closed","template":"","meta":{"footnotes":""},"class_list":["post-12647","page","type-page","status-publish","has-post-thumbnail","hentry"],"_links":{"self":[{"href":"https:\/\/bici-bici.it\/de\/wp-json\/wp\/v2\/pages\/12647","targetHints":{"allow":["GET"]}}],"collection":[{"href":"https:\/\/bici-bici.it\/de\/wp-json\/wp\/v2\/pages"}],"about":[{"href":"https:\/\/bici-bici.it\/de\/wp-json\/wp\/v2\/types\/page"}],"author":[{"embeddable":true,"href":"https:\/\/bici-bici.it\/de\/wp-json\/wp\/v2\/users\/1"}],"replies":[{"embeddable":true,"href":"https:\/\/bici-bici.it\/de\/wp-json\/wp\/v2\/comments?post=12647"}],"version-history":[{"count":0,"href":"https:\/\/bici-bici.it\/de\/wp-json\/wp\/v2\/pages\/12647\/revisions"}],"wp:featuredmedia":[{"embeddable":true,"href":"https:\/\/bici-bici.it\/de\/wp-json\/wp\/v2\/media\/12666"}],"wp:attachment":[{"href":"https:\/\/bici-bici.it\/de\/wp-json\/wp\/v2\/media?parent=12647"}],"curies":[{"name":"wp","href":"https:\/\/api.w.org\/{rel}","templated":true}]}}