{"id":12635,"date":"2023-08-31T17:29:46","date_gmt":"2023-08-31T17:29:46","guid":{"rendered":"https:\/\/bici-bici.it\/?page_id=12635"},"modified":"2023-09-01T20:21:33","modified_gmt":"2023-09-01T20:21:33","slug":"bora","status":"publish","type":"page","link":"https:\/\/bici-bici.it\/de\/unternehmen-campagnolo\/bora\/","title":{"rendered":"Campagnolo Bora"},"content":{"rendered":"<section class=\"section\" id=\"section_549281026\">\n\t\t<div class=\"section-bg fill\" >\n\t\t\t\t\t\t\t\t\t\n\t\t\t\n\n\t\t<\/div>\n\n\t\t\n\n\t\t<div class=\"section-content relative\">\n\t\t\t\n<div class=\"row align-center\"  id=\"row-1266004495\">\n\n\t<div id=\"col-456595663\" class=\"col medium-10 small-12 large-10\"  >\n\t\t\t\t<div class=\"col-inner text-center\"  >\n\t\t\t\n\t\t\t\n<div class=\"container section-title-container\" ><h1 class=\"section-title section-title-normal\"><b><\/b><span class=\"section-title-main\" >Campagnolo Serie Bora<\/span><b><\/b><\/h1><\/div>\n\t<div class=\"img has-hover x md-x lg-x y md-y lg-y\" id=\"image_1218994662\">\n\t\t\t\t\t\t\t\t<div class=\"img-inner image-cover dark\" style=\"padding-top:50%;margin:0px 0px 30px 0px;\">\n\t\t\t<img loading=\"lazy\" decoding=\"async\" width=\"1020\" height=\"680\" src=\"https:\/\/bici-bici.it\/wp-content\/uploads\/2023\/08\/campagnolo-bora-wto-45.jpg\" class=\"attachment-large size-large\" alt=\"CAMPAGNOLO BORA WTO 45 SCHEIBENRADSATZ\" srcset=\"https:\/\/bici-bici.it\/wp-content\/uploads\/2023\/08\/campagnolo-bora-wto-45.jpg 1200w, https:\/\/bici-bici.it\/wp-content\/uploads\/2023\/08\/campagnolo-bora-wto-45-800x533.jpg 800w, https:\/\/bici-bici.it\/wp-content\/uploads\/2023\/08\/campagnolo-bora-wto-45-64x43.jpg 64w, https:\/\/bici-bici.it\/wp-content\/uploads\/2023\/08\/campagnolo-bora-wto-45-600x400.jpg 600w, https:\/\/bici-bici.it\/wp-content\/uploads\/2023\/08\/campagnolo-bora-wto-45-768x512.jpg 768w, https:\/\/bici-bici.it\/wp-content\/uploads\/2023\/08\/campagnolo-bora-wto-45-18x12.jpg 18w\" sizes=\"auto, (max-width: 1020px) 100vw, 1020px\" \/>\t\t\t\t\t\t\n\t\t\t\t\t<\/div>\n\t\t\t\t\t\t\t\t\n<style>\n#image_1218994662 {\n  width: 100%;\n}\n<\/style>\n\t<\/div>\n\t\n<h2 style=\"text-align: left;\"><span style=\"font-size: 110%;\">Campagnolo Bora Laufr\u00e4der: Technologie und Innovation made in Italy<\/span><\/h2>\n<p class=\"whitespace-pre-wrap\" style=\"text-align: left;\"><span style=\"font-size: 110%;\">Die Campagnola Bora-Laufr\u00e4der sind eine Ikone unter den Produkten <a href=\"https:\/\/www.campagnolo.com\/it-it\/\" target=\"_blank\" rel=\"noopener\">der Firma Campagnolo<\/a>ein Symbol f\u00fcr die technologischen und leistungsbezogenen Spitzenleistungen der italienischen Marke. Erstmals 1994 vorgestellt, haben sich die Bora-Laufr\u00e4der in ihrer fast 30-j\u00e4hrigen Geschichte als absoluter Ma\u00dfstab in der Welt der Hochleistungslaufr\u00e4der f\u00fcr Rennr\u00e4der etabliert. Werfen wir einen detaillierten Blick auf die Geschichte, die Eigenschaften und die Innovationen, die die Bora-Laufr\u00e4der bei den Radfahrern so beliebt gemacht haben.<\/span><\/p>\n<h3 style=\"text-align: left;\"><span style=\"font-size: 110%;\">Geburt und Geschichte der Campagnolo Bora<\/span><\/h3>\n<blockquote>\n<p style=\"text-align: left;\"><span style=\"font-size: 110%;\">Campagnolo Bora Serie Laufr\u00e4der auf Lager:<\/span><\/p>\n<\/blockquote>\n<p style=\"text-align: left;\"><a href=\"https:\/\/bici-bici.it\/de\/unternehmen-campagnolo\/bora\/wto-45\/\" target=\"_blank\" rel=\"noopener\"><span style=\"font-size: 110%;\">Campagnolo Bora WTO 45<\/span><\/a><br \/>\n<a href=\"https:\/\/bici-bici.it\/de\/azienda-campagnolo\/bora\/wto-33\/\" target=\"_blank\" rel=\"noopener\"><span style=\"font-size: 110%;\">Campagnolo Bora WTO 33<\/span><\/a><br \/>\n<a href=\"https:\/\/bici-bici.it\/de\/unternehmen-campagnolo\/bora\/wto-ultra-33\/\" target=\"_blank\" rel=\"noopener\"><span style=\"font-size: 110%;\">Campagnolo Bora WTO Ultra 33<\/span><\/a><br \/>\n<span style=\"font-size: 110%;\">Campagnolo Bora ULTRA\u00a0<\/span><br \/>\n<span style=\"font-size: 110%;\">Campagnolo Bora ONE 50<\/span><\/p>\n<p class=\"whitespace-pre-wrap\" style=\"text-align: left;\"><span style=\"font-size: 110%;\">Die Geschichte von Bora begann Anfang der 1990er Jahre, als Campagnolo beschloss, ein neues Produkt zu entwickeln, das es bis dahin in der Produktpalette des Unternehmens noch nicht gab: einen Satz Hochleistungslaufr\u00e4der speziell f\u00fcr Zeitfahr- und Triathlonr\u00e4der.<\/span><\/p>\n<p class=\"whitespace-pre-wrap\" style=\"text-align: left;\"><span style=\"font-size: 110%;\">Nach Jahren der absoluten Vorherrschaft im Bereich der Gruppen und Komponenten wollte Campagnolo auch im Laufradsektor Fu\u00df fassen, der dank neuer Verbundwerkstoffe wie Kohlefaser und Kevlar einen Aufschwung erlebt.<\/span><\/p>\n<p class=\"whitespace-pre-wrap\" style=\"text-align: left;\"><span style=\"font-size: 110%;\">Das Ziel war ehrgeizig: die aerodynamischsten, leichtesten und leistungsf\u00e4higsten Laufr\u00e4der auf dem Markt zu entwickeln. Nach einer langen Zeit der Forschung und Windkanaltests wurde 1994 das Bora TriAthlon vorgestellt: linsenf\u00f6rmige Carbonr\u00e4der, leicht und supersteif.<\/span><\/p>\n<p class=\"whitespace-pre-wrap\" style=\"text-align: left;\"><span style=\"font-size: 110%;\">Der Name Bora leitet sich von dem katabatischen Wind ab, der in der Ebene zwischen Slowenien und Kroatien weht, ein Symbol f\u00fcr die au\u00dfergew\u00f6hnlichen Leistungen, die die R\u00e4der in der Luft erbringen. Von der allerersten Version an wurden bei der Bora Keramiklager verwendet, eine gro\u00dfe Innovation f\u00fcr die damalige Zeit.<\/span><\/p>\n<h3 style=\"text-align: left;\"><span style=\"font-size: 110%;\">Produktentwicklung<\/span><\/h3>\n<p class=\"whitespace-pre-wrap\" style=\"text-align: left;\"><span style=\"font-size: 110%;\">Der Erfolg des ersten <a href=\"https:\/\/bici-bici.it\/de\/unternehmen-campagnolo\/\" target=\"_blank\" rel=\"noopener\">Compagnolo Bora Rennr\u00e4der<\/a> war in der Welt der Zeitfahrrennen sofort pr\u00e4sent. Campagnolo entwickelt und verbessert das Produkt weiter und bringt neue Versionen auf den Markt. 1995 kommt die Bora UL (Ultralight) mit 22 mm Felgen, 2001 die Bora \"Wide Body\" mit 27 mm Felgen.<\/span><\/p>\n<p class=\"whitespace-pre-wrap\" style=\"text-align: left;\"><span style=\"font-size: 110%;\">Im Jahr 2004 wurde das noch leichtere und steifere Bora Ultra auf den Markt gebracht und von professionellen Radsportteams eingesetzt. Im Jahr 2007 wurde das Laufrad mit neuen Felgen und Lagern grundlegend \u00fcberarbeitet.<\/span><\/p>\n<p class=\"whitespace-pre-wrap\" style=\"text-align: left;\"><span style=\"font-size: 110%;\">2015 wurde die Bora One vorgestellt, die erste Bora mit einteiligen Felgen, um die Steifigkeit und Reaktionsf\u00e4higkeit zu erh\u00f6hen. Die neueste Innovation von Campagnolo ist die Bora Ultra WTO von 2020 mit einteiligen Felgen und Hightech-L\u00f6sungen wie der G3 Carbon-Nabe.<\/span><\/p>\n<h2 style=\"text-align: left;\"><span style=\"font-size: 110%;\">Hochmoderne Technologien<\/span><\/h2>\n<p class=\"whitespace-pre-wrap\" style=\"text-align: left;\"><span style=\"font-size: 110%;\">Seit der ersten Bora setzt Campagnolo innovative L\u00f6sungen ein, die im Laufradsektor Ma\u00dfst\u00e4be gesetzt haben. Die heute sehr beliebten linsenf\u00f6rmigen Felgen wurden erstmals 1994 bei der Bora eingesetzt.<\/span><\/p>\n<p class=\"whitespace-pre-wrap\" style=\"text-align: left;\"><span style=\"font-size: 110%;\">Die Verwendung von Keramiklagern, die wesentlich glatter sind als herk\u00f6mmliche, wurde ebenfalls von Bora in den fr\u00fchen 1990er Jahren eingef\u00fchrt, als diese Technologie noch in den Kinderschuhen steckte.<\/span><\/p>\n<p class=\"whitespace-pre-wrap\" style=\"text-align: left;\"><span style=\"font-size: 110%;\">Heute stellt die Bora das Nonplusultra der Campagnolo-Forschung dar, mit exklusiven L\u00f6sungen wie z.B.:<\/span><\/p>\n<ul class=\"list-disc pl-8 space-y-2\" style=\"text-align: left;\">\n<li class=\"whitespace-normal\"><span style=\"font-size: 110%;\">Nahtlose SoloUnpiece-Felgen f\u00fcr extreme Steifigkeit und Reaktionsf\u00e4higkeit.<\/span><\/li>\n<li class=\"whitespace-normal\"><span style=\"font-size: 110%;\">C-LUX-Technologie, eine Kombination aus Kohlefaser und Fl\u00fcssigkristallpolymerharz f\u00fcr st\u00e4rkere Felgen bis zu 50%.<\/span><\/li>\n<li class=\"whitespace-normal\"><span style=\"font-size: 110%;\">Symmetrisches G3-Felgenprofil, das im Windkanal f\u00fcr hervorragende aerodynamische Leistungen entwickelt wurde.<\/span><\/li>\n<li class=\"whitespace-normal\"><span style=\"font-size: 110%;\">MoMag-Technologie: Naben aus Carbon, die magnetisch sind, so dass die Speichen zur Mitte hin angezogen werden und das Rad immer perfekt zentriert ist.<\/span><\/li>\n<li class=\"whitespace-normal\"><span style=\"font-size: 110%;\">Ultraglatte USB-Keramiklager, die die Steifigkeit und Reaktionsf\u00e4higkeit des Rades erh\u00f6hen.<\/span><\/li>\n<li class=\"whitespace-normal\"><span style=\"font-size: 110%;\">Minimale Gewichtsunterschiede zwischen vorderer und hinterer Felge f\u00fcr eine perfekte Balance des Fahrrads.<\/span><\/li>\n<\/ul>\n<h3 style=\"text-align: left;\"><span style=\"font-size: 110%;\">Design und Handwerkskunst<\/span><\/h3>\n<p class=\"whitespace-pre-wrap\" style=\"text-align: left;\"><span style=\"font-size: 110%;\">Neben der Hightech-Komponente ist eine der St\u00e4rken des Campagnolo Bora zweifellos sein Design, das Ergebnis der perfekten Verschmelzung von italienischer Handwerkskunst und Spitzentechnologie. Die Felgen mit sauberen Oberfl\u00e4chen, die k\u00fchne Farbwahl, wie das kr\u00e4ftige Rot, und die eingepr\u00e4gten Logos machen die Bora zu einem Objekt mit einer einzigartigen und perfekt erkennbaren \u00c4sthetik.<\/span><\/p>\n<p class=\"whitespace-pre-wrap\" style=\"text-align: left;\"><span style=\"font-size: 110%;\">Auch die Produktionsprozesse vereinen Handwerk und Technologie: Die Felgen, die in der Region Bergamo hergestellt werden, die eine gro\u00dfe Tradition in der Radbearbeitung hat, werden von Hand geformt und in speziellen \u00d6fen gebrannt, um ihre mechanischen Eigenschaften zu verbessern. Jedes Campagnolo Bora-Rad ist ein Konzentrat aus Stil, Leidenschaft und italienischer Zweiradkultur.<\/span><\/p>\n<h3 style=\"text-align: left;\"><span style=\"font-size: 110%;\">Champions und sportliche Erfolge<\/span><\/h3>\n<p class=\"whitespace-pre-wrap\" style=\"text-align: left;\"><span style=\"font-size: 110%;\">Von Anfang an haben sich die gr\u00f6\u00dften Radsportler f\u00fcr Bora-Laufr\u00e4der entschieden, weil sie von ihrer F\u00e4higkeit, das Rad zum Fliegen zu bringen, fasziniert waren. Bora hat sich bei Zeitfahren, Bergetappen und Massensprints bew\u00e4hrt.<\/span><\/p>\n<p class=\"whitespace-pre-wrap\" style=\"text-align: left;\"><span style=\"font-size: 110%;\">Es gen\u00fcgt zu sagen, dass seit 1994 60% der olympischen und weltweiten Medaillen im Stra\u00dfenradsport von Athleten auf R\u00e4dern mit Campagnolo Bora-Laufr\u00e4dern gewonnen wurden.<\/span><\/p>\n<p class=\"whitespace-pre-wrap\" style=\"text-align: left;\"><span style=\"font-size: 110%;\">Zu den Champions, die sich f\u00fcr Bora-R\u00e4der entschieden haben, geh\u00f6ren legend\u00e4re Namen wie Marco Pantani, Jan Ullrich, Paolo Bettini, Oscar Freire, Mario Cipollini, Alberto Contador, Vincenzo Nibali und viele andere. Bora-R\u00e4der haben so epische Leistungen wie das Giro-Tour-Doppel von Marco Pantani im Jahr 1998 oder den Erfolg von Paolo Bettini bei der Weltmeisterschaft 2006 in Salzburg begleitet.<\/span><\/p>\n<h3 style=\"text-align: left;\"><span style=\"font-size: 110%;\">Einsatz auf der Stra\u00dfe und im Gel\u00e4nde<\/span><\/h3>\n<p class=\"whitespace-pre-wrap\" style=\"text-align: left;\"><span style=\"font-size: 110%;\">Geboren f\u00fcr Zeitfahren und Triathlon, haben sich die Bora im Laufe der Jahre so entwickelt, dass sie auch auf der Stra\u00dfe hervorragend funktionieren. Heute werden sie sowohl in der Stra\u00dfen- als auch in der Offroad-Version hergestellt. Die Bora WTO-Stra\u00dfenlaufr\u00e4der mit 33-45 mm breiten Felgen geh\u00f6ren zu den beliebtesten Laufr\u00e4dern im Profiradsport und bei anspruchsvollen Amateuren.<\/span><\/p>\n<p class=\"whitespace-pre-wrap\" style=\"text-align: left;\"><span style=\"font-size: 110%;\">Die Offroad-Laufr\u00e4der Campagnola Bora WTO haben dagegen 25-33 mm gro\u00dfe Felgen, die f\u00fcr den Einsatz auf Schotter und im Abenteuer geeignet sind. Auch bei Offroad- und Granfondo-Wettbewerben garantieren die Bora-Laufr\u00e4der hervorragende Leistungen.<\/span><\/p>\n<p class=\"whitespace-pre-wrap\" style=\"text-align: left;\"><span style=\"font-size: 110%;\">Dies ist der sprichw\u00f6rtlichen Steifigkeit zu verdanken, die das Ansprechverhalten auf unebenem Terrain verst\u00e4rkt, sowie der f\u00fcr Linsenfelgen typischen Vibrationsd\u00e4mpfung. Kurz gesagt, die Bora sind sowohl auf Asphalt als auch auf unbefestigten Stra\u00dfen hervorragend.<\/span><\/p>\n<h2 style=\"text-align: left;\"><span style=\"font-size: 110%;\">Produktpalette und Preise<\/span><\/h2>\n<p class=\"whitespace-pre-wrap\" style=\"text-align: left;\"><span style=\"font-size: 110%;\">Campagnolo bietet Bora sowohl f\u00fcr den Ersatzteilmarkt als auch f\u00fcr die Erstausr\u00fcstung der gro\u00dfen Rahmenhersteller an. Das Sortiment umfasst:<\/span><\/p>\n<ul class=\"list-disc pl-8 space-y-2\" style=\"text-align: left;\">\n<li class=\"whitespace-normal\"><span style=\"font-size: 110%;\">Bora WTO f\u00fcr die Stra\u00dfe in den Ausf\u00fchrungen 33, 45 und 60 mm. Die 33- und 45-mm-Versionen sind auch als \"Tubular\"-Versionen f\u00fcr Schlauchreifen erh\u00e4ltlich.<\/span><\/li>\n<li class=\"whitespace-normal\"><span style=\"font-size: 110%;\">Bora WTO f\u00fcr den Einsatz im Gel\u00e4nde in den Ausf\u00fchrungen 25 und 33 mm.<\/span><\/li>\n<li class=\"whitespace-normal\"><span style=\"font-size: 110%;\">Bora One f\u00fcr Triathlon und Zeitfahren, mit 85-mm-Felgen.<\/span><\/li>\n<li class=\"whitespace-normal\"><span style=\"font-size: 110%;\">Bora Ultra TT 75 und 85 mm Linsenr\u00e4der f\u00fcr Zeitfahren und Bahn.<\/span><\/li>\n<\/ul>\n<p class=\"whitespace-pre-wrap\" style=\"text-align: left;\"><span style=\"font-size: 110%;\">Die Preise der Bora variieren je nach Modell, liegen aber definitiv im oberen Bereich des Marktes, mit einer Spanne von 1500 bis 3700 Euro f\u00fcr die Top-Carbon-Versionen. Die Bora-Modelle aus Aluminium haben erschwinglichere, aber immer noch anspruchsvolle Preise, etwa 500 bis 1200 Euro.<\/span><\/p>\n<p class=\"whitespace-pre-wrap\" style=\"text-align: left;\"><span style=\"font-size: 110%;\">Die Bora-Laufr\u00e4der von Campagnolo sind der Traum eines jeden Radsportbegeisterten. Ikonische Laufr\u00e4der, die Geschichte geschrieben haben und immer noch schreiben, Synonym f\u00fcr Geschwindigkeit, technologische Innovation und italienische Sch\u00f6nheit. Die Campagnola Bora Laufr\u00e4der belohnen mit hervorragenden Leistungen sowohl den Profi-Radfahrer, der sich \u00fcbertreffen will, als auch den Amateur, der das Beste sucht, um Spa\u00df auf zwei R\u00e4dern zu haben. Ein zeitloses Produkt, das sich st\u00e4ndig weiterentwickelt und immer an der Spitze bleibt.<\/span><\/p>\n<h3 style=\"text-align: left;\"><span style=\"font-size: 110%;\"><strong>H\u00e4ufig gestellte Fragen zu Campagnolo Bora-Laufr\u00e4dern<\/strong><\/span><\/h3>\n<p style=\"text-align: left;\"><span style=\"font-size: 110%;\"><strong>1. Was sind Campagnolo Bora-Laufr\u00e4der?<\/strong> Die Campagnolo Bora-Laufr\u00e4der sind eine Reihe von Hochleistungslaufr\u00e4dern, die von der italienischen Firma Campagnolo entwickelt und hergestellt werden. Diese Laufr\u00e4der sind bekannt f\u00fcr ihre Leichtigkeit, Steifigkeit und Aerodynamik, ideal f\u00fcr Radfahrer, die maximale Leistung suchen.<\/span><\/p>\n<p style=\"text-align: left;\"><span style=\"font-size: 110%;\"><strong>2. Was sind die wichtigsten Merkmale der Campagnolo Bora-Laufr\u00e4der?<\/strong> Die Campagnolo Bora-Laufr\u00e4der sind bekannt f\u00fcr ihre hochwertige Karbonkonstruktion, ihr aerodynamisches Profil, ihre feinen Naben und ihr elegantes Design. Sie sind in verschiedenen Profilh\u00f6hen erh\u00e4ltlich, um den Bed\u00fcrfnissen von On- und Off-Road-Radfahrern gerecht zu werden.<\/span><\/p>\n<p style=\"text-align: left;\"><span style=\"font-size: 110%;\"><strong>3. Welche Bora-Radmodelle gibt es?<\/strong> Campagnolo bietet eine Vielzahl von Bora-Modellen an, darunter Bora Ultra, Bora WTO und Bora One. Jedes Modell kann spezifische Merkmale aufweisen, daher ist es wichtig, die Spezifikationen des Modells zu pr\u00fcfen, an dem Sie interessiert sind.<\/span><\/p>\n<p style=\"text-align: left;\"><span style=\"font-size: 110%;\"><strong>4. Welche Vorteile bieten die Bora-Laufr\u00e4der gegen\u00fcber anderen Laufr\u00e4dern?<\/strong> Die Campagnolo Bora-Laufr\u00e4der bieten zahlreiche Vorteile, darunter eine h\u00f6here Geschwindigkeit dank ihrer Aerodynamik, eine h\u00f6here Steifigkeit, die eine bessere Kraft\u00fcbertragung erm\u00f6glicht, und ein geringeres Gesamtgewicht des Fahrrads.<\/span><\/p>\n<p style=\"text-align: left;\"><span style=\"font-size: 110%;\"><strong>5. Sind die Campagnolo Bora-Laufr\u00e4der mit Scheibenbremsen und herk\u00f6mmlichen Bremsen kompatibel?<\/strong> Ja, Campagnolo bietet Versionen der Bora-Laufr\u00e4der an, die sowohl mit Scheibenbremsen als auch mit herk\u00f6mmlichen Backenbremsen kompatibel sind. Vergewissern Sie sich, dass Sie das richtige Modell f\u00fcr den Bremstyp an Ihrem Fahrrad w\u00e4hlen.<\/span><\/p>\n<p style=\"text-align: left;\"><span style=\"font-size: 110%;\"><strong>6. Kann ich Bora-R\u00e4der f\u00fcr Wettbewerbe verwenden?<\/strong> Unbedingt. Campagnolo Bora-Laufr\u00e4der werden aufgrund ihrer hohen Leistungsf\u00e4higkeit h\u00e4ufig von professionellen Radsportlern f\u00fcr Wettk\u00e4mpfe gew\u00e4hlt. Es ist jedoch wichtig, sich zu vergewissern, dass die Laufr\u00e4der den spezifischen Vorschriften des Wettbewerbs, an dem Sie teilnehmen, entsprechen.<\/span><\/p>\n<p style=\"text-align: left;\"><span style=\"font-size: 110%;\"><strong>7. Ben\u00f6tigen Bora-R\u00e4der eine besondere Wartung?<\/strong> Wie alle hochwertigen Laufr\u00e4der m\u00fcssen auch die Bora-Laufr\u00e4der regelm\u00e4\u00dfig gewartet werden, um eine optimale Leistung zu gew\u00e4hrleisten. Es wird empfohlen, die Lager sauber zu halten, die Speichenspannung zu \u00fcberpr\u00fcfen und das Bremsprofil zu kontrollieren.<\/span><\/p>\n<p style=\"text-align: left;\"><span style=\"font-size: 110%;\"><strong>8. Besteht f\u00fcr Campagnolo Bora-Laufr\u00e4der eine Garantie?<\/strong> Ja, f\u00fcr Campagnolo Bora-Laufr\u00e4der gilt in der Regel eine begrenzte Garantie auf Herstellungsfehler. \u00dcberpr\u00fcfen Sie jedoch die spezifischen Einzelheiten der Garantie, die mit Ihrem Produkt geliefert wurde, oder wenden Sie sich an Ihren Vertragsh\u00e4ndler.<\/span><\/p>\n<p style=\"text-align: left;\"><span style=\"font-size: 110%;\"><strong>9. Kann ich Ersatzteile f\u00fcr Bora-R\u00e4der kaufen?<\/strong> Campagnolo bietet normalerweise Ersatzteile f\u00fcr seine Bora-Laufr\u00e4der an, darunter Speichen, Naben und Zubeh\u00f6r. Sie k\u00f6nnen diese Komponenten bei autorisierten H\u00e4ndlern oder auf der offiziellen Campagnolo-Website erwerben.<\/span><\/p>\n<p style=\"text-align: left;\"><span style=\"font-size: 110%;\"><strong>10. Wie kann ich das richtige Bora-Radmodell f\u00fcr mich ausw\u00e4hlen?<\/strong> Welches Modell Sie w\u00e4hlen, h\u00e4ngt von Ihren pers\u00f6nlichen Bed\u00fcrfnissen ab. Ber\u00fccksichtigen Sie die Art des Gel\u00e4ndes, auf dem Sie normalerweise fahren, Ihren Fahrstil und Ihre Vorlieben in Bezug auf das Radprofil. Die Beratung durch einen Experten oder einen Fahrradh\u00e4ndler kann Ihnen helfen, die beste Entscheidung zu treffen.<\/span><\/p>\n\t\t<\/div>\n\t\t\t\t\t<\/div>\n\n\t\n<\/div>\n\t\t<\/div>\n\n\t\t\n<style>\n#section_549281026 {\n  padding-top: 60px;\n  padding-bottom: 60px;\n  min-height: 300px;\n  background-color: rgb(245, 245, 245);\n}\n<\/style>\n\t<\/section>","protected":false},"excerpt":{"rendered":"","protected":false},"author":1,"featured_media":12637,"parent":12633,"menu_order":0,"comment_status":"closed","ping_status":"closed","template":"","meta":{"footnotes":""},"class_list":["post-12635","page","type-page","status-publish","has-post-thumbnail","hentry"],"_links":{"self":[{"href":"https:\/\/bici-bici.it\/de\/wp-json\/wp\/v2\/pages\/12635","targetHints":{"allow":["GET"]}}],"collection":[{"href":"https:\/\/bici-bici.it\/de\/wp-json\/wp\/v2\/pages"}],"about":[{"href":"https:\/\/bici-bici.it\/de\/wp-json\/wp\/v2\/types\/page"}],"author":[{"embeddable":true,"href":"https:\/\/bici-bici.it\/de\/wp-json\/wp\/v2\/users\/1"}],"replies":[{"embeddable":true,"href":"https:\/\/bici-bici.it\/de\/wp-json\/wp\/v2\/comments?post=12635"}],"version-history":[{"count":0,"href":"https:\/\/bici-bici.it\/de\/wp-json\/wp\/v2\/pages\/12635\/revisions"}],"up":[{"embeddable":true,"href":"https:\/\/bici-bici.it\/de\/wp-json\/wp\/v2\/pages\/12633"}],"wp:featuredmedia":[{"embeddable":true,"href":"https:\/\/bici-bici.it\/de\/wp-json\/wp\/v2\/media\/12637"}],"wp:attachment":[{"href":"https:\/\/bici-bici.it\/de\/wp-json\/wp\/v2\/media?parent=12635"}],"curies":[{"name":"wp","href":"https:\/\/api.w.org\/{rel}","templated":true}]}}