{"id":12633,"date":"2023-08-31T14:04:42","date_gmt":"2023-08-31T14:04:42","guid":{"rendered":"https:\/\/bici-bici.it\/?page_id=12633"},"modified":"2023-11-24T07:54:57","modified_gmt":"2023-11-24T07:54:57","slug":"azienda-campagnolo","status":"publish","type":"page","link":"https:\/\/bici-bici.it\/de\/unternehmen-campagnolo\/","title":{"rendered":"Campagnolo"},"content":{"rendered":"<section class=\"section\" id=\"section_1820672855\">\n\t\t<div class=\"section-bg fill\" >\n\t\t\t\t\t\t\t\t\t\n\t\t\t\n\n\t\t<\/div>\n\n\t\t\n\n\t\t<div class=\"section-content relative\">\n\t\t\t\n<div class=\"row align-center\"  id=\"row-2060105584\">\n\n\t<div id=\"col-1872996416\" class=\"col medium-10 small-12 large-10\"  >\n\t\t\t\t<div class=\"col-inner text-center\"  >\n\t\t\t\n\t\t\t\n<div class=\"container section-title-container\" ><h1 class=\"section-title section-title-center\"><b><\/b><span class=\"section-title-main\" >CAMPAGNOLO<\/span><b><\/b><\/h1><\/div>\n\t<div class=\"img has-hover x md-x lg-x y md-y lg-y\" id=\"image_117427560\">\n\t\t\t\t\t\t\t\t<div class=\"img-inner dark\" >\n\t\t\t<img loading=\"lazy\" decoding=\"async\" width=\"900\" height=\"500\" src=\"https:\/\/bici-bici.it\/wp-content\/uploads\/2023\/08\/campagnolo-s-r-l-logo-vector-transformed.png\" class=\"attachment-large size-large\" alt=\"campagnolo log png\" srcset=\"https:\/\/bici-bici.it\/wp-content\/uploads\/2023\/08\/campagnolo-s-r-l-logo-vector-transformed.png 900w, https:\/\/bici-bici.it\/wp-content\/uploads\/2023\/08\/campagnolo-s-r-l-logo-vector-transformed-800x444.png 800w, https:\/\/bici-bici.it\/wp-content\/uploads\/2023\/08\/campagnolo-s-r-l-logo-vector-transformed-64x36.png 64w, https:\/\/bici-bici.it\/wp-content\/uploads\/2023\/08\/campagnolo-s-r-l-logo-vector-transformed-720x400.png 720w, https:\/\/bici-bici.it\/wp-content\/uploads\/2023\/08\/campagnolo-s-r-l-logo-vector-transformed-768x427.png 768w, https:\/\/bici-bici.it\/wp-content\/uploads\/2023\/08\/campagnolo-s-r-l-logo-vector-transformed-18x10.png 18w\" sizes=\"auto, (max-width: 900px) 100vw, 900px\" \/>\t\t\t\t\t\t\n\t\t\t\t\t<\/div>\n\t\t\t\t\t\t\t\t\n<style>\n#image_117427560 {\n  width: 69%;\n}\n<\/style>\n\t<\/div>\n\t\n<h2 style=\"text-align: left;\"><span style=\"font-size: 110%;\"><em><strong>Campagnolo: Italienische Spitzenleistungen in der Herstellung von Fahrradr\u00e4dern<\/strong><\/em><\/span><\/h2>\n<p class=\"whitespace-pre-wrap\" style=\"text-align: left;\"><span style=\"font-size: 110%;\">Campagnolo ist ein italienisches Unternehmen, das weltweit ein Symbol f\u00fcr Innovation, Technologie und Leidenschaft f\u00fcr den Radsport ist. Es wurde 1933 in Vicenza von dem Erfinder Tullio Campagnolo gegr\u00fcndet und hat sich zu einem absoluten Ma\u00dfstab f\u00fcr die Entwicklung und Herstellung von hochwertigen Fahrradkomponenten entwickelt. Entdecken Sie die Geschichte, die Produkte und die Geheimnisse des Erfolgs von Campagnolo, mit besonderem Augenmerk auf die au\u00dfergew\u00f6hnlichen Laufr\u00e4der, die diesen Markennamen tragen.<\/span><\/p>\n<h2 style=\"text-align: left;\"><span style=\"font-size: 110%;\">Die Urspr\u00fcnge und die Intuition von Tullio Campagnolo<\/span><\/h2>\n<p class=\"whitespace-pre-wrap\" style=\"text-align: left;\"><span style=\"font-size: 110%;\">Die Geschichte von Campagnolo beginnt 1926, als der damals 20-j\u00e4hrige Tullio Campagnolo, ein begeisterter Radsportler, ein System f\u00fcr den schnellen Gangwechsel am Fahrrad erfindet, ohne das Hinterrad ausbauen zu m\u00fcssen. Es war die erste Idee des Rapido, des Vorl\u00e4ufers des modernen Getriebes.<\/span><\/p>\n<p class=\"whitespace-pre-wrap\" style=\"text-align: left;\"><span style=\"font-size: 110%;\">1933 gr\u00fcndete Tullio die Werkstatt, die seinen Namen tr\u00e4gt, in Vicenza, wo er die Produktion des ersten patentierten Lenkergetriebes aufnahm. Ein revolution\u00e4res Produkt, inspiriert durch Tullios direkte Erfahrungen als Rennfahrer. Das war die Geburtsstunde von Campagnolo, das in die Geschichte der Fahrradkomponenten eingehen sollte.<\/span><\/p>\n<h2 style=\"text-align: left;\"><span style=\"font-size: 110%;\">Von den ersten mechanischen Getrieben zu integrierten Einheiten<\/span><\/h2>\n<p class=\"whitespace-pre-wrap\" style=\"text-align: left;\"><span style=\"font-size: 110%;\">In den folgenden Jahren setzt Campagnolo seine Innovationen fort und entwickelt neue Komponenten wie das Schaltwerk, die Schnellspannernabe und die Aluminiumgriffe. Im Jahr 1950 schuf er die Gran Sport Rahmenschaltung, den Vorl\u00e4ufer der modernen Gruppen.<\/span><\/p>\n<p class=\"whitespace-pre-wrap\" style=\"text-align: left;\"><span style=\"font-size: 110%;\">In den 1960er und 1970er Jahren kamen die integrierten Gruppen mit Aluminium-Kettenschaltung, Schalthebeln, Kurbeln und Speichenr\u00e4dern auf. Eine der bedeutendsten Innovationen war das Super Record-System von 1975, ein Vorl\u00e4ufer des von Colnago entwickelten Zahnradantriebs, der als Meilenstein in der Geschichte des Rennrads gilt.<\/span><\/p>\n<h2 style=\"text-align: left;\"><span style=\"font-size: 110%;\">Die \u00c4ra der Verbundwerkstoffe und des \"Made in Italy\".<\/span><\/h2>\n<p class=\"whitespace-pre-wrap\" style=\"text-align: left;\"><span style=\"font-size: 110%;\">Ab den 1980er Jahren nutzte Campagnolo die neuen Verbundwerkstoffe wie Carbon und Titan, um die Komponenten leichter zu machen und die Steifigkeit und das Ansprechverhalten zu verbessern.<\/span><\/p>\n<p class=\"whitespace-pre-wrap\" style=\"text-align: left;\"><span style=\"font-size: 110%;\">Im Jahr 1983 f\u00fchrte er die Record-Karbongruppe ein, die leichter und steifer als Stahl war. In den 1990er Jahren kamen Titan-Gruppen auf den Markt, w\u00e4hrend heute Kohlefaser vorherrscht. Campagnolo interpretierte das Konzept \"Made in Italy\", indem jedes einzelne Bauteil in den italienischen Fabriken mit einzigartigem handwerklichem Know-how hergestellt wurde.<\/span><\/p>\n<h2 style=\"text-align: left;\"><span style=\"font-size: 110%;\">Internationale Expansion und die fortschrittlichsten Gruppen<\/span><\/h2>\n<p class=\"whitespace-pre-wrap\" style=\"text-align: left;\"><span style=\"font-size: 110%;\">Ab den 1990er Jahren begann Campagnolo mit einem Prozess der weltweiten Expansion von Handel und Produktion. Es wurden Produktionsst\u00e4tten in Tunesien, Rum\u00e4nien und Asien sowie in Italien er\u00f6ffnet, um der wachsenden weltweiten Nachfrage gerecht zu werden.<\/span><\/p>\n<p class=\"whitespace-pre-wrap\" style=\"text-align: left;\"><span style=\"font-size: 110%;\">Der st\u00e4ndige Einsatz f\u00fcr Forschung und Entwicklung hat zur Einf\u00fchrung immer besserer Gruppen gef\u00fchrt, wie der ber\u00fchmten Record aus den 2000er Jahren, bis hin zu den neuesten technologischen Errungenschaften der Super Record EPS und der Campagnolo 12 Speed, elektronische Gruppen mit 12 G\u00e4ngen, die die Spitze der heute verf\u00fcgbaren Innovation darstellen.<\/span><\/p>\n<h2 style=\"text-align: left;\"><span style=\"font-size: 110%;\">Laufradproduktion: eine Campagnolo-Exzellenz<\/span><\/h2>\n<p class=\"whitespace-pre-wrap\" style=\"text-align: left;\"><span style=\"font-size: 110%;\">Seit den 1990er Jahren hat Campagnolo seine Produktion auf Hochleistungsfahrradlaufr\u00e4der ausgeweitet und ist in diesem Bereich zu einer Referenz geworden.<\/span><\/p>\n<p class=\"whitespace-pre-wrap\" style=\"text-align: left;\"><span style=\"font-size: 110%;\">Im Jahr 1994 brachte er das legend\u00e4re Bora-Rad auf den Markt, das auch heute noch produziert wird, w\u00e4hrend in den 2000er Jahren weitere ikonische Modelle wie das Shamal, das Eurus und das Bullet auf den Markt kamen, die die R\u00e4der von Spitzenprofis ausstatten.<\/span><\/p>\n<p class=\"whitespace-pre-wrap\" style=\"text-align: left;\"><span style=\"font-size: 110%;\">Das Geheimnis des Erfolges liegt in der Verwendung modernster Materialien wie Karbon und Nylonfasern in Kombination mit innovativen, gesch\u00fctzten Technologien, die die Welt der Rennradlaufr\u00e4der revolutioniert haben.<\/span><\/p>\n<h2 style=\"text-align: left;\"><span style=\"font-size: 110%;\">Unternehmenskultur: Leidenschaft und das Streben nach Spitzenleistungen<\/span><\/h2>\n<p class=\"whitespace-pre-wrap\" style=\"text-align: left;\"><span style=\"font-size: 110%;\">Dem Erfolg von Campagnolo liegen einige Schl\u00fcsselelemente zugrunde, die die Kultur dieser italienischen Industrie pr\u00e4gen:<\/span><\/p>\n<ul class=\"list-disc pl-8 space-y-2\" style=\"text-align: left;\">\n<li class=\"whitespace-normal\"><span style=\"font-size: 110%;\">Die Leidenschaft f\u00fcr den Radsport als Daseinsberechtigung, die jede Wahl leitet. Campagnolo wurde \"von Radfahrern f\u00fcr Radfahrer\" geschaffen.<\/span><\/li>\n<li class=\"whitespace-normal\"><span style=\"font-size: 110%;\">St\u00e4ndiges Streben nach technologischen Spitzenleistungen, mit hohen Investitionen in Forschung und Entwicklung. Jedes Produkt muss neue Qualit\u00e4ts- und Leistungsstandards setzen.<\/span><\/li>\n<li class=\"whitespace-normal\"><span style=\"font-size: 110%;\">Der Pioniergeist und die Aufmerksamkeit f\u00fcr die Bed\u00fcrfnisse der Radfahrer werden in n\u00fctzliche und wirksame Innovationen umgesetzt.<\/span><\/li>\n<li class=\"whitespace-normal\"><span style=\"font-size: 110%;\">Die sorgf\u00e4ltige Handwerkskunst und die obsessive Liebe zum Detail sind typisch f\u00fcr das Made in Italy.<\/span><\/li>\n<li class=\"whitespace-normal\"><span style=\"font-size: 110%;\">Eine tiefe Verbundenheit mit dem Gebiet und der Gemeinschaft, in der Campagnolo seit fast 100 Jahren verwurzelt ist.<\/span><\/li>\n<\/ul>\n<h2 style=\"text-align: left;\"><span style=\"font-size: 110%;\">Die Zukunft: Technologie und Nachhaltigkeit<\/span><\/h2>\n<p class=\"whitespace-pre-wrap\" style=\"text-align: left;\"><span style=\"font-size: 110%;\">Campagnolo blickt in die Zukunft und setzt auf digitale Innovation, Elektronik und modernste Verbundwerkstoffe. Das Ziel ist es, die fortschrittlichsten Produkte f\u00fcr Radsportbegeisterte zu entwickeln.<\/span><\/p>\n<p class=\"whitespace-pre-wrap\" style=\"text-align: left;\"><span style=\"font-size: 110%;\">Aber die Zukunft liegt auch in der Nachhaltigkeit: Campagnolo hat Projekte ins Leben gerufen, um den Produktionszyklus kohlenstoffneutral zu gestalten und recycelte Materialien zu verwenden, ohne Kompromisse bei Qualit\u00e4t und Leistung einzugehen. Eine Herausforderung, die Spitzentechnologie und Respekt vor der Umwelt vereint.<\/span><\/p>\n<p class=\"whitespace-pre-wrap\" style=\"text-align: left;\"><span style=\"font-size: 110%;\">In seiner fast 100-j\u00e4hrigen Geschichte hat Campagnolo legend\u00e4re Seiten der Radsportgeschichte geschrieben und dabei die Leidenschaft seiner Urspr\u00fcnge und den Innovationsgeist von Tullio Campagnolo bewahrt. Auch heute noch leitet es die Entwicklung des Radsports in Richtung der Herausforderungen der Zukunft.<\/span><\/p>\n<h3 style=\"text-align: left;\"><span style=\"font-size: 110%;\">Morgen h\u00e4ufig:<\/span><\/h3>\n<p class=\"whitespace-pre-wrap\" style=\"text-align: left;\"><span style=\"font-size: 110%;\">D: <strong>Wer hat Campagnolo gegr\u00fcndet und wann?<\/strong><\/span><\/p>\n<p class=\"whitespace-pre-wrap\" style=\"text-align: left;\"><span style=\"font-size: 110%;\">A: Campagnolo wurde 1933 von dem Erfinder und Radfahrer Tullio Campagnolo in Vicenza gegr\u00fcndet.<\/span><\/p>\n<p class=\"whitespace-pre-wrap\" style=\"text-align: left;\"><span style=\"font-size: 110%;\">D: <strong>Was war die urspr\u00fcngliche Intuition von Tullio Campagnolo?<\/strong><\/span><\/p>\n<p class=\"whitespace-pre-wrap\" style=\"text-align: left;\"><span style=\"font-size: 110%;\">A: 1927 entwickelte Campagnolo ein System f\u00fcr den schnellen Gangwechsel am Fahrrad, ohne das Hinterrad ausbauen zu m\u00fcssen - die erste Idee des modernen Getriebes.<\/span><\/p>\n<p class=\"whitespace-pre-wrap\" style=\"text-align: left;\"><span style=\"font-size: 110%;\">D: <strong>Was waren die wichtigsten Innovationen von Campagnolo im Radsport?<\/strong><\/span><\/p>\n<p class=\"whitespace-pre-wrap\" style=\"text-align: left;\"><span style=\"font-size: 110%;\">A: Campagnolo hat den Radsport mit Erfindungen wie dem Lenkerumwerfer, dem Schaltwerk, integrierten Gruppen und neuerdings auch elektronischen Systemen revolutioniert.<\/span><\/p>\n<p class=\"whitespace-pre-wrap\" style=\"text-align: left;\"><span style=\"font-size: 110%;\">D: <strong>Wann begann Campagnolo mit der Produktion von Fahrradr\u00e4dern?<\/strong><\/span><\/p>\n<p class=\"whitespace-pre-wrap\" style=\"text-align: left;\"><span style=\"font-size: 110%;\">A: Die Produktion von Hochleistungsr\u00e4dern begann in den 1990er Jahren mit kultigen Modellen wie dem Bora im Jahr 1994.<\/span><\/p>\n<p class=\"whitespace-pre-wrap\" style=\"text-align: left;\"><span style=\"font-size: 110%;\">D: <strong>Welche Materialien verwendet Campagnolo f\u00fcr die Herstellung seiner Laufr\u00e4der?<\/strong><\/span><\/p>\n<p class=\"whitespace-pre-wrap\" style=\"text-align: left;\"><span style=\"font-size: 110%;\">A: Campagnolo verwendet hochmoderne Materialien wie Karbonfaser, Nylonfaser und Spezialharze. Die Laufr\u00e4der vereinen Handwerkskunst und Technologie.<\/span><\/p>\n<p class=\"whitespace-pre-wrap\" style=\"text-align: left;\"><span style=\"font-size: 110%;\">D: <strong>Welches sind die beliebtesten Campagnolo-Laufradmodelle?<\/strong><\/span><\/p>\n<p class=\"whitespace-pre-wrap\" style=\"text-align: left;\"><span style=\"font-size: 110%;\">A: Die ikonischen Modelle sind der Bora, der Shamal, der Eurus und der Bullet, die von den besten Fachleuten ausgestattet werden.<\/span><\/p>\n<p class=\"whitespace-pre-wrap\" style=\"text-align: left;\"><span style=\"font-size: 110%;\">D: <strong>Wo werden die Campagnolo-Laufr\u00e4der hergestellt?<\/strong><\/span><\/p>\n<p class=\"whitespace-pre-wrap\" style=\"text-align: left;\"><span style=\"font-size: 110%;\">A: Die Produktion erfolgt in den Campagnolo-Werken in Italien und an anderen Standorten auf der ganzen Welt nach den Qualit\u00e4tsstandards des Mutterkonzerns.<\/span><\/p>\n<p class=\"whitespace-pre-wrap\" style=\"text-align: left;\"><span style=\"font-size: 110%;\">D: <strong>Welches sind die Werte und die Philosophie, die hinter dem Erfolg von Campagnolo stehen?<\/strong><\/span><\/p>\n<p class=\"whitespace-pre-wrap\" style=\"text-align: left;\"><span style=\"font-size: 110%;\">A: Leidenschaft f\u00fcr den Radsport, Streben nach Spitzenleistungen, Innovation, Handwerkskunst und Verbundenheit mit dem Gebiet.<\/span><\/p>\n<p class=\"whitespace-pre-wrap\" style=\"text-align: left;\"><span style=\"font-size: 110%;\">D: <strong>Wie sieht die Zukunft von Campagnolo aus?<\/strong><\/span><\/p>\n<p class=\"whitespace-pre-wrap\" style=\"text-align: left;\"><span style=\"font-size: 110%;\">A: Campagnolo setzt auf Innovation, Elektronik, fortschrittliche Materialien und Nachhaltigkeit, um die Produkte der Zukunft zu entwickeln.<\/span><\/p>\n\t\t<\/div>\n\t\t\t\t\t<\/div>\n\n\t\n<\/div>\n\t\t<\/div>\n\n\t\t\n<style>\n#section_1820672855 {\n  padding-top: 60px;\n  padding-bottom: 60px;\n  min-height: 300px;\n  background-color: rgb(245, 245, 245);\n}\n<\/style>\n\t<\/section>","protected":false},"excerpt":{"rendered":"","protected":false},"author":1,"featured_media":0,"parent":0,"menu_order":0,"comment_status":"closed","ping_status":"closed","template":"","meta":{"footnotes":""},"class_list":["post-12633","page","type-page","status-publish","hentry"],"_links":{"self":[{"href":"https:\/\/bici-bici.it\/de\/wp-json\/wp\/v2\/pages\/12633","targetHints":{"allow":["GET"]}}],"collection":[{"href":"https:\/\/bici-bici.it\/de\/wp-json\/wp\/v2\/pages"}],"about":[{"href":"https:\/\/bici-bici.it\/de\/wp-json\/wp\/v2\/types\/page"}],"author":[{"embeddable":true,"href":"https:\/\/bici-bici.it\/de\/wp-json\/wp\/v2\/users\/1"}],"replies":[{"embeddable":true,"href":"https:\/\/bici-bici.it\/de\/wp-json\/wp\/v2\/comments?post=12633"}],"version-history":[{"count":0,"href":"https:\/\/bici-bici.it\/de\/wp-json\/wp\/v2\/pages\/12633\/revisions"}],"wp:attachment":[{"href":"https:\/\/bici-bici.it\/de\/wp-json\/wp\/v2\/media?parent=12633"}],"curies":[{"name":"wp","href":"https:\/\/api.w.org\/{rel}","templated":true}]}}