{"id":12462,"date":"2023-07-02T12:08:31","date_gmt":"2023-07-02T12:08:31","guid":{"rendered":"https:\/\/bici-bici.it\/?page_id=12462"},"modified":"2023-09-23T10:27:42","modified_gmt":"2023-09-23T10:27:42","slug":"bici-colnago-c68","status":"publish","type":"page","link":"https:\/\/bici-bici.it\/de\/colnago-c68-fahrrad\/","title":{"rendered":"Colnago C68 Fahrrad"},"content":{"rendered":"<section class=\"section\" id=\"section_2141138995\">\n\t\t<div class=\"section-bg fill\" >\n\t\t\t\t\t\t\t\t\t\n\t\t\t\n\n\t\t<\/div>\n\n\t\t\n\n\t\t<div class=\"section-content relative\">\n\t\t\t\n<div class=\"row align-center\"  id=\"row-1190236762\">\n\n\t<div id=\"col-408982598\" class=\"col medium-10 small-12 large-10\"  >\n\t\t\t\t<div class=\"col-inner text-center\"  >\n\t\t\t\n\t\t\t\n<h2><span style=\"font-size: 115%;\">COLNAGO C68 FAHRRAD<\/span><\/h2>\n<p style=\"text-align: left;\"><span style=\"font-size: 115%;\">Werfen Sie einen Blick auf BICI Colnago C68: Der beste Begleiter f\u00fcr 2023<\/span><\/p>\n<p><img loading=\"lazy\" decoding=\"async\" class=\"alignnone size-full wp-image-12467\" src=\"https:\/\/bici-bici.it\/wp-content\/uploads\/2023\/07\/colnago-c68-22.jpg\" alt=\"Colnago c68\" width=\"970\" height=\"647\" srcset=\"https:\/\/bici-bici.it\/wp-content\/uploads\/2023\/07\/colnago-c68-22.jpg 970w, https:\/\/bici-bici.it\/wp-content\/uploads\/2023\/07\/colnago-c68-22-800x534.jpg 800w, https:\/\/bici-bici.it\/wp-content\/uploads\/2023\/07\/colnago-c68-22-64x43.jpg 64w, https:\/\/bici-bici.it\/wp-content\/uploads\/2023\/07\/colnago-c68-22-600x400.jpg 600w, https:\/\/bici-bici.it\/wp-content\/uploads\/2023\/07\/colnago-c68-22-768x512.jpg 768w, https:\/\/bici-bici.it\/wp-content\/uploads\/2023\/07\/colnago-c68-22-18x12.jpg 18w\" sizes=\"auto, (max-width: 970px) 100vw, 970px\" \/><\/p>\n<div><\/div>\n<div>Das neue Flaggschiff des Radsports made in Italy<\/div>\n<div><\/div>\n<div>Liebe Fahrradliebhaber, heute m\u00f6chte ich Ihnen ein lokales Juwel vorstellen, das Zweiradenthusiasten zum Tr\u00e4umen bringt: das Colnago C68. Dieses Rennrad ist das neueste von Colnago und soll ein neuer Ma\u00dfstab f\u00fcr Leistung und technologische Innovation werden.<\/div>\n<div><\/div>\n<div>Beginnen wir mit der Ausgabe 2022, die Insider bereits in Erstaunen versetzt hat. Das Herzst\u00fcck des C68 ist der Kohlefaserrahmen, der komplett in Italien von Colnago-Ingenieuren entwickelt und gebaut wurde. Dank der Verwendung neuer Verbundwerkstoffe ist der Rahmen unglaublich steif und reaktionsfreudig und bietet eine unvergleichliche Kraft\u00fcbertragung auf die Pedale. Auch die Aerodynamik wurde sorgf\u00e4ltig bedacht, mit profilierten Rohren, die es dem C68 erm\u00f6glichen, die Luft effizient zu \"schneiden\".<\/div>\n<div><\/div>\n<div>Weitere Vorz\u00fcge des aktuellen C68 sind die Shimano Dura-Ace Schaltung f\u00fcr millimetergenaue Schaltvorg\u00e4nge und das hydraulische Scheibenbremssystem, das beim Bremsen Kraft und Anpassungsf\u00e4higkeit bietet. Und schlie\u00dflich die Hutchinson-Laufr\u00e4der aus Carbon, die dazu beitragen, das Gesamtgewicht niedrig zu halten.<\/div>\n<div><\/div>\n<div>Und f\u00fcr 2023? Nun, es wird schwer sein, dieses Meisterwerk made in Italy zu verbessern, aber die Colnago-Ingenieure haben uns an st\u00e4ndigen Fortschritt gew\u00f6hnt. Es gibt Ger\u00fcchte \u00fcber noch exklusivere Materialien f\u00fcr den Rahmen und eine \u00fcberarbeitete Geometrie f\u00fcr mehr Agilit\u00e4t auf der Stra\u00dfe. Wir werden sehen!<\/div>\n<div><\/div>\n<div>Kommen wir nun zum Preis. Sie werden bereits gemerkt haben, dass Sie eine betr\u00e4chtliche Investition t\u00e4tigen m\u00fcssen, um dieses italienische Juwel mit nach Hause zu nehmen. Schlie\u00dflich handelt es sich um ein Fahrrad mit erstklassigen Komponenten und Materialien. Aber Sie m\u00fcssen die Kosten mit den Vorteilen in Bezug auf Leistung, Zuverl\u00e4ssigkeit und Fahrvergn\u00fcgen vergleichen. F\u00fcr diejenigen, die das Beste suchen, ist das C68 sicherlich die Kosten wert.<\/div>\n<div><\/div>\n<div>Zusammenfassend l\u00e4sst sich sagen, dass mit dem C68 <a href=\"https:\/\/www.colnago.com\/\" target=\"_blank\" rel=\"noopener\">Colnago<\/a> kehrt zur\u00fcck, um zu beeindrucken, und stellt die Herausforderung an den <a href=\"https:\/\/bici-bici.it\/de\/unternehmen-campagnolo\/\" target=\"_blank\" rel=\"noopener\">Welt-Rennrad-Bonzen<\/a>. Ein Konzentrat aus Stil, Leidenschaft und Innovation, das viele Enthusiasten begeistern wird. Ich kann es kaum erwarten, es auszuprobieren!<\/div>\n<div><\/div>\n<div>Bis zum n\u00e4chsten Mal, liebe Freunde, viel Spa\u00df beim Radfahren.<\/div>\n\t\t<\/div>\n\t\t\t\t\t<\/div>\n\n\t\n<\/div>\n\t\t<\/div>\n\n\t\t\n<style>\n#section_2141138995 {\n  padding-top: 60px;\n  padding-bottom: 60px;\n  min-height: 300px;\n  background-color: rgb(245, 245, 245);\n}\n<\/style>\n\t<\/section>","protected":false},"excerpt":{"rendered":"","protected":false},"author":1,"featured_media":0,"parent":0,"menu_order":20,"comment_status":"closed","ping_status":"closed","template":"","meta":{"footnotes":""},"class_list":["post-12462","page","type-page","status-publish","hentry"],"_links":{"self":[{"href":"https:\/\/bici-bici.it\/de\/wp-json\/wp\/v2\/pages\/12462","targetHints":{"allow":["GET"]}}],"collection":[{"href":"https:\/\/bici-bici.it\/de\/wp-json\/wp\/v2\/pages"}],"about":[{"href":"https:\/\/bici-bici.it\/de\/wp-json\/wp\/v2\/types\/page"}],"author":[{"embeddable":true,"href":"https:\/\/bici-bici.it\/de\/wp-json\/wp\/v2\/users\/1"}],"replies":[{"embeddable":true,"href":"https:\/\/bici-bici.it\/de\/wp-json\/wp\/v2\/comments?post=12462"}],"version-history":[{"count":0,"href":"https:\/\/bici-bici.it\/de\/wp-json\/wp\/v2\/pages\/12462\/revisions"}],"wp:attachment":[{"href":"https:\/\/bici-bici.it\/de\/wp-json\/wp\/v2\/media?parent=12462"}],"curies":[{"name":"wp","href":"https:\/\/api.w.org\/{rel}","templated":true}]}}