{"id":12035,"date":"2023-06-26T10:33:33","date_gmt":"2023-06-26T10:33:33","guid":{"rendered":"https:\/\/bici-bici.it\/?page_id=12035"},"modified":"2023-10-10T07:59:29","modified_gmt":"2023-10-10T07:59:29","slug":"quanto-costa-una-mtb-in-carbonio","status":"publish","type":"page","link":"https:\/\/bici-bici.it\/de\/mtb-vollgefedert\/kohlenstoff\/wie-viel-kostet-ein-carbon-mtb\/","title":{"rendered":"Wie viel kostet ein Carbon-MTB?"},"content":{"rendered":"<section class=\"section\" id=\"section_1079384017\">\n\t\t<div class=\"section-bg fill\" >\n\t\t\t\t\t\t\t\t\t\n\t\t\t\n\n\t\t<\/div>\n\n\t\t\n\n\t\t<div class=\"section-content relative\">\n\t\t\t\n<div class=\"row align-center\"  id=\"row-1058789435\">\n\n\t<div id=\"col-1677131263\" class=\"col medium-10 small-12 large-10\"  >\n\t\t\t\t<div class=\"col-inner text-center\"  >\n\t\t\t\n\t\t\t\n<h1 style=\"text-align: center;\"><span style=\"font-size: 100%;\">Wie viel kostet ein Carbon-MTB?<\/span><\/h1>\n<div style=\"text-align: left;\">\u00a0<\/div>\n<div style=\"text-align: left;\">\n<p class=\"whitespace-pre-wrap\">Die Kosten f\u00fcr ein Mountainbike aus Kohlefaser k\u00f6nnen betr\u00e4chtliche Summen erreichen und h\u00e4ngen von mehreren Faktoren ab, die wir in diesem Artikel analysieren werden.<\/p>\n<\/div>\n<p><a href=\"https:\/\/bici-bici.it\/de\/mtb-vollgefedert\/kohlenstoff\/\" target=\"_blank\" rel=\"noopener\">MTB Vollfederung Carbon<\/a><\/p>\n<div style=\"text-align: left;\">\n<p class=\"whitespace-pre-wrap\">Erstens die Kosten f\u00fcr das Rohmaterial: Carbon und die Harze, die f\u00fcr die Herstellung von Rahmen und Komponenten verwendet werden, haben einen hohen Preis, der deutlich \u00fcber dem von Metallen wie Aluminium liegt. Au\u00dferdem erfordern die Produktionsverfahren f\u00fcr Carbonteile, wie das Autoklavwalzen, komplexe und teure Technologien.<\/p>\n<p class=\"whitespace-pre-wrap\">Ein weiterer entscheidender Aspekt ist die Konstruktion von Carbonrahmen und -komponenten, die dank des Einsatzes fortschrittlicher Software und Berechnungssimulationen ein geringes Gewicht bei gleichzeitig hoher Steifigkeit und Festigkeit erm\u00f6glicht. Diese Phase hat auch einen erheblichen Einfluss auf die Endkosten.<\/p>\n<p class=\"whitespace-pre-wrap\">Was die Komponenten betrifft, so vergr\u00f6\u00dfern die Produkte f\u00fchrender Unternehmen, wie z. B. Aufh\u00e4ngungen, Bremsen und Getriebe, die aus hochwertigen Materialien und innovativen Technologien bestehen, den Preisabstand zu billigeren Komponenten.<\/p>\n<p class=\"whitespace-pre-wrap\">Nicht weniger wichtig sind die Kosten f\u00fcr qualifizierte Arbeitskr\u00e4fte, die f\u00fcr die Montage eines Carbonrads erforderlich sind, insbesondere wenn es sich um renommierte Marken handelt, die ihre Produkte in L\u00e4ndern mit h\u00f6heren Lohnkosten herstellen.<\/p>\n<p class=\"whitespace-pre-wrap\">Schlie\u00dflich spielt auch die Markenexklusivit\u00e4t eine wichtige Rolle, da die gr\u00f6\u00dften Marken es sich leisten k\u00f6nnen, einen betr\u00e4chtlichen Aufpreis zu verlangen, den viele Liebhaber bereit sind zu zahlen, um sich ein bestimmtes Produkt zu sichern, das als exklusiv und vorteilhaft gilt.<\/p>\n<p class=\"whitespace-pre-wrap\">Zusammenfassend l\u00e4sst sich sagen, dass die Herstellung eines Hochleistungs-Mountainbikes komplett aus Carbon eine erhebliche finanzielle Investition bedeutet, die sich jedoch f\u00fcr viele Biker in einem sp\u00fcrbaren und sp\u00fcrbaren Zuwachs an Leistung und Fahrspa\u00df niederschl\u00e4gt. Jeder muss f\u00fcr sich selbst entscheiden, wie viel Wert er diesen Faktoren beimisst und wie hoch er die Ausgaben maximal ansetzt.<\/p>\n<\/div>\n<div style=\"text-align: left;\">\n<\/div>\n<div style=\"text-align: left;\">\n<h2 style=\"text-align: center;\"><span style=\"font-size: 100%;\">Die teuersten Teile in einem Carbon-MTB-Rad.<\/span><\/h2>\n<div>\u00a0<\/div>\n<div>\u00a0<\/div>\n<div>- Rahmen: Der Rahmen ist das wichtigste und teuerste Bauteil und besteht vollst\u00e4ndig aus Karbonfasern, die in einem komplexen Produktionsverfahren hergestellt werden, um Festigkeit und Leichtigkeit zu erreichen.<\/div>\n<div>\u00a0<\/div>\n<div>- Federgabel: High-End-Federgabeln mit fortschrittlichen Funktionen und aus hochwertigen Materialien wie Carbon oder Magnesium haben ihren Preis.<\/div>\n<div>\u00a0<\/div>\n<div>- Laufr\u00e4der: Aerodynamisch profilierte Carbon-Laufr\u00e4der mit breiten, leichten Felgen, Carbonfaserspeichen und Pr\u00e4zisionsnaben f\u00fcr h\u00f6chste Steifigkeit und Reaktionsf\u00e4higkeit.<\/div>\n<div>\u00a0<\/div>\n<div>- Antriebsstrang: Komponenten des Antriebsstrangs aus Carbon und leichtem Titan, wie Kettenbl\u00e4tter, Kurbeln und Kettenbl\u00e4ttchen. Sie garantieren mehr Leichtigkeit.<\/div>\n<div>\u00a0<\/div>\n<div>- Umwerfer: Schaltwerk und Umwerfer aus leichten Materialien und mit fortschrittlicher Technologie f\u00fcr schnelle und pr\u00e4zise Schaltvorg\u00e4nge.<\/div>\n<div>\u00a0<\/div>\n<div>- Scheibenbremsen: hydraulische Scheibenbremsen mit Oversize-Scheiben aus Carbon oder Keramik, leichten und leistungsstarken Bremss\u00e4tteln und Metallschl\u00e4uchen.<\/div>\n<div>\u00a0<\/div>\n<div>- Sattelst\u00fctze: Sattelst\u00fctze mit integriertem Teleskopmechanismus zur H\u00f6henverstellung w\u00e4hrend der Fahrt, oft aus Carbon oder Titan.<\/div>\n<div>\u00a0<\/div>\n<div>- Zubeh\u00f6rteile: Teile wie Vorbau, Lenker oder Sattel aus Carbon sparen weitere wertvolle Gramm auf der Waage.<\/div>\n<div>\u00a0<\/div>\n<div><span style=\"font-size: 100%;\">Es ist zu beachten, dass diese Komponenten zwar tendenziell teurer sind, der Gesamtpreis f\u00fcr ein <a class=\"wpil_keyword_link\" href=\"https:\/\/bici-bici.it\/de\/product-category\/biciclette\/mtb\/\"   title=\"MTB\" data-wpil-keyword-link=\"linked\">MTB<\/a> Carbon kann auch von Faktoren wie dem Ruf der Marke, technischen Innovationen und technologischen Fortschritten bei der Gestaltung des Fahrrads beeinflusst werden.<\/span><\/div>\n<\/div>\n<div style=\"text-align: left;\">\u00a0<\/div>\n<h3 style=\"text-align: center;\"><span style=\"font-size: 100%;\">H\u00e4ufig gestellte Fragen zum Preis von Carbon-MTBs<\/span><\/h3>\n<div style=\"text-align: left;\">\u00a0<\/div>\n<p style=\"text-align: left;\"><span style=\"font-size: 100%;\">F: Wie viel kostet ein Carbon-MTB im Allgemeinen?<\/span><\/p>\n<p style=\"text-align: left;\"><span style=\"font-size: 100%;\">A: Die Kosten f\u00fcr ein Carbon-MTB k\u00f6nnen je nach Marke, Modell, Komponenten und Gesamtqualit\u00e4t variieren. Im Durchschnitt k\u00f6nnen Sie mit Carbon-MTBs zwischen 2.000 \u20ac und 10.000 \u20ac rechnen.<span style=\"color: #555555;\">\u00a0<\/span>oder mehr.<\/span><\/p>\n<div style=\"text-align: left;\">\u00a0<\/div>\n<div style=\"text-align: left;\"><span style=\"font-size: 100%;\">F: Gibt es erschwingliche Optionen f\u00fcr Carbon-MTBs?<\/span><\/div>\n<div style=\"text-align: left;\"><span style=\"font-size: 100%;\">A: Ja, es gibt Einsteiger-MTBs aus Carbon zu niedrigeren Preisen, beginnend bei etwa $ 2.000 bis $ 3.000. Diese Modelle haben zwar einfache Komponenten, bieten aber dennoch ein Carbonrahmen-Erlebnis.<\/span><\/div>\n<div style=\"text-align: left;\">\u00a0<\/div>\n<div style=\"text-align: left;\"><span style=\"font-size: 100%;\">F: Welche Faktoren tragen zu den Preisunterschieden bei Carbon-MTBs bei?<\/span><\/div>\n<div style=\"text-align: left;\"><span style=\"font-size: 100%;\">A: Die wichtigsten Faktoren, die den Preis eines Carbon-MTBs beeinflussen, sind der Markenname, das Rahmenmaterial (Carbonfaser), die Komponenten (Antrieb, Federung, Bremsen) und zus\u00e4tzliche Merkmale wie Teleskopr\u00e4der und Sattelst\u00fctzen.<\/span><\/div>\n<div style=\"text-align: left;\">\u00a0<\/div>\n<div style=\"text-align: left;\"><span style=\"font-size: 100%;\">F: Kann ich Mittelklasse-MTBs aus Carbon in einer bestimmten Preisklasse finden?<\/span><\/div>\n<div style=\"text-align: left;\"><span style=\"font-size: 100%;\">A: Ja, in der mittleren Kategorie fallen Carbon-MTBs im Allgemeinen in die Preisklasse zwischen $ 3.000 und $ 6.000. Diese Fahrr\u00e4der bieten verbesserte Komponenten, bessere Leistung und oft ein Gleichgewicht zwischen Erschwinglichkeit und Qualit\u00e4t.<\/span><\/div>\n<div style=\"text-align: left;\">\u00a0<\/div>\n<div style=\"text-align: left;\"><span style=\"font-size: 100%;\">F: Warum sind High-End-MTBs aus Carbon teurer?<\/span><\/div>\n<div style=\"text-align: left;\"><span style=\"font-size: 100%;\">A: High-End-Carbon-MTBs sind mit High-End-Komponenten, fortschrittlichen Federungssystemen, leichten Carbonrahmen, Premium-Laufr\u00e4dern und anderen Hochleistungsmerkmalen ausgestattet. Diese Faktoren tragen zu der h\u00f6heren Preisspanne von $ 6.000 und mehr bei.<\/span><\/div>\n<div style=\"text-align: left;\">\u00a0<\/div>\n<div style=\"text-align: left;\"><span style=\"font-size: 100%;\">F: Gibt es beim Kauf eines Carbon-MTBs zus\u00e4tzliche Kosten zu ber\u00fccksichtigen?<\/span><\/div>\n<div style=\"text-align: left;\"><span style=\"font-size: 100%;\">A: Ja, es ist wichtig, m\u00f6gliche zus\u00e4tzliche Kosten zu ber\u00fccksichtigen, wie z. B. f\u00fcr Zubeh\u00f6r (Helm, Pedale, Schutzausr\u00fcstung), Wartung und Instandhaltung sowie f\u00fcr individuelle Anpassungen oder Aufr\u00fcstungen, die Sie am Fahrrad vornehmen m\u00f6chten.<\/span><\/div>\n<div style=\"text-align: left;\">\u00a0<\/div>\n<div style=\"text-align: left;\"><span style=\"font-size: 100%;\">F: Wo kann ich die besten Angebote f\u00fcr Carbon-MTBs finden?<\/span><\/div>\n<div style=\"text-align: left;\"><span style=\"font-size: 100%;\">A: Wir empfehlen Ihnen, sich in \u00f6rtlichen Fahrradgesch\u00e4ften, bei Online-H\u00e4ndlern und auf den Websites der Hersteller nach aktuellen Preisen und Sonderangeboten zu erkundigen. Ein Preisvergleich und die Recherche bei verschiedenen Anbietern kann Ihnen helfen, die besten Angebote f\u00fcr Carbon-MTBs zu finden.<\/span><\/div>\n<div style=\"text-align: left;\">\u00a0<\/div>\n<div style=\"text-align: left;\"><span style=\"font-size: 100%;\">F: Kann der Preis f\u00fcr ein Carbon-MTB je nach Standort variieren?<\/span><\/div>\n<div style=\"text-align: left;\"><span style=\"font-size: 100%;\">A: Ja, der Preis von Carbon-MTBs kann je nach geografischer Lage und lokalen Marktbedingungen variieren. Faktoren wie Steuern, Einfuhrz\u00f6lle und Transportkosten k\u00f6nnen den Endpreis des Fahrrads in verschiedenen Regionen beeinflussen.<\/span><\/div>\n<div style=\"text-align: left;\">\u00a0<\/div>\n<div style=\"text-align: left;\"><span style=\"font-size: 100%;\">F: Lohnt sich die Investition in ein Carbon-MTB?<\/span><\/div>\n<div style=\"text-align: left;\"><span style=\"font-size: 100%;\">A: Die Investition in ein Carbon-MTB kann sich lohnen, wenn Sie ein ernsthafter Radsportler oder Enthusiast sind, der eine leichte Konstruktion, verbesserte Leistung und ein reaktionsschnelles Fahrverhalten sch\u00e4tzt. Es ist jedoch wichtig, dass Sie Ihr Budget, Ihren Fahrstil und Ihren Verwendungszweck ber\u00fccksichtigen, um festzustellen, ob ein Carbon-MTB die richtige Wahl f\u00fcr Sie ist.<\/span><\/div>\n<div style=\"text-align: left;\">\u00a0<\/div>\n<div style=\"text-align: left;\">\u00a0<\/div>\n<div style=\"text-align: left;\">\n<h3 class=\"style-scope ytd-watch-metadata\" style=\"text-align: center;\"><span style=\"font-size: 100%;\">Einen Fahrradrahmen aus Kohlefaser f\u00fcr so viel Geld herstellen?<\/p>\n<p><\/span><\/h3>\n<p>\u00a0<\/p>\n<\/div>\n<div class=\"video video-fit mb\" style=\"padding-top:56.25%;\"><p><iframe loading=\"lazy\" title=\"Herstellung eines Carbonrahmens - vom CAD-Entwurf bis zum Downhill-Rennen\" width=\"1020\" height=\"574\" src=\"https:\/\/www.youtube.com\/embed\/UWSePEV88tw?feature=oembed\" frameborder=\"0\" allow=\"accelerometer; autoplay; clipboard-write; encrypted-media; gyroscope; picture-in-picture; web-share\" allowfullscreen><\/iframe><\/p>\n<\/div>\n\t\t<\/div>\n\t\t\t\t\t<\/div>\n\n\t\n<\/div>\n\t\t<\/div>\n\n\t\t\n<style>\n#section_1079384017 {\n  padding-top: 60px;\n  padding-bottom: 60px;\n  min-height: 300px;\n  background-color: rgb(245, 245, 245);\n}\n<\/style>\n\t<\/section>","protected":false},"excerpt":{"rendered":"","protected":false},"author":1,"featured_media":0,"parent":12554,"menu_order":1,"comment_status":"closed","ping_status":"closed","template":"","meta":{"footnotes":""},"class_list":["post-12035","page","type-page","status-publish","hentry"],"_links":{"self":[{"href":"https:\/\/bici-bici.it\/de\/wp-json\/wp\/v2\/pages\/12035","targetHints":{"allow":["GET"]}}],"collection":[{"href":"https:\/\/bici-bici.it\/de\/wp-json\/wp\/v2\/pages"}],"about":[{"href":"https:\/\/bici-bici.it\/de\/wp-json\/wp\/v2\/types\/page"}],"author":[{"embeddable":true,"href":"https:\/\/bici-bici.it\/de\/wp-json\/wp\/v2\/users\/1"}],"replies":[{"embeddable":true,"href":"https:\/\/bici-bici.it\/de\/wp-json\/wp\/v2\/comments?post=12035"}],"version-history":[{"count":0,"href":"https:\/\/bici-bici.it\/de\/wp-json\/wp\/v2\/pages\/12035\/revisions"}],"up":[{"embeddable":true,"href":"https:\/\/bici-bici.it\/de\/wp-json\/wp\/v2\/pages\/12554"}],"wp:attachment":[{"href":"https:\/\/bici-bici.it\/de\/wp-json\/wp\/v2\/media?parent=12035"}],"curies":[{"name":"wp","href":"https:\/\/api.w.org\/{rel}","templated":true}]}}