{"id":11245,"date":"2021-12-24T22:22:05","date_gmt":"2021-12-24T22:22:05","guid":{"rendered":"https:\/\/bici-bici.it\/?page_id=11245"},"modified":"2023-06-30T05:40:29","modified_gmt":"2023-06-30T05:40:29","slug":"cassette-pacco-pignoni","status":"publish","type":"page","link":"https:\/\/bici-bici.it\/de\/ritzelkassetten\/","title":{"rendered":"Fahrradkassetten und Ritzelpakete"},"content":{"rendered":"<p><span style=\"font-size: 115%;\"><div class=\"container section-title-container\" ><h2 class=\"section-title section-title-normal\"><b><\/b><span class=\"section-title-main\" >Fahrradkassetten und Ritzelpakete<\/span><b><\/b><\/h2><\/div><\/span><\/p>\n<p><span style=\"font-size: 115%;\">Mit mehr als 50 Optionen, die auf bici-bici.com zur Auswahl stehen, kann die Navigation durch die verschiedenen Ritzelpakete und Fahrradkassetten wie ein entmutigender Prozess erscheinen. Mit einigen Grundkenntnissen werden Sie jedoch in der Lage sein, einen informierten (und korrekten) Kauf zu t\u00e4tigen.<\/span><\/p>\n<p><span style=\"font-size: 115%;\">\t\n  \n    <div class=\"row large-columns-4 medium-columns-3 small-columns-2 row-small slider row-slider slider-nav-reveal slider-nav-push\"  data-flickity-options='{&quot;imagesLoaded&quot;: true, &quot;groupCells&quot;: &quot;100%&quot;, &quot;dragThreshold&quot; : 5, &quot;cellAlign&quot;: &quot;left&quot;,&quot;wrapAround&quot;: true,&quot;prevNextButtons&quot;: true,&quot;percentPosition&quot;: true,&quot;pageDots&quot;: false, &quot;rightToLeft&quot;: false, &quot;autoPlay&quot; : false}' >\n\n  \n\t     <div class=\"product-small col has-hover product type-product post-12380 status-publish first instock product_cat-da-corsa product_cat-ammortizzatore product_cat-bici-bambini product_cat-biciclette product_cat-elettriche product_cat-biciclette-gravel product_cat-mtb product_cat-cassette-e-pacco-pignoni product_cat-city-bike product_cat-cyclocross-frame-carbon product_cat-deragliatore product_cat-fat-bike product_cat-forcelle-mtb product_cat-gravel-frameset-carbon product_cat-guarniture-e-pedivelle product_cat-men-pants product_cat-mtb-frame-carbon product_cat-pants product_cat-ricambi-bici product_cat-road-frameset-carbon product_cat-ruote-complete-e-raggi product_cat-ski-snowboard product_cat-selle product_cat-tacchette product_cat-telai product_cat-triathlon-frameset-carbon has-post-thumbnail sale taxable shipping-taxable purchasable product-type-simple\">\n\t<div class=\"col-inner\">\n\t\n<div class=\"badge-container absolute left top z-1\">\n<div class=\"callout badge badge-circle\"><div class=\"badge-inner secondary on-sale\"><span class=\"onsale\" data-no-translation=\"\" data-trp-gettext=\"\">Angebot!<\/span><\/div><\/div>\n<\/div>\n\t<div class=\"product-small box\">\n\t\t<div class=\"box-image\">\n\t\t\t<div class=\"image-fade_in_back\">\n\t\t\t\t<a href=\"https:\/\/bici-bici.it\/de\/product\/neuner-rlt-e9-rdo-4-star-28-11-fach-2021-2022-herren-schotter-e-fahrrad-carbon-59\/\" aria-label=\"Niner RLT E9 RDO 4-STAR 28&quot; 11 Fach 2021\/2022 Herren Gravel E-Fahrrad\/Carbon 59\">\n\t\t\t\t\t<img loading=\"lazy\" decoding=\"async\" width=\"500\" height=\"500\" src=\"https:\/\/bici-bici.it\/wp-content\/uploads\/2023\/06\/Niner-RLT-E9-RDO-4-STAR-28.jpg\" class=\"attachment-woocommerce_thumbnail size-woocommerce_thumbnail\" alt=\"Niner RLT E9 RDO 4-STAR 28&quot;\" srcset=\"https:\/\/bici-bici.it\/wp-content\/uploads\/2023\/06\/Niner-RLT-E9-RDO-4-STAR-28.jpg 500w, https:\/\/bici-bici.it\/wp-content\/uploads\/2023\/06\/Niner-RLT-E9-RDO-4-STAR-28-100x100.jpg 100w, https:\/\/bici-bici.it\/wp-content\/uploads\/2023\/06\/Niner-RLT-E9-RDO-4-STAR-28-64x64.jpg 64w, https:\/\/bici-bici.it\/wp-content\/uploads\/2023\/06\/Niner-RLT-E9-RDO-4-STAR-28-400x400.jpg 400w, https:\/\/bici-bici.it\/wp-content\/uploads\/2023\/06\/Niner-RLT-E9-RDO-4-STAR-28-280x280.jpg 280w, https:\/\/bici-bici.it\/wp-content\/uploads\/2023\/06\/Niner-RLT-E9-RDO-4-STAR-28-12x12.jpg 12w\" sizes=\"auto, (max-width: 500px) 100vw, 500px\" \/>\t\t\t\t<\/a>\n\t\t\t<\/div>\n\t\t\t<div class=\"image-tools is-small top right show-on-hover\">\n\t\t\t\t\t\t\t<\/div>\n\t\t\t<div class=\"image-tools is-small hide-for-small bottom left show-on-hover\">\n\t\t\t\t\t\t\t<\/div>\n\t\t\t<div class=\"image-tools grid-tools text-center hide-for-small bottom hover-slide-in show-on-hover\">\n\t\t\t\t  <a class=\"quick-view\" data-prod=\"12380\" href=\"#quick-view\">Schnellansicht<\/a>\t\t\t<\/div>\n\t\t\t\t\t<\/div>\n\n\t\t<div class=\"box-text box-text-products\">\n\t\t\t<div class=\"title-wrapper\">\t\t<p class=\"category uppercase is-smaller no-text-overflow product-cat op-7\">\n\t\t\tRennfahrr\u00e4der\t\t<\/p>\n\t<p class=\"name product-title woocommerce-loop-product__title\"><a href=\"https:\/\/bici-bici.it\/de\/product\/neuner-rlt-e9-rdo-4-star-28-11-fach-2021-2022-herren-schotter-e-fahrrad-carbon-59\/\" class=\"woocommerce-LoopProduct-link woocommerce-loop-product__link\">Niner RLT E9 RDO 4-STAR 28\u2033 11 Fach 2021\/2022 Herren Gravel E-Fahrrad\/Carbon 59<\/a><\/p><\/div><div class=\"price-wrapper\">\n\t<span class=\"price\"><del aria-hidden=\"true\"><span class=\"woocommerce-Price-amount amount\"><bdi>5.800,00&nbsp;<span class=\"woocommerce-Price-currencySymbol\">\u20ac<\/span><\/bdi><\/span><\/del> <span class=\"screen-reader-text\" data-no-translation=\"\" data-trp-gettext=\"\">Urspr\u00fcnglicher Preis war: 5.800,00&nbsp;&euro;<\/span><ins aria-hidden=\"true\"><span class=\"woocommerce-Price-amount amount\"><bdi>4.785,00&nbsp;<span class=\"woocommerce-Price-currencySymbol\">\u20ac<\/span><\/bdi><\/span><\/ins><span class=\"screen-reader-text\" data-no-translation=\"\" data-trp-gettext=\"\">Aktueller Preis ist: 4.785,00&nbsp;&euro;.<\/span><\/span>\n<\/div>\t\t<\/div>\n\t<\/div>\n\t\t<\/div>\n<\/div><\/div><\/span><\/p>\n<h2><span style=\"font-size: 115%;\">Unterschied zwischen Kassetten und Kettenr\u00e4dern<\/span><\/h2>\n<p><span style=\"font-size: 115%;\">Es ist wichtig, die Unterschiede zwischen Ritzeln und Fahrradkassetten zu kennen. A <a href=\"https:\/\/bici-bici.it\/de\/product-category\/ricambi-bici\/cassette-e-pacco-pignoni\/\">Ritzelgetriebe<\/a> (oft auch als Ritzel bezeichnet) ist ein maschinell bearbeitetes Metallrad mit Z\u00e4hnen, die mit einer Kette verbunden sind und dazu beitragen, das Fahrrad vorw\u00e4rts zu bewegen. Eine Kassette (auch Ritzelpaket genannt) ist im Wesentlichen ein Satz gruppierter Ritzelpakete, die zusammenarbeiten, um eine Reihe von Schaltoptionen zu bieten, die es Ihnen erm\u00f6glichen, mit Leichtigkeit in die Pedale zu treten, ohne in die Pedale treten zu m\u00fcssen oder v\u00f6llig aus dem Takt zu kommen.<\/span><\/p>\n<p><span style=\"font-size: 115%;\">\t<div class=\"img has-hover x md-x lg-x y md-y lg-y\" id=\"image_341076923\">\n\t\t\t\t\t\t\t\t<div class=\"img-inner dark\" >\n\t\t\t<img loading=\"lazy\" decoding=\"async\" width=\"660\" height=\"660\" src=\"https:\/\/bici-bici.it\/wp-content\/uploads\/2021\/12\/Shimano-105-CS-5700-10-Speed-Cassette.jpg\" class=\"attachment-large size-large\" alt=\"Shimano 105 CS 5700 10 Gang Kassette\" srcset=\"https:\/\/bici-bici.it\/wp-content\/uploads\/2021\/12\/Shimano-105-CS-5700-10-Speed-Cassette.jpg 660w, https:\/\/bici-bici.it\/wp-content\/uploads\/2021\/12\/Shimano-105-CS-5700-10-Speed-Cassette-100x100.jpg 100w, https:\/\/bici-bici.it\/wp-content\/uploads\/2021\/12\/Shimano-105-CS-5700-10-Speed-Cassette-64x64.jpg 64w, https:\/\/bici-bici.it\/wp-content\/uploads\/2021\/12\/Shimano-105-CS-5700-10-Speed-Cassette-800x800.jpg 800w, https:\/\/bici-bici.it\/wp-content\/uploads\/2021\/12\/Shimano-105-CS-5700-10-Speed-Cassette-280x280.jpg 280w\" sizes=\"auto, (max-width: 660px) 100vw, 660px\" \/>\t\t\t\t\t\t\n\t\t\t\t\t<\/div>\n\t\t\t\t\t\t\t\t\n<style>\n#image_341076923 {\n  width: 100%;\n}\n<\/style>\n\t<\/div>\n\t<\/span><\/p>\n<p><span style=\"font-size: 115%;\">Sie verf\u00fcgen in der Regel \u00fcber eine Reihe von Rillen, die eine sichere Verbindung zwischen der Nabe und der Kassette erm\u00f6glichen. Die Kassette ist das Bauteil Ihres Fahrrads, das die Kraft Ihrer Pedale in Vorw\u00e4rtsschub des Hinterrads umwandelt. Die Kassette wird in der Regel \u00fcber einen l\u00e4nglichen Sicherungsring an der Nabe befestigt. Wer auf der Suche nach einem Ritzelpaket ist, wird wahrscheinlich versuchen, eine Kassette zu bauen. <a href=\"https:\/\/bici-bici.it\/de\/2022\/08\/02\/sella-per-bicicletta\/\">ein Fahrrad<\/a> Single-Speed, aber die meisten Radfahrer sind auf der Suche nach Kassetten wegen ihrer Multi-Speed-F\u00e4higkeiten. <\/span><\/p>\n<p><span style=\"font-size: 115%;\">Denken Sie daran, dass kleinere Ritzelpakete (mit kleineren Z\u00e4hnen) das Treten erschweren, aber auch h\u00f6here Geschwindigkeiten erm\u00f6glichen, w\u00e4hrend gr\u00f6\u00dfere Ritzelpakete (mit mehr Z\u00e4hnen) leichter zu fahren sind und sich daher zum Klettern bei niedrigeren Geschwindigkeiten eignen. Die Kassetten werden in der Regel durch die obere und untere Anzahl der Z\u00e4hne innerhalb der Gruppe angegeben. G\u00e4ngige Beispiele f\u00fcr Rennr\u00e4der sind 11-25, 11, 28 und 11-30, erh\u00e4ltlich mit <strong>Shimano<\/strong> Ultegr. Shimano Ultegr, eine Serie. Mountainbikes sind 10-50 Die Kassette <strong>SRAM<\/strong> Eagle ist die beliebteste. Es gibt einige Kassetten, die auf allen Fahrr\u00e4dern und ihren Antriebsstr\u00e4ngen verwendet werden k\u00f6nnen. Zu den Unterschieden geh\u00f6ren Mountainbikes (z. B. Shimano XT, Shimano XTR, SRAM Eagle) und Rennr\u00e4der (SRAM Red, SRAM Rival, Shimano Dura Ace und Shimano 105) sowie die Anzahl der G\u00e4nge (oder Ritzelpakete) in der Kassette, die bei Rennr\u00e4dern in der Regel 11,11 und bei Mountainbikes 12 betr\u00e4gt.<\/span><\/p>\n<p><span style=\"font-size: 115%;\">  <style>\n    #cats-642047012 .grid-col-1{height: 600px}\n    #cats-642047012 .grid-col-1-2{height: 300px}\n    #cats-642047012 .grid-col-1-3{height:200px}\n    #cats-642047012 .grid-col-2-3{height: 400px}\n    #cats-642047012 .grid-col-1-4{height: 150px}\n    #cats-642047012 .grid-col-3-4{height: 450px}\n\n\n        \/* Tablet *\/\n    @media (max-width: 850px){\n      #cats-642047012 .grid-col-1{height: 400px}\n      #cats-642047012 .grid-col-1-2{height: 200px}\n      #cats-642047012 .grid-col-1-3{height:133.33333333333px}\n      #cats-642047012 .grid-col-2-3{height: 266.66666666667px}\n      #cats-642047012 .grid-col-1-4{height: 100px}\n      #cats-642047012 .grid-col-3-4{height: 300px}\n    }\n    \n        \/* Mobile *\/\n    @media (max-width: 550px){\n      #cats-642047012 .grid-col-1{height: 400px}\n      #cats-642047012 .grid-col-1-2{height: 200px}\n      #cats-642047012 .grid-col-1-3{height:133.33333333333px}\n      #cats-642047012 .grid-col-2-3{height: 266.66666666667px}\n      #cats-642047012 .grid-col-1-4{height: 100px}\n      #cats-642047012 .grid-col-3-4{height: 300px}\n    }\n    \n\n  <\/style>\n  \n  \n    <div id=\"cats-642047012\" class=\"row row-small row-grid\" data-packery-options='{\"itemSelector\": \".col\", \"gutter\": 0, \"presentageWidth\" : true}'>\n\n  <div class=\"product-category col grid-col grid-col-1 large-6 medium-12\" data-animate=\"fadeInLeft\">\n            <div class=\"col-inner\">\n              <a aria-label=\"Produktkategorie Abbigliamento besuchen\" href=\"https:\/\/bici-bici.it\/de\/product-category\/kleidung\/\" data-no-translation-aria-label=\"\">                <div class=\"box box-category has-hover box-overlay dark box-text-middle\">\n                <div class=\"box-image\" >\n                  <div class=\"\" >\n                  <img loading=\"lazy\" decoding=\"async\" src=\"https:\/\/bici-bici.it\/wp-content\/uploads\/2022\/08\/clothes-600x600-1.jpg\" alt=\"Kleidung\" width=\"300\" height=\"300\" \/>                  <div class=\"overlay\" style=\"background-color: rgba(38, 38, 38, 0.16)\"><\/div>                                    <\/div>\n                <\/div>\n                <div class=\"box-text text-center is-large\" >\n                  <div class=\"box-text-inner\">\n                      <h5 class=\"uppercase header-title\">\n                              Kleidung                      <\/h5>\n                                            <p class=\"is-xsmall uppercase count show-on-hover hover-reveal reveal-small\">\n\t                      1 Produkt                      <\/p>\n                                            \n                  <\/div>\n                <\/div>\n                <\/div>\n            <\/a>            <\/div>\n            <\/div><div class=\"product-category col grid-col grid-col-1-2 large-6 medium-6\" data-animate=\"fadeInLeft\">\n            <div class=\"col-inner\">\n              <a aria-label=\"Produktkategorie Accessori besuchen\" href=\"https:\/\/bici-bici.it\/de\/product-category\/fahrradzubehor\/\" data-no-translation-aria-label=\"\">                <div class=\"box box-category has-hover box-overlay dark box-text-middle\">\n                <div class=\"box-image\" >\n                  <div class=\"\" >\n                  <img loading=\"lazy\" decoding=\"async\" src=\"https:\/\/bici-bici.it\/wp-content\/uploads\/2022\/08\/accessories-600x600-1-400x400.png\" alt=\"Zubeh\u00f6r\" width=\"300\" height=\"300\" \/>                  <div class=\"overlay\" style=\"background-color: rgba(38, 38, 38, 0.16)\"><\/div>                                    <\/div>\n                <\/div>\n                <div class=\"box-text text-center is-large\" >\n                  <div class=\"box-text-inner\">\n                      <h5 class=\"uppercase header-title\">\n                              Zubeh\u00f6r                      <\/h5>\n                                            <p class=\"is-xsmall uppercase count show-on-hover hover-reveal reveal-small\">\n\t                      1 Produkt                      <\/p>\n                                            \n                  <\/div>\n                <\/div>\n                <\/div>\n            <\/a>            <\/div>\n            <\/div><div class=\"product-category col grid-col grid-col-1-2 large-3 medium-6\" data-animate=\"fadeInLeft\">\n            <div class=\"col-inner\">\n              <a aria-label=\"Produktkategorie Biciclette besuchen\" href=\"https:\/\/bici-bici.it\/de\/product-category\/fahrrader\/\" data-no-translation-aria-label=\"\">                <div class=\"box box-category has-hover box-overlay dark box-text-middle\">\n                <div class=\"box-image\" >\n                  <div class=\"\" >\n                  <img loading=\"lazy\" decoding=\"async\" src=\"https:\/\/bici-bici.it\/wp-content\/uploads\/2022\/08\/bicicle.jpg\" alt=\"Fahrr\u00e4der\" width=\"300\" height=\"300\" \/>                  <div class=\"overlay\" style=\"background-color: rgba(38, 38, 38, 0.16)\"><\/div>                                    <\/div>\n                <\/div>\n                <div class=\"box-text text-center is-large\" >\n                  <div class=\"box-text-inner\">\n                      <h5 class=\"uppercase header-title\">\n                              Fahrr\u00e4der                      <\/h5>\n                                            <p class=\"is-xsmall uppercase count show-on-hover hover-reveal reveal-small\">\n\t                      57 Produkte                      <\/p>\n                                            \n                  <\/div>\n                <\/div>\n                <\/div>\n            <\/a>            <\/div>\n            <\/div><div class=\"product-category col grid-col grid-col-1-2 large-3 medium-6\" data-animate=\"fadeInLeft\">\n            <div class=\"col-inner\">\n              <a aria-label=\"Produktkategorie Cyclocross Frame \/ Carbon besuchen\" href=\"https:\/\/bici-bici.it\/de\/product-category\/cyclocross-rahmen-carbon\/\" data-no-translation-aria-label=\"\">                <div class=\"box box-category has-hover box-overlay dark box-text-middle\">\n                <div class=\"box-image\" >\n                  <div class=\"\" >\n                  <img loading=\"lazy\" decoding=\"async\" src=\"https:\/\/bici-bici.it\/wp-content\/uploads\/woocommerce-placeholder-800x960.png\" alt=\"Cyclocross Rahmen \/ Carbon\" width=\"300\" height=\"300\" \/>                  <div class=\"overlay\" style=\"background-color: rgba(38, 38, 38, 0.16)\"><\/div>                                    <\/div>\n                <\/div>\n                <div class=\"box-text text-center is-large\" >\n                  <div class=\"box-text-inner\">\n                      <h5 class=\"uppercase header-title\">\n                              Cyclocross Rahmen \/ Carbon                      <\/h5>\n                                            <p class=\"is-xsmall uppercase count show-on-hover hover-reveal reveal-small\">\n\t                      1 Produkt                      <\/p>\n                                            \n                  <\/div>\n                <\/div>\n                <\/div>\n            <\/a>            <\/div>\n            <\/div><\/div><\/span><\/p>","protected":false},"excerpt":{"rendered":"<p>Con pi\u00f9 di 50 opzioni disponibili tra cui scegliere su bici-bici.com e navigare tra i diversi Pacco Pignoni e cassette della bici pu\u00f2 sembrare un processo scoraggiante. Tuttavia, con alcune conoscenze di base, sarai in grado di effettuare un acquisto informato (e accurato). Differenza tra Cassette e Pacco Pignoni \u00c8 importante essere consapevoli delle differenze [&#8230;]\n","protected":false},"author":1,"featured_media":12296,"parent":0,"menu_order":26,"comment_status":"closed","ping_status":"closed","template":"","meta":{"footnotes":""},"class_list":["post-11245","page","type-page","status-publish","has-post-thumbnail","hentry"],"_links":{"self":[{"href":"https:\/\/bici-bici.it\/de\/wp-json\/wp\/v2\/pages\/11245","targetHints":{"allow":["GET"]}}],"collection":[{"href":"https:\/\/bici-bici.it\/de\/wp-json\/wp\/v2\/pages"}],"about":[{"href":"https:\/\/bici-bici.it\/de\/wp-json\/wp\/v2\/types\/page"}],"author":[{"embeddable":true,"href":"https:\/\/bici-bici.it\/de\/wp-json\/wp\/v2\/users\/1"}],"replies":[{"embeddable":true,"href":"https:\/\/bici-bici.it\/de\/wp-json\/wp\/v2\/comments?post=11245"}],"version-history":[{"count":0,"href":"https:\/\/bici-bici.it\/de\/wp-json\/wp\/v2\/pages\/11245\/revisions"}],"wp:featuredmedia":[{"embeddable":true,"href":"https:\/\/bici-bici.it\/de\/wp-json\/wp\/v2\/media\/12296"}],"wp:attachment":[{"href":"https:\/\/bici-bici.it\/de\/wp-json\/wp\/v2\/media?parent=11245"}],"curies":[{"name":"wp","href":"https:\/\/api.w.org\/{rel}","templated":true}]}}